{"id":238,"date":"2024-02-05T17:47:09","date_gmt":"2024-02-05T17:47:09","guid":{"rendered":"https:\/\/www.seguroscred.com\/?page_id=238"},"modified":"2024-02-05T17:54:34","modified_gmt":"2024-02-05T17:54:34","slug":"politica-de-privacidade","status":"publish","type":"page","link":"https:\/\/www.seguroscred.com\/da\/politica-de-privacidade\/","title":{"rendered":"Privatlivspolitik"},"content":{"rendered":"<h2><span style=\"color: rgb(68, 68, 68);\">Privatlivspolitik<\/span><\/h2><p><span style=\"color: rgb(68, 68, 68);\">Dit privatliv er vigtigt for os. Det er SegurosCreds politik at respektere dit privatliv vedr\u00f8rende enhver information, vi m\u00e5tte indsamle fra dig p\u00e5 hjemmesiden. <a href=\"\/da\/SegurosCred.com\/\">SegurosCred<\/a>, og andre websteder, vi ejer og driver.<\/span><\/p><p><span style=\"color: rgb(68, 68, 68);\">Vi beder kun om personlige oplysninger, n\u00e5r vi virkelig har brug for dem for at levere en service til dig. Vi g\u00f8r det p\u00e5 retf\u00e6rdige og lovlige midler med din viden og samtykke. Vi fort\u00e6ller dig ogs\u00e5, hvorfor vi indsamler det, og hvordan det vil blive brugt.<\/span><\/p><p><span style=\"color: rgb(68, 68, 68);\">Vi opbevarer kun indsamlede oplysninger, s\u00e5 l\u00e6nge det er n\u00f8dvendigt for at give dig den \u00f8nskede service. Hvilke data vi gemmer, vil vi beskytte inden for kommercielt acceptable midler for at forhindre tab og tyveri samt uautoriseret adgang, offentligg\u00f8relse, kopiering, brug eller \u00e6ndring.<\/span><\/p><p><span style=\"color: rgb(68, 68, 68);\">Vi deler ikke nogen personligt identificerende information offentligt eller med tredjeparter, undtagen n\u00e5r det er p\u00e5kr\u00e6vet ved lov.<\/span><\/p><p><span style=\"color: rgb(68, 68, 68);\">Vores hjemmeside kan indeholde links til eksterne hjemmesider, som ikke drives af os. V\u00e6r venligst opm\u00e6rksom p\u00e5, at vi ikke har kontrol over indholdet og praksis p\u00e5 disse sider og ikke kan p\u00e5tage os ansvar for deres respektive&nbsp;<\/span><a href=\"https:\/\/politicaprivacidade.com\/\" rel=\"noopener noreferrer\" target=\"_blank\" style=\"background-color: transparent; color: rgb(68, 68, 68);\">privatlivspolitikker<\/a><span style=\"color: rgb(68, 68, 68);\">.<\/span><\/p><p><span style=\"color: rgb(68, 68, 68);\">Du kan frit afvise vores anmodning om dine personlige oplysninger, med den forst\u00e5else, at vi muligvis ikke kan give dig nogle af dine \u00f8nskede tjenester.<\/span><\/p><p><span style=\"color: rgb(68, 68, 68);\">Din fortsatte brug af vores hjemmeside vil blive betragtet som accept af vores praksis omkring privatliv og personlige oplysninger. Hvis du har sp\u00f8rgsm\u00e5l til, hvordan vi h\u00e5ndterer brugerdata og personoplysninger, er du velkommen til at kontakte os.<\/span><\/p><p><span style=\"color: rgb(68, 68, 68);\"><ul><li><span style=\"color: rgb(68, 68, 68);\">Google AdSense-tjenesten, vi bruger til at vise annoncering, bruger en DoubleClick-cookie til at vise mere relevante annoncer p\u00e5 tv\u00e6rs af nettet og begr\u00e6nse antallet af gange, en given annonce vises til dig.<\/span><\/li><li><span style=\"color: rgb(68, 68, 68);\">For mere information om Google AdSense, se de officielle Google AdSense-privatlivssp\u00f8rgsm\u00e5l.<\/span><\/li><li><span style=\"color: rgb(68, 68, 68);\">Vi bruger annoncer til at kompensere for omkostningerne ved driften af \u200b\u200bdenne hjemmeside og yde finansiering til fremtidig udvikling. De adf\u00e6rdsm\u00e6ssige annonceringscookies, der bruges af dette websted, er designet til at sikre, at vi giver dig de mest relevante annoncer, hvor det er muligt, ved anonymt at spore dine interesser og pr\u00e6sentere lignende ting, der kan v\u00e6re af interesse.<\/span><\/li><li><span style=\"color: rgb(68, 68, 68);\">Adskillige partnere annoncerer p\u00e5 vores vegne, og tilknyttede sporingscookies giver os blot mulighed for at se, om vores kunder er kommet til webstedet gennem et af vores partnerwebsteder, s\u00e5 vi kan kreditere dem p\u00e5 passende vis og, hvor det er relevant, tillade vores tilknyttede partnere at give enhver bonus, de m\u00e5tte give dig til at foretage et k\u00f8b.<\/span><\/li><\/ul><p><br><\/p><\/span><\/p><h3><span style=\"color: rgb(68, 68, 68);\">Brugerforpligtelse<\/span><\/h3><p><span style=\"color: rgb(68, 68, 68);\">Brugeren forpligter sig til at g\u00f8re passende brug af indholdet og informationen, som SegurosCred tilbyder p\u00e5 hjemmesiden og som eksempel, men ikke begr\u00e6nset til:<\/span><\/p><ul><li><span style=\"color: rgb(68, 68, 68);\">A) ikke at deltage i aktiviteter, der er ulovlige eller i modstrid med god tro og offentlig orden;<\/span><\/li><li><span style=\"color: rgb(68, 68, 68);\">B) Undlad at sprede propaganda eller indhold af racistisk, fremmedfjendsk karakter, <\/span><span style=\"color: rgb(33, 37, 41);\"><a href='https:\/\/betnacionalbrasil.br.com' style='color:inherit !important; text-decoration: none !important; font-size: inherit !important;'>Nationalt v\u00e6ddem\u00e5l<\/a><\/span><span style=\"color: rgb(68, 68, 68);\"> eller uheld, enhver form for ulovlig pornografi, til st\u00f8tte for terrorisme eller mod menneskerettigheder;<\/span><\/li><li><span style=\"color: rgb(68, 68, 68);\">C) Ikke at for\u00e5rsage skade p\u00e5 de fysiske (hardware) og logiske (software) systemer hos SegurosCred, dets leverand\u00f8rer eller tredjeparter, for at introducere eller sprede computervirus eller andre hardware- eller softwaresystemer, der er i stand til at for\u00e5rsage den f\u00f8rn\u00e6vnte skade.<\/span><\/li><\/ul><h3><span style=\"color: rgb(68, 68, 68);\">Mere information<\/span><\/h3><p><span style=\"color: rgb(68, 68, 68);\">Forh\u00e5bentlig har det afklaret tingene for dig, og som tidligere n\u00e6vnt, hvis der er noget, du ikke er sikker p\u00e5, om du har brug for eller ej, er det normalt sikrere at lade cookies v\u00e6re aktiveret, hvis det interagerer med en af de funktioner, du bruger p\u00e5 vores side.<\/span><\/p><p><span style=\"color: rgb(68, 68, 68);\">Denne politik tr\u00e6der i kraft den 5. februar 2024 kl. 17.52<\/span><\/p>","protected":false},"excerpt":{"rendered":"<p>Privatlivspolitik Dit privatliv er vigtigt for os. Det er SegurosCreds politik at respektere dit privatliv i forbindelse med [\u2026]<\/p>","protected":false},"author":1,"featured_media":0,"parent":0,"menu_order":0,"comment_status":"closed","ping_status":"closed","template":"","meta":{"site-sidebar-layout":"default","site-content-layout":"","ast-site-content-layout":"","site-content-style":"default","site-sidebar-style":"default","ast-global-header-display":"","ast-banner-title-visibility":"","ast-main-header-display":"","ast-hfb-above-header-display":"","ast-hfb-below-header-display":"","ast-hfb-mobile-header-display":"","site-post-title":"","ast-breadcrumbs-content":"","ast-featured-img":"","footer-sml-layout":"","theme-transparent-header-meta":"","adv-header-id-meta":"","stick-header-meta":"","header-above-stick-meta":"","header-main-stick-meta":"","header-below-stick-meta":"","astra-migrate-meta-layouts":"default","ast-page-background-enabled":"default","ast-page-background-meta":{"desktop":{"background-color":"var(--ast-global-color-5)","background-image":"","background-repeat":"repeat","background-position":"center center","background-size":"auto","background-attachment":"scroll","background-type":"","background-media":"","overlay-type":"","overlay-color":"","overlay-opacity":"","overlay-gradient":""},"tablet":{"background-color":"","background-image":"","background-repeat":"repeat","background-position":"center center","background-size":"auto","background-attachment":"scroll","background-type":"","background-media":"","overlay-type":"","overlay-color":"","overlay-opacity":"","overlay-gradient":""},"mobile":{"background-color":"","background-image":"","background-repeat":"repeat","background-position":"center center","background-size":"auto","background-attachment":"scroll","background-type":"","background-media":"","overlay-type":"","overlay-color":"","overlay-opacity":"","overlay-gradient":""}},"ast-content-background-meta":{"desktop":{"background-color":"var(--ast-global-color-4)","background-image":"","background-repeat":"repeat","background-position":"center center","background-size":"auto","background-attachment":"scroll","background-type":"","background-media":"","overlay-type":"","overlay-color":"","overlay-opacity":"","overlay-gradient":""},"tablet":{"background-color":"var(--ast-global-color-4)","background-image":"","background-repeat":"repeat","background-position":"center center","background-size":"auto","background-attachment":"scroll","background-type":"","background-media":"","overlay-type":"","overlay-color":"","overlay-opacity":"","overlay-gradient":""},"mobile":{"background-color":"var(--ast-global-color-4)","background-image":"","background-repeat":"repeat","background-position":"center center","background-size":"auto","background-attachment":"scroll","background-type":"","background-media":"","overlay-type":"","overlay-color":"","overlay-opacity":"","overlay-gradient":""}},"footnotes":""},"class_list":["post-238","page","type-page","status-publish","hentry"],"yoast_head":"<!-- This site is optimized with the Yoast SEO plugin v24.6 - https:\/\/yoast.com\/wordpress\/plugins\/seo\/ -->\n<title>Pol\u00edtica de privacidade -<\/title>\n<meta name=\"robots\" content=\"index, follow, max-snippet:-1, max-image-preview:large, max-video-preview:-1\" \/>\n<link rel=\"canonical\" href=\"https:\/\/www.seguroscred.com\/da\/politica-de-privacidade\/\" \/>\n<meta property=\"og:locale\" content=\"da_DK\" \/>\n<meta property=\"og:type\" content=\"article\" \/>\n<meta property=\"og:title\" content=\"Pol\u00edtica de privacidade -\" \/>\n<meta property=\"og:description\" content=\"Pol\u00edtica Privacidade A sua privacidade \u00e9 importante para n\u00f3s. \u00c9 pol\u00edtica do SegurosCred respeitar a sua privacidade em rela\u00e7\u00e3o a [&hellip;]\" \/>\n<meta property=\"og:url\" content=\"https:\/\/www.seguroscred.com\/da\/politica-de-privacidade\/\" \/>\n<meta property=\"article:modified_time\" content=\"2024-02-05T17:54:34+00:00\" \/>\n<meta name=\"twitter:card\" content=\"summary_large_image\" \/>\n<meta name=\"twitter:label1\" content=\"Estimeret l\u00e6setid\" \/>\n\t<meta name=\"twitter:data1\" content=\"4 minutter\" \/>\n<script type=\"application\/ld+json\" class=\"yoast-schema-graph\">{\"@context\":\"https:\/\/schema.org\",\"@graph\":[{\"@type\":\"WebPage\",\"@id\":\"https:\/\/www.seguroscred.com\/politica-de-privacidade\/\",\"url\":\"https:\/\/www.seguroscred.com\/politica-de-privacidade\/\",\"name\":\"Pol\u00edtica de privacidade -\",\"isPartOf\":{\"@id\":\"https:\/\/www.seguroscred.com\/#website\"},\"datePublished\":\"2024-02-05T17:47:09+00:00\",\"dateModified\":\"2024-02-05T17:54:34+00:00\",\"breadcrumb\":{\"@id\":\"https:\/\/www.seguroscred.com\/politica-de-privacidade\/#breadcrumb\"},\"inLanguage\":\"da-DK\",\"potentialAction\":[{\"@type\":\"ReadAction\",\"target\":[\"https:\/\/www.seguroscred.com\/politica-de-privacidade\/\"]}]},{\"@type\":\"BreadcrumbList\",\"@id\":\"https:\/\/www.seguroscred.com\/politica-de-privacidade\/#breadcrumb\",\"itemListElement\":[{\"@type\":\"ListItem\",\"position\":1,\"name\":\"Home\",\"item\":\"https:\/\/www.seguroscred.com\/\"},{\"@type\":\"ListItem\",\"position\":2,\"name\":\"Pol\u00edtica de privacidade\"}]},{\"@type\":\"WebSite\",\"@id\":\"https:\/\/www.seguroscred.com\/#website\",\"url\":\"https:\/\/www.seguroscred.com\/\",\"name\":\"\",\"description\":\"\",\"potentialAction\":[{\"@type\":\"SearchAction\",\"target\":{\"@type\":\"EntryPoint\",\"urlTemplate\":\"https:\/\/www.seguroscred.com\/?s={search_term_string}\"},\"query-input\":{\"@type\":\"PropertyValueSpecification\",\"valueRequired\":true,\"valueName\":\"search_term_string\"}}],\"inLanguage\":\"da-DK\"}]}<\/script>\n<!-- \/ Yoast SEO plugin. -->","yoast_head_json":{"title":"Pol\u00edtica de privacidade -","robots":{"index":"index","follow":"follow","max-snippet":"max-snippet:-1","max-image-preview":"max-image-preview:large","max-video-preview":"max-video-preview:-1"},"canonical":"https:\/\/www.seguroscred.com\/da\/politica-de-privacidade\/","og_locale":"da_DK","og_type":"article","og_title":"Pol\u00edtica de privacidade -","og_description":"Pol\u00edtica Privacidade A sua privacidade \u00e9 importante para n\u00f3s. \u00c9 pol\u00edtica do SegurosCred respeitar a sua privacidade em rela\u00e7\u00e3o a [&hellip;]","og_url":"https:\/\/www.seguroscred.com\/da\/politica-de-privacidade\/","article_modified_time":"2024-02-05T17:54:34+00:00","twitter_card":"summary_large_image","twitter_misc":{"Estimeret l\u00e6setid":"4 minutter"},"schema":{"@context":"https:\/\/schema.org","@graph":[{"@type":"WebPage","@id":"https:\/\/www.seguroscred.com\/politica-de-privacidade\/","url":"https:\/\/www.seguroscred.com\/politica-de-privacidade\/","name":"Pol\u00edtica de privacidade -","isPartOf":{"@id":"https:\/\/www.seguroscred.com\/#website"},"datePublished":"2024-02-05T17:47:09+00:00","dateModified":"2024-02-05T17:54:34+00:00","breadcrumb":{"@id":"https:\/\/www.seguroscred.com\/politica-de-privacidade\/#breadcrumb"},"inLanguage":"da-DK","potentialAction":[{"@type":"ReadAction","target":["https:\/\/www.seguroscred.com\/politica-de-privacidade\/"]}]},{"@type":"BreadcrumbList","@id":"https:\/\/www.seguroscred.com\/politica-de-privacidade\/#breadcrumb","itemListElement":[{"@type":"ListItem","position":1,"name":"Home","item":"https:\/\/www.seguroscred.com\/"},{"@type":"ListItem","position":2,"name":"Pol\u00edtica de privacidade"}]},{"@type":"WebSite","@id":"https:\/\/www.seguroscred.com\/#website","url":"https:\/\/www.seguroscred.com\/","name":"","description":"","potentialAction":[{"@type":"SearchAction","target":{"@type":"EntryPoint","urlTemplate":"https:\/\/www.seguroscred.com\/?s={search_term_string}"},"query-input":{"@type":"PropertyValueSpecification","valueRequired":true,"valueName":"search_term_string"}}],"inLanguage":"da-DK"}]}},"_links":{"self":[{"href":"https:\/\/www.seguroscred.com\/da\/wp-json\/wp\/v2\/pages\/238","targetHints":{"allow":["GET"]}}],"collection":[{"href":"https:\/\/www.seguroscred.com\/da\/wp-json\/wp\/v2\/pages"}],"about":[{"href":"https:\/\/www.seguroscred.com\/da\/wp-json\/wp\/v2\/types\/page"}],"author":[{"embeddable":true,"href":"https:\/\/www.seguroscred.com\/da\/wp-json\/wp\/v2\/users\/1"}],"replies":[{"embeddable":true,"href":"https:\/\/www.seguroscred.com\/da\/wp-json\/wp\/v2\/comments?post=238"}],"version-history":[{"count":4,"href":"https:\/\/www.seguroscred.com\/da\/wp-json\/wp\/v2\/pages\/238\/revisions"}],"predecessor-version":[{"id":244,"href":"https:\/\/www.seguroscred.com\/da\/wp-json\/wp\/v2\/pages\/238\/revisions\/244"}],"wp:attachment":[{"href":"https:\/\/www.seguroscred.com\/da\/wp-json\/wp\/v2\/media?parent=238"}],"curies":[{"name":"wp","href":"https:\/\/api.w.org\/{rel}","templated":true}]}}