{"id":245,"date":"2024-02-05T17:55:23","date_gmt":"2024-02-05T17:55:23","guid":{"rendered":"https:\/\/www.seguroscred.com\/?page_id=245"},"modified":"2024-02-05T17:56:34","modified_gmt":"2024-02-05T17:56:34","slug":"termos-e-condicoes","status":"publish","type":"page","link":"https:\/\/www.seguroscred.com\/da\/termos-e-condicoes\/","title":{"rendered":"Vilk\u00e5r og betingelser"},"content":{"rendered":"<h2><span style=\"color: rgb(68, 68, 68);\">1. Vilk\u00e5r<\/span><\/h2><p><span style=\"color: rgb(68, 68, 68);\">N\u00e5r du g\u00e5r ind p\u00e5 hjemmesiden <a href=\"\/da\/SegurosCred.com\/\">SegurosCred<\/a>, accepterer du at overholde disse servicevilk\u00e5r, alle g\u00e6ldende love og regler og accepterer, at du er ansvarlig for overholdelse af alle g\u00e6ldende lokale love. Hvis du ikke er enig i nogen af \u200b\u200bdisse vilk\u00e5r, har du forbud mod at bruge eller f\u00e5 adgang til dette websted. Materialerne p\u00e5 denne hjemmeside er beskyttet af g\u00e6ldende copyright- og varem\u00e6rkelovgivning.<\/span><\/p><h2><span style=\"color: rgb(68, 68, 68);\">2. Brug licens<\/span><\/h2><p><span style=\"color: rgb(68, 68, 68);\">Tilladelse gives til midlertidigt at downloade \u00e9n kopi af materialerne (information eller software) p\u00e5 SegurosCreds hjemmeside kun til personlig, ikke-kommerciel forbig\u00e5ende visning. Dette er tildelingen af en licens, ikke en overf\u00f8rsel af ejendomsret, og under denne licens m\u00e5 du ikke:&nbsp;<\/span><\/p><ol><li><span style=\"color: rgb(68, 68, 68);\">\u00e6ndre eller kopiere materialerne;&nbsp;<\/span><\/li><li><span style=\"color: rgb(68, 68, 68);\">bruge materialerne til ethvert kommercielt form\u00e5l eller til offentlig fremvisning (kommerciel eller ikke-kommerciel);&nbsp;<\/span><\/li><li><span style=\"color: rgb(68, 68, 68);\">fors\u00f8ge at dekompilere eller reverse engineering af software indeholdt p\u00e5 SegurosCred-webstedet;&nbsp;<\/span><\/li><li><span style=\"color: rgb(68, 68, 68);\">fjerne enhver ophavsret eller anden ejendomsretlig bem\u00e6rkning fra materialerne; eller&nbsp;<\/span><\/li><li><span style=\"color: rgb(68, 68, 68);\">overf\u00f8re materialet til en anden person eller &#039;spejle&#039; materialet p\u00e5 en anden server.<\/span><\/li><\/ol><p><span style=\"color: rgb(68, 68, 68);\">Denne licens oph\u00f8rer automatisk, hvis du overtr\u00e6der nogen af disse begr\u00e6nsninger og kan til enhver tid opsiges af SegurosCred. N\u00e5r du afslutter din visning af disse materialer eller ved opsigelse af denne licens, skal du destruere alle downloadede materialer i din besiddelse, hvad enten de er i elektronisk eller trykt format.<\/span><\/p><h2><span style=\"color: rgb(68, 68, 68);\">3. Ansvarsfraskrivelse<\/span><\/h2><ol><li><span style=\"color: rgb(68, 68, 68);\">Materialerne p\u00e5 SegurosCreds hjemmeside leveres &#039;som de er&#039;. SegurosCred giver ingen garantier, hverken udtrykte eller underforst\u00e5ede, og fraskriver sig og afviser hermed alle andre garantier, herunder uden begr\u00e6nsning, underforst\u00e5ede garantier eller betingelser for salgbarhed, egnethed til et bestemt form\u00e5l eller ikke-kr\u00e6nkelse af intellektuel ejendom eller anden kr\u00e6nkelse af rettigheder.<\/span><\/li><li><span style=\"color: rgb(68, 68, 68);\">Ydermere garanterer SegurosCred ikke eller frems\u00e6tter nogen repr\u00e6sentationer vedr\u00f8rende n\u00f8jagtigheden, sandsynlige resultater eller p\u00e5lideligheden af \u200b\u200bbrugen af \u200b\u200bmaterialerne p\u00e5 sin hjemmeside eller p\u00e5 anden m\u00e5de relateret til s\u00e5danne materialer eller p\u00e5 nogen sider, der er linket til denne hjemmeside.<\/span><\/li><\/ol><h2><span style=\"color: rgb(68, 68, 68);\">4. Begr\u00e6nsninger<\/span><\/h2><p><span style=\"color: rgb(68, 68, 68);\">SegurosCred eller dets leverand\u00f8rer kan under ingen omst\u00e6ndigheder holdes ansvarlige for skader (herunder, uden begr\u00e6nsning, skader for tab af data eller fortjeneste, eller p\u00e5 grund af forretningsafbrydelse) som f\u00f8lge af brugen eller manglende evne til at bruge materialerne p\u00e5 SegurosCreds hjemmeside, selvom SegurosCred eller en autoriseret SegurosCred repr\u00e6sentant er blevet skriftligt underrettet om muligheden for en s\u00e5dan skade mundtligt eller skriftligt. Fordi nogle jurisdiktioner ikke tillader begr\u00e6nsninger af underforst\u00e5ede garantier eller begr\u00e6nsninger af ansvar for f\u00f8lgeskader eller tilf\u00e6ldige skader, g\u00e6lder disse begr\u00e6nsninger muligvis ikke for dig.<\/span><\/p><h2><span style=\"color: rgb(68, 68, 68);\">5. N\u00f8jagtighed af materialer<\/span><\/h2><p><span style=\"color: rgb(68, 68, 68);\">Materialet, der vises p\u00e5 SegurosCred-webstedet, kan indeholde tekniske, typografiske eller fotografiske fejl. SegurosCred garanterer ikke, at noget materiale p\u00e5 dets hjemmeside er n\u00f8jagtigt, fuldst\u00e6ndigt eller aktuelt. SegurosCred kan til enhver tid foretage \u00e6ndringer i materialerne p\u00e5 sin hjemmeside uden forudg\u00e5ende varsel. SegurosCred forpligter sig dog ikke til at opdatere materialerne.<\/span><\/p><h2><span style=\"color: rgb(68, 68, 68);\">6. Links<\/span><\/h2><p><span style=\"color: rgb(68, 68, 68);\">SegurosCred har ikke gennemg\u00e5et alle de sider, der er linket til dets hjemmeside, og er ikke ansvarlig for indholdet af nogen linket hjemmeside. Medtagelsen af et link indeb\u00e6rer ikke, at SegurosCred godkender webstedet. Brug af enhver linket hjemmeside er p\u00e5 brugerens eget ansvar.<\/span><\/p><p><br><\/p><h3><span style=\"color: rgb(68, 68, 68);\">\u00c6ndringer<\/span><\/h3><p><span style=\"color: rgb(68, 68, 68);\">SegurosCred kan til enhver tid revidere disse webstedsbetingelser uden forudg\u00e5ende varsel. Ved at bruge denne hjemmeside accepterer du at v\u00e6re bundet af den p\u00e5 det tidspunkt aktuelle version af disse servicevilk\u00e5r.<\/span><\/p><h3><span style=\"color: rgb(68, 68, 68);\">G\u00e6ldende lov<\/span><\/h3><p><span style=\"color: rgb(68, 68, 68);\">Disse vilk\u00e5r og betingelser er underlagt og fortolkes i overensstemmelse med lovene i SegurosCred, og du underkaster dig uigenkaldeligt den eksklusive jurisdiktion for domstolene i den p\u00e5g\u00e6ldende stat eller det p\u00e5g\u00e6ldende sted.<\/span><\/p>","protected":false},"excerpt":{"rendered":"<p>1. Vilk\u00e5r Ved at tilg\u00e5 SegurosCred-webstedet accepterer du at overholde disse servicevilk\u00e5r, alle g\u00e6ldende love og regler [\u2026]<\/p>","protected":false},"author":1,"featured_media":0,"parent":0,"menu_order":0,"comment_status":"closed","ping_status":"closed","template":"","meta":{"site-sidebar-layout":"default","site-content-layout":"","ast-site-content-layout":"","site-content-style":"default","site-sidebar-style":"default","ast-global-header-display":"","ast-banner-title-visibility":"","ast-main-header-display":"","ast-hfb-above-header-display":"","ast-hfb-below-header-display":"","ast-hfb-mobile-header-display":"","site-post-title":"","ast-breadcrumbs-content":"","ast-featured-img":"","footer-sml-layout":"","theme-transparent-header-meta":"","adv-header-id-meta":"","stick-header-meta":"","header-above-stick-meta":"","header-main-stick-meta":"","header-below-stick-meta":"","astra-migrate-meta-layouts":"default","ast-page-background-enabled":"default","ast-page-background-meta":{"desktop":{"background-color":"var(--ast-global-color-5)","background-image":"","background-repeat":"repeat","background-position":"center center","background-size":"auto","background-attachment":"scroll","background-type":"","background-media":"","overlay-type":"","overlay-color":"","overlay-opacity":"","overlay-gradient":""},"tablet":{"background-color":"","background-image":"","background-repeat":"repeat","background-position":"center center","background-size":"auto","background-attachment":"scroll","background-type":"","background-media":"","overlay-type":"","overlay-color":"","overlay-opacity":"","overlay-gradient":""},"mobile":{"background-color":"","background-image":"","background-repeat":"repeat","background-position":"center center","background-size":"auto","background-attachment":"scroll","background-type":"","background-media":"","overlay-type":"","overlay-color":"","overlay-opacity":"","overlay-gradient":""}},"ast-content-background-meta":{"desktop":{"background-color":"var(--ast-global-color-4)","background-image":"","background-repeat":"repeat","background-position":"center center","background-size":"auto","background-attachment":"scroll","background-type":"","background-media":"","overlay-type":"","overlay-color":"","overlay-opacity":"","overlay-gradient":""},"tablet":{"background-color":"var(--ast-global-color-4)","background-image":"","background-repeat":"repeat","background-position":"center center","background-size":"auto","background-attachment":"scroll","background-type":"","background-media":"","overlay-type":"","overlay-color":"","overlay-opacity":"","overlay-gradient":""},"mobile":{"background-color":"var(--ast-global-color-4)","background-image":"","background-repeat":"repeat","background-position":"center center","background-size":"auto","background-attachment":"scroll","background-type":"","background-media":"","overlay-type":"","overlay-color":"","overlay-opacity":"","overlay-gradient":""}},"footnotes":""},"class_list":["post-245","page","type-page","status-publish","hentry"],"yoast_head":"<!-- This site is optimized with the Yoast SEO plugin v24.6 - https:\/\/yoast.com\/wordpress\/plugins\/seo\/ -->\n<title>Termos e Condi\u00e7\u00f5es -<\/title>\n<meta name=\"robots\" content=\"index, follow, max-snippet:-1, max-image-preview:large, max-video-preview:-1\" \/>\n<link rel=\"canonical\" href=\"https:\/\/www.seguroscred.com\/da\/termos-e-condicoes\/\" \/>\n<meta property=\"og:locale\" content=\"da_DK\" \/>\n<meta property=\"og:type\" content=\"article\" \/>\n<meta property=\"og:title\" content=\"Termos e Condi\u00e7\u00f5es -\" \/>\n<meta property=\"og:description\" content=\"1. Termos Ao acessar ao site SegurosCred, concorda em cumprir estes termos de servi\u00e7o, todas as leis e regulamentos aplic\u00e1veis [&hellip;]\" \/>\n<meta property=\"og:url\" content=\"https:\/\/www.seguroscred.com\/da\/termos-e-condicoes\/\" \/>\n<meta property=\"article:modified_time\" content=\"2024-02-05T17:56:34+00:00\" \/>\n<meta name=\"twitter:card\" content=\"summary_large_image\" \/>\n<meta name=\"twitter:label1\" content=\"Estimeret l\u00e6setid\" \/>\n\t<meta name=\"twitter:data1\" content=\"4 minutter\" \/>\n<script type=\"application\/ld+json\" class=\"yoast-schema-graph\">{\"@context\":\"https:\/\/schema.org\",\"@graph\":[{\"@type\":\"WebPage\",\"@id\":\"https:\/\/www.seguroscred.com\/termos-e-condicoes\/\",\"url\":\"https:\/\/www.seguroscred.com\/termos-e-condicoes\/\",\"name\":\"Termos e Condi\u00e7\u00f5es -\",\"isPartOf\":{\"@id\":\"https:\/\/www.seguroscred.com\/#website\"},\"datePublished\":\"2024-02-05T17:55:23+00:00\",\"dateModified\":\"2024-02-05T17:56:34+00:00\",\"breadcrumb\":{\"@id\":\"https:\/\/www.seguroscred.com\/termos-e-condicoes\/#breadcrumb\"},\"inLanguage\":\"da-DK\",\"potentialAction\":[{\"@type\":\"ReadAction\",\"target\":[\"https:\/\/www.seguroscred.com\/termos-e-condicoes\/\"]}]},{\"@type\":\"BreadcrumbList\",\"@id\":\"https:\/\/www.seguroscred.com\/termos-e-condicoes\/#breadcrumb\",\"itemListElement\":[{\"@type\":\"ListItem\",\"position\":1,\"name\":\"Home\",\"item\":\"https:\/\/www.seguroscred.com\/\"},{\"@type\":\"ListItem\",\"position\":2,\"name\":\"Termos e Condi\u00e7\u00f5es\"}]},{\"@type\":\"WebSite\",\"@id\":\"https:\/\/www.seguroscred.com\/#website\",\"url\":\"https:\/\/www.seguroscred.com\/\",\"name\":\"\",\"description\":\"\",\"potentialAction\":[{\"@type\":\"SearchAction\",\"target\":{\"@type\":\"EntryPoint\",\"urlTemplate\":\"https:\/\/www.seguroscred.com\/?s={search_term_string}\"},\"query-input\":{\"@type\":\"PropertyValueSpecification\",\"valueRequired\":true,\"valueName\":\"search_term_string\"}}],\"inLanguage\":\"da-DK\"}]}<\/script>\n<!-- \/ Yoast SEO plugin. -->","yoast_head_json":{"title":"Termos e Condi\u00e7\u00f5es -","robots":{"index":"index","follow":"follow","max-snippet":"max-snippet:-1","max-image-preview":"max-image-preview:large","max-video-preview":"max-video-preview:-1"},"canonical":"https:\/\/www.seguroscred.com\/da\/termos-e-condicoes\/","og_locale":"da_DK","og_type":"article","og_title":"Termos e Condi\u00e7\u00f5es -","og_description":"1. Termos Ao acessar ao site SegurosCred, concorda em cumprir estes termos de servi\u00e7o, todas as leis e regulamentos aplic\u00e1veis [&hellip;]","og_url":"https:\/\/www.seguroscred.com\/da\/termos-e-condicoes\/","article_modified_time":"2024-02-05T17:56:34+00:00","twitter_card":"summary_large_image","twitter_misc":{"Estimeret l\u00e6setid":"4 minutter"},"schema":{"@context":"https:\/\/schema.org","@graph":[{"@type":"WebPage","@id":"https:\/\/www.seguroscred.com\/termos-e-condicoes\/","url":"https:\/\/www.seguroscred.com\/termos-e-condicoes\/","name":"Termos e Condi\u00e7\u00f5es -","isPartOf":{"@id":"https:\/\/www.seguroscred.com\/#website"},"datePublished":"2024-02-05T17:55:23+00:00","dateModified":"2024-02-05T17:56:34+00:00","breadcrumb":{"@id":"https:\/\/www.seguroscred.com\/termos-e-condicoes\/#breadcrumb"},"inLanguage":"da-DK","potentialAction":[{"@type":"ReadAction","target":["https:\/\/www.seguroscred.com\/termos-e-condicoes\/"]}]},{"@type":"BreadcrumbList","@id":"https:\/\/www.seguroscred.com\/termos-e-condicoes\/#breadcrumb","itemListElement":[{"@type":"ListItem","position":1,"name":"Home","item":"https:\/\/www.seguroscred.com\/"},{"@type":"ListItem","position":2,"name":"Termos e Condi\u00e7\u00f5es"}]},{"@type":"WebSite","@id":"https:\/\/www.seguroscred.com\/#website","url":"https:\/\/www.seguroscred.com\/","name":"","description":"","potentialAction":[{"@type":"SearchAction","target":{"@type":"EntryPoint","urlTemplate":"https:\/\/www.seguroscred.com\/?s={search_term_string}"},"query-input":{"@type":"PropertyValueSpecification","valueRequired":true,"valueName":"search_term_string"}}],"inLanguage":"da-DK"}]}},"_links":{"self":[{"href":"https:\/\/www.seguroscred.com\/da\/wp-json\/wp\/v2\/pages\/245","targetHints":{"allow":["GET"]}}],"collection":[{"href":"https:\/\/www.seguroscred.com\/da\/wp-json\/wp\/v2\/pages"}],"about":[{"href":"https:\/\/www.seguroscred.com\/da\/wp-json\/wp\/v2\/types\/page"}],"author":[{"embeddable":true,"href":"https:\/\/www.seguroscred.com\/da\/wp-json\/wp\/v2\/users\/1"}],"replies":[{"embeddable":true,"href":"https:\/\/www.seguroscred.com\/da\/wp-json\/wp\/v2\/comments?post=245"}],"version-history":[{"count":5,"href":"https:\/\/www.seguroscred.com\/da\/wp-json\/wp\/v2\/pages\/245\/revisions"}],"predecessor-version":[{"id":250,"href":"https:\/\/www.seguroscred.com\/da\/wp-json\/wp\/v2\/pages\/245\/revisions\/250"}],"wp:attachment":[{"href":"https:\/\/www.seguroscred.com\/da\/wp-json\/wp\/v2\/media?parent=245"}],"curies":[{"name":"wp","href":"https:\/\/api.w.org\/{rel}","templated":true}]}}