{"id":238,"date":"2024-02-05T17:47:09","date_gmt":"2024-02-05T17:47:09","guid":{"rendered":"https:\/\/www.seguroscred.com\/?page_id=238"},"modified":"2024-02-05T17:54:34","modified_gmt":"2024-02-05T17:54:34","slug":"politica-de-privacidade","status":"publish","type":"page","link":"https:\/\/www.seguroscred.com\/de\/politica-de-privacidade\/","title":{"rendered":"Datenschutzrichtlinie"},"content":{"rendered":"<h2><span style=\"color: rgb(68, 68, 68);\">Datenschutzrichtlinie<\/span><\/h2><p><span style=\"color: rgb(68, 68, 68);\">Ihre Privatsph\u00e4re ist uns wichtig. Es ist die Politik von SegurosCred, Ihre Privatsph\u00e4re hinsichtlich aller Informationen zu respektieren, die wir auf der Website von Ihnen erfassen. <a href=\"\/de\/SegurosCred.com\/\">SegurosCred<\/a>, und andere Websites, die wir besitzen und betreiben.<\/span><\/p><p><span style=\"color: rgb(68, 68, 68);\">Wir fragen nur dann nach pers\u00f6nlichen Informationen, wenn wir diese wirklich ben\u00f6tigen, um Ihnen einen Dienst bereitzustellen. Wir tun dies auf faire und rechtm\u00e4\u00dfige Weise und mit Ihrem Wissen und Ihrer Zustimmung. Wir teilen Ihnen auch mit, warum wir diese Daten erfassen und wie sie verwendet werden.<\/span><\/p><p><span style=\"color: rgb(68, 68, 68);\">Wir bewahren die erfassten Informationen nur so lange auf, wie es n\u00f6tig ist, um Ihnen den gew\u00fcnschten Service zu bieten. Die von uns gespeicherten Daten sch\u00fctzen wir im Rahmen handels\u00fcblicher Mittel, um Verlust und Diebstahl sowie unbefugten Zugriff, Weitergabe, Vervielf\u00e4ltigung, Verwendung oder \u00c4nderung zu verhindern.<\/span><\/p><p><span style=\"color: rgb(68, 68, 68);\">Wir geben keine personenbezogenen Daten \u00f6ffentlich bekannt oder an Dritte weiter, es sei denn, wir sind gesetzlich dazu verpflichtet.<\/span><\/p><p><span style=\"color: rgb(68, 68, 68);\">Unsere Website kann Links zu externen Websites enthalten, die nicht von uns betrieben werden. Bitte beachten Sie, dass wir keine Kontrolle \u00fcber den Inhalt und die Praktiken dieser Websites haben und keine Verantwortung f\u00fcr deren jeweilige&nbsp;<\/span><a href=\"https:\/\/politicaprivacidade.com\/\" rel=\"noopener noreferrer\" target=\"_blank\" style=\"background-color: transparent; color: rgb(68, 68, 68);\">Datenschutzrichtlinien<\/a><span style=\"color: rgb(68, 68, 68);\">.<\/span><\/p><p><span style=\"color: rgb(68, 68, 68);\">Es steht Ihnen frei, unsere Anfrage nach Ihren pers\u00f6nlichen Daten abzulehnen. Dabei beachten Sie jedoch, dass wir Ihnen in diesem Fall m\u00f6glicherweise einige der gew\u00fcnschten Dienste nicht bereitstellen k\u00f6nnen.<\/span><\/p><p><span style=\"color: rgb(68, 68, 68);\">Ihre fortgesetzte Nutzung unserer Website gilt als Akzeptanz unserer Praktiken in Bezug auf Datenschutz und pers\u00f6nliche Daten. Wenn Sie Fragen zu unserem Umgang mit Benutzerdaten und pers\u00f6nlichen Informationen haben, kontaktieren Sie uns bitte.<\/span><\/p><p><span style=\"color: rgb(68, 68, 68);\"><ul><li><span style=\"color: rgb(68, 68, 68);\">Der von uns zur Bereitstellung von Werbung genutzte Google AdSense-Dienst verwendet ein DoubleClick-Cookie, um im gesamten Web relevantere Anzeigen bereitzustellen und die H\u00e4ufigkeit zu begrenzen, mit der Ihnen eine bestimmte Anzeige angezeigt wird.<\/span><\/li><li><span style=\"color: rgb(68, 68, 68);\">Weitere Informationen zu Google AdSense finden Sie in den offiziellen FAQs zum Datenschutz bei Google AdSense.<\/span><\/li><li><span style=\"color: rgb(68, 68, 68);\">Wir verwenden Anzeigen, um die Kosten f\u00fcr den Betrieb dieser Website zu decken und die Finanzierung zuk\u00fcnftiger Entwicklungen zu gew\u00e4hrleisten. Die von dieser Website verwendeten verhaltensbasierten Werbe-Cookies sollen sicherstellen, dass wir Ihnen m\u00f6glichst relevante Werbung bereitstellen, indem wir Ihre Interessen anonym verfolgen und Ihnen \u00e4hnliche Dinge pr\u00e4sentieren, die f\u00fcr Sie von Interesse sein k\u00f6nnten.<\/span><\/li><li><span style=\"color: rgb(68, 68, 68);\">Mehrere Partner werben in unserem Namen und Affiliate-Tracking-Cookies erm\u00f6glichen es uns lediglich, zu erkennen, ob unsere Kunden \u00fcber eine unserer Partner-Websites auf die Website gelangt sind, damit wir ihnen die entsprechenden Betr\u00e4ge gutschreiben und unseren Affiliate-Partnern ggf. die Gew\u00e4hrung von Boni f\u00fcr den Kauf gestatten k\u00f6nnen.<\/span><\/li><\/ul><p><br><\/p><\/span><\/p><h3><span style=\"color: rgb(68, 68, 68);\">Benutzerverpflichtung<\/span><\/h3><p><span style=\"color: rgb(68, 68, 68);\">Der Benutzer verpflichtet sich, die Inhalte und Informationen, die SegurosCred auf der Website anbietet, angemessen zu nutzen, beispielsweise, aber nicht ausschlie\u00dflich:<\/span><\/p><ul><li><span style=\"color: rgb(68, 68, 68);\">A) sich nicht an Aktivit\u00e4ten zu beteiligen, die illegal sind oder gegen Treu und Glauben und die \u00f6ffentliche Ordnung versto\u00dfen;<\/span><\/li><li><span style=\"color: rgb(68, 68, 68);\">B) Verbreiten Sie keine Propaganda oder Inhalte rassistischer, fremdenfeindlicher Natur, <\/span><span style=\"color: rgb(33, 37, 41);\"><a href='https:\/\/betnacionalbrasil.br.com' style='color:inherit !important; text-decoration: none !important; font-size: inherit !important;'>Nationale Wette<\/a><\/span><span style=\"color: rgb(68, 68, 68);\"> oder Ungl\u00fcck, jede Art illegaler Pornografie, zur Unterst\u00fctzung des Terrorismus oder gegen die Menschenrechte;<\/span><\/li><li><span style=\"color: rgb(68, 68, 68);\">C) Keine Sch\u00e4den an den physischen (Hardware) und logischen (Software) Systemen von SegurosCred, seinen Lieferanten oder Dritten zu verursachen, keine Computerviren oder andere Hardware- oder Softwaresysteme einzuf\u00fchren oder zu verbreiten, die die oben genannten Sch\u00e4den verursachen k\u00f6nnen.<\/span><\/li><\/ul><h3><span style=\"color: rgb(68, 68, 68);\">Weitere Informationen<\/span><\/h3><p><span style=\"color: rgb(68, 68, 68);\">Wir hoffen, dass dies die Dinge f\u00fcr Sie gekl\u00e4rt hat. Und wie bereits erw\u00e4hnt, ist es normalerweise sicherer, Cookies aktiviert zu lassen, falls sie mit einer der Funktionen interagieren, die Sie auf unserer Site verwenden, falls Sie nicht sicher sind, ob Sie etwas ben\u00f6tigen oder nicht.<\/span><\/p><p><span style=\"color: rgb(68, 68, 68);\">Diese Richtlinie ist g\u00fcltig ab 5. Februar 2024 17:52<\/span><\/p>","protected":false},"excerpt":{"rendered":"<p>Datenschutzrichtlinie Ihre Privatsph\u00e4re ist uns wichtig. SegurosCred respektiert Ihre Privatsph\u00e4re in Bezug auf [\u2026]<\/p>","protected":false},"author":1,"featured_media":0,"parent":0,"menu_order":0,"comment_status":"closed","ping_status":"closed","template":"","meta":{"site-sidebar-layout":"default","site-content-layout":"","ast-site-content-layout":"","site-content-style":"default","site-sidebar-style":"default","ast-global-header-display":"","ast-banner-title-visibility":"","ast-main-header-display":"","ast-hfb-above-header-display":"","ast-hfb-below-header-display":"","ast-hfb-mobile-header-display":"","site-post-title":"","ast-breadcrumbs-content":"","ast-featured-img":"","footer-sml-layout":"","theme-transparent-header-meta":"","adv-header-id-meta":"","stick-header-meta":"","header-above-stick-meta":"","header-main-stick-meta":"","header-below-stick-meta":"","astra-migrate-meta-layouts":"default","ast-page-background-enabled":"default","ast-page-background-meta":{"desktop":{"background-color":"var(--ast-global-color-5)","background-image":"","background-repeat":"repeat","background-position":"center center","background-size":"auto","background-attachment":"scroll","background-type":"","background-media":"","overlay-type":"","overlay-color":"","overlay-opacity":"","overlay-gradient":""},"tablet":{"background-color":"","background-image":"","background-repeat":"repeat","background-position":"center center","background-size":"auto","background-attachment":"scroll","background-type":"","background-media":"","overlay-type":"","overlay-color":"","overlay-opacity":"","overlay-gradient":""},"mobile":{"background-color":"","background-image":"","background-repeat":"repeat","background-position":"center center","background-size":"auto","background-attachment":"scroll","background-type":"","background-media":"","overlay-type":"","overlay-color":"","overlay-opacity":"","overlay-gradient":""}},"ast-content-background-meta":{"desktop":{"background-color":"var(--ast-global-color-4)","background-image":"","background-repeat":"repeat","background-position":"center center","background-size":"auto","background-attachment":"scroll","background-type":"","background-media":"","overlay-type":"","overlay-color":"","overlay-opacity":"","overlay-gradient":""},"tablet":{"background-color":"var(--ast-global-color-4)","background-image":"","background-repeat":"repeat","background-position":"center center","background-size":"auto","background-attachment":"scroll","background-type":"","background-media":"","overlay-type":"","overlay-color":"","overlay-opacity":"","overlay-gradient":""},"mobile":{"background-color":"var(--ast-global-color-4)","background-image":"","background-repeat":"repeat","background-position":"center center","background-size":"auto","background-attachment":"scroll","background-type":"","background-media":"","overlay-type":"","overlay-color":"","overlay-opacity":"","overlay-gradient":""}},"footnotes":""},"class_list":["post-238","page","type-page","status-publish","hentry"],"yoast_head":"<!-- This site is optimized with the Yoast SEO plugin v24.6 - https:\/\/yoast.com\/wordpress\/plugins\/seo\/ -->\n<title>Pol\u00edtica de privacidade -<\/title>\n<meta name=\"robots\" content=\"index, follow, max-snippet:-1, max-image-preview:large, max-video-preview:-1\" \/>\n<link rel=\"canonical\" href=\"https:\/\/www.seguroscred.com\/de\/politica-de-privacidade\/\" \/>\n<meta property=\"og:locale\" content=\"de_DE\" \/>\n<meta property=\"og:type\" content=\"article\" \/>\n<meta property=\"og:title\" content=\"Pol\u00edtica de privacidade -\" \/>\n<meta property=\"og:description\" content=\"Pol\u00edtica Privacidade A sua privacidade \u00e9 importante para n\u00f3s. \u00c9 pol\u00edtica do SegurosCred respeitar a sua privacidade em rela\u00e7\u00e3o a [&hellip;]\" \/>\n<meta property=\"og:url\" content=\"https:\/\/www.seguroscred.com\/de\/politica-de-privacidade\/\" \/>\n<meta property=\"article:modified_time\" content=\"2024-02-05T17:54:34+00:00\" \/>\n<meta name=\"twitter:card\" content=\"summary_large_image\" \/>\n<meta name=\"twitter:label1\" content=\"Gesch\u00e4tzte Lesezeit\" \/>\n\t<meta name=\"twitter:data1\" content=\"4\u00a0Minuten\" \/>\n<script type=\"application\/ld+json\" class=\"yoast-schema-graph\">{\"@context\":\"https:\/\/schema.org\",\"@graph\":[{\"@type\":\"WebPage\",\"@id\":\"https:\/\/www.seguroscred.com\/politica-de-privacidade\/\",\"url\":\"https:\/\/www.seguroscred.com\/politica-de-privacidade\/\",\"name\":\"Pol\u00edtica de privacidade -\",\"isPartOf\":{\"@id\":\"https:\/\/www.seguroscred.com\/#website\"},\"datePublished\":\"2024-02-05T17:47:09+00:00\",\"dateModified\":\"2024-02-05T17:54:34+00:00\",\"breadcrumb\":{\"@id\":\"https:\/\/www.seguroscred.com\/politica-de-privacidade\/#breadcrumb\"},\"inLanguage\":\"de\",\"potentialAction\":[{\"@type\":\"ReadAction\",\"target\":[\"https:\/\/www.seguroscred.com\/politica-de-privacidade\/\"]}]},{\"@type\":\"BreadcrumbList\",\"@id\":\"https:\/\/www.seguroscred.com\/politica-de-privacidade\/#breadcrumb\",\"itemListElement\":[{\"@type\":\"ListItem\",\"position\":1,\"name\":\"Home\",\"item\":\"https:\/\/www.seguroscred.com\/\"},{\"@type\":\"ListItem\",\"position\":2,\"name\":\"Pol\u00edtica de privacidade\"}]},{\"@type\":\"WebSite\",\"@id\":\"https:\/\/www.seguroscred.com\/#website\",\"url\":\"https:\/\/www.seguroscred.com\/\",\"name\":\"\",\"description\":\"\",\"potentialAction\":[{\"@type\":\"SearchAction\",\"target\":{\"@type\":\"EntryPoint\",\"urlTemplate\":\"https:\/\/www.seguroscred.com\/?s={search_term_string}\"},\"query-input\":{\"@type\":\"PropertyValueSpecification\",\"valueRequired\":true,\"valueName\":\"search_term_string\"}}],\"inLanguage\":\"de\"}]}<\/script>\n<!-- \/ Yoast SEO plugin. -->","yoast_head_json":{"title":"Pol\u00edtica de privacidade -","robots":{"index":"index","follow":"follow","max-snippet":"max-snippet:-1","max-image-preview":"max-image-preview:large","max-video-preview":"max-video-preview:-1"},"canonical":"https:\/\/www.seguroscred.com\/de\/politica-de-privacidade\/","og_locale":"de_DE","og_type":"article","og_title":"Pol\u00edtica de privacidade -","og_description":"Pol\u00edtica Privacidade A sua privacidade \u00e9 importante para n\u00f3s. \u00c9 pol\u00edtica do SegurosCred respeitar a sua privacidade em rela\u00e7\u00e3o a [&hellip;]","og_url":"https:\/\/www.seguroscred.com\/de\/politica-de-privacidade\/","article_modified_time":"2024-02-05T17:54:34+00:00","twitter_card":"summary_large_image","twitter_misc":{"Gesch\u00e4tzte Lesezeit":"4\u00a0Minuten"},"schema":{"@context":"https:\/\/schema.org","@graph":[{"@type":"WebPage","@id":"https:\/\/www.seguroscred.com\/politica-de-privacidade\/","url":"https:\/\/www.seguroscred.com\/politica-de-privacidade\/","name":"Pol\u00edtica de privacidade -","isPartOf":{"@id":"https:\/\/www.seguroscred.com\/#website"},"datePublished":"2024-02-05T17:47:09+00:00","dateModified":"2024-02-05T17:54:34+00:00","breadcrumb":{"@id":"https:\/\/www.seguroscred.com\/politica-de-privacidade\/#breadcrumb"},"inLanguage":"de","potentialAction":[{"@type":"ReadAction","target":["https:\/\/www.seguroscred.com\/politica-de-privacidade\/"]}]},{"@type":"BreadcrumbList","@id":"https:\/\/www.seguroscred.com\/politica-de-privacidade\/#breadcrumb","itemListElement":[{"@type":"ListItem","position":1,"name":"Home","item":"https:\/\/www.seguroscred.com\/"},{"@type":"ListItem","position":2,"name":"Pol\u00edtica de privacidade"}]},{"@type":"WebSite","@id":"https:\/\/www.seguroscred.com\/#website","url":"https:\/\/www.seguroscred.com\/","name":"","description":"","potentialAction":[{"@type":"SearchAction","target":{"@type":"EntryPoint","urlTemplate":"https:\/\/www.seguroscred.com\/?s={search_term_string}"},"query-input":{"@type":"PropertyValueSpecification","valueRequired":true,"valueName":"search_term_string"}}],"inLanguage":"de"}]}},"_links":{"self":[{"href":"https:\/\/www.seguroscred.com\/de\/wp-json\/wp\/v2\/pages\/238","targetHints":{"allow":["GET"]}}],"collection":[{"href":"https:\/\/www.seguroscred.com\/de\/wp-json\/wp\/v2\/pages"}],"about":[{"href":"https:\/\/www.seguroscred.com\/de\/wp-json\/wp\/v2\/types\/page"}],"author":[{"embeddable":true,"href":"https:\/\/www.seguroscred.com\/de\/wp-json\/wp\/v2\/users\/1"}],"replies":[{"embeddable":true,"href":"https:\/\/www.seguroscred.com\/de\/wp-json\/wp\/v2\/comments?post=238"}],"version-history":[{"count":4,"href":"https:\/\/www.seguroscred.com\/de\/wp-json\/wp\/v2\/pages\/238\/revisions"}],"predecessor-version":[{"id":244,"href":"https:\/\/www.seguroscred.com\/de\/wp-json\/wp\/v2\/pages\/238\/revisions\/244"}],"wp:attachment":[{"href":"https:\/\/www.seguroscred.com\/de\/wp-json\/wp\/v2\/media?parent=238"}],"curies":[{"name":"wp","href":"https:\/\/api.w.org\/{rel}","templated":true}]}}