{"id":245,"date":"2024-02-05T17:55:23","date_gmt":"2024-02-05T17:55:23","guid":{"rendered":"https:\/\/www.seguroscred.com\/?page_id=245"},"modified":"2024-02-05T17:56:34","modified_gmt":"2024-02-05T17:56:34","slug":"termos-e-condicoes","status":"publish","type":"page","link":"https:\/\/www.seguroscred.com\/de\/termos-e-condicoes\/","title":{"rendered":"Gesch\u00e4ftsbedingungen"},"content":{"rendered":"<h2><span style=\"color: rgb(68, 68, 68);\">1. Bedingungen<\/span><\/h2><p><span style=\"color: rgb(68, 68, 68);\">Beim Zugriff auf die Website <a href=\"\/de\/SegurosCred.com\/\">SegurosCred<\/a>erkl\u00e4ren Sie sich damit einverstanden, diese Servicebedingungen sowie alle geltenden Gesetze und Vorschriften einzuhalten, und erkl\u00e4ren sich damit einverstanden, dass Sie f\u00fcr die Einhaltung aller geltenden \u00f6rtlichen Gesetze verantwortlich sind. Wenn Sie mit diesen Bedingungen nicht einverstanden sind, ist Ihnen die Nutzung dieser Site und der Zugriff darauf untersagt. Die auf dieser Website enthaltenen Materialien sind durch geltendes Urheber- und Markenrecht gesch\u00fctzt.<\/span><\/p><h2><span style=\"color: rgb(68, 68, 68);\">2. Nutzungslizenz<\/span><\/h2><p><span style=\"color: rgb(68, 68, 68);\">Es wird die Erlaubnis erteilt, vor\u00fcbergehend eine Kopie der Materialien (Informationen oder Software) auf der Website von SegurosCred f\u00fcr die ausschlie\u00dflich pers\u00f6nliche, nicht kommerzielle, vor\u00fcbergehende Ansicht herunterzuladen. Hierbei handelt es sich um die Gew\u00e4hrung einer Lizenz und nicht um die \u00dcbertragung eines Eigentumsrechts. Im Rahmen dieser Lizenz d\u00fcrfen Sie nicht:&nbsp;<\/span><\/p><ol><li><span style=\"color: rgb(68, 68, 68);\">die Materialien ver\u00e4ndern oder kopieren;&nbsp;<\/span><\/li><li><span style=\"color: rgb(68, 68, 68);\">die Materialien f\u00fcr kommerzielle Zwecke oder f\u00fcr die \u00f6ffentliche Darstellung (kommerziell oder nicht kommerziell) zu verwenden;&nbsp;<\/span><\/li><li><span style=\"color: rgb(68, 68, 68);\">versuchen, Software auf der SegurosCred-Website zu dekompilieren oder zur\u00fcckzuentwickeln;&nbsp;<\/span><\/li><li><span style=\"color: rgb(68, 68, 68);\">s\u00e4mtliche Urheberrechtsvermerke oder sonstige Eigentumsvermerke aus den Materialien entfernen; oder&nbsp;<\/span><\/li><li><span style=\"color: rgb(68, 68, 68);\">\u00dcbertragen Sie die Materialien nicht an eine andere Person, und spiegeln Sie sie nicht auf einem anderen Server.<\/span><\/li><\/ol><p><span style=\"color: rgb(68, 68, 68);\">Diese Lizenz erlischt automatisch, wenn Sie gegen eine dieser Beschr\u00e4nkungen versto\u00dfen, und kann von SegurosCred jederzeit gek\u00fcndigt werden. Wenn Sie die Anzeige dieser Materialien beenden oder diese Lizenz erlischt, m\u00fcssen Sie s\u00e4mtliche in Ihrem Besitz befindlichen heruntergeladenen Materialien vernichten, unabh\u00e4ngig davon, ob sie in elektronischer oder gedruckter Form vorliegen.<\/span><\/p><h2><span style=\"color: rgb(68, 68, 68);\">3. Haftungsausschluss<\/span><\/h2><ol><li><span style=\"color: rgb(68, 68, 68);\">Die Materialien auf der Website von SegurosCred werden \u201ewie besehen\u201c bereitgestellt. SegurosCred \u00fcbernimmt keine Garantien, weder ausdr\u00fccklich noch stillschweigend, und schlie\u00dft hiermit alle anderen Garantien aus, einschlie\u00dflich, aber nicht beschr\u00e4nkt auf stillschweigende Garantien oder Gew\u00e4hrleistungen hinsichtlich der Marktg\u00e4ngigkeit, Eignung f\u00fcr einen bestimmten Zweck oder Nichtverletzung geistigen Eigentums oder sonstiger Rechtsverletzungen.<\/span><\/li><li><span style=\"color: rgb(68, 68, 68);\">Dar\u00fcber hinaus \u00fcbernimmt SegurosCred keine Garantie und macht keine Zusicherungen hinsichtlich der Genauigkeit, der wahrscheinlichen Ergebnisse oder der Zuverl\u00e4ssigkeit der Verwendung der Materialien auf seiner Website oder in sonstiger Weise in Bezug auf diese Materialien oder auf Websites, die mit dieser Website verlinkt sind.<\/span><\/li><\/ol><h2><span style=\"color: rgb(68, 68, 68);\">4. Einschr\u00e4nkungen<\/span><\/h2><p><span style=\"color: rgb(68, 68, 68);\">SegurosCred oder seine Lieferanten haften unter keinen Umst\u00e4nden f\u00fcr Sch\u00e4den (einschlie\u00dflich, aber nicht beschr\u00e4nkt auf Sch\u00e4den durch Datenverlust, entgangenen Gewinn oder aufgrund von Betriebsunterbrechungen), die aus der Nutzung der Materialien auf der Website von SegurosCred oder der Unm\u00f6glichkeit der Nutzung entstehen, selbst wenn SegurosCred oder ein autorisierter Vertreter von SegurosCred m\u00fcndlich oder schriftlich \u00fcber die M\u00f6glichkeit solcher Sch\u00e4den informiert wurde. Da einige Rechtsgebiete die Einschr\u00e4nkung stillschweigender Garantien oder die Haftung f\u00fcr Folge- oder Nebensch\u00e4den nicht zulassen, gelten diese Einschr\u00e4nkungen m\u00f6glicherweise nicht f\u00fcr Sie.<\/span><\/p><h2><span style=\"color: rgb(68, 68, 68);\">5. Genauigkeit der Materialien<\/span><\/h2><p><span style=\"color: rgb(68, 68, 68);\">Die auf der SegurosCred-Website angezeigten Materialien k\u00f6nnen technische, typografische oder fotografische Fehler enthalten. SegurosCred \u00fcbernimmt keine Gew\u00e4hr f\u00fcr die Richtigkeit, Vollst\u00e4ndigkeit oder Aktualit\u00e4t der Materialien auf seiner Website. SegurosCred kann die auf seiner Website enthaltenen Materialien jederzeit und ohne vorherige Ank\u00fcndigung \u00e4ndern. SegurosCred \u00fcbernimmt jedoch keine Verpflichtung, die Materialien zu aktualisieren.<\/span><\/p><h2><span style=\"color: rgb(68, 68, 68);\">6. Links<\/span><\/h2><p><span style=\"color: rgb(68, 68, 68);\">SegurosCred hat nicht alle mit seiner Website verkn\u00fcpften Seiten \u00fcberpr\u00fcft und ist nicht f\u00fcr den Inhalt der verkn\u00fcpften Seiten verantwortlich. Die Einbeziehung jeglicher Links bedeutet nicht, dass SegurosCred die Site unterst\u00fctzt. Die Nutzung aller verlinkten Websites erfolgt auf eigene Gefahr des Benutzers.<\/span><\/p><p><br><\/p><h3><span style=\"color: rgb(68, 68, 68);\">\u00c4nderungen<\/span><\/h3><p><span style=\"color: rgb(68, 68, 68);\">SegurosCred kann die Nutzungsbedingungen dieser Website jederzeit und ohne vorherige Ank\u00fcndigung \u00e4ndern. Indem Sie diese Website nutzen, erkl\u00e4ren Sie sich mit der jeweils aktuellen Version dieser Servicebedingungen einverstanden.<\/span><\/p><h3><span style=\"color: rgb(68, 68, 68);\">Geltendes Recht<\/span><\/h3><p><span style=\"color: rgb(68, 68, 68);\">Diese Gesch\u00e4ftsbedingungen unterliegen den Gesetzen von SegurosCred und werden entsprechend ausgelegt. Sie unterwerfen sich unwiderruflich der ausschlie\u00dflichen Zust\u00e4ndigkeit der Gerichte in diesem Staat oder an diesem Ort.<\/span><\/p>","protected":false},"excerpt":{"rendered":"<p>1. Bedingungen Durch den Zugriff auf die SegurosCred-Website erkl\u00e4ren Sie sich mit diesen Servicebedingungen sowie allen geltenden Gesetzen und Vorschriften einverstanden [\u2026]<\/p>","protected":false},"author":1,"featured_media":0,"parent":0,"menu_order":0,"comment_status":"closed","ping_status":"closed","template":"","meta":{"site-sidebar-layout":"default","site-content-layout":"","ast-site-content-layout":"","site-content-style":"default","site-sidebar-style":"default","ast-global-header-display":"","ast-banner-title-visibility":"","ast-main-header-display":"","ast-hfb-above-header-display":"","ast-hfb-below-header-display":"","ast-hfb-mobile-header-display":"","site-post-title":"","ast-breadcrumbs-content":"","ast-featured-img":"","footer-sml-layout":"","theme-transparent-header-meta":"","adv-header-id-meta":"","stick-header-meta":"","header-above-stick-meta":"","header-main-stick-meta":"","header-below-stick-meta":"","astra-migrate-meta-layouts":"default","ast-page-background-enabled":"default","ast-page-background-meta":{"desktop":{"background-color":"var(--ast-global-color-5)","background-image":"","background-repeat":"repeat","background-position":"center center","background-size":"auto","background-attachment":"scroll","background-type":"","background-media":"","overlay-type":"","overlay-color":"","overlay-opacity":"","overlay-gradient":""},"tablet":{"background-color":"","background-image":"","background-repeat":"repeat","background-position":"center center","background-size":"auto","background-attachment":"scroll","background-type":"","background-media":"","overlay-type":"","overlay-color":"","overlay-opacity":"","overlay-gradient":""},"mobile":{"background-color":"","background-image":"","background-repeat":"repeat","background-position":"center center","background-size":"auto","background-attachment":"scroll","background-type":"","background-media":"","overlay-type":"","overlay-color":"","overlay-opacity":"","overlay-gradient":""}},"ast-content-background-meta":{"desktop":{"background-color":"var(--ast-global-color-4)","background-image":"","background-repeat":"repeat","background-position":"center center","background-size":"auto","background-attachment":"scroll","background-type":"","background-media":"","overlay-type":"","overlay-color":"","overlay-opacity":"","overlay-gradient":""},"tablet":{"background-color":"var(--ast-global-color-4)","background-image":"","background-repeat":"repeat","background-position":"center center","background-size":"auto","background-attachment":"scroll","background-type":"","background-media":"","overlay-type":"","overlay-color":"","overlay-opacity":"","overlay-gradient":""},"mobile":{"background-color":"var(--ast-global-color-4)","background-image":"","background-repeat":"repeat","background-position":"center center","background-size":"auto","background-attachment":"scroll","background-type":"","background-media":"","overlay-type":"","overlay-color":"","overlay-opacity":"","overlay-gradient":""}},"footnotes":""},"class_list":["post-245","page","type-page","status-publish","hentry"],"yoast_head":"<!-- This site is optimized with the Yoast SEO plugin v24.6 - https:\/\/yoast.com\/wordpress\/plugins\/seo\/ -->\n<title>Termos e Condi\u00e7\u00f5es -<\/title>\n<meta name=\"robots\" content=\"index, follow, max-snippet:-1, max-image-preview:large, max-video-preview:-1\" \/>\n<link rel=\"canonical\" href=\"https:\/\/www.seguroscred.com\/de\/termos-e-condicoes\/\" \/>\n<meta property=\"og:locale\" content=\"de_DE\" \/>\n<meta property=\"og:type\" content=\"article\" \/>\n<meta property=\"og:title\" content=\"Termos e Condi\u00e7\u00f5es -\" \/>\n<meta property=\"og:description\" content=\"1. Termos Ao acessar ao site SegurosCred, concorda em cumprir estes termos de servi\u00e7o, todas as leis e regulamentos aplic\u00e1veis [&hellip;]\" \/>\n<meta property=\"og:url\" content=\"https:\/\/www.seguroscred.com\/de\/termos-e-condicoes\/\" \/>\n<meta property=\"article:modified_time\" content=\"2024-02-05T17:56:34+00:00\" \/>\n<meta name=\"twitter:card\" content=\"summary_large_image\" \/>\n<meta name=\"twitter:label1\" content=\"Gesch\u00e4tzte Lesezeit\" \/>\n\t<meta name=\"twitter:data1\" content=\"4\u00a0Minuten\" \/>\n<script type=\"application\/ld+json\" class=\"yoast-schema-graph\">{\"@context\":\"https:\/\/schema.org\",\"@graph\":[{\"@type\":\"WebPage\",\"@id\":\"https:\/\/www.seguroscred.com\/termos-e-condicoes\/\",\"url\":\"https:\/\/www.seguroscred.com\/termos-e-condicoes\/\",\"name\":\"Termos e Condi\u00e7\u00f5es -\",\"isPartOf\":{\"@id\":\"https:\/\/www.seguroscred.com\/#website\"},\"datePublished\":\"2024-02-05T17:55:23+00:00\",\"dateModified\":\"2024-02-05T17:56:34+00:00\",\"breadcrumb\":{\"@id\":\"https:\/\/www.seguroscred.com\/termos-e-condicoes\/#breadcrumb\"},\"inLanguage\":\"de\",\"potentialAction\":[{\"@type\":\"ReadAction\",\"target\":[\"https:\/\/www.seguroscred.com\/termos-e-condicoes\/\"]}]},{\"@type\":\"BreadcrumbList\",\"@id\":\"https:\/\/www.seguroscred.com\/termos-e-condicoes\/#breadcrumb\",\"itemListElement\":[{\"@type\":\"ListItem\",\"position\":1,\"name\":\"Home\",\"item\":\"https:\/\/www.seguroscred.com\/\"},{\"@type\":\"ListItem\",\"position\":2,\"name\":\"Termos e Condi\u00e7\u00f5es\"}]},{\"@type\":\"WebSite\",\"@id\":\"https:\/\/www.seguroscred.com\/#website\",\"url\":\"https:\/\/www.seguroscred.com\/\",\"name\":\"\",\"description\":\"\",\"potentialAction\":[{\"@type\":\"SearchAction\",\"target\":{\"@type\":\"EntryPoint\",\"urlTemplate\":\"https:\/\/www.seguroscred.com\/?s={search_term_string}\"},\"query-input\":{\"@type\":\"PropertyValueSpecification\",\"valueRequired\":true,\"valueName\":\"search_term_string\"}}],\"inLanguage\":\"de\"}]}<\/script>\n<!-- \/ Yoast SEO plugin. -->","yoast_head_json":{"title":"Termos e Condi\u00e7\u00f5es -","robots":{"index":"index","follow":"follow","max-snippet":"max-snippet:-1","max-image-preview":"max-image-preview:large","max-video-preview":"max-video-preview:-1"},"canonical":"https:\/\/www.seguroscred.com\/de\/termos-e-condicoes\/","og_locale":"de_DE","og_type":"article","og_title":"Termos e Condi\u00e7\u00f5es -","og_description":"1. Termos Ao acessar ao site SegurosCred, concorda em cumprir estes termos de servi\u00e7o, todas as leis e regulamentos aplic\u00e1veis [&hellip;]","og_url":"https:\/\/www.seguroscred.com\/de\/termos-e-condicoes\/","article_modified_time":"2024-02-05T17:56:34+00:00","twitter_card":"summary_large_image","twitter_misc":{"Gesch\u00e4tzte Lesezeit":"4\u00a0Minuten"},"schema":{"@context":"https:\/\/schema.org","@graph":[{"@type":"WebPage","@id":"https:\/\/www.seguroscred.com\/termos-e-condicoes\/","url":"https:\/\/www.seguroscred.com\/termos-e-condicoes\/","name":"Termos e Condi\u00e7\u00f5es -","isPartOf":{"@id":"https:\/\/www.seguroscred.com\/#website"},"datePublished":"2024-02-05T17:55:23+00:00","dateModified":"2024-02-05T17:56:34+00:00","breadcrumb":{"@id":"https:\/\/www.seguroscred.com\/termos-e-condicoes\/#breadcrumb"},"inLanguage":"de","potentialAction":[{"@type":"ReadAction","target":["https:\/\/www.seguroscred.com\/termos-e-condicoes\/"]}]},{"@type":"BreadcrumbList","@id":"https:\/\/www.seguroscred.com\/termos-e-condicoes\/#breadcrumb","itemListElement":[{"@type":"ListItem","position":1,"name":"Home","item":"https:\/\/www.seguroscred.com\/"},{"@type":"ListItem","position":2,"name":"Termos e Condi\u00e7\u00f5es"}]},{"@type":"WebSite","@id":"https:\/\/www.seguroscred.com\/#website","url":"https:\/\/www.seguroscred.com\/","name":"","description":"","potentialAction":[{"@type":"SearchAction","target":{"@type":"EntryPoint","urlTemplate":"https:\/\/www.seguroscred.com\/?s={search_term_string}"},"query-input":{"@type":"PropertyValueSpecification","valueRequired":true,"valueName":"search_term_string"}}],"inLanguage":"de"}]}},"_links":{"self":[{"href":"https:\/\/www.seguroscred.com\/de\/wp-json\/wp\/v2\/pages\/245","targetHints":{"allow":["GET"]}}],"collection":[{"href":"https:\/\/www.seguroscred.com\/de\/wp-json\/wp\/v2\/pages"}],"about":[{"href":"https:\/\/www.seguroscred.com\/de\/wp-json\/wp\/v2\/types\/page"}],"author":[{"embeddable":true,"href":"https:\/\/www.seguroscred.com\/de\/wp-json\/wp\/v2\/users\/1"}],"replies":[{"embeddable":true,"href":"https:\/\/www.seguroscred.com\/de\/wp-json\/wp\/v2\/comments?post=245"}],"version-history":[{"count":5,"href":"https:\/\/www.seguroscred.com\/de\/wp-json\/wp\/v2\/pages\/245\/revisions"}],"predecessor-version":[{"id":250,"href":"https:\/\/www.seguroscred.com\/de\/wp-json\/wp\/v2\/pages\/245\/revisions\/250"}],"wp:attachment":[{"href":"https:\/\/www.seguroscred.com\/de\/wp-json\/wp\/v2\/media?parent=245"}],"curies":[{"name":"wp","href":"https:\/\/api.w.org\/{rel}","templated":true}]}}