{"id":251,"date":"2024-02-05T18:02:14","date_gmt":"2024-02-05T18:02:14","guid":{"rendered":"https:\/\/www.seguroscred.com\/?page_id=251"},"modified":"2024-02-05T18:12:00","modified_gmt":"2024-02-05T18:12:00","slug":"sobre-nos","status":"publish","type":"page","link":"https:\/\/www.seguroscred.com\/de\/sobre-nos\/","title":{"rendered":"\u00dcber uns"},"content":{"rendered":"<p>Willkommen bei SegurosCred, Ihrem Referenzportal f\u00fcr eine vertrauensvolle und sichere Navigation durch die Finanzwelt. Wir sind ein Team, das sich der Entmystifizierung der Finanzwelt verschrieben hat, indem wir klare und genaue Informationen \u00fcber f\u00fchrende Unternehmen in den Bereichen Finanzbildung, Versicherungen, Jobs und mehr bereitstellen.<\/p>\n\n\n\n<h4 class=\"wp-block-heading\">Unsere Mission<\/h4>\n\n\n\n<p>Unsere Mission ist es, Einzelpersonen und Unternehmen durch Finanzwissen zu st\u00e4rken. Wir sind davon \u00fcberzeugt, dass eine solide Finanzausbildung der Schl\u00fcssel zu fundierten Entscheidungen, einem wirksamen Risikomanagement und der Erzielung finanzieller Stabilit\u00e4t ist. Aus diesem Grund ist es unser Ziel, aktuelle, relevante und zug\u00e4ngliche Inhalte f\u00fcr alle bereitzustellen.<\/p>\n\n\n\n<h4 class=\"wp-block-heading\">Was uns auszeichnet<\/h4>\n\n\n\n<ul class=\"wp-block-list\">\n<li><strong>Verpflichtung zur Qualit\u00e4t:<\/strong> Unsere Inhalte werden sorgf\u00e4ltig recherchiert und von Experten verfasst, sodass sichergestellt ist, dass Sie qualitativ hochwertige und zuverl\u00e4ssige Informationen erhalten.<\/li>\n\n\n\n<li><strong>Benutzerfokus:<\/strong> Wir verstehen die Bed\u00fcrfnisse unserer Benutzer und sind bestrebt, ein intuitives und bereicherndes Browsing-Erlebnis zu schaffen.<\/li>\n\n\n\n<li><strong>Umfassende Vision:<\/strong> Wir decken ein breites Themenspektrum ab, von Stellenangeboten bei Unternehmen der Finanzbildung bis hin zu den neuesten Nachrichten zu Versicherungsprodukten. Wir sind immer \u00fcber Markttrends informiert, um Ihnen die aktuellsten Inhalte bieten zu k\u00f6nnen.<\/li>\n\n\n\n<li><strong>Community und Support:<\/strong> Neben der Information m\u00f6chten wir eine Community von Menschen aufbauen, die an der Verbesserung ihrer finanziellen Gesundheit interessiert sind. Wir unterst\u00fctzen und f\u00f6rdern die Interaktion zwischen unseren Benutzern und schaffen eine kollaborative Lernumgebung.<\/li>\n<\/ul>\n\n\n\n<h4 class=\"wp-block-heading\">Begleiten Sie uns<\/h4>\n\n\n\n<p>Wenn Sie zuverl\u00e4ssige Beratung und praktische Tipps zu Finanzen suchen, ist SegurosCred Ihr Ausgangspunkt. Treten Sie unserer Community bei und machen Sie den ersten Schritt in Richtung eines finanziell sichereren und erfolgreicheren Lebens.<\/p>\n\n\n\n<p>Wir laden Sie ein, unsere Website zu erkunden, unsere Artikel zu lesen und herauszufinden, wie wir Ihnen beim Erreichen Ihrer finanziellen Ziele helfen k\u00f6nnen. Willkommen bei SegurosCred, wo Ihre finanzielle Reise mit Vertrauen und Wissen beginnt.<\/p>","protected":false},"excerpt":{"rendered":"<p>Willkommen bei SegurosCred, Ihrem Referenzportal f\u00fcr ein sicheres und vertrauensvolles Navigieren in der Finanzwelt. Wir sind ein [\u2026]<\/p>","protected":false},"author":1,"featured_media":0,"parent":0,"menu_order":0,"comment_status":"closed","ping_status":"closed","template":"","meta":{"site-sidebar-layout":"default","site-content-layout":"","ast-site-content-layout":"","site-content-style":"default","site-sidebar-style":"default","ast-global-header-display":"","ast-banner-title-visibility":"","ast-main-header-display":"","ast-hfb-above-header-display":"","ast-hfb-below-header-display":"","ast-hfb-mobile-header-display":"","site-post-title":"","ast-breadcrumbs-content":"","ast-featured-img":"","footer-sml-layout":"","theme-transparent-header-meta":"","adv-header-id-meta":"","stick-header-meta":"","header-above-stick-meta":"","header-main-stick-meta":"","header-below-stick-meta":"","astra-migrate-meta-layouts":"default","ast-page-background-enabled":"default","ast-page-background-meta":{"desktop":{"background-color":"var(--ast-global-color-5)","background-image":"","background-repeat":"repeat","background-position":"center center","background-size":"auto","background-attachment":"scroll","background-type":"","background-media":"","overlay-type":"","overlay-color":"","overlay-opacity":"","overlay-gradient":""},"tablet":{"background-color":"","background-image":"","background-repeat":"repeat","background-position":"center center","background-size":"auto","background-attachment":"scroll","background-type":"","background-media":"","overlay-type":"","overlay-color":"","overlay-opacity":"","overlay-gradient":""},"mobile":{"background-color":"","background-image":"","background-repeat":"repeat","background-position":"center center","background-size":"auto","background-attachment":"scroll","background-type":"","background-media":"","overlay-type":"","overlay-color":"","overlay-opacity":"","overlay-gradient":""}},"ast-content-background-meta":{"desktop":{"background-color":"var(--ast-global-color-4)","background-image":"","background-repeat":"repeat","background-position":"center center","background-size":"auto","background-attachment":"scroll","background-type":"","background-media":"","overlay-type":"","overlay-color":"","overlay-opacity":"","overlay-gradient":""},"tablet":{"background-color":"var(--ast-global-color-4)","background-image":"","background-repeat":"repeat","background-position":"center center","background-size":"auto","background-attachment":"scroll","background-type":"","background-media":"","overlay-type":"","overlay-color":"","overlay-opacity":"","overlay-gradient":""},"mobile":{"background-color":"var(--ast-global-color-4)","background-image":"","background-repeat":"repeat","background-position":"center center","background-size":"auto","background-attachment":"scroll","background-type":"","background-media":"","overlay-type":"","overlay-color":"","overlay-opacity":"","overlay-gradient":""}},"footnotes":""},"class_list":["post-251","page","type-page","status-publish","hentry"],"yoast_head":"<!-- This site is optimized with the Yoast SEO plugin v24.6 - https:\/\/yoast.com\/wordpress\/plugins\/seo\/ -->\n<title>Sobre N\u00f3s -<\/title>\n<meta name=\"robots\" content=\"index, follow, max-snippet:-1, max-image-preview:large, max-video-preview:-1\" \/>\n<link rel=\"canonical\" href=\"https:\/\/www.seguroscred.com\/de\/sobre-nos\/\" \/>\n<meta property=\"og:locale\" content=\"de_DE\" \/>\n<meta property=\"og:type\" content=\"article\" \/>\n<meta property=\"og:title\" content=\"Sobre N\u00f3s -\" \/>\n<meta property=\"og:description\" content=\"Bem-vindo \u00e0 SegurosCred, o seu portal de refer\u00eancia para navegar pelo universo das finan\u00e7as com confian\u00e7a e seguran\u00e7a. Somos uma [&hellip;]\" \/>\n<meta property=\"og:url\" content=\"https:\/\/www.seguroscred.com\/de\/sobre-nos\/\" \/>\n<meta property=\"article:modified_time\" content=\"2024-02-05T18:12:00+00:00\" \/>\n<meta name=\"twitter:card\" content=\"summary_large_image\" \/>\n<meta name=\"twitter:label1\" content=\"Gesch\u00e4tzte Lesezeit\" \/>\n\t<meta name=\"twitter:data1\" content=\"2\u00a0Minuten\" \/>\n<script type=\"application\/ld+json\" class=\"yoast-schema-graph\">{\"@context\":\"https:\/\/schema.org\",\"@graph\":[{\"@type\":\"WebPage\",\"@id\":\"https:\/\/www.seguroscred.com\/sobre-nos\/\",\"url\":\"https:\/\/www.seguroscred.com\/sobre-nos\/\",\"name\":\"Sobre N\u00f3s -\",\"isPartOf\":{\"@id\":\"https:\/\/www.seguroscred.com\/#website\"},\"datePublished\":\"2024-02-05T18:02:14+00:00\",\"dateModified\":\"2024-02-05T18:12:00+00:00\",\"breadcrumb\":{\"@id\":\"https:\/\/www.seguroscred.com\/sobre-nos\/#breadcrumb\"},\"inLanguage\":\"de\",\"potentialAction\":[{\"@type\":\"ReadAction\",\"target\":[\"https:\/\/www.seguroscred.com\/sobre-nos\/\"]}]},{\"@type\":\"BreadcrumbList\",\"@id\":\"https:\/\/www.seguroscred.com\/sobre-nos\/#breadcrumb\",\"itemListElement\":[{\"@type\":\"ListItem\",\"position\":1,\"name\":\"Home\",\"item\":\"https:\/\/www.seguroscred.com\/\"},{\"@type\":\"ListItem\",\"position\":2,\"name\":\"Sobre N\u00f3s\"}]},{\"@type\":\"WebSite\",\"@id\":\"https:\/\/www.seguroscred.com\/#website\",\"url\":\"https:\/\/www.seguroscred.com\/\",\"name\":\"\",\"description\":\"\",\"potentialAction\":[{\"@type\":\"SearchAction\",\"target\":{\"@type\":\"EntryPoint\",\"urlTemplate\":\"https:\/\/www.seguroscred.com\/?s={search_term_string}\"},\"query-input\":{\"@type\":\"PropertyValueSpecification\",\"valueRequired\":true,\"valueName\":\"search_term_string\"}}],\"inLanguage\":\"de\"}]}<\/script>\n<!-- \/ Yoast SEO plugin. -->","yoast_head_json":{"title":"Sobre N\u00f3s -","robots":{"index":"index","follow":"follow","max-snippet":"max-snippet:-1","max-image-preview":"max-image-preview:large","max-video-preview":"max-video-preview:-1"},"canonical":"https:\/\/www.seguroscred.com\/de\/sobre-nos\/","og_locale":"de_DE","og_type":"article","og_title":"Sobre N\u00f3s -","og_description":"Bem-vindo \u00e0 SegurosCred, o seu portal de refer\u00eancia para navegar pelo universo das finan\u00e7as com confian\u00e7a e seguran\u00e7a. Somos uma [&hellip;]","og_url":"https:\/\/www.seguroscred.com\/de\/sobre-nos\/","article_modified_time":"2024-02-05T18:12:00+00:00","twitter_card":"summary_large_image","twitter_misc":{"Gesch\u00e4tzte Lesezeit":"2\u00a0Minuten"},"schema":{"@context":"https:\/\/schema.org","@graph":[{"@type":"WebPage","@id":"https:\/\/www.seguroscred.com\/sobre-nos\/","url":"https:\/\/www.seguroscred.com\/sobre-nos\/","name":"Sobre N\u00f3s -","isPartOf":{"@id":"https:\/\/www.seguroscred.com\/#website"},"datePublished":"2024-02-05T18:02:14+00:00","dateModified":"2024-02-05T18:12:00+00:00","breadcrumb":{"@id":"https:\/\/www.seguroscred.com\/sobre-nos\/#breadcrumb"},"inLanguage":"de","potentialAction":[{"@type":"ReadAction","target":["https:\/\/www.seguroscred.com\/sobre-nos\/"]}]},{"@type":"BreadcrumbList","@id":"https:\/\/www.seguroscred.com\/sobre-nos\/#breadcrumb","itemListElement":[{"@type":"ListItem","position":1,"name":"Home","item":"https:\/\/www.seguroscred.com\/"},{"@type":"ListItem","position":2,"name":"Sobre N\u00f3s"}]},{"@type":"WebSite","@id":"https:\/\/www.seguroscred.com\/#website","url":"https:\/\/www.seguroscred.com\/","name":"","description":"","potentialAction":[{"@type":"SearchAction","target":{"@type":"EntryPoint","urlTemplate":"https:\/\/www.seguroscred.com\/?s={search_term_string}"},"query-input":{"@type":"PropertyValueSpecification","valueRequired":true,"valueName":"search_term_string"}}],"inLanguage":"de"}]}},"_links":{"self":[{"href":"https:\/\/www.seguroscred.com\/de\/wp-json\/wp\/v2\/pages\/251","targetHints":{"allow":["GET"]}}],"collection":[{"href":"https:\/\/www.seguroscred.com\/de\/wp-json\/wp\/v2\/pages"}],"about":[{"href":"https:\/\/www.seguroscred.com\/de\/wp-json\/wp\/v2\/types\/page"}],"author":[{"embeddable":true,"href":"https:\/\/www.seguroscred.com\/de\/wp-json\/wp\/v2\/users\/1"}],"replies":[{"embeddable":true,"href":"https:\/\/www.seguroscred.com\/de\/wp-json\/wp\/v2\/comments?post=251"}],"version-history":[{"count":3,"href":"https:\/\/www.seguroscred.com\/de\/wp-json\/wp\/v2\/pages\/251\/revisions"}],"predecessor-version":[{"id":258,"href":"https:\/\/www.seguroscred.com\/de\/wp-json\/wp\/v2\/pages\/251\/revisions\/258"}],"wp:attachment":[{"href":"https:\/\/www.seguroscred.com\/de\/wp-json\/wp\/v2\/media?parent=251"}],"curies":[{"name":"wp","href":"https:\/\/api.w.org\/{rel}","templated":true}]}}