{"id":245,"date":"2024-02-05T17:55:23","date_gmt":"2024-02-05T17:55:23","guid":{"rendered":"https:\/\/www.seguroscred.com\/?page_id=245"},"modified":"2024-02-05T17:56:34","modified_gmt":"2024-02-05T17:56:34","slug":"termos-e-condicoes","status":"publish","type":"page","link":"https:\/\/www.seguroscred.com\/es\/termos-e-condicoes\/","title":{"rendered":"T\u00e9rminos y condiciones"},"content":{"rendered":"<h2><span style=\"color: rgb(68, 68, 68);\">1. Condiciones<\/span><\/h2><p><span style=\"color: rgb(68, 68, 68);\">Al acceder al sitio web <a href=\"\/es\/SegurosCred.com\/\">SegurosCred<\/a>, usted acepta cumplir con estos t\u00e9rminos de servicio, todas las leyes y regulaciones aplicables, y acepta que es responsable del cumplimiento de todas las leyes locales aplicables. Si no est\u00e1 de acuerdo con alguno de estos t\u00e9rminos, se le proh\u00edbe utilizar o acceder a este sitio. Los materiales contenidos en este sitio web est\u00e1n protegidos por las leyes de derechos de autor y marcas registradas aplicables.<\/span><\/p><h2><span style=\"color: rgb(68, 68, 68);\">2. Licencia de uso<\/span><\/h2><p><span style=\"color: rgb(68, 68, 68);\">Se concede permiso para descargar temporalmente una copia de los materiales (informaci\u00f3n o software) del sitio web de SegurosCred \u00fanicamente para visualizaci\u00f3n transitoria personal y no comercial. Esta es la concesi\u00f3n de una licencia, no una transferencia de t\u00edtulo, y bajo esta licencia usted no puede:&nbsp;<\/span><\/p><ol><li><span style=\"color: rgb(68, 68, 68);\">modificar o copiar los materiales;&nbsp;<\/span><\/li><li><span style=\"color: rgb(68, 68, 68);\">utilizar los materiales para cualquier prop\u00f3sito comercial o para cualquier exhibici\u00f3n p\u00fablica (comercial o no comercial);&nbsp;<\/span><\/li><li><span style=\"color: rgb(68, 68, 68);\">intentar descompilar o realizar ingenier\u00eda inversa a cualquier software contenido en el sitio web de SegurosCred;&nbsp;<\/span><\/li><li><span style=\"color: rgb(68, 68, 68);\">eliminar cualquier copyright u otras notaciones de propiedad de los materiales; o&nbsp;<\/span><\/li><li><span style=\"color: rgb(68, 68, 68);\">transferir los materiales a otra persona o &#039;duplicar&#039; los materiales en cualquier otro servidor.<\/span><\/li><\/ol><p><span style=\"color: rgb(68, 68, 68);\">Esta licencia terminar\u00e1 autom\u00e1ticamente si usted viola cualquiera de estas restricciones y SegurosCred podr\u00e1 rescindirla en cualquier momento. Al finalizar la visualizaci\u00f3n de estos materiales o al finalizar esta licencia, deber\u00e1 destruir cualquier material descargado que se encuentre en su posesi\u00f3n, ya sea en formato electr\u00f3nico o impreso.<\/span><\/p><h2><span style=\"color: rgb(68, 68, 68);\">3. Descargo de responsabilidad<\/span><\/h2><ol><li><span style=\"color: rgb(68, 68, 68);\">Los materiales del sitio web de SegurosCred se proporcionan &quot;tal cual&quot;. SegurosCred no ofrece garant\u00edas, expresas o impl\u00edcitas, y por la presente renuncia y niega todas las dem\u00e1s garant\u00edas, incluidas, entre otras, las garant\u00edas o condiciones impl\u00edcitas de comerciabilidad, idoneidad para un prop\u00f3sito particular o no infracci\u00f3n de la propiedad intelectual u otra violaci\u00f3n de derechos.<\/span><\/li><li><span style=\"color: rgb(68, 68, 68);\">Adem\u00e1s, SegurosCred no garantiza ni hace ninguna declaraci\u00f3n sobre la precisi\u00f3n, los resultados probables o la confiabilidad del uso de los materiales en su sitio web o de otro modo relacionados con dichos materiales o en cualquier sitio vinculado a este sitio.<\/span><\/li><\/ol><h2><span style=\"color: rgb(68, 68, 68);\">4. Limitaciones<\/span><\/h2><p><span style=\"color: rgb(68, 68, 68);\">En ning\u00fan caso SegurosCred o sus proveedores ser\u00e1n responsables por ning\u00fan da\u00f1o (incluyendo, sin limitaci\u00f3n, da\u00f1os por p\u00e9rdida de datos o ganancias, o debido a la interrupci\u00f3n del negocio) que surja del uso o la imposibilidad de usar los materiales en el sitio web de SegurosCred, incluso si SegurosCred o un representante autorizado de SegurosCred ha sido notificado oralmente o por escrito de la posibilidad de tal da\u00f1o. Debido a que algunas jurisdicciones no permiten limitaciones a las garant\u00edas impl\u00edcitas o limitaciones de responsabilidad por da\u00f1os consecuentes o incidentales, estas limitaciones pueden no aplicarse en su caso.<\/span><\/p><h2><span style=\"color: rgb(68, 68, 68);\">5. Precisi\u00f3n de los materiales<\/span><\/h2><p><span style=\"color: rgb(68, 68, 68);\">Los materiales mostrados en el sitio web de SegurosCred pueden incluir errores t\u00e9cnicos, tipogr\u00e1ficos o fotogr\u00e1ficos. SegurosCred no garantiza que cualquier material en su sitio web sea preciso, completo o actual. SegurosCred podr\u00e1 realizar cambios en los materiales contenidos en su sitio web en cualquier momento sin previo aviso. Sin embargo, SegurosCred no se compromete a actualizar los materiales.<\/span><\/p><h2><span style=\"color: rgb(68, 68, 68);\">6. Enlaces<\/span><\/h2><p><span style=\"color: rgb(68, 68, 68);\">SegurosCred no ha revisado todos los sitios vinculados a su sitio web y no es responsable del contenido de ning\u00fan sitio vinculado. La inclusi\u00f3n de cualquier enlace no implica la aprobaci\u00f3n por parte de SegurosCred del sitio. El uso de cualquier sitio web vinculado se realiza por cuenta y riesgo del usuario.<\/span><\/p><p><br><\/p><h3><span style=\"color: rgb(68, 68, 68);\">Modificaciones<\/span><\/h3><p><span style=\"color: rgb(68, 68, 68);\">SegurosCred podr\u00e1 revisar estos t\u00e9rminos de servicio del sitio web en cualquier momento sin previo aviso. Al utilizar este sitio web, usted acepta estar sujeto a la versi\u00f3n vigente de estos t\u00e9rminos de servicio.<\/span><\/p><h3><span style=\"color: rgb(68, 68, 68);\">Ley aplicable<\/span><\/h3><p><span style=\"color: rgb(68, 68, 68);\">Estos t\u00e9rminos y condiciones se rigen e interpretan de conformidad con las leyes de SegurosCred y usted se somete irrevocablemente a la jurisdicci\u00f3n exclusiva de los tribunales de ese Estado o ubicaci\u00f3n.<\/span><\/p>","protected":false},"excerpt":{"rendered":"<p>1. T\u00e9rminos Al acceder al sitio web de SegurosCred, usted acepta cumplir con estos t\u00e9rminos de servicio, todas las leyes y regulaciones aplicables [\u2026]<\/p>","protected":false},"author":1,"featured_media":0,"parent":0,"menu_order":0,"comment_status":"closed","ping_status":"closed","template":"","meta":{"site-sidebar-layout":"default","site-content-layout":"","ast-site-content-layout":"","site-content-style":"default","site-sidebar-style":"default","ast-global-header-display":"","ast-banner-title-visibility":"","ast-main-header-display":"","ast-hfb-above-header-display":"","ast-hfb-below-header-display":"","ast-hfb-mobile-header-display":"","site-post-title":"","ast-breadcrumbs-content":"","ast-featured-img":"","footer-sml-layout":"","theme-transparent-header-meta":"","adv-header-id-meta":"","stick-header-meta":"","header-above-stick-meta":"","header-main-stick-meta":"","header-below-stick-meta":"","astra-migrate-meta-layouts":"default","ast-page-background-enabled":"default","ast-page-background-meta":{"desktop":{"background-color":"var(--ast-global-color-5)","background-image":"","background-repeat":"repeat","background-position":"center center","background-size":"auto","background-attachment":"scroll","background-type":"","background-media":"","overlay-type":"","overlay-color":"","overlay-opacity":"","overlay-gradient":""},"tablet":{"background-color":"","background-image":"","background-repeat":"repeat","background-position":"center center","background-size":"auto","background-attachment":"scroll","background-type":"","background-media":"","overlay-type":"","overlay-color":"","overlay-opacity":"","overlay-gradient":""},"mobile":{"background-color":"","background-image":"","background-repeat":"repeat","background-position":"center center","background-size":"auto","background-attachment":"scroll","background-type":"","background-media":"","overlay-type":"","overlay-color":"","overlay-opacity":"","overlay-gradient":""}},"ast-content-background-meta":{"desktop":{"background-color":"var(--ast-global-color-4)","background-image":"","background-repeat":"repeat","background-position":"center center","background-size":"auto","background-attachment":"scroll","background-type":"","background-media":"","overlay-type":"","overlay-color":"","overlay-opacity":"","overlay-gradient":""},"tablet":{"background-color":"var(--ast-global-color-4)","background-image":"","background-repeat":"repeat","background-position":"center center","background-size":"auto","background-attachment":"scroll","background-type":"","background-media":"","overlay-type":"","overlay-color":"","overlay-opacity":"","overlay-gradient":""},"mobile":{"background-color":"var(--ast-global-color-4)","background-image":"","background-repeat":"repeat","background-position":"center center","background-size":"auto","background-attachment":"scroll","background-type":"","background-media":"","overlay-type":"","overlay-color":"","overlay-opacity":"","overlay-gradient":""}},"footnotes":""},"class_list":["post-245","page","type-page","status-publish","hentry"],"yoast_head":"<!-- This site is optimized with the Yoast SEO plugin v24.6 - https:\/\/yoast.com\/wordpress\/plugins\/seo\/ -->\n<title>Termos e Condi\u00e7\u00f5es -<\/title>\n<meta name=\"robots\" content=\"index, follow, max-snippet:-1, max-image-preview:large, max-video-preview:-1\" \/>\n<link rel=\"canonical\" href=\"https:\/\/www.seguroscred.com\/es\/termos-e-condicoes\/\" \/>\n<meta property=\"og:locale\" content=\"es_ES\" \/>\n<meta property=\"og:type\" content=\"article\" \/>\n<meta property=\"og:title\" content=\"Termos e Condi\u00e7\u00f5es -\" \/>\n<meta property=\"og:description\" content=\"1. Termos Ao acessar ao site SegurosCred, concorda em cumprir estes termos de servi\u00e7o, todas as leis e regulamentos aplic\u00e1veis [&hellip;]\" \/>\n<meta property=\"og:url\" content=\"https:\/\/www.seguroscred.com\/es\/termos-e-condicoes\/\" \/>\n<meta property=\"article:modified_time\" content=\"2024-02-05T17:56:34+00:00\" \/>\n<meta name=\"twitter:card\" content=\"summary_large_image\" \/>\n<meta name=\"twitter:label1\" content=\"Tiempo de lectura\" \/>\n\t<meta name=\"twitter:data1\" content=\"4 minutos\" \/>\n<script type=\"application\/ld+json\" class=\"yoast-schema-graph\">{\"@context\":\"https:\/\/schema.org\",\"@graph\":[{\"@type\":\"WebPage\",\"@id\":\"https:\/\/www.seguroscred.com\/termos-e-condicoes\/\",\"url\":\"https:\/\/www.seguroscred.com\/termos-e-condicoes\/\",\"name\":\"Termos e Condi\u00e7\u00f5es -\",\"isPartOf\":{\"@id\":\"https:\/\/www.seguroscred.com\/#website\"},\"datePublished\":\"2024-02-05T17:55:23+00:00\",\"dateModified\":\"2024-02-05T17:56:34+00:00\",\"breadcrumb\":{\"@id\":\"https:\/\/www.seguroscred.com\/termos-e-condicoes\/#breadcrumb\"},\"inLanguage\":\"es\",\"potentialAction\":[{\"@type\":\"ReadAction\",\"target\":[\"https:\/\/www.seguroscred.com\/termos-e-condicoes\/\"]}]},{\"@type\":\"BreadcrumbList\",\"@id\":\"https:\/\/www.seguroscred.com\/termos-e-condicoes\/#breadcrumb\",\"itemListElement\":[{\"@type\":\"ListItem\",\"position\":1,\"name\":\"Home\",\"item\":\"https:\/\/www.seguroscred.com\/\"},{\"@type\":\"ListItem\",\"position\":2,\"name\":\"Termos e Condi\u00e7\u00f5es\"}]},{\"@type\":\"WebSite\",\"@id\":\"https:\/\/www.seguroscred.com\/#website\",\"url\":\"https:\/\/www.seguroscred.com\/\",\"name\":\"\",\"description\":\"\",\"potentialAction\":[{\"@type\":\"SearchAction\",\"target\":{\"@type\":\"EntryPoint\",\"urlTemplate\":\"https:\/\/www.seguroscred.com\/?s={search_term_string}\"},\"query-input\":{\"@type\":\"PropertyValueSpecification\",\"valueRequired\":true,\"valueName\":\"search_term_string\"}}],\"inLanguage\":\"es\"}]}<\/script>\n<!-- \/ Yoast SEO plugin. -->","yoast_head_json":{"title":"Termos e Condi\u00e7\u00f5es -","robots":{"index":"index","follow":"follow","max-snippet":"max-snippet:-1","max-image-preview":"max-image-preview:large","max-video-preview":"max-video-preview:-1"},"canonical":"https:\/\/www.seguroscred.com\/es\/termos-e-condicoes\/","og_locale":"es_ES","og_type":"article","og_title":"Termos e Condi\u00e7\u00f5es -","og_description":"1. Termos Ao acessar ao site SegurosCred, concorda em cumprir estes termos de servi\u00e7o, todas as leis e regulamentos aplic\u00e1veis [&hellip;]","og_url":"https:\/\/www.seguroscred.com\/es\/termos-e-condicoes\/","article_modified_time":"2024-02-05T17:56:34+00:00","twitter_card":"summary_large_image","twitter_misc":{"Tiempo de lectura":"4 minutos"},"schema":{"@context":"https:\/\/schema.org","@graph":[{"@type":"WebPage","@id":"https:\/\/www.seguroscred.com\/termos-e-condicoes\/","url":"https:\/\/www.seguroscred.com\/termos-e-condicoes\/","name":"Termos e Condi\u00e7\u00f5es -","isPartOf":{"@id":"https:\/\/www.seguroscred.com\/#website"},"datePublished":"2024-02-05T17:55:23+00:00","dateModified":"2024-02-05T17:56:34+00:00","breadcrumb":{"@id":"https:\/\/www.seguroscred.com\/termos-e-condicoes\/#breadcrumb"},"inLanguage":"es","potentialAction":[{"@type":"ReadAction","target":["https:\/\/www.seguroscred.com\/termos-e-condicoes\/"]}]},{"@type":"BreadcrumbList","@id":"https:\/\/www.seguroscred.com\/termos-e-condicoes\/#breadcrumb","itemListElement":[{"@type":"ListItem","position":1,"name":"Home","item":"https:\/\/www.seguroscred.com\/"},{"@type":"ListItem","position":2,"name":"Termos e Condi\u00e7\u00f5es"}]},{"@type":"WebSite","@id":"https:\/\/www.seguroscred.com\/#website","url":"https:\/\/www.seguroscred.com\/","name":"","description":"","potentialAction":[{"@type":"SearchAction","target":{"@type":"EntryPoint","urlTemplate":"https:\/\/www.seguroscred.com\/?s={search_term_string}"},"query-input":{"@type":"PropertyValueSpecification","valueRequired":true,"valueName":"search_term_string"}}],"inLanguage":"es"}]}},"_links":{"self":[{"href":"https:\/\/www.seguroscred.com\/es\/wp-json\/wp\/v2\/pages\/245","targetHints":{"allow":["GET"]}}],"collection":[{"href":"https:\/\/www.seguroscred.com\/es\/wp-json\/wp\/v2\/pages"}],"about":[{"href":"https:\/\/www.seguroscred.com\/es\/wp-json\/wp\/v2\/types\/page"}],"author":[{"embeddable":true,"href":"https:\/\/www.seguroscred.com\/es\/wp-json\/wp\/v2\/users\/1"}],"replies":[{"embeddable":true,"href":"https:\/\/www.seguroscred.com\/es\/wp-json\/wp\/v2\/comments?post=245"}],"version-history":[{"count":5,"href":"https:\/\/www.seguroscred.com\/es\/wp-json\/wp\/v2\/pages\/245\/revisions"}],"predecessor-version":[{"id":250,"href":"https:\/\/www.seguroscred.com\/es\/wp-json\/wp\/v2\/pages\/245\/revisions\/250"}],"wp:attachment":[{"href":"https:\/\/www.seguroscred.com\/es\/wp-json\/wp\/v2\/media?parent=245"}],"curies":[{"name":"wp","href":"https:\/\/api.w.org\/{rel}","templated":true}]}}