{"id":134,"date":"2024-01-25T14:54:11","date_gmt":"2024-01-25T14:54:11","guid":{"rendered":"https:\/\/www.seguroscred.com\/?page_id=134"},"modified":"2024-01-25T14:54:29","modified_gmt":"2024-01-25T14:54:29","slug":"disclaimer","status":"publish","type":"page","link":"https:\/\/www.seguroscred.com\/fi\/disclaimer\/","title":{"rendered":"Vastuuvapauslauseke"},"content":{"rendered":"<p><strong>Huomautus:<\/strong> Emme pyyd\u00e4 rahasummia mink\u00e4\u00e4ntyyppisten rahoitustuotteiden vapauttamiseen, olipa kyseess\u00e4 sitten luottokortti, rahoitus tai laina. Jos n\u00e4in tapahtuu, ilmoita siit\u00e4 meille v\u00e4litt\u00f6m\u00e4sti lomakkeella.<\/p>\n\n\n\n<p><strong>Huomautuksia:<\/strong> Pyrimme pit\u00e4m\u00e4\u00e4n kaikki tiedot mahdollisimman ajan tasalla. On t\u00e4rke\u00e4\u00e4 huomata, ett\u00e4 n\u00e4m\u00e4 tiedot voivat poiketa tietyn verkkosivuston rahoituslaitosten tai palveluntarjoajien verkkosivustoilta l\u00f6ytyvist\u00e4 tiedoista. Mit\u00e4 tulee laitoksiin, joiden kanssa meill\u00e4 ei ole kumppanuuksia, kaikki t\u00e4ll\u00e4 sivustolla luetellut tuotteet <a href=\"https:\/\/www.seguroscred.com\/fi\/\">https:\/\/www.seguroscred.com<\/a> ei taata, ett\u00e4 tiedot ovat ajan tasalla. Muista aina lukea valitsemiesi rahoituslaitosten k\u00e4ytt\u00f6- ja ostoehdot.<\/p>\n\n\n\n<p><strong>Huomioitavaa:<\/strong> Pyrimme pit\u00e4m\u00e4\u00e4n kaikki tiedot ajan tasalla ja oikein. N\u00e4m\u00e4 tiedot voivat poiketa siit\u00e4, mit\u00e4 l\u00f6yd\u00e4t rahoituslaitosten, palveluntarjoajien tai tiettyjen tuotteiden verkkosivustoilta. Muiden kuin kumppanilaitosten tapauksessa kaikki rahoitustuotteet esitet\u00e4\u00e4n ilman mit\u00e4\u00e4n takeita siit\u00e4, ett\u00e4 tiedot ovat ajan tasalla. Lue aina rahoituslaitosten ehdot ja ostoehdot ennen kuin teet valinnan.<\/p>","protected":false},"excerpt":{"rendered":"<p>Huomautus: Emme pyyd\u00e4 mit\u00e4\u00e4n rahaa mink\u00e4\u00e4nlaisen rahoitustuotteen julkaisemisesta, olipa kyseess\u00e4 sitten luottokortti, rahoitus tai [\u2026]<\/p>","protected":false},"author":1,"featured_media":0,"parent":0,"menu_order":0,"comment_status":"closed","ping_status":"closed","template":"","meta":{"site-sidebar-layout":"default","site-content-layout":"","ast-site-content-layout":"","site-content-style":"default","site-sidebar-style":"default","ast-global-header-display":"","ast-banner-title-visibility":"","ast-main-header-display":"","ast-hfb-above-header-display":"","ast-hfb-below-header-display":"","ast-hfb-mobile-header-display":"","site-post-title":"","ast-breadcrumbs-content":"","ast-featured-img":"","footer-sml-layout":"","theme-transparent-header-meta":"","adv-header-id-meta":"","stick-header-meta":"","header-above-stick-meta":"","header-main-stick-meta":"","header-below-stick-meta":"","astra-migrate-meta-layouts":"default","ast-page-background-enabled":"default","ast-page-background-meta":{"desktop":{"background-color":"var(--ast-global-color-5)","background-image":"","background-repeat":"repeat","background-position":"center center","background-size":"auto","background-attachment":"scroll","background-type":"","background-media":"","overlay-type":"","overlay-color":"","overlay-opacity":"","overlay-gradient":""},"tablet":{"background-color":"","background-image":"","background-repeat":"repeat","background-position":"center center","background-size":"auto","background-attachment":"scroll","background-type":"","background-media":"","overlay-type":"","overlay-color":"","overlay-opacity":"","overlay-gradient":""},"mobile":{"background-color":"","background-image":"","background-repeat":"repeat","background-position":"center center","background-size":"auto","background-attachment":"scroll","background-type":"","background-media":"","overlay-type":"","overlay-color":"","overlay-opacity":"","overlay-gradient":""}},"ast-content-background-meta":{"desktop":{"background-color":"var(--ast-global-color-4)","background-image":"","background-repeat":"repeat","background-position":"center center","background-size":"auto","background-attachment":"scroll","background-type":"","background-media":"","overlay-type":"","overlay-color":"","overlay-opacity":"","overlay-gradient":""},"tablet":{"background-color":"var(--ast-global-color-4)","background-image":"","background-repeat":"repeat","background-position":"center center","background-size":"auto","background-attachment":"scroll","background-type":"","background-media":"","overlay-type":"","overlay-color":"","overlay-opacity":"","overlay-gradient":""},"mobile":{"background-color":"var(--ast-global-color-4)","background-image":"","background-repeat":"repeat","background-position":"center center","background-size":"auto","background-attachment":"scroll","background-type":"","background-media":"","overlay-type":"","overlay-color":"","overlay-opacity":"","overlay-gradient":""}},"footnotes":""},"class_list":["post-134","page","type-page","status-publish","hentry"],"yoast_head":"<!-- This site is optimized with the Yoast SEO plugin v24.6 - https:\/\/yoast.com\/wordpress\/plugins\/seo\/ -->\n<title>Disclaimer -<\/title>\n<meta name=\"robots\" content=\"index, follow, max-snippet:-1, max-image-preview:large, max-video-preview:-1\" \/>\n<link rel=\"canonical\" href=\"https:\/\/www.seguroscred.com\/fi\/disclaimer\/\" \/>\n<meta property=\"og:locale\" content=\"fi_FI\" \/>\n<meta property=\"og:type\" content=\"article\" \/>\n<meta property=\"og:title\" content=\"Disclaimer -\" \/>\n<meta property=\"og:description\" content=\"Aviso: N\u00e3o solicitamos qualquer quantia em dinheiro para liberar qualquer tipo de produto financeiro, seja cart\u00e3o de cr\u00e9dito, financiamento ou [&hellip;]\" \/>\n<meta property=\"og:url\" content=\"https:\/\/www.seguroscred.com\/fi\/disclaimer\/\" \/>\n<meta property=\"article:modified_time\" content=\"2024-01-25T14:54:29+00:00\" \/>\n<meta name=\"twitter:card\" content=\"summary_large_image\" \/>\n<meta name=\"twitter:label1\" content=\"Arvioitu lukuaika\" \/>\n\t<meta name=\"twitter:data1\" content=\"1 minuutti\" \/>\n<script type=\"application\/ld+json\" class=\"yoast-schema-graph\">{\"@context\":\"https:\/\/schema.org\",\"@graph\":[{\"@type\":\"WebPage\",\"@id\":\"https:\/\/www.seguroscred.com\/disclaimer\/\",\"url\":\"https:\/\/www.seguroscred.com\/disclaimer\/\",\"name\":\"Disclaimer -\",\"isPartOf\":{\"@id\":\"https:\/\/www.seguroscred.com\/#website\"},\"datePublished\":\"2024-01-25T14:54:11+00:00\",\"dateModified\":\"2024-01-25T14:54:29+00:00\",\"breadcrumb\":{\"@id\":\"https:\/\/www.seguroscred.com\/disclaimer\/#breadcrumb\"},\"inLanguage\":\"fi\",\"potentialAction\":[{\"@type\":\"ReadAction\",\"target\":[\"https:\/\/www.seguroscred.com\/disclaimer\/\"]}]},{\"@type\":\"BreadcrumbList\",\"@id\":\"https:\/\/www.seguroscred.com\/disclaimer\/#breadcrumb\",\"itemListElement\":[{\"@type\":\"ListItem\",\"position\":1,\"name\":\"Home\",\"item\":\"https:\/\/www.seguroscred.com\/\"},{\"@type\":\"ListItem\",\"position\":2,\"name\":\"Disclaimer\"}]},{\"@type\":\"WebSite\",\"@id\":\"https:\/\/www.seguroscred.com\/#website\",\"url\":\"https:\/\/www.seguroscred.com\/\",\"name\":\"\",\"description\":\"\",\"potentialAction\":[{\"@type\":\"SearchAction\",\"target\":{\"@type\":\"EntryPoint\",\"urlTemplate\":\"https:\/\/www.seguroscred.com\/?s={search_term_string}\"},\"query-input\":{\"@type\":\"PropertyValueSpecification\",\"valueRequired\":true,\"valueName\":\"search_term_string\"}}],\"inLanguage\":\"fi\"}]}<\/script>\n<!-- \/ Yoast SEO plugin. -->","yoast_head_json":{"title":"Disclaimer -","robots":{"index":"index","follow":"follow","max-snippet":"max-snippet:-1","max-image-preview":"max-image-preview:large","max-video-preview":"max-video-preview:-1"},"canonical":"https:\/\/www.seguroscred.com\/fi\/disclaimer\/","og_locale":"fi_FI","og_type":"article","og_title":"Disclaimer -","og_description":"Aviso: N\u00e3o solicitamos qualquer quantia em dinheiro para liberar qualquer tipo de produto financeiro, seja cart\u00e3o de cr\u00e9dito, financiamento ou [&hellip;]","og_url":"https:\/\/www.seguroscred.com\/fi\/disclaimer\/","article_modified_time":"2024-01-25T14:54:29+00:00","twitter_card":"summary_large_image","twitter_misc":{"Arvioitu lukuaika":"1 minuutti"},"schema":{"@context":"https:\/\/schema.org","@graph":[{"@type":"WebPage","@id":"https:\/\/www.seguroscred.com\/disclaimer\/","url":"https:\/\/www.seguroscred.com\/disclaimer\/","name":"Disclaimer -","isPartOf":{"@id":"https:\/\/www.seguroscred.com\/#website"},"datePublished":"2024-01-25T14:54:11+00:00","dateModified":"2024-01-25T14:54:29+00:00","breadcrumb":{"@id":"https:\/\/www.seguroscred.com\/disclaimer\/#breadcrumb"},"inLanguage":"fi","potentialAction":[{"@type":"ReadAction","target":["https:\/\/www.seguroscred.com\/disclaimer\/"]}]},{"@type":"BreadcrumbList","@id":"https:\/\/www.seguroscred.com\/disclaimer\/#breadcrumb","itemListElement":[{"@type":"ListItem","position":1,"name":"Home","item":"https:\/\/www.seguroscred.com\/"},{"@type":"ListItem","position":2,"name":"Disclaimer"}]},{"@type":"WebSite","@id":"https:\/\/www.seguroscred.com\/#website","url":"https:\/\/www.seguroscred.com\/","name":"","description":"","potentialAction":[{"@type":"SearchAction","target":{"@type":"EntryPoint","urlTemplate":"https:\/\/www.seguroscred.com\/?s={search_term_string}"},"query-input":{"@type":"PropertyValueSpecification","valueRequired":true,"valueName":"search_term_string"}}],"inLanguage":"fi"}]}},"_links":{"self":[{"href":"https:\/\/www.seguroscred.com\/fi\/wp-json\/wp\/v2\/pages\/134","targetHints":{"allow":["GET"]}}],"collection":[{"href":"https:\/\/www.seguroscred.com\/fi\/wp-json\/wp\/v2\/pages"}],"about":[{"href":"https:\/\/www.seguroscred.com\/fi\/wp-json\/wp\/v2\/types\/page"}],"author":[{"embeddable":true,"href":"https:\/\/www.seguroscred.com\/fi\/wp-json\/wp\/v2\/users\/1"}],"replies":[{"embeddable":true,"href":"https:\/\/www.seguroscred.com\/fi\/wp-json\/wp\/v2\/comments?post=134"}],"version-history":[{"count":3,"href":"https:\/\/www.seguroscred.com\/fi\/wp-json\/wp\/v2\/pages\/134\/revisions"}],"predecessor-version":[{"id":137,"href":"https:\/\/www.seguroscred.com\/fi\/wp-json\/wp\/v2\/pages\/134\/revisions\/137"}],"wp:attachment":[{"href":"https:\/\/www.seguroscred.com\/fi\/wp-json\/wp\/v2\/media?parent=134"}],"curies":[{"name":"wp","href":"https:\/\/api.w.org\/{rel}","templated":true}]}}