{"id":245,"date":"2024-02-05T17:55:23","date_gmt":"2024-02-05T17:55:23","guid":{"rendered":"https:\/\/www.seguroscred.com\/?page_id=245"},"modified":"2024-02-05T17:56:34","modified_gmt":"2024-02-05T17:56:34","slug":"termos-e-condicoes","status":"publish","type":"page","link":"https:\/\/www.seguroscred.com\/fi\/termos-e-condicoes\/","title":{"rendered":"Ehdot"},"content":{"rendered":"<h2><span style=\"color: rgb(68, 68, 68);\">1. Ehdot<\/span><\/h2><p><span style=\"color: rgb(68, 68, 68);\">Sivustoa k\u00e4ytett\u00e4ess\u00e4 <a href=\"\/fi\/SegurosCred.com\/\">SegurosCred<\/a>, sitoudut noudattamaan n\u00e4it\u00e4 palveluehtoja, kaikkia sovellettavia lakeja ja m\u00e4\u00e4r\u00e4yksi\u00e4 ja hyv\u00e4ksyt, ett\u00e4 olet vastuussa kaikkien sovellettavien paikallisten lakien noudattamisesta. Jos et hyv\u00e4ksy jotakin n\u00e4ist\u00e4 ehdoista, sinua ei saa k\u00e4ytt\u00e4\u00e4 tai k\u00e4ytt\u00e4\u00e4 t\u00e4t\u00e4 sivustoa. T\u00e4m\u00e4n sivuston sis\u00e4lt\u00e4m\u00e4 materiaali on suojattu sovellettavan tekij\u00e4noikeus- ja tavaramerkkilain nojalla.<\/span><\/p><h2><span style=\"color: rgb(68, 68, 68);\">2. K\u00e4yt\u00e4 lisenssi\u00e4<\/span><\/h2><p><span style=\"color: rgb(68, 68, 68);\">Lupa my\u00f6nnet\u00e4\u00e4n tilap\u00e4isesti ladata yksi kopio materiaalista (tiedoista tai ohjelmistoista) SegurosCredin verkkosivustolta vain henkil\u00f6kohtaiseen, ei-kaupalliseen tilap\u00e4iseen katseluun. T\u00e4m\u00e4 on lisenssin my\u00f6nt\u00e4minen, ei omistusoikeuden siirto, ja t\u00e4m\u00e4n lisenssin nojalla et saa:&nbsp;<\/span><\/p><ol><li><span style=\"color: rgb(68, 68, 68);\">muokata tai kopioida materiaaleja;&nbsp;<\/span><\/li><li><span style=\"color: rgb(68, 68, 68);\">k\u00e4ytt\u00e4\u00e4 materiaaleja mihin tahansa kaupalliseen tarkoitukseen tai mihin tahansa julkiseen n\u00e4ytt\u00f6\u00f6n (kaupalliseen tai ei-kaupalliseen);&nbsp;<\/span><\/li><li><span style=\"color: rgb(68, 68, 68);\">yritt\u00e4\u00e4 purkaa tai k\u00e4\u00e4nt\u00e4\u00e4 takaisin mit\u00e4 tahansa SegurosCred-verkkosivustolla olevaa ohjelmistoa;&nbsp;<\/span><\/li><li><span style=\"color: rgb(68, 68, 68);\">poistaa materiaalista kaikki tekij\u00e4noikeus- tai muut omistusoikeudelliset merkinn\u00e4t; tai&nbsp;<\/span><\/li><li><span style=\"color: rgb(68, 68, 68);\">siirt\u00e4\u00e4 materiaalit toiselle henkil\u00f6lle tai &quot;peilata&quot; materiaalia mill\u00e4 tahansa toisella palvelimella.<\/span><\/li><\/ol><p><span style=\"color: rgb(68, 68, 68);\">T\u00e4m\u00e4 k\u00e4ytt\u00f6oikeus p\u00e4\u00e4ttyy automaattisesti, jos rikot jotakin n\u00e4ist\u00e4 rajoituksista, ja SegurosCred voi irtisanoa sen milloin tahansa. Kun lopetat n\u00e4iden materiaalien katselun tai t\u00e4m\u00e4n lisenssin, sinun on tuhottava kaikki hallussasi oleva ladattu materiaali joko s\u00e4hk\u00f6isess\u00e4 tai painetussa muodossa.<\/span><\/p><h2><span style=\"color: rgb(68, 68, 68);\">3. Vastuuvapauslauseke<\/span><\/h2><ol><li><span style=\"color: rgb(68, 68, 68);\">SegurosCredin verkkosivuilla olevat materiaalit toimitetaan sellaisenaan. SegurosCred ei my\u00f6nn\u00e4 takuita, ilmaistuja tai oletettuja, ja t\u00e4ten irtisanoutuu ja mit\u00e4t\u00f6i kaikki muut takuut, mukaan lukien rajoituksetta oletetut takuut tai ehdot kaupallisuudesta, sopivuudesta tiettyyn tarkoitukseen tai immateriaalioikeuksien loukkaamattomuuteen tai muuhun oikeuksien loukkaamiseen.<\/span><\/li><li><span style=\"color: rgb(68, 68, 68);\">Lis\u00e4ksi SegurosCred ei takaa tai esit\u00e4 mit\u00e4\u00e4n v\u00e4itteit\u00e4 verkkosivustollaan tai muuten sellaiseen materiaaliin tai t\u00e4h\u00e4n sivustoon linkitetyist\u00e4 sivustoista liittyvien materiaalien k\u00e4yt\u00f6n tarkkuudesta, todenn\u00e4k\u00f6isist\u00e4 tuloksista tai luotettavuudesta.<\/span><\/li><\/ol><h2><span style=\"color: rgb(68, 68, 68);\">4. Rajoitukset<\/span><\/h2><p><span style=\"color: rgb(68, 68, 68);\">SegurosCred tai sen toimittajat eiv\u00e4t miss\u00e4\u00e4n tapauksessa ole vastuussa mist\u00e4\u00e4n vahingoista (mukaan lukien rajoituksetta tietojen tai voiton menetyksest\u00e4 tai liiketoiminnan keskeytymisest\u00e4 johtuvat vahingot), jotka johtuvat SegurosCredin verkkosivuston materiaalin k\u00e4yt\u00f6st\u00e4 tai kyvytt\u00f6myydest\u00e4 k\u00e4ytt\u00e4\u00e4, vaikka SegurosCredille tai SegurosCredin valtuutetulle edustajalle olisi ilmoitettu suullisesti tai kirjallisesti t\u00e4llaisen vahingon mahdollisuudesta. Koska jotkin laink\u00e4ytt\u00f6alueet eiv\u00e4t salli oletettujen takuiden tai v\u00e4lillisten tai satunnaisten vahinkojen vastuun rajoituksia, n\u00e4m\u00e4 rajoitukset eiv\u00e4t v\u00e4ltt\u00e4m\u00e4tt\u00e4 koske sinua.<\/span><\/p><h2><span style=\"color: rgb(68, 68, 68);\">5. Materiaalien tarkkuus<\/span><\/h2><p><span style=\"color: rgb(68, 68, 68);\">SegurosCred-verkkosivustolla n\u00e4ytett\u00e4v\u00e4t materiaalit voivat sis\u00e4lt\u00e4\u00e4 teknisi\u00e4, typografisia tai valokuvavirheit\u00e4. SegurosCred ei takaa, ett\u00e4 sen verkkosivustolla oleva materiaali on tarkkaa, t\u00e4ydellist\u00e4 tai ajantasaista. SegurosCred voi tehd\u00e4 muutoksia verkkosivuillaan olevaan materiaaliin milloin tahansa ilman ennakkoilmoitusta. SegurosCred ei kuitenkaan sitoudu p\u00e4ivitt\u00e4m\u00e4\u00e4n materiaaleja.<\/span><\/p><h2><span style=\"color: rgb(68, 68, 68);\">6. Linkit<\/span><\/h2><p><span style=\"color: rgb(68, 68, 68);\">SegurosCred ei ole tarkistanut kaikkia sen verkkosivuille linkitettyj\u00e4 sivustoja eik\u00e4 ole vastuussa mink\u00e4\u00e4n linkitetyn sivuston sis\u00e4ll\u00f6st\u00e4. Mink\u00e4\u00e4n linkin sis\u00e4llytt\u00e4minen ei tarkoita, ett\u00e4 SegurosCred hyv\u00e4ksyy sivuston. Mink\u00e4 tahansa linkitetyn verkkosivuston k\u00e4ytt\u00f6 on k\u00e4ytt\u00e4j\u00e4n omalla vastuulla.<\/span><\/p><p><br><\/p><h3><span style=\"color: rgb(68, 68, 68);\">Muutokset<\/span><\/h3><p><span style=\"color: rgb(68, 68, 68);\">SegurosCred voi muuttaa n\u00e4it\u00e4 verkkosivuston k\u00e4ytt\u00f6ehtoja milloin tahansa ilman ennakkoilmoitusta. K\u00e4ytt\u00e4m\u00e4ll\u00e4 t\u00e4t\u00e4 verkkosivustoa sitoudut noudattamaan n\u00e4iden palveluehtojen kulloinkin voimassa olevaa versiota.<\/span><\/p><h3><span style=\"color: rgb(68, 68, 68);\">Sovellettava laki<\/span><\/h3><p><span style=\"color: rgb(68, 68, 68);\">N\u00e4it\u00e4 ehtoja s\u00e4\u00e4telev\u00e4t ja tulkitaan SegurosCredin lakien mukaisesti, ja alistut peruuttamattomasti kyseisen valtion tai paikkakunnan tuomioistuinten yksinomaiseen toimivaltaan.<\/span><\/p>","protected":false},"excerpt":{"rendered":"<p>1. Ehdot K\u00e4ytt\u00e4m\u00e4ll\u00e4 SegurosCred-verkkosivustoa sitoudut noudattamaan n\u00e4it\u00e4 k\u00e4ytt\u00f6ehtoja, kaikkia sovellettavia lakeja ja m\u00e4\u00e4r\u00e4yksi\u00e4 [\u2026]<\/p>","protected":false},"author":1,"featured_media":0,"parent":0,"menu_order":0,"comment_status":"closed","ping_status":"closed","template":"","meta":{"site-sidebar-layout":"default","site-content-layout":"","ast-site-content-layout":"","site-content-style":"default","site-sidebar-style":"default","ast-global-header-display":"","ast-banner-title-visibility":"","ast-main-header-display":"","ast-hfb-above-header-display":"","ast-hfb-below-header-display":"","ast-hfb-mobile-header-display":"","site-post-title":"","ast-breadcrumbs-content":"","ast-featured-img":"","footer-sml-layout":"","theme-transparent-header-meta":"","adv-header-id-meta":"","stick-header-meta":"","header-above-stick-meta":"","header-main-stick-meta":"","header-below-stick-meta":"","astra-migrate-meta-layouts":"default","ast-page-background-enabled":"default","ast-page-background-meta":{"desktop":{"background-color":"var(--ast-global-color-5)","background-image":"","background-repeat":"repeat","background-position":"center center","background-size":"auto","background-attachment":"scroll","background-type":"","background-media":"","overlay-type":"","overlay-color":"","overlay-opacity":"","overlay-gradient":""},"tablet":{"background-color":"","background-image":"","background-repeat":"repeat","background-position":"center center","background-size":"auto","background-attachment":"scroll","background-type":"","background-media":"","overlay-type":"","overlay-color":"","overlay-opacity":"","overlay-gradient":""},"mobile":{"background-color":"","background-image":"","background-repeat":"repeat","background-position":"center center","background-size":"auto","background-attachment":"scroll","background-type":"","background-media":"","overlay-type":"","overlay-color":"","overlay-opacity":"","overlay-gradient":""}},"ast-content-background-meta":{"desktop":{"background-color":"var(--ast-global-color-4)","background-image":"","background-repeat":"repeat","background-position":"center center","background-size":"auto","background-attachment":"scroll","background-type":"","background-media":"","overlay-type":"","overlay-color":"","overlay-opacity":"","overlay-gradient":""},"tablet":{"background-color":"var(--ast-global-color-4)","background-image":"","background-repeat":"repeat","background-position":"center center","background-size":"auto","background-attachment":"scroll","background-type":"","background-media":"","overlay-type":"","overlay-color":"","overlay-opacity":"","overlay-gradient":""},"mobile":{"background-color":"var(--ast-global-color-4)","background-image":"","background-repeat":"repeat","background-position":"center center","background-size":"auto","background-attachment":"scroll","background-type":"","background-media":"","overlay-type":"","overlay-color":"","overlay-opacity":"","overlay-gradient":""}},"footnotes":""},"class_list":["post-245","page","type-page","status-publish","hentry"],"yoast_head":"<!-- This site is optimized with the Yoast SEO plugin v24.6 - https:\/\/yoast.com\/wordpress\/plugins\/seo\/ -->\n<title>Termos e Condi\u00e7\u00f5es -<\/title>\n<meta name=\"robots\" content=\"index, follow, max-snippet:-1, max-image-preview:large, max-video-preview:-1\" \/>\n<link rel=\"canonical\" href=\"https:\/\/www.seguroscred.com\/fi\/termos-e-condicoes\/\" \/>\n<meta property=\"og:locale\" content=\"fi_FI\" \/>\n<meta property=\"og:type\" content=\"article\" \/>\n<meta property=\"og:title\" content=\"Termos e Condi\u00e7\u00f5es -\" \/>\n<meta property=\"og:description\" content=\"1. Termos Ao acessar ao site SegurosCred, concorda em cumprir estes termos de servi\u00e7o, todas as leis e regulamentos aplic\u00e1veis [&hellip;]\" \/>\n<meta property=\"og:url\" content=\"https:\/\/www.seguroscred.com\/fi\/termos-e-condicoes\/\" \/>\n<meta property=\"article:modified_time\" content=\"2024-02-05T17:56:34+00:00\" \/>\n<meta name=\"twitter:card\" content=\"summary_large_image\" \/>\n<meta name=\"twitter:label1\" content=\"Arvioitu lukuaika\" \/>\n\t<meta name=\"twitter:data1\" content=\"4 minuuttia\" \/>\n<script type=\"application\/ld+json\" class=\"yoast-schema-graph\">{\"@context\":\"https:\/\/schema.org\",\"@graph\":[{\"@type\":\"WebPage\",\"@id\":\"https:\/\/www.seguroscred.com\/termos-e-condicoes\/\",\"url\":\"https:\/\/www.seguroscred.com\/termos-e-condicoes\/\",\"name\":\"Termos e Condi\u00e7\u00f5es -\",\"isPartOf\":{\"@id\":\"https:\/\/www.seguroscred.com\/#website\"},\"datePublished\":\"2024-02-05T17:55:23+00:00\",\"dateModified\":\"2024-02-05T17:56:34+00:00\",\"breadcrumb\":{\"@id\":\"https:\/\/www.seguroscred.com\/termos-e-condicoes\/#breadcrumb\"},\"inLanguage\":\"fi\",\"potentialAction\":[{\"@type\":\"ReadAction\",\"target\":[\"https:\/\/www.seguroscred.com\/termos-e-condicoes\/\"]}]},{\"@type\":\"BreadcrumbList\",\"@id\":\"https:\/\/www.seguroscred.com\/termos-e-condicoes\/#breadcrumb\",\"itemListElement\":[{\"@type\":\"ListItem\",\"position\":1,\"name\":\"Home\",\"item\":\"https:\/\/www.seguroscred.com\/\"},{\"@type\":\"ListItem\",\"position\":2,\"name\":\"Termos e Condi\u00e7\u00f5es\"}]},{\"@type\":\"WebSite\",\"@id\":\"https:\/\/www.seguroscred.com\/#website\",\"url\":\"https:\/\/www.seguroscred.com\/\",\"name\":\"\",\"description\":\"\",\"potentialAction\":[{\"@type\":\"SearchAction\",\"target\":{\"@type\":\"EntryPoint\",\"urlTemplate\":\"https:\/\/www.seguroscred.com\/?s={search_term_string}\"},\"query-input\":{\"@type\":\"PropertyValueSpecification\",\"valueRequired\":true,\"valueName\":\"search_term_string\"}}],\"inLanguage\":\"fi\"}]}<\/script>\n<!-- \/ Yoast SEO plugin. -->","yoast_head_json":{"title":"Termos e Condi\u00e7\u00f5es -","robots":{"index":"index","follow":"follow","max-snippet":"max-snippet:-1","max-image-preview":"max-image-preview:large","max-video-preview":"max-video-preview:-1"},"canonical":"https:\/\/www.seguroscred.com\/fi\/termos-e-condicoes\/","og_locale":"fi_FI","og_type":"article","og_title":"Termos e Condi\u00e7\u00f5es -","og_description":"1. Termos Ao acessar ao site SegurosCred, concorda em cumprir estes termos de servi\u00e7o, todas as leis e regulamentos aplic\u00e1veis [&hellip;]","og_url":"https:\/\/www.seguroscred.com\/fi\/termos-e-condicoes\/","article_modified_time":"2024-02-05T17:56:34+00:00","twitter_card":"summary_large_image","twitter_misc":{"Arvioitu lukuaika":"4 minuuttia"},"schema":{"@context":"https:\/\/schema.org","@graph":[{"@type":"WebPage","@id":"https:\/\/www.seguroscred.com\/termos-e-condicoes\/","url":"https:\/\/www.seguroscred.com\/termos-e-condicoes\/","name":"Termos e Condi\u00e7\u00f5es -","isPartOf":{"@id":"https:\/\/www.seguroscred.com\/#website"},"datePublished":"2024-02-05T17:55:23+00:00","dateModified":"2024-02-05T17:56:34+00:00","breadcrumb":{"@id":"https:\/\/www.seguroscred.com\/termos-e-condicoes\/#breadcrumb"},"inLanguage":"fi","potentialAction":[{"@type":"ReadAction","target":["https:\/\/www.seguroscred.com\/termos-e-condicoes\/"]}]},{"@type":"BreadcrumbList","@id":"https:\/\/www.seguroscred.com\/termos-e-condicoes\/#breadcrumb","itemListElement":[{"@type":"ListItem","position":1,"name":"Home","item":"https:\/\/www.seguroscred.com\/"},{"@type":"ListItem","position":2,"name":"Termos e Condi\u00e7\u00f5es"}]},{"@type":"WebSite","@id":"https:\/\/www.seguroscred.com\/#website","url":"https:\/\/www.seguroscred.com\/","name":"","description":"","potentialAction":[{"@type":"SearchAction","target":{"@type":"EntryPoint","urlTemplate":"https:\/\/www.seguroscred.com\/?s={search_term_string}"},"query-input":{"@type":"PropertyValueSpecification","valueRequired":true,"valueName":"search_term_string"}}],"inLanguage":"fi"}]}},"_links":{"self":[{"href":"https:\/\/www.seguroscred.com\/fi\/wp-json\/wp\/v2\/pages\/245","targetHints":{"allow":["GET"]}}],"collection":[{"href":"https:\/\/www.seguroscred.com\/fi\/wp-json\/wp\/v2\/pages"}],"about":[{"href":"https:\/\/www.seguroscred.com\/fi\/wp-json\/wp\/v2\/types\/page"}],"author":[{"embeddable":true,"href":"https:\/\/www.seguroscred.com\/fi\/wp-json\/wp\/v2\/users\/1"}],"replies":[{"embeddable":true,"href":"https:\/\/www.seguroscred.com\/fi\/wp-json\/wp\/v2\/comments?post=245"}],"version-history":[{"count":5,"href":"https:\/\/www.seguroscred.com\/fi\/wp-json\/wp\/v2\/pages\/245\/revisions"}],"predecessor-version":[{"id":250,"href":"https:\/\/www.seguroscred.com\/fi\/wp-json\/wp\/v2\/pages\/245\/revisions\/250"}],"wp:attachment":[{"href":"https:\/\/www.seguroscred.com\/fi\/wp-json\/wp\/v2\/media?parent=245"}],"curies":[{"name":"wp","href":"https:\/\/api.w.org\/{rel}","templated":true}]}}