{"id":251,"date":"2024-02-05T18:02:14","date_gmt":"2024-02-05T18:02:14","guid":{"rendered":"https:\/\/www.seguroscred.com\/?page_id=251"},"modified":"2024-02-05T18:12:00","modified_gmt":"2024-02-05T18:12:00","slug":"sobre-nos","status":"publish","type":"page","link":"https:\/\/www.seguroscred.com\/fi\/sobre-nos\/","title":{"rendered":"Tietoja meist\u00e4"},"content":{"rendered":"<p>Tervetuloa SegurosCrediin, referenssiportaaliisi, jonka avulla voit navigoida rahoitusmaailmassa luottavaisesti ja turvallisesti. Olemme tiimi, joka on omistautunut selvitt\u00e4m\u00e4\u00e4n finanssimaailmaa tarjoamalla selke\u00e4\u00e4 ja tarkkaa tietoa johtavista talouskoulutuksen, vakuutusten, ty\u00f6paikkojen ja muiden yrityksist\u00e4.<\/p>\n\n\n\n<h4 class=\"wp-block-heading\">Teht\u00e4v\u00e4mme<\/h4>\n\n\n\n<p>Missiomme on vahvistaa yksityishenkil\u00f6it\u00e4 ja yrityksi\u00e4 taloudellisen tiet\u00e4myksen avulla. Uskomme, ett\u00e4 vankka talouskasvatus on avainasemassa tietoon perustuvien p\u00e4\u00e4t\u00f6sten tekemisess\u00e4, tehokkaassa riskienhallinnassa ja taloudellisen vakauden saavuttamisessa. Siksi olemme omistautuneet tarjoamaan ajan tasalla olevaa, osuvaa ja saatavilla olevaa sis\u00e4lt\u00f6\u00e4 kaikille.<\/p>\n\n\n\n<h4 class=\"wp-block-heading\">Mik\u00e4 erottaa meid\u00e4t muista<\/h4>\n\n\n\n<ul class=\"wp-block-list\">\n<li><strong>Sitoutuminen laatuun:<\/strong> Asiantuntijat ovat tutkineet ja kirjoittaneet sis\u00e4lt\u00f6mme huolellisesti, mik\u00e4 varmistaa, ett\u00e4 saat laadukasta ja luotettavaa tietoa.<\/li>\n\n\n\n<li><strong>K\u00e4ytt\u00e4j\u00e4n painopiste:<\/strong> Ymm\u00e4rr\u00e4mme k\u00e4ytt\u00e4jiemme tarpeet ja pyrimme luomaan intuitiivisen ja rikastuttavan selauskokemuksen.<\/li>\n\n\n\n<li><strong>Kattava visio:<\/strong> K\u00e4sittelemme monenlaisia aiheita aina ty\u00f6mahdollisuuksista talouskoulutusyrityksiss\u00e4 viimeisimpiin vakuutustuotteiden uutisiin. Olemme aina tietoisia markkinoiden trendeist\u00e4, jotta voimme tarjota sinulle ajantasaisimman sis\u00e4ll\u00f6n.<\/li>\n\n\n\n<li><strong>Yhteis\u00f6 ja tuki:<\/strong> Tiedottamisen lis\u00e4ksi haluamme rakentaa yhteis\u00f6\u00e4 ihmisist\u00e4, jotka ovat kiinnostuneita taloudellisen terveytens\u00e4 parantamisesta. Tuemme ja kannustamme k\u00e4ytt\u00e4jiemme v\u00e4list\u00e4 vuorovaikutusta luomalla yhteisty\u00f6h\u00f6n perustuvan oppimisymp\u00e4rist\u00f6n.<\/li>\n<\/ul>\n\n\n\n<h4 class=\"wp-block-heading\">Liity meihin<\/h4>\n\n\n\n<p>Jos etsit luotettavaa ohjausta ja k\u00e4yt\u00e4nn\u00f6n vinkkej\u00e4 talouteen liittyen, SegurosCred on l\u00e4ht\u00f6kohtasi. Liity yhteis\u00f6\u00f6mme ja ota ensimm\u00e4inen askel kohti turvallisempaa ja vauraampaa talousel\u00e4m\u00e4\u00e4.<\/p>\n\n\n\n<p>Kutsumme sinut tutustumaan verkkosivustoomme, lukemaan artikkeleitamme ja selvitt\u00e4m\u00e4\u00e4n, kuinka voimme auttaa sinua saavuttamaan taloudelliset tavoitteesi. Tervetuloa SegurosCrediin, jossa taloudellinen matkasi alkaa luottamuksella ja tiedolla.<\/p>","protected":false},"excerpt":{"rendered":"<p>Tervetuloa SegurosCrediin, viiteportaaliisi, jonka avulla voit navigoida rahoitusmaailmassa luottavaisin mielin ja turvallisesti. Me olemme [\u2026]<\/p>","protected":false},"author":1,"featured_media":0,"parent":0,"menu_order":0,"comment_status":"closed","ping_status":"closed","template":"","meta":{"site-sidebar-layout":"default","site-content-layout":"","ast-site-content-layout":"","site-content-style":"default","site-sidebar-style":"default","ast-global-header-display":"","ast-banner-title-visibility":"","ast-main-header-display":"","ast-hfb-above-header-display":"","ast-hfb-below-header-display":"","ast-hfb-mobile-header-display":"","site-post-title":"","ast-breadcrumbs-content":"","ast-featured-img":"","footer-sml-layout":"","theme-transparent-header-meta":"","adv-header-id-meta":"","stick-header-meta":"","header-above-stick-meta":"","header-main-stick-meta":"","header-below-stick-meta":"","astra-migrate-meta-layouts":"default","ast-page-background-enabled":"default","ast-page-background-meta":{"desktop":{"background-color":"var(--ast-global-color-5)","background-image":"","background-repeat":"repeat","background-position":"center center","background-size":"auto","background-attachment":"scroll","background-type":"","background-media":"","overlay-type":"","overlay-color":"","overlay-opacity":"","overlay-gradient":""},"tablet":{"background-color":"","background-image":"","background-repeat":"repeat","background-position":"center center","background-size":"auto","background-attachment":"scroll","background-type":"","background-media":"","overlay-type":"","overlay-color":"","overlay-opacity":"","overlay-gradient":""},"mobile":{"background-color":"","background-image":"","background-repeat":"repeat","background-position":"center center","background-size":"auto","background-attachment":"scroll","background-type":"","background-media":"","overlay-type":"","overlay-color":"","overlay-opacity":"","overlay-gradient":""}},"ast-content-background-meta":{"desktop":{"background-color":"var(--ast-global-color-4)","background-image":"","background-repeat":"repeat","background-position":"center center","background-size":"auto","background-attachment":"scroll","background-type":"","background-media":"","overlay-type":"","overlay-color":"","overlay-opacity":"","overlay-gradient":""},"tablet":{"background-color":"var(--ast-global-color-4)","background-image":"","background-repeat":"repeat","background-position":"center center","background-size":"auto","background-attachment":"scroll","background-type":"","background-media":"","overlay-type":"","overlay-color":"","overlay-opacity":"","overlay-gradient":""},"mobile":{"background-color":"var(--ast-global-color-4)","background-image":"","background-repeat":"repeat","background-position":"center center","background-size":"auto","background-attachment":"scroll","background-type":"","background-media":"","overlay-type":"","overlay-color":"","overlay-opacity":"","overlay-gradient":""}},"footnotes":""},"class_list":["post-251","page","type-page","status-publish","hentry"],"yoast_head":"<!-- This site is optimized with the Yoast SEO plugin v24.6 - https:\/\/yoast.com\/wordpress\/plugins\/seo\/ -->\n<title>Sobre N\u00f3s -<\/title>\n<meta name=\"robots\" content=\"index, follow, max-snippet:-1, max-image-preview:large, max-video-preview:-1\" \/>\n<link rel=\"canonical\" href=\"https:\/\/www.seguroscred.com\/fi\/sobre-nos\/\" \/>\n<meta property=\"og:locale\" content=\"fi_FI\" \/>\n<meta property=\"og:type\" content=\"article\" \/>\n<meta property=\"og:title\" content=\"Sobre N\u00f3s -\" \/>\n<meta property=\"og:description\" content=\"Bem-vindo \u00e0 SegurosCred, o seu portal de refer\u00eancia para navegar pelo universo das finan\u00e7as com confian\u00e7a e seguran\u00e7a. Somos uma [&hellip;]\" \/>\n<meta property=\"og:url\" content=\"https:\/\/www.seguroscred.com\/fi\/sobre-nos\/\" \/>\n<meta property=\"article:modified_time\" content=\"2024-02-05T18:12:00+00:00\" \/>\n<meta name=\"twitter:card\" content=\"summary_large_image\" \/>\n<meta name=\"twitter:label1\" content=\"Arvioitu lukuaika\" \/>\n\t<meta name=\"twitter:data1\" content=\"2 minuuttia\" \/>\n<script type=\"application\/ld+json\" class=\"yoast-schema-graph\">{\"@context\":\"https:\/\/schema.org\",\"@graph\":[{\"@type\":\"WebPage\",\"@id\":\"https:\/\/www.seguroscred.com\/sobre-nos\/\",\"url\":\"https:\/\/www.seguroscred.com\/sobre-nos\/\",\"name\":\"Sobre N\u00f3s -\",\"isPartOf\":{\"@id\":\"https:\/\/www.seguroscred.com\/#website\"},\"datePublished\":\"2024-02-05T18:02:14+00:00\",\"dateModified\":\"2024-02-05T18:12:00+00:00\",\"breadcrumb\":{\"@id\":\"https:\/\/www.seguroscred.com\/sobre-nos\/#breadcrumb\"},\"inLanguage\":\"fi\",\"potentialAction\":[{\"@type\":\"ReadAction\",\"target\":[\"https:\/\/www.seguroscred.com\/sobre-nos\/\"]}]},{\"@type\":\"BreadcrumbList\",\"@id\":\"https:\/\/www.seguroscred.com\/sobre-nos\/#breadcrumb\",\"itemListElement\":[{\"@type\":\"ListItem\",\"position\":1,\"name\":\"Home\",\"item\":\"https:\/\/www.seguroscred.com\/\"},{\"@type\":\"ListItem\",\"position\":2,\"name\":\"Sobre N\u00f3s\"}]},{\"@type\":\"WebSite\",\"@id\":\"https:\/\/www.seguroscred.com\/#website\",\"url\":\"https:\/\/www.seguroscred.com\/\",\"name\":\"\",\"description\":\"\",\"potentialAction\":[{\"@type\":\"SearchAction\",\"target\":{\"@type\":\"EntryPoint\",\"urlTemplate\":\"https:\/\/www.seguroscred.com\/?s={search_term_string}\"},\"query-input\":{\"@type\":\"PropertyValueSpecification\",\"valueRequired\":true,\"valueName\":\"search_term_string\"}}],\"inLanguage\":\"fi\"}]}<\/script>\n<!-- \/ Yoast SEO plugin. -->","yoast_head_json":{"title":"Sobre N\u00f3s -","robots":{"index":"index","follow":"follow","max-snippet":"max-snippet:-1","max-image-preview":"max-image-preview:large","max-video-preview":"max-video-preview:-1"},"canonical":"https:\/\/www.seguroscred.com\/fi\/sobre-nos\/","og_locale":"fi_FI","og_type":"article","og_title":"Sobre N\u00f3s -","og_description":"Bem-vindo \u00e0 SegurosCred, o seu portal de refer\u00eancia para navegar pelo universo das finan\u00e7as com confian\u00e7a e seguran\u00e7a. Somos uma [&hellip;]","og_url":"https:\/\/www.seguroscred.com\/fi\/sobre-nos\/","article_modified_time":"2024-02-05T18:12:00+00:00","twitter_card":"summary_large_image","twitter_misc":{"Arvioitu lukuaika":"2 minuuttia"},"schema":{"@context":"https:\/\/schema.org","@graph":[{"@type":"WebPage","@id":"https:\/\/www.seguroscred.com\/sobre-nos\/","url":"https:\/\/www.seguroscred.com\/sobre-nos\/","name":"Sobre N\u00f3s -","isPartOf":{"@id":"https:\/\/www.seguroscred.com\/#website"},"datePublished":"2024-02-05T18:02:14+00:00","dateModified":"2024-02-05T18:12:00+00:00","breadcrumb":{"@id":"https:\/\/www.seguroscred.com\/sobre-nos\/#breadcrumb"},"inLanguage":"fi","potentialAction":[{"@type":"ReadAction","target":["https:\/\/www.seguroscred.com\/sobre-nos\/"]}]},{"@type":"BreadcrumbList","@id":"https:\/\/www.seguroscred.com\/sobre-nos\/#breadcrumb","itemListElement":[{"@type":"ListItem","position":1,"name":"Home","item":"https:\/\/www.seguroscred.com\/"},{"@type":"ListItem","position":2,"name":"Sobre N\u00f3s"}]},{"@type":"WebSite","@id":"https:\/\/www.seguroscred.com\/#website","url":"https:\/\/www.seguroscred.com\/","name":"","description":"","potentialAction":[{"@type":"SearchAction","target":{"@type":"EntryPoint","urlTemplate":"https:\/\/www.seguroscred.com\/?s={search_term_string}"},"query-input":{"@type":"PropertyValueSpecification","valueRequired":true,"valueName":"search_term_string"}}],"inLanguage":"fi"}]}},"_links":{"self":[{"href":"https:\/\/www.seguroscred.com\/fi\/wp-json\/wp\/v2\/pages\/251","targetHints":{"allow":["GET"]}}],"collection":[{"href":"https:\/\/www.seguroscred.com\/fi\/wp-json\/wp\/v2\/pages"}],"about":[{"href":"https:\/\/www.seguroscred.com\/fi\/wp-json\/wp\/v2\/types\/page"}],"author":[{"embeddable":true,"href":"https:\/\/www.seguroscred.com\/fi\/wp-json\/wp\/v2\/users\/1"}],"replies":[{"embeddable":true,"href":"https:\/\/www.seguroscred.com\/fi\/wp-json\/wp\/v2\/comments?post=251"}],"version-history":[{"count":3,"href":"https:\/\/www.seguroscred.com\/fi\/wp-json\/wp\/v2\/pages\/251\/revisions"}],"predecessor-version":[{"id":258,"href":"https:\/\/www.seguroscred.com\/fi\/wp-json\/wp\/v2\/pages\/251\/revisions\/258"}],"wp:attachment":[{"href":"https:\/\/www.seguroscred.com\/fi\/wp-json\/wp\/v2\/media?parent=251"}],"curies":[{"name":"wp","href":"https:\/\/api.w.org\/{rel}","templated":true}]}}