{"id":254,"date":"2024-02-05T18:04:47","date_gmt":"2024-02-05T18:04:47","guid":{"rendered":"https:\/\/www.seguroscred.com\/?page_id=254"},"modified":"2024-02-05T18:04:47","modified_gmt":"2024-02-05T18:04:47","slug":"politica-de-cookies","status":"publish","type":"page","link":"https:\/\/www.seguroscred.com\/fi\/politica-de-cookies\/","title":{"rendered":"Ev\u00e4stek\u00e4yt\u00e4nt\u00f6"},"content":{"rendered":"<h2 class=\"wp-block-heading\">Keit\u00e4 me olemme?<\/h2>\n\n\n\n<p>Verkkosivustomme osoite on:\u00a0<a href=\"https:\/\/www.seguroscred.com\/fi\/\">https:\/\/www.seguroscred.com<\/a><\/p>\n\n\n\n<h2 class=\"wp-block-heading\">Ev\u00e4steet<\/h2>\n\n\n\n<p>K\u00e4yt\u00e4mme ev\u00e4steit\u00e4.<\/p>\n\n\n\n<p>Ev\u00e4steet ovat pieni\u00e4, yksinkertaisia tekstitiedostoja, jotka verkkosivustot tallentavat selaimeesi tallentaakseen mieltymyksesi ja asetuksesi. Esimerkiksi kun k\u00e4yt\u00e4t ev\u00e4steit\u00e4 k\u00e4ytt\u00e4v\u00e4\u00e4 verkkosivustoa ensimm\u00e4ist\u00e4 kertaa, t\u00e4m\u00e4 verkkosivusto l\u00e4hett\u00e4\u00e4 selaimellesi tekstitiedoston asetuksistasi, kuten: Alue, josta k\u00e4yt\u00e4t, s\u00e4hk\u00f6postiosoitteesi, valitsemasi kieli, v\u00e4rit, tuotteet, joista saatat pit\u00e4\u00e4 hakujesi perusteella jne. Kun k\u00e4yt\u00e4t sivustoa uudelleen, selaimesi l\u00e4hett\u00e4\u00e4 t\u00e4m\u00e4n tiedoston sivustolle, jolloin asetuksesi ja asetuksesi otetaan k\u00e4ytt\u00f6\u00f6n automaattisesti ilman, ett\u00e4 sinun tarvitsee m\u00e4\u00e4ritt\u00e4\u00e4 kaikkea uudelleen (ellet halua).<\/p>\n\n\n\n<p>Kun j\u00e4t\u00e4t kommentin sivustolle, voit halutessasi tallentaa nimesi, s\u00e4hk\u00f6postiosoitteesi ja verkkosivustosi ev\u00e4steisiin. T\u00e4m\u00e4 on avuksesi, jotta sinun ei tarvitse t\u00e4ytt\u00e4\u00e4 tietojasi uudelleen, kun j\u00e4t\u00e4t toisen kommentin. N\u00e4m\u00e4 ev\u00e4steet kest\u00e4v\u00e4t yhden vuoden.<\/p>\n\n\n\n<p>Jos sinulla on tili ja kirjaudut sis\u00e4\u00e4n t\u00e4lle sivustolle, asetamme v\u00e4liaikaisen ev\u00e4steen m\u00e4\u00e4ritt\u00e4\u00e4ksemme, hyv\u00e4ksyyk\u00f6 selaimesi ev\u00e4steet. Se ei sis\u00e4ll\u00e4 henkil\u00f6kohtaisia tietoja, ja se hyl\u00e4t\u00e4\u00e4n, kun suljet selaimesi.<\/p>\n\n\n\n<p><strong>K\u00e4ytt\u00e4m\u00e4mme ev\u00e4stetyypit<\/strong><\/p>\n\n\n\n<p><strong>Olennainen:<\/strong>&nbsp;Jotkut ev\u00e4steet ovat v\u00e4ltt\u00e4m\u00e4tt\u00f6mi\u00e4, jotta voit kokea sivustomme t\u00e4yden toiminnallisuuden. Niiden avulla voimme yll\u00e4pit\u00e4\u00e4 k\u00e4ytt\u00e4j\u00e4istuntoja ja est\u00e4\u00e4 kaikki tietoturvauhat. He eiv\u00e4t ker\u00e4\u00e4 tai tallenna henkil\u00f6kohtaisia tietoja.<\/p>\n\n\n\n<p><strong>Tilastot:<\/strong>&nbsp;N\u00e4m\u00e4 ev\u00e4steet tallentavat tietoja, kuten verkkosivuston k\u00e4vij\u00f6iden lukum\u00e4\u00e4r\u00e4n, yksitt\u00e4isten vierailijoiden lukum\u00e4\u00e4r\u00e4n, mill\u00e4 verkkosivuston sivuilla on vierailtu, k\u00e4ynnin l\u00e4hteen jne. N\u00e4m\u00e4 tiedot auttavat meit\u00e4 ymm\u00e4rt\u00e4m\u00e4\u00e4n ja analysoimaan, kuinka verkkosivusto toimii ja miss\u00e4 sit\u00e4 on parannettava. K\u00e4yt\u00e4mme Google-ev\u00e4stett\u00e4 n\u00e4iden raporttien luomiseen Google Analyticsissa.<\/p>\n\n\n\n<p><strong>Markkinointi:<\/strong>&nbsp;Sivustomme n\u00e4ytt\u00e4\u00e4 mainoksia. N\u00e4it\u00e4 ev\u00e4steit\u00e4 k\u00e4ytet\u00e4\u00e4n sinulle n\u00e4ytt\u00e4miemme mainosten personointiin, jotta ne ovat sinulle merkityksellisi\u00e4. N\u00e4m\u00e4 ev\u00e4steet auttavat meit\u00e4 my\u00f6s seuraamaan n\u00e4iden mainoskampanjoiden tehokkuutta.<\/p>\n\n\n\n<p>Kolmannen osapuolen mainospalveluntarjoajat voivat my\u00f6s k\u00e4ytt\u00e4\u00e4 n\u00e4ihin ev\u00e4steisiin tallennettuja tietoja n\u00e4ytt\u00e4\u00e4kseen sinulle mainoksia my\u00f6s muilla selaimen verkkosivustoilla.<\/p>\n\n\n\n<p><strong>Toiminnallinen:<\/strong>&nbsp;ovat ev\u00e4steit\u00e4, jotka auttavat tiettyj\u00e4 ei-olennaisia toimintoja verkkosivustollamme. N\u00e4it\u00e4 ominaisuuksia ovat sis\u00e4ll\u00f6n, kuten videoiden, upottaminen tai sis\u00e4ll\u00f6n jakaminen verkkosivustolle sosiaalisen median alustoilla.<\/p>","protected":false},"excerpt":{"rendered":"<p>Keit\u00e4 me olemme? Verkkosivustomme osoite on: https:\/\/www.seguroscred.com Ev\u00e4steet K\u00e4yt\u00e4mme ev\u00e4steit\u00e4. Ev\u00e4steet ovat pieni\u00e4, yksinkertaisia tekstitiedostoja, jotka [\u2026]<\/p>","protected":false},"author":1,"featured_media":0,"parent":0,"menu_order":0,"comment_status":"closed","ping_status":"closed","template":"","meta":{"site-sidebar-layout":"default","site-content-layout":"","ast-site-content-layout":"","site-content-style":"default","site-sidebar-style":"default","ast-global-header-display":"","ast-banner-title-visibility":"","ast-main-header-display":"","ast-hfb-above-header-display":"","ast-hfb-below-header-display":"","ast-hfb-mobile-header-display":"","site-post-title":"","ast-breadcrumbs-content":"","ast-featured-img":"","footer-sml-layout":"","theme-transparent-header-meta":"","adv-header-id-meta":"","stick-header-meta":"","header-above-stick-meta":"","header-main-stick-meta":"","header-below-stick-meta":"","astra-migrate-meta-layouts":"default","ast-page-background-enabled":"default","ast-page-background-meta":{"desktop":{"background-color":"var(--ast-global-color-5)","background-image":"","background-repeat":"repeat","background-position":"center center","background-size":"auto","background-attachment":"scroll","background-type":"","background-media":"","overlay-type":"","overlay-color":"","overlay-opacity":"","overlay-gradient":""},"tablet":{"background-color":"","background-image":"","background-repeat":"repeat","background-position":"center center","background-size":"auto","background-attachment":"scroll","background-type":"","background-media":"","overlay-type":"","overlay-color":"","overlay-opacity":"","overlay-gradient":""},"mobile":{"background-color":"","background-image":"","background-repeat":"repeat","background-position":"center center","background-size":"auto","background-attachment":"scroll","background-type":"","background-media":"","overlay-type":"","overlay-color":"","overlay-opacity":"","overlay-gradient":""}},"ast-content-background-meta":{"desktop":{"background-color":"var(--ast-global-color-4)","background-image":"","background-repeat":"repeat","background-position":"center center","background-size":"auto","background-attachment":"scroll","background-type":"","background-media":"","overlay-type":"","overlay-color":"","overlay-opacity":"","overlay-gradient":""},"tablet":{"background-color":"var(--ast-global-color-4)","background-image":"","background-repeat":"repeat","background-position":"center center","background-size":"auto","background-attachment":"scroll","background-type":"","background-media":"","overlay-type":"","overlay-color":"","overlay-opacity":"","overlay-gradient":""},"mobile":{"background-color":"var(--ast-global-color-4)","background-image":"","background-repeat":"repeat","background-position":"center center","background-size":"auto","background-attachment":"scroll","background-type":"","background-media":"","overlay-type":"","overlay-color":"","overlay-opacity":"","overlay-gradient":""}},"footnotes":""},"class_list":["post-254","page","type-page","status-publish","hentry"],"yoast_head":"<!-- This site is optimized with the Yoast SEO plugin v24.6 - https:\/\/yoast.com\/wordpress\/plugins\/seo\/ -->\n<title>Pol\u00edtica de Cookies -<\/title>\n<meta name=\"robots\" content=\"index, follow, max-snippet:-1, max-image-preview:large, max-video-preview:-1\" \/>\n<link rel=\"canonical\" href=\"https:\/\/www.seguroscred.com\/fi\/politica-de-cookies\/\" \/>\n<meta property=\"og:locale\" content=\"fi_FI\" \/>\n<meta property=\"og:type\" content=\"article\" \/>\n<meta property=\"og:title\" content=\"Pol\u00edtica de Cookies -\" \/>\n<meta property=\"og:description\" content=\"Quem Somos? O endere\u00e7o do nosso site \u00e9:\u00a0https:\/\/www.seguroscred.com Cookies N\u00f3s utilizamos cookies. Cookies s\u00e3o pequenos arquivos de textos simples que [&hellip;]\" \/>\n<meta property=\"og:url\" content=\"https:\/\/www.seguroscred.com\/fi\/politica-de-cookies\/\" \/>\n<meta name=\"twitter:card\" content=\"summary_large_image\" \/>\n<meta name=\"twitter:label1\" content=\"Arvioitu lukuaika\" \/>\n\t<meta name=\"twitter:data1\" content=\"3 minuuttia\" \/>\n<script type=\"application\/ld+json\" class=\"yoast-schema-graph\">{\"@context\":\"https:\/\/schema.org\",\"@graph\":[{\"@type\":\"WebPage\",\"@id\":\"https:\/\/www.seguroscred.com\/politica-de-cookies\/\",\"url\":\"https:\/\/www.seguroscred.com\/politica-de-cookies\/\",\"name\":\"Pol\u00edtica de Cookies -\",\"isPartOf\":{\"@id\":\"https:\/\/www.seguroscred.com\/#website\"},\"datePublished\":\"2024-02-05T18:04:47+00:00\",\"breadcrumb\":{\"@id\":\"https:\/\/www.seguroscred.com\/politica-de-cookies\/#breadcrumb\"},\"inLanguage\":\"fi\",\"potentialAction\":[{\"@type\":\"ReadAction\",\"target\":[\"https:\/\/www.seguroscred.com\/politica-de-cookies\/\"]}]},{\"@type\":\"BreadcrumbList\",\"@id\":\"https:\/\/www.seguroscred.com\/politica-de-cookies\/#breadcrumb\",\"itemListElement\":[{\"@type\":\"ListItem\",\"position\":1,\"name\":\"Home\",\"item\":\"https:\/\/www.seguroscred.com\/\"},{\"@type\":\"ListItem\",\"position\":2,\"name\":\"Pol\u00edtica de Cookies\"}]},{\"@type\":\"WebSite\",\"@id\":\"https:\/\/www.seguroscred.com\/#website\",\"url\":\"https:\/\/www.seguroscred.com\/\",\"name\":\"\",\"description\":\"\",\"potentialAction\":[{\"@type\":\"SearchAction\",\"target\":{\"@type\":\"EntryPoint\",\"urlTemplate\":\"https:\/\/www.seguroscred.com\/?s={search_term_string}\"},\"query-input\":{\"@type\":\"PropertyValueSpecification\",\"valueRequired\":true,\"valueName\":\"search_term_string\"}}],\"inLanguage\":\"fi\"}]}<\/script>\n<!-- \/ Yoast SEO plugin. -->","yoast_head_json":{"title":"Pol\u00edtica de Cookies -","robots":{"index":"index","follow":"follow","max-snippet":"max-snippet:-1","max-image-preview":"max-image-preview:large","max-video-preview":"max-video-preview:-1"},"canonical":"https:\/\/www.seguroscred.com\/fi\/politica-de-cookies\/","og_locale":"fi_FI","og_type":"article","og_title":"Pol\u00edtica de Cookies -","og_description":"Quem Somos? O endere\u00e7o do nosso site \u00e9:\u00a0https:\/\/www.seguroscred.com Cookies N\u00f3s utilizamos cookies. Cookies s\u00e3o pequenos arquivos de textos simples que [&hellip;]","og_url":"https:\/\/www.seguroscred.com\/fi\/politica-de-cookies\/","twitter_card":"summary_large_image","twitter_misc":{"Arvioitu lukuaika":"3 minuuttia"},"schema":{"@context":"https:\/\/schema.org","@graph":[{"@type":"WebPage","@id":"https:\/\/www.seguroscred.com\/politica-de-cookies\/","url":"https:\/\/www.seguroscred.com\/politica-de-cookies\/","name":"Pol\u00edtica de Cookies -","isPartOf":{"@id":"https:\/\/www.seguroscred.com\/#website"},"datePublished":"2024-02-05T18:04:47+00:00","breadcrumb":{"@id":"https:\/\/www.seguroscred.com\/politica-de-cookies\/#breadcrumb"},"inLanguage":"fi","potentialAction":[{"@type":"ReadAction","target":["https:\/\/www.seguroscred.com\/politica-de-cookies\/"]}]},{"@type":"BreadcrumbList","@id":"https:\/\/www.seguroscred.com\/politica-de-cookies\/#breadcrumb","itemListElement":[{"@type":"ListItem","position":1,"name":"Home","item":"https:\/\/www.seguroscred.com\/"},{"@type":"ListItem","position":2,"name":"Pol\u00edtica de Cookies"}]},{"@type":"WebSite","@id":"https:\/\/www.seguroscred.com\/#website","url":"https:\/\/www.seguroscred.com\/","name":"","description":"","potentialAction":[{"@type":"SearchAction","target":{"@type":"EntryPoint","urlTemplate":"https:\/\/www.seguroscred.com\/?s={search_term_string}"},"query-input":{"@type":"PropertyValueSpecification","valueRequired":true,"valueName":"search_term_string"}}],"inLanguage":"fi"}]}},"_links":{"self":[{"href":"https:\/\/www.seguroscred.com\/fi\/wp-json\/wp\/v2\/pages\/254","targetHints":{"allow":["GET"]}}],"collection":[{"href":"https:\/\/www.seguroscred.com\/fi\/wp-json\/wp\/v2\/pages"}],"about":[{"href":"https:\/\/www.seguroscred.com\/fi\/wp-json\/wp\/v2\/types\/page"}],"author":[{"embeddable":true,"href":"https:\/\/www.seguroscred.com\/fi\/wp-json\/wp\/v2\/users\/1"}],"replies":[{"embeddable":true,"href":"https:\/\/www.seguroscred.com\/fi\/wp-json\/wp\/v2\/comments?post=254"}],"version-history":[{"count":2,"href":"https:\/\/www.seguroscred.com\/fi\/wp-json\/wp\/v2\/pages\/254\/revisions"}],"predecessor-version":[{"id":256,"href":"https:\/\/www.seguroscred.com\/fi\/wp-json\/wp\/v2\/pages\/254\/revisions\/256"}],"wp:attachment":[{"href":"https:\/\/www.seguroscred.com\/fi\/wp-json\/wp\/v2\/media?parent=254"}],"curies":[{"name":"wp","href":"https:\/\/api.w.org\/{rel}","templated":true}]}}