{"id":134,"date":"2024-01-25T14:54:11","date_gmt":"2024-01-25T14:54:11","guid":{"rendered":"https:\/\/www.seguroscred.com\/?page_id=134"},"modified":"2024-01-25T14:54:29","modified_gmt":"2024-01-25T14:54:29","slug":"disclaimer","status":"publish","type":"page","link":"https:\/\/www.seguroscred.com\/fr\/disclaimer\/","title":{"rendered":"Clause de non-responsabilit\u00e9"},"content":{"rendered":"<p><strong>Avis:<\/strong> Nous ne demandons aucun montant d&#039;argent pour \u00e9mettre tout type de produit financier, qu&#039;il s&#039;agisse d&#039;une carte de cr\u00e9dit, d&#039;un financement ou d&#039;un pr\u00eat. Si cela se produit, veuillez nous en informer imm\u00e9diatement via le formulaire.<\/p>\n\n\n\n<p><strong>Remarques :<\/strong> Nous travaillons pour maintenir toutes les informations aussi \u00e0 jour que possible. Il est important de noter que ces informations peuvent diff\u00e9rer de celles trouv\u00e9es sur les sites Web des institutions financi\u00e8res ou des prestataires de services sur un site Web sp\u00e9cifique. Concernant les institutions avec lesquelles nous n&#039;avons pas de partenariats, tous les produits r\u00e9pertori\u00e9s sur ce site <a href=\"https:\/\/www.seguroscred.com\/fr\/\">https:\/\/www.seguroscred.com<\/a> nous ne garantissons pas que les informations soient \u00e0 jour. N&#039;oubliez pas de toujours lire les conditions d&#039;utilisation et les conditions d&#039;achat des institutions financi\u00e8res que vous choisissez.<\/p>\n\n\n\n<p><strong>Consid\u00e9rations :<\/strong> Nous nous effor\u00e7ons de maintenir toutes les informations \u00e0 jour et exactes. Ces informations peuvent diff\u00e9rer de celles que vous trouverez sur les sites Web des institutions financi\u00e8res, des prestataires de services ou des sites Web de produits sp\u00e9cifiques. Dans le cas d\u2019\u00e9tablissements non partenaires, tous les produits financiers sont pr\u00e9sent\u00e9s sans aucune garantie que les informations soient \u00e0 jour. Lisez toujours les conditions et modalit\u00e9s d\u2019achat des institutions financi\u00e8res avant de faire votre choix.<\/p>","protected":false},"excerpt":{"rendered":"<p>Avis : Nous ne demandons aucun montant d\u2019argent pour \u00e9mettre tout type de produit financier, qu\u2019il s\u2019agisse d\u2019une carte de cr\u00e9dit, d\u2019un financement ou [\u2026]<\/p>","protected":false},"author":1,"featured_media":0,"parent":0,"menu_order":0,"comment_status":"closed","ping_status":"closed","template":"","meta":{"site-sidebar-layout":"default","site-content-layout":"","ast-site-content-layout":"","site-content-style":"default","site-sidebar-style":"default","ast-global-header-display":"","ast-banner-title-visibility":"","ast-main-header-display":"","ast-hfb-above-header-display":"","ast-hfb-below-header-display":"","ast-hfb-mobile-header-display":"","site-post-title":"","ast-breadcrumbs-content":"","ast-featured-img":"","footer-sml-layout":"","theme-transparent-header-meta":"","adv-header-id-meta":"","stick-header-meta":"","header-above-stick-meta":"","header-main-stick-meta":"","header-below-stick-meta":"","astra-migrate-meta-layouts":"default","ast-page-background-enabled":"default","ast-page-background-meta":{"desktop":{"background-color":"var(--ast-global-color-5)","background-image":"","background-repeat":"repeat","background-position":"center center","background-size":"auto","background-attachment":"scroll","background-type":"","background-media":"","overlay-type":"","overlay-color":"","overlay-opacity":"","overlay-gradient":""},"tablet":{"background-color":"","background-image":"","background-repeat":"repeat","background-position":"center center","background-size":"auto","background-attachment":"scroll","background-type":"","background-media":"","overlay-type":"","overlay-color":"","overlay-opacity":"","overlay-gradient":""},"mobile":{"background-color":"","background-image":"","background-repeat":"repeat","background-position":"center center","background-size":"auto","background-attachment":"scroll","background-type":"","background-media":"","overlay-type":"","overlay-color":"","overlay-opacity":"","overlay-gradient":""}},"ast-content-background-meta":{"desktop":{"background-color":"var(--ast-global-color-4)","background-image":"","background-repeat":"repeat","background-position":"center center","background-size":"auto","background-attachment":"scroll","background-type":"","background-media":"","overlay-type":"","overlay-color":"","overlay-opacity":"","overlay-gradient":""},"tablet":{"background-color":"var(--ast-global-color-4)","background-image":"","background-repeat":"repeat","background-position":"center center","background-size":"auto","background-attachment":"scroll","background-type":"","background-media":"","overlay-type":"","overlay-color":"","overlay-opacity":"","overlay-gradient":""},"mobile":{"background-color":"var(--ast-global-color-4)","background-image":"","background-repeat":"repeat","background-position":"center center","background-size":"auto","background-attachment":"scroll","background-type":"","background-media":"","overlay-type":"","overlay-color":"","overlay-opacity":"","overlay-gradient":""}},"footnotes":""},"class_list":["post-134","page","type-page","status-publish","hentry"],"yoast_head":"<!-- This site is optimized with the Yoast SEO plugin v24.6 - https:\/\/yoast.com\/wordpress\/plugins\/seo\/ -->\n<title>Disclaimer -<\/title>\n<meta name=\"robots\" content=\"index, follow, max-snippet:-1, max-image-preview:large, max-video-preview:-1\" \/>\n<link rel=\"canonical\" href=\"https:\/\/www.seguroscred.com\/fr\/disclaimer\/\" \/>\n<meta property=\"og:locale\" content=\"fr_FR\" \/>\n<meta property=\"og:type\" content=\"article\" \/>\n<meta property=\"og:title\" content=\"Disclaimer -\" \/>\n<meta property=\"og:description\" content=\"Aviso: N\u00e3o solicitamos qualquer quantia em dinheiro para liberar qualquer tipo de produto financeiro, seja cart\u00e3o de cr\u00e9dito, financiamento ou [&hellip;]\" \/>\n<meta property=\"og:url\" content=\"https:\/\/www.seguroscred.com\/fr\/disclaimer\/\" \/>\n<meta property=\"article:modified_time\" content=\"2024-01-25T14:54:29+00:00\" \/>\n<meta name=\"twitter:card\" content=\"summary_large_image\" \/>\n<meta name=\"twitter:label1\" content=\"Dur\u00e9e de lecture estim\u00e9e\" \/>\n\t<meta name=\"twitter:data1\" content=\"1 minute\" \/>\n<script type=\"application\/ld+json\" class=\"yoast-schema-graph\">{\"@context\":\"https:\/\/schema.org\",\"@graph\":[{\"@type\":\"WebPage\",\"@id\":\"https:\/\/www.seguroscred.com\/disclaimer\/\",\"url\":\"https:\/\/www.seguroscred.com\/disclaimer\/\",\"name\":\"Disclaimer -\",\"isPartOf\":{\"@id\":\"https:\/\/www.seguroscred.com\/#website\"},\"datePublished\":\"2024-01-25T14:54:11+00:00\",\"dateModified\":\"2024-01-25T14:54:29+00:00\",\"breadcrumb\":{\"@id\":\"https:\/\/www.seguroscred.com\/disclaimer\/#breadcrumb\"},\"inLanguage\":\"fr-FR\",\"potentialAction\":[{\"@type\":\"ReadAction\",\"target\":[\"https:\/\/www.seguroscred.com\/disclaimer\/\"]}]},{\"@type\":\"BreadcrumbList\",\"@id\":\"https:\/\/www.seguroscred.com\/disclaimer\/#breadcrumb\",\"itemListElement\":[{\"@type\":\"ListItem\",\"position\":1,\"name\":\"Home\",\"item\":\"https:\/\/www.seguroscred.com\/\"},{\"@type\":\"ListItem\",\"position\":2,\"name\":\"Disclaimer\"}]},{\"@type\":\"WebSite\",\"@id\":\"https:\/\/www.seguroscred.com\/#website\",\"url\":\"https:\/\/www.seguroscred.com\/\",\"name\":\"\",\"description\":\"\",\"potentialAction\":[{\"@type\":\"SearchAction\",\"target\":{\"@type\":\"EntryPoint\",\"urlTemplate\":\"https:\/\/www.seguroscred.com\/?s={search_term_string}\"},\"query-input\":{\"@type\":\"PropertyValueSpecification\",\"valueRequired\":true,\"valueName\":\"search_term_string\"}}],\"inLanguage\":\"fr-FR\"}]}<\/script>\n<!-- \/ Yoast SEO plugin. -->","yoast_head_json":{"title":"Disclaimer -","robots":{"index":"index","follow":"follow","max-snippet":"max-snippet:-1","max-image-preview":"max-image-preview:large","max-video-preview":"max-video-preview:-1"},"canonical":"https:\/\/www.seguroscred.com\/fr\/disclaimer\/","og_locale":"fr_FR","og_type":"article","og_title":"Disclaimer -","og_description":"Aviso: N\u00e3o solicitamos qualquer quantia em dinheiro para liberar qualquer tipo de produto financeiro, seja cart\u00e3o de cr\u00e9dito, financiamento ou [&hellip;]","og_url":"https:\/\/www.seguroscred.com\/fr\/disclaimer\/","article_modified_time":"2024-01-25T14:54:29+00:00","twitter_card":"summary_large_image","twitter_misc":{"Dur\u00e9e de lecture estim\u00e9e":"1 minute"},"schema":{"@context":"https:\/\/schema.org","@graph":[{"@type":"WebPage","@id":"https:\/\/www.seguroscred.com\/disclaimer\/","url":"https:\/\/www.seguroscred.com\/disclaimer\/","name":"Disclaimer -","isPartOf":{"@id":"https:\/\/www.seguroscred.com\/#website"},"datePublished":"2024-01-25T14:54:11+00:00","dateModified":"2024-01-25T14:54:29+00:00","breadcrumb":{"@id":"https:\/\/www.seguroscred.com\/disclaimer\/#breadcrumb"},"inLanguage":"fr-FR","potentialAction":[{"@type":"ReadAction","target":["https:\/\/www.seguroscred.com\/disclaimer\/"]}]},{"@type":"BreadcrumbList","@id":"https:\/\/www.seguroscred.com\/disclaimer\/#breadcrumb","itemListElement":[{"@type":"ListItem","position":1,"name":"Home","item":"https:\/\/www.seguroscred.com\/"},{"@type":"ListItem","position":2,"name":"Disclaimer"}]},{"@type":"WebSite","@id":"https:\/\/www.seguroscred.com\/#website","url":"https:\/\/www.seguroscred.com\/","name":"","description":"","potentialAction":[{"@type":"SearchAction","target":{"@type":"EntryPoint","urlTemplate":"https:\/\/www.seguroscred.com\/?s={search_term_string}"},"query-input":{"@type":"PropertyValueSpecification","valueRequired":true,"valueName":"search_term_string"}}],"inLanguage":"fr-FR"}]}},"_links":{"self":[{"href":"https:\/\/www.seguroscred.com\/fr\/wp-json\/wp\/v2\/pages\/134","targetHints":{"allow":["GET"]}}],"collection":[{"href":"https:\/\/www.seguroscred.com\/fr\/wp-json\/wp\/v2\/pages"}],"about":[{"href":"https:\/\/www.seguroscred.com\/fr\/wp-json\/wp\/v2\/types\/page"}],"author":[{"embeddable":true,"href":"https:\/\/www.seguroscred.com\/fr\/wp-json\/wp\/v2\/users\/1"}],"replies":[{"embeddable":true,"href":"https:\/\/www.seguroscred.com\/fr\/wp-json\/wp\/v2\/comments?post=134"}],"version-history":[{"count":3,"href":"https:\/\/www.seguroscred.com\/fr\/wp-json\/wp\/v2\/pages\/134\/revisions"}],"predecessor-version":[{"id":137,"href":"https:\/\/www.seguroscred.com\/fr\/wp-json\/wp\/v2\/pages\/134\/revisions\/137"}],"wp:attachment":[{"href":"https:\/\/www.seguroscred.com\/fr\/wp-json\/wp\/v2\/media?parent=134"}],"curies":[{"name":"wp","href":"https:\/\/api.w.org\/{rel}","templated":true}]}}