{"id":254,"date":"2024-02-05T18:04:47","date_gmt":"2024-02-05T18:04:47","guid":{"rendered":"https:\/\/www.seguroscred.com\/?page_id=254"},"modified":"2024-02-05T18:04:47","modified_gmt":"2024-02-05T18:04:47","slug":"politica-de-cookies","status":"publish","type":"page","link":"https:\/\/www.seguroscred.com\/fr\/politica-de-cookies\/","title":{"rendered":"Politique de cookies"},"content":{"rendered":"<h2 class=\"wp-block-heading\">Qui sommes-nous ?<\/h2>\n\n\n\n<p>L&#039;adresse de notre site Web est :\u00a0<a href=\"https:\/\/www.seguroscred.com\/fr\/\">https:\/\/www.seguroscred.com<\/a><\/p>\n\n\n\n<h2 class=\"wp-block-heading\">Cookies<\/h2>\n\n\n\n<p>Nous utilisons des cookies.<\/p>\n\n\n\n<p>Les cookies sont de petits fichiers texte simples que les sites Web stockent dans votre navigateur pour enregistrer vos pr\u00e9f\u00e9rences et param\u00e8tres. Par exemple, lorsque vous acc\u00e9dez pour la premi\u00e8re fois \u00e0 un site Web qui utilise des cookies, ce site Web envoie un fichier texte avec vos pr\u00e9f\u00e9rences \u00e0 votre navigateur, telles que : la r\u00e9gion \u00e0 partir de laquelle vous acc\u00e9dez, votre adresse e-mail, la langue choisie, les couleurs, les produits que vous pourriez aimer en fonction de vos recherches, etc. Lorsque vous acc\u00e9derez \u00e0 nouveau au site, votre navigateur enverra ce fichier au site, de cette fa\u00e7on vos param\u00e8tres et pr\u00e9f\u00e9rences seront appliqu\u00e9s automatiquement sans que vous ayez \u00e0 tout configurer \u00e0 nouveau (sauf si vous le souhaitez).<\/p>\n\n\n\n<p>Lorsque vous laissez un commentaire sur le site, vous pouvez choisir d\u2019enregistrer votre nom, votre adresse de messagerie et votre site web dans des cookies. Ceci est pour votre commodit\u00e9 afin que vous n&#039;ayez pas \u00e0 remplir \u00e0 nouveau vos coordonn\u00e9es lorsque vous laissez un autre commentaire. Ces cookies durent un an.<\/p>\n\n\n\n<p>Si vous avez un compte et que vous vous connectez sur ce site, nous installerons un cookie temporaire pour d\u00e9terminer si votre navigateur accepte les cookies. Il ne contient aucune donn\u00e9e personnelle et sera supprim\u00e9 lorsque vous fermerez votre navigateur.<\/p>\n\n\n\n<p><strong>Types de cookies que nous utilisons<\/strong><\/p>\n\n\n\n<p><strong>Essentiel:<\/strong>&nbsp;Certains cookies sont essentiels pour que vous puissiez profiter de toutes les fonctionnalit\u00e9s de notre site. Ils nous permettent de maintenir les sessions utilisateurs et de pr\u00e9venir toute menace de s\u00e9curit\u00e9. Ils ne collectent ni ne stockent aucune information personnelle.<\/p>\n\n\n\n<p><strong>Statistiques:<\/strong>&nbsp;Ces cookies stockent des informations telles que le nombre de visiteurs sur le site Web, le nombre de visiteurs uniques, les pages du site Web qui ont \u00e9t\u00e9 visit\u00e9es, la source de la visite, etc. Ces donn\u00e9es nous aident \u00e0 comprendre et \u00e0 analyser les performances du site Web et les domaines dans lesquels des am\u00e9liorations sont n\u00e9cessaires. Nous utilisons le cookie Google pour g\u00e9n\u00e9rer ces rapports dans Google Analytics.<\/p>\n\n\n\n<p><strong>Commercialisation:<\/strong>&nbsp;Notre site Web affiche des publicit\u00e9s. Ces cookies sont utilis\u00e9s pour personnaliser les publicit\u00e9s que nous vous montrons afin qu&#039;elles soient significatives pour vous. Ces cookies nous aident \u00e9galement \u00e0 suivre l&#039;efficacit\u00e9 de ces campagnes publicitaires.<\/p>\n\n\n\n<p>Les informations stock\u00e9es dans ces cookies peuvent \u00e9galement \u00eatre utilis\u00e9es par des fournisseurs de publicit\u00e9 tiers pour vous montrer des publicit\u00e9s sur d&#039;autres sites Web sur le navigateur.<\/p>\n\n\n\n<p><strong>Fonctionnel:<\/strong>&nbsp;ce sont les cookies qui aident certaines fonctionnalit\u00e9s non essentielles de notre site Web. Ces fonctionnalit\u00e9s incluent l\u2019int\u00e9gration de contenu tel que des vid\u00e9os ou le partage de contenu sur le site Web sur les plateformes de m\u00e9dias sociaux.<\/p>","protected":false},"excerpt":{"rendered":"<p>Qui sommes-nous ? L&#039;adresse de notre site web est : https:\/\/www.seguroscred.com Cookies Nous utilisons des cookies. Ce sont de petits fichiers texte qui [\u2026]<\/p>","protected":false},"author":1,"featured_media":0,"parent":0,"menu_order":0,"comment_status":"closed","ping_status":"closed","template":"","meta":{"site-sidebar-layout":"default","site-content-layout":"","ast-site-content-layout":"","site-content-style":"default","site-sidebar-style":"default","ast-global-header-display":"","ast-banner-title-visibility":"","ast-main-header-display":"","ast-hfb-above-header-display":"","ast-hfb-below-header-display":"","ast-hfb-mobile-header-display":"","site-post-title":"","ast-breadcrumbs-content":"","ast-featured-img":"","footer-sml-layout":"","theme-transparent-header-meta":"","adv-header-id-meta":"","stick-header-meta":"","header-above-stick-meta":"","header-main-stick-meta":"","header-below-stick-meta":"","astra-migrate-meta-layouts":"default","ast-page-background-enabled":"default","ast-page-background-meta":{"desktop":{"background-color":"var(--ast-global-color-5)","background-image":"","background-repeat":"repeat","background-position":"center center","background-size":"auto","background-attachment":"scroll","background-type":"","background-media":"","overlay-type":"","overlay-color":"","overlay-opacity":"","overlay-gradient":""},"tablet":{"background-color":"","background-image":"","background-repeat":"repeat","background-position":"center center","background-size":"auto","background-attachment":"scroll","background-type":"","background-media":"","overlay-type":"","overlay-color":"","overlay-opacity":"","overlay-gradient":""},"mobile":{"background-color":"","background-image":"","background-repeat":"repeat","background-position":"center center","background-size":"auto","background-attachment":"scroll","background-type":"","background-media":"","overlay-type":"","overlay-color":"","overlay-opacity":"","overlay-gradient":""}},"ast-content-background-meta":{"desktop":{"background-color":"var(--ast-global-color-4)","background-image":"","background-repeat":"repeat","background-position":"center center","background-size":"auto","background-attachment":"scroll","background-type":"","background-media":"","overlay-type":"","overlay-color":"","overlay-opacity":"","overlay-gradient":""},"tablet":{"background-color":"var(--ast-global-color-4)","background-image":"","background-repeat":"repeat","background-position":"center center","background-size":"auto","background-attachment":"scroll","background-type":"","background-media":"","overlay-type":"","overlay-color":"","overlay-opacity":"","overlay-gradient":""},"mobile":{"background-color":"var(--ast-global-color-4)","background-image":"","background-repeat":"repeat","background-position":"center center","background-size":"auto","background-attachment":"scroll","background-type":"","background-media":"","overlay-type":"","overlay-color":"","overlay-opacity":"","overlay-gradient":""}},"footnotes":""},"class_list":["post-254","page","type-page","status-publish","hentry"],"yoast_head":"<!-- This site is optimized with the Yoast SEO plugin v24.6 - https:\/\/yoast.com\/wordpress\/plugins\/seo\/ -->\n<title>Pol\u00edtica de Cookies -<\/title>\n<meta name=\"robots\" content=\"index, follow, max-snippet:-1, max-image-preview:large, max-video-preview:-1\" \/>\n<link rel=\"canonical\" href=\"https:\/\/www.seguroscred.com\/fr\/politica-de-cookies\/\" \/>\n<meta property=\"og:locale\" content=\"fr_FR\" \/>\n<meta property=\"og:type\" content=\"article\" \/>\n<meta property=\"og:title\" content=\"Pol\u00edtica de Cookies -\" \/>\n<meta property=\"og:description\" content=\"Quem Somos? O endere\u00e7o do nosso site \u00e9:\u00a0https:\/\/www.seguroscred.com Cookies N\u00f3s utilizamos cookies. Cookies s\u00e3o pequenos arquivos de textos simples que [&hellip;]\" \/>\n<meta property=\"og:url\" content=\"https:\/\/www.seguroscred.com\/fr\/politica-de-cookies\/\" \/>\n<meta name=\"twitter:card\" content=\"summary_large_image\" \/>\n<meta name=\"twitter:label1\" content=\"Dur\u00e9e de lecture estim\u00e9e\" \/>\n\t<meta name=\"twitter:data1\" content=\"3 minutes\" \/>\n<script type=\"application\/ld+json\" class=\"yoast-schema-graph\">{\"@context\":\"https:\/\/schema.org\",\"@graph\":[{\"@type\":\"WebPage\",\"@id\":\"https:\/\/www.seguroscred.com\/politica-de-cookies\/\",\"url\":\"https:\/\/www.seguroscred.com\/politica-de-cookies\/\",\"name\":\"Pol\u00edtica de Cookies -\",\"isPartOf\":{\"@id\":\"https:\/\/www.seguroscred.com\/#website\"},\"datePublished\":\"2024-02-05T18:04:47+00:00\",\"breadcrumb\":{\"@id\":\"https:\/\/www.seguroscred.com\/politica-de-cookies\/#breadcrumb\"},\"inLanguage\":\"fr-FR\",\"potentialAction\":[{\"@type\":\"ReadAction\",\"target\":[\"https:\/\/www.seguroscred.com\/politica-de-cookies\/\"]}]},{\"@type\":\"BreadcrumbList\",\"@id\":\"https:\/\/www.seguroscred.com\/politica-de-cookies\/#breadcrumb\",\"itemListElement\":[{\"@type\":\"ListItem\",\"position\":1,\"name\":\"Home\",\"item\":\"https:\/\/www.seguroscred.com\/\"},{\"@type\":\"ListItem\",\"position\":2,\"name\":\"Pol\u00edtica de Cookies\"}]},{\"@type\":\"WebSite\",\"@id\":\"https:\/\/www.seguroscred.com\/#website\",\"url\":\"https:\/\/www.seguroscred.com\/\",\"name\":\"\",\"description\":\"\",\"potentialAction\":[{\"@type\":\"SearchAction\",\"target\":{\"@type\":\"EntryPoint\",\"urlTemplate\":\"https:\/\/www.seguroscred.com\/?s={search_term_string}\"},\"query-input\":{\"@type\":\"PropertyValueSpecification\",\"valueRequired\":true,\"valueName\":\"search_term_string\"}}],\"inLanguage\":\"fr-FR\"}]}<\/script>\n<!-- \/ Yoast SEO plugin. -->","yoast_head_json":{"title":"Pol\u00edtica de Cookies -","robots":{"index":"index","follow":"follow","max-snippet":"max-snippet:-1","max-image-preview":"max-image-preview:large","max-video-preview":"max-video-preview:-1"},"canonical":"https:\/\/www.seguroscred.com\/fr\/politica-de-cookies\/","og_locale":"fr_FR","og_type":"article","og_title":"Pol\u00edtica de Cookies -","og_description":"Quem Somos? O endere\u00e7o do nosso site \u00e9:\u00a0https:\/\/www.seguroscred.com Cookies N\u00f3s utilizamos cookies. Cookies s\u00e3o pequenos arquivos de textos simples que [&hellip;]","og_url":"https:\/\/www.seguroscred.com\/fr\/politica-de-cookies\/","twitter_card":"summary_large_image","twitter_misc":{"Dur\u00e9e de lecture estim\u00e9e":"3 minutes"},"schema":{"@context":"https:\/\/schema.org","@graph":[{"@type":"WebPage","@id":"https:\/\/www.seguroscred.com\/politica-de-cookies\/","url":"https:\/\/www.seguroscred.com\/politica-de-cookies\/","name":"Pol\u00edtica de Cookies -","isPartOf":{"@id":"https:\/\/www.seguroscred.com\/#website"},"datePublished":"2024-02-05T18:04:47+00:00","breadcrumb":{"@id":"https:\/\/www.seguroscred.com\/politica-de-cookies\/#breadcrumb"},"inLanguage":"fr-FR","potentialAction":[{"@type":"ReadAction","target":["https:\/\/www.seguroscred.com\/politica-de-cookies\/"]}]},{"@type":"BreadcrumbList","@id":"https:\/\/www.seguroscred.com\/politica-de-cookies\/#breadcrumb","itemListElement":[{"@type":"ListItem","position":1,"name":"Home","item":"https:\/\/www.seguroscred.com\/"},{"@type":"ListItem","position":2,"name":"Pol\u00edtica de Cookies"}]},{"@type":"WebSite","@id":"https:\/\/www.seguroscred.com\/#website","url":"https:\/\/www.seguroscred.com\/","name":"","description":"","potentialAction":[{"@type":"SearchAction","target":{"@type":"EntryPoint","urlTemplate":"https:\/\/www.seguroscred.com\/?s={search_term_string}"},"query-input":{"@type":"PropertyValueSpecification","valueRequired":true,"valueName":"search_term_string"}}],"inLanguage":"fr-FR"}]}},"_links":{"self":[{"href":"https:\/\/www.seguroscred.com\/fr\/wp-json\/wp\/v2\/pages\/254","targetHints":{"allow":["GET"]}}],"collection":[{"href":"https:\/\/www.seguroscred.com\/fr\/wp-json\/wp\/v2\/pages"}],"about":[{"href":"https:\/\/www.seguroscred.com\/fr\/wp-json\/wp\/v2\/types\/page"}],"author":[{"embeddable":true,"href":"https:\/\/www.seguroscred.com\/fr\/wp-json\/wp\/v2\/users\/1"}],"replies":[{"embeddable":true,"href":"https:\/\/www.seguroscred.com\/fr\/wp-json\/wp\/v2\/comments?post=254"}],"version-history":[{"count":2,"href":"https:\/\/www.seguroscred.com\/fr\/wp-json\/wp\/v2\/pages\/254\/revisions"}],"predecessor-version":[{"id":256,"href":"https:\/\/www.seguroscred.com\/fr\/wp-json\/wp\/v2\/pages\/254\/revisions\/256"}],"wp:attachment":[{"href":"https:\/\/www.seguroscred.com\/fr\/wp-json\/wp\/v2\/media?parent=254"}],"curies":[{"name":"wp","href":"https:\/\/api.w.org\/{rel}","templated":true}]}}