{"id":238,"date":"2024-02-05T17:47:09","date_gmt":"2024-02-05T17:47:09","guid":{"rendered":"https:\/\/www.seguroscred.com\/?page_id=238"},"modified":"2024-02-05T17:54:34","modified_gmt":"2024-02-05T17:54:34","slug":"politica-de-privacidade","status":"publish","type":"page","link":"https:\/\/www.seguroscred.com\/hu\/politica-de-privacidade\/","title":{"rendered":"Adatv\u00e9delmi szab\u00e1lyzat"},"content":{"rendered":"<h2><span style=\"color: rgb(68, 68, 68);\">Adatv\u00e9delmi szab\u00e1lyzat<\/span><\/h2><p><span style=\"color: rgb(68, 68, 68);\">Az \u00d6n adatainak v\u00e9delme fontos sz\u00e1munkra. A SegurosCred szab\u00e1lyzata szerint tiszteletben tartja az \u00d6n szem\u00e9lyes adatait minden olyan inform\u00e1ci\u00f3 tekintet\u00e9ben, amelyet \u00d6nt\u0151l gy\u0171jthet\u00fcnk a webhelyen. <a href=\"\/hu\/SegurosCred.com\/\">SegurosCred<\/a>, valamint a tulajdonunkban l\u00e9v\u0151 \u00e9s \u00e1ltalunk m\u0171k\u00f6dtetett egy\u00e9b webhelyek.<\/span><\/p><p><span style=\"color: rgb(68, 68, 68);\">Csak akkor k\u00e9r\u00fcnk szem\u00e9lyes adatokat, ha val\u00f3ban sz\u00fcks\u00e9g\u00fcnk van r\u00e1juk ahhoz, hogy szolg\u00e1ltat\u00e1st ny\u00fajthassunk \u00d6nnek. Ezt tisztess\u00e9ges \u00e9s t\u00f6rv\u00e9nyes eszk\u00f6z\u00f6kkel, az \u00d6n tudt\u00e1val \u00e9s beleegyez\u00e9s\u00e9vel tessz\u00fck. Azt is tudatjuk, hogy mi\u00e9rt gy\u0171jtj\u00fck \u00e9s hogyan fogjuk felhaszn\u00e1lni.<\/span><\/p><p><span style=\"color: rgb(68, 68, 68);\">Az \u00f6sszegy\u0171jt\u00f6tt inform\u00e1ci\u00f3kat csak addig \u0151rizz\u00fck meg, ameddig sz\u00fcks\u00e9ges ahhoz, hogy az \u00d6n \u00e1ltal k\u00e9rt szolg\u00e1ltat\u00e1st ny\u00fajthassuk. Az \u00e1ltalunk t\u00e1rolt adatokat kereskedelmileg elfogadhat\u00f3 m\u00f3don v\u00e9dj\u00fck az elveszt\u00e9s \u00e9s ellop\u00e1s, valamint a jogosulatlan hozz\u00e1f\u00e9r\u00e9s, nyilv\u00e1noss\u00e1gra hozatal, m\u00e1sol\u00e1s, felhaszn\u00e1l\u00e1s vagy m\u00f3dos\u00edt\u00e1s megel\u0151z\u00e9se \u00e9rdek\u00e9ben.<\/span><\/p><p><span style=\"color: rgb(68, 68, 68);\">Nem osztunk meg semmilyen szem\u00e9lyazonos\u00edt\u00e1sra alkalmas inform\u00e1ci\u00f3t nyilv\u00e1nosan vagy harmadik felekkel, kiv\u00e9ve, ha azt t\u00f6rv\u00e9ny \u00edrja el\u0151.<\/span><\/p><p><span style=\"color: rgb(68, 68, 68);\">Weboldalunk olyan k\u00fcls\u0151 webhelyekre mutat\u00f3 hivatkoz\u00e1sokat tartalmazhat, amelyeket nem mi \u00fczemeltet\u00fcnk. K\u00e9rj\u00fck, vegye figyelembe, hogy nincs befoly\u00e1sunk ezeknek a webhelyeknek a tartalm\u00e1ra \u00e9s gyakorlat\u00e1ra, \u00e9s nem v\u00e1llalhatunk felel\u0151ss\u00e9get azok\u00e9rt&nbsp;<\/span><a href=\"https:\/\/politicaprivacidade.com\/\" rel=\"noopener noreferrer\" target=\"_blank\" style=\"background-color: transparent; color: rgb(68, 68, 68);\">adatv\u00e9delmi szab\u00e1lyzatok<\/a><span style=\"color: rgb(68, 68, 68);\">.<\/span><\/p><p><span style=\"color: rgb(68, 68, 68);\">\u00d6n szabadon visszautas\u00edthatja szem\u00e9lyes adataira vonatkoz\u00f3 k\u00e9r\u00e9s\u00fcnket, azzal a tudattal, hogy el\u0151fordulhat, hogy nem tudjuk biztos\u00edtani az \u00d6n \u00e1ltal k\u00edv\u00e1nt szolg\u00e1ltat\u00e1sok egy r\u00e9sz\u00e9t.<\/span><\/p><p><span style=\"color: rgb(68, 68, 68);\">Weboldalunk tov\u00e1bbi haszn\u00e1lata az adatv\u00e9delemmel \u00e9s szem\u00e9lyes adatokkal kapcsolatos gyakorlatunk elfogad\u00e1s\u00e1nak min\u0151s\u00fcl. Ha b\u00e1rmilyen k\u00e9rd\u00e9se van a felhaszn\u00e1l\u00f3i adatok \u00e9s szem\u00e9lyes adatok kezel\u00e9s\u00e9vel kapcsolatban, k\u00e9rj\u00fck, l\u00e9pjen kapcsolatba vel\u00fcnk.<\/span><\/p><p><span style=\"color: rgb(68, 68, 68);\"><ul><li><span style=\"color: rgb(68, 68, 68);\">A hirdet\u00e9sek megjelen\u00edt\u00e9s\u00e9re haszn\u00e1lt Google AdSense szolg\u00e1ltat\u00e1s DoubleClick cookie-t haszn\u00e1l, hogy relev\u00e1nsabb hirdet\u00e9seket jelen\u00edtsen meg az interneten, \u00e9s korl\u00e1tozza, hogy egy adott hirdet\u00e9s h\u00e1nyszor jelenjen meg \u00d6nnek.<\/span><\/li><li><span style=\"color: rgb(68, 68, 68);\">A Google AdSense szolg\u00e1ltat\u00e1ssal kapcsolatos tov\u00e1bbi inform\u00e1ci\u00f3k\u00e9rt tekintse meg a hivatalos Google AdSense adatv\u00e9delmi GYIK-et.<\/span><\/li><li><span style=\"color: rgb(68, 68, 68);\">Hirdet\u00e9sekkel ellens\u00falyozzuk a webhely \u00fczemeltet\u00e9si k\u00f6lts\u00e9geit, \u00e9s finansz\u00edroz\u00e1st biztos\u00edtunk a j\u00f6v\u0151beni fejleszt\u00e9sekhez. Az ezen az oldalon haszn\u00e1lt viselked\u00e9salap\u00fa hirdet\u00e9si cookie-k c\u00e9lja annak biztos\u00edt\u00e1sa, hogy lehet\u0151s\u00e9g szerint a legrelev\u00e1nsabb hirdet\u00e9seket biztos\u00edtsuk az \u00d6n \u00e9rdekl\u0151d\u00e9si k\u00f6r\u00e9nek anonim nyomon k\u00f6vet\u00e9s\u00e9vel \u00e9s hasonl\u00f3 \u00e9rdekess\u00e9gek bemutat\u00e1s\u00e1val.<\/span><\/li><li><span style=\"color: rgb(68, 68, 68);\">Sz\u00e1mos partner hirdet a nev\u00fcnkben, \u00e9s a kapcsolt v\u00e1llalkoz\u00e1sok nyomk\u00f6vet\u0151 s\u00fctijei egyszer\u0171en lehet\u0151v\u00e9 teszik sz\u00e1munkra, hogy megn\u00e9zz\u00fck, \u00fcgyfeleink valamelyik partneroldalunkon kereszt\u00fcl \u00e9rkeztek-e az oldalra, \u00edgy megfelel\u0151en j\u00f3v\u00e1\u00edrhatjuk \u0151ket, \u00e9s adott esetben lehet\u0151v\u00e9 tessz\u00fck kapcsolt partnereink sz\u00e1m\u00e1ra, hogy b\u00e1rmilyen b\u00f3nuszt biztos\u00edtsanak \u00d6nnek a v\u00e1s\u00e1rl\u00e1shoz.<\/span><\/li><\/ul><p><br><\/p><\/span><\/p><h3><span style=\"color: rgb(68, 68, 68);\">Felhaszn\u00e1l\u00f3i k\u00f6telezetts\u00e9gv\u00e1llal\u00e1s<\/span><\/h3><p><span style=\"color: rgb(68, 68, 68);\">A felhaszn\u00e1l\u00f3 v\u00e1llalja, hogy megfelel\u0151en haszn\u00e1lja a SegurosCred \u00e1ltal a weboldalon k\u00edn\u00e1lt tartalmat \u00e9s inform\u00e1ci\u00f3kat, \u00e9s p\u00e9ld\u00e1ul, de nem kiz\u00e1r\u00f3lagosan:<\/span><\/p><ul><li><span style=\"color: rgb(68, 68, 68);\">A) Tilos olyan tev\u00e9kenys\u00e9get folytatni, amely illeg\u00e1lis vagy ellent\u00e9tes a j\u00f3hiszem\u0171s\u00e9ggel \u00e9s a k\u00f6zrenddel;<\/span><\/li><li><span style=\"color: rgb(68, 68, 68);\">B) Ne terjesszen propagand\u00e1t vagy rasszista, idegengy\u0171l\u00f6l\u0151 jelleg\u0171 tartalmat, <\/span><span style=\"color: rgb(33, 37, 41);\"><a href='https:\/\/betnacionalbrasil.br.com' style='color:inherit !important; text-decoration: none !important; font-size: inherit !important;'>Nemzeti fogad\u00e1s<\/a><\/span><span style=\"color: rgb(68, 68, 68);\"> vagy balszerencse, b\u00e1rmilyen t\u00edpus\u00fa illeg\u00e1lis pornogr\u00e1fia, a terrorizmus t\u00e1mogat\u00e1s\u00e1ra vagy az emberi jogok ellen;<\/span><\/li><li><span style=\"color: rgb(68, 68, 68);\">C) Nem okoz k\u00e1rt a SegurosCred, besz\u00e1ll\u00edt\u00f3i vagy harmadik felek fizikai (hardver) \u00e9s logikai (szoftver) rendszereiben, nem hoz l\u00e9tre vagy terjeszt sz\u00e1m\u00edt\u00f3g\u00e9pes v\u00edrusokat vagy b\u00e1rmilyen m\u00e1s hardver- vagy szoftverrendszert, amely k\u00e9pes a fent eml\u00edtett k\u00e1rokat okozni.<\/span><\/li><\/ul><h3><span style=\"color: rgb(68, 68, 68);\">Tov\u00e1bbi inform\u00e1ci\u00f3<\/span><\/h3><p><span style=\"color: rgb(68, 68, 68);\">Rem\u00e9lhet\u0151leg ez tiszt\u00e1zta a dolgokat, \u00e9s amint azt kor\u00e1bban eml\u00edtett\u00fck, ha nem biztos abban, hogy sz\u00fcks\u00e9ge van-e vagy sem, \u00e1ltal\u00e1ban biztons\u00e1gosabb enged\u00e9lyezni a cookie-kat arra az esetre, ha azok k\u00f6lcs\u00f6nhat\u00e1sba l\u00e9pnek az oldalunkon haszn\u00e1lt funkci\u00f3k valamelyik\u00e9vel.<\/span><\/p><p><span style=\"color: rgb(68, 68, 68);\">Ez a szab\u00e1lyzat 2024. febru\u00e1r 5-\u00e9n 17:52-t\u0151l hat\u00e1lyos<\/span><\/p>","protected":false},"excerpt":{"rendered":"<p>Adatv\u00e9delmi ir\u00e1nyelvek Az \u00d6n adatainak v\u00e9delme fontos sz\u00e1munkra. A SegurosCred szab\u00e1lyzata szerint tiszteletben tartjuk az \u00d6n adatainak v\u00e9delm\u00e9t a [\u2026]<\/p>","protected":false},"author":1,"featured_media":0,"parent":0,"menu_order":0,"comment_status":"closed","ping_status":"closed","template":"","meta":{"site-sidebar-layout":"default","site-content-layout":"","ast-site-content-layout":"","site-content-style":"default","site-sidebar-style":"default","ast-global-header-display":"","ast-banner-title-visibility":"","ast-main-header-display":"","ast-hfb-above-header-display":"","ast-hfb-below-header-display":"","ast-hfb-mobile-header-display":"","site-post-title":"","ast-breadcrumbs-content":"","ast-featured-img":"","footer-sml-layout":"","theme-transparent-header-meta":"","adv-header-id-meta":"","stick-header-meta":"","header-above-stick-meta":"","header-main-stick-meta":"","header-below-stick-meta":"","astra-migrate-meta-layouts":"default","ast-page-background-enabled":"default","ast-page-background-meta":{"desktop":{"background-color":"var(--ast-global-color-5)","background-image":"","background-repeat":"repeat","background-position":"center center","background-size":"auto","background-attachment":"scroll","background-type":"","background-media":"","overlay-type":"","overlay-color":"","overlay-opacity":"","overlay-gradient":""},"tablet":{"background-color":"","background-image":"","background-repeat":"repeat","background-position":"center center","background-size":"auto","background-attachment":"scroll","background-type":"","background-media":"","overlay-type":"","overlay-color":"","overlay-opacity":"","overlay-gradient":""},"mobile":{"background-color":"","background-image":"","background-repeat":"repeat","background-position":"center center","background-size":"auto","background-attachment":"scroll","background-type":"","background-media":"","overlay-type":"","overlay-color":"","overlay-opacity":"","overlay-gradient":""}},"ast-content-background-meta":{"desktop":{"background-color":"var(--ast-global-color-4)","background-image":"","background-repeat":"repeat","background-position":"center center","background-size":"auto","background-attachment":"scroll","background-type":"","background-media":"","overlay-type":"","overlay-color":"","overlay-opacity":"","overlay-gradient":""},"tablet":{"background-color":"var(--ast-global-color-4)","background-image":"","background-repeat":"repeat","background-position":"center center","background-size":"auto","background-attachment":"scroll","background-type":"","background-media":"","overlay-type":"","overlay-color":"","overlay-opacity":"","overlay-gradient":""},"mobile":{"background-color":"var(--ast-global-color-4)","background-image":"","background-repeat":"repeat","background-position":"center center","background-size":"auto","background-attachment":"scroll","background-type":"","background-media":"","overlay-type":"","overlay-color":"","overlay-opacity":"","overlay-gradient":""}},"footnotes":""},"class_list":["post-238","page","type-page","status-publish","hentry"],"yoast_head":"<!-- This site is optimized with the Yoast SEO plugin v24.6 - https:\/\/yoast.com\/wordpress\/plugins\/seo\/ -->\n<title>Pol\u00edtica de privacidade -<\/title>\n<meta name=\"robots\" content=\"index, follow, max-snippet:-1, max-image-preview:large, max-video-preview:-1\" \/>\n<link rel=\"canonical\" href=\"https:\/\/www.seguroscred.com\/hu\/politica-de-privacidade\/\" \/>\n<meta property=\"og:locale\" content=\"hu_HU\" \/>\n<meta property=\"og:type\" content=\"article\" \/>\n<meta property=\"og:title\" content=\"Pol\u00edtica de privacidade -\" \/>\n<meta property=\"og:description\" content=\"Pol\u00edtica Privacidade A sua privacidade \u00e9 importante para n\u00f3s. \u00c9 pol\u00edtica do SegurosCred respeitar a sua privacidade em rela\u00e7\u00e3o a [&hellip;]\" \/>\n<meta property=\"og:url\" content=\"https:\/\/www.seguroscred.com\/hu\/politica-de-privacidade\/\" \/>\n<meta property=\"article:modified_time\" content=\"2024-02-05T17:54:34+00:00\" \/>\n<meta name=\"twitter:card\" content=\"summary_large_image\" \/>\n<meta name=\"twitter:label1\" content=\"Becs\u00fclt olvas\u00e1si id\u0151\" \/>\n\t<meta name=\"twitter:data1\" content=\"4 perc\" \/>\n<script type=\"application\/ld+json\" class=\"yoast-schema-graph\">{\"@context\":\"https:\/\/schema.org\",\"@graph\":[{\"@type\":\"WebPage\",\"@id\":\"https:\/\/www.seguroscred.com\/politica-de-privacidade\/\",\"url\":\"https:\/\/www.seguroscred.com\/politica-de-privacidade\/\",\"name\":\"Pol\u00edtica de privacidade -\",\"isPartOf\":{\"@id\":\"https:\/\/www.seguroscred.com\/#website\"},\"datePublished\":\"2024-02-05T17:47:09+00:00\",\"dateModified\":\"2024-02-05T17:54:34+00:00\",\"breadcrumb\":{\"@id\":\"https:\/\/www.seguroscred.com\/politica-de-privacidade\/#breadcrumb\"},\"inLanguage\":\"hu\",\"potentialAction\":[{\"@type\":\"ReadAction\",\"target\":[\"https:\/\/www.seguroscred.com\/politica-de-privacidade\/\"]}]},{\"@type\":\"BreadcrumbList\",\"@id\":\"https:\/\/www.seguroscred.com\/politica-de-privacidade\/#breadcrumb\",\"itemListElement\":[{\"@type\":\"ListItem\",\"position\":1,\"name\":\"Home\",\"item\":\"https:\/\/www.seguroscred.com\/\"},{\"@type\":\"ListItem\",\"position\":2,\"name\":\"Pol\u00edtica de privacidade\"}]},{\"@type\":\"WebSite\",\"@id\":\"https:\/\/www.seguroscred.com\/#website\",\"url\":\"https:\/\/www.seguroscred.com\/\",\"name\":\"\",\"description\":\"\",\"potentialAction\":[{\"@type\":\"SearchAction\",\"target\":{\"@type\":\"EntryPoint\",\"urlTemplate\":\"https:\/\/www.seguroscred.com\/?s={search_term_string}\"},\"query-input\":{\"@type\":\"PropertyValueSpecification\",\"valueRequired\":true,\"valueName\":\"search_term_string\"}}],\"inLanguage\":\"hu\"}]}<\/script>\n<!-- \/ Yoast SEO plugin. -->","yoast_head_json":{"title":"Pol\u00edtica de privacidade -","robots":{"index":"index","follow":"follow","max-snippet":"max-snippet:-1","max-image-preview":"max-image-preview:large","max-video-preview":"max-video-preview:-1"},"canonical":"https:\/\/www.seguroscred.com\/hu\/politica-de-privacidade\/","og_locale":"hu_HU","og_type":"article","og_title":"Pol\u00edtica de privacidade -","og_description":"Pol\u00edtica Privacidade A sua privacidade \u00e9 importante para n\u00f3s. \u00c9 pol\u00edtica do SegurosCred respeitar a sua privacidade em rela\u00e7\u00e3o a [&hellip;]","og_url":"https:\/\/www.seguroscred.com\/hu\/politica-de-privacidade\/","article_modified_time":"2024-02-05T17:54:34+00:00","twitter_card":"summary_large_image","twitter_misc":{"Becs\u00fclt olvas\u00e1si id\u0151":"4 perc"},"schema":{"@context":"https:\/\/schema.org","@graph":[{"@type":"WebPage","@id":"https:\/\/www.seguroscred.com\/politica-de-privacidade\/","url":"https:\/\/www.seguroscred.com\/politica-de-privacidade\/","name":"Pol\u00edtica de privacidade -","isPartOf":{"@id":"https:\/\/www.seguroscred.com\/#website"},"datePublished":"2024-02-05T17:47:09+00:00","dateModified":"2024-02-05T17:54:34+00:00","breadcrumb":{"@id":"https:\/\/www.seguroscred.com\/politica-de-privacidade\/#breadcrumb"},"inLanguage":"hu","potentialAction":[{"@type":"ReadAction","target":["https:\/\/www.seguroscred.com\/politica-de-privacidade\/"]}]},{"@type":"BreadcrumbList","@id":"https:\/\/www.seguroscred.com\/politica-de-privacidade\/#breadcrumb","itemListElement":[{"@type":"ListItem","position":1,"name":"Home","item":"https:\/\/www.seguroscred.com\/"},{"@type":"ListItem","position":2,"name":"Pol\u00edtica de privacidade"}]},{"@type":"WebSite","@id":"https:\/\/www.seguroscred.com\/#website","url":"https:\/\/www.seguroscred.com\/","name":"","description":"","potentialAction":[{"@type":"SearchAction","target":{"@type":"EntryPoint","urlTemplate":"https:\/\/www.seguroscred.com\/?s={search_term_string}"},"query-input":{"@type":"PropertyValueSpecification","valueRequired":true,"valueName":"search_term_string"}}],"inLanguage":"hu"}]}},"_links":{"self":[{"href":"https:\/\/www.seguroscred.com\/hu\/wp-json\/wp\/v2\/pages\/238","targetHints":{"allow":["GET"]}}],"collection":[{"href":"https:\/\/www.seguroscred.com\/hu\/wp-json\/wp\/v2\/pages"}],"about":[{"href":"https:\/\/www.seguroscred.com\/hu\/wp-json\/wp\/v2\/types\/page"}],"author":[{"embeddable":true,"href":"https:\/\/www.seguroscred.com\/hu\/wp-json\/wp\/v2\/users\/1"}],"replies":[{"embeddable":true,"href":"https:\/\/www.seguroscred.com\/hu\/wp-json\/wp\/v2\/comments?post=238"}],"version-history":[{"count":4,"href":"https:\/\/www.seguroscred.com\/hu\/wp-json\/wp\/v2\/pages\/238\/revisions"}],"predecessor-version":[{"id":244,"href":"https:\/\/www.seguroscred.com\/hu\/wp-json\/wp\/v2\/pages\/238\/revisions\/244"}],"wp:attachment":[{"href":"https:\/\/www.seguroscred.com\/hu\/wp-json\/wp\/v2\/media?parent=238"}],"curies":[{"name":"wp","href":"https:\/\/api.w.org\/{rel}","templated":true}]}}