{"id":251,"date":"2024-02-05T18:02:14","date_gmt":"2024-02-05T18:02:14","guid":{"rendered":"https:\/\/www.seguroscred.com\/?page_id=251"},"modified":"2024-02-05T18:12:00","modified_gmt":"2024-02-05T18:12:00","slug":"sobre-nos","status":"publish","type":"page","link":"https:\/\/www.seguroscred.com\/hu\/sobre-nos\/","title":{"rendered":"R\u00f3lunk"},"content":{"rendered":"<p>\u00dcdv\u00f6z\u00f6lj\u00fck a SegurosCred-en, a referenciaport\u00e1lon, ahol magabiztosan \u00e9s biztons\u00e1ggal navig\u00e1lhat a p\u00e9nz\u00fcgyek vil\u00e1g\u00e1ban. Mi egy csapat vagyunk, amely a p\u00e9nz\u00fcgyi vil\u00e1g rejt\u00e9lyeinek tiszt\u00e1z\u00e1s\u00e1ra t\u00f6rekszik az\u00e1ltal, hogy vil\u00e1gos \u00e9s pontos inform\u00e1ci\u00f3kat adunk a vezet\u0151 v\u00e1llalatokr\u00f3l a p\u00e9nz\u00fcgyi oktat\u00e1s, a biztos\u00edt\u00e1s, a munkahelyek \u00e9s egyebek ter\u00e9n.<\/p>\n\n\n\n<h4 class=\"wp-block-heading\">K\u00fcldet\u00e9s\u00fcnk<\/h4>\n\n\n\n<p>K\u00fcldet\u00e9s\u00fcnk, hogy p\u00e9nz\u00fcgyi ismeretekkel gazdag\u00edtsuk az egy\u00e9neket \u00e9s a v\u00e1llalkoz\u00e1sokat. Hisz\u00fcnk abban, hogy a megalapozott p\u00e9nz\u00fcgyi oktat\u00e1s kulcsfontoss\u00e1g\u00fa a megalapozott d\u00f6nt\u00e9sek meghozatal\u00e1hoz, a hat\u00e9kony kock\u00e1zatkezel\u00e9shez \u00e9s a p\u00e9nz\u00fcgyi stabilit\u00e1s el\u00e9r\u00e9s\u00e9hez. Ez\u00e9rt t\u00f6reksz\u00fcnk arra, hogy naprak\u00e9sz, relev\u00e1ns \u00e9s mindenki sz\u00e1m\u00e1ra el\u00e9rhet\u0151 tartalmat biztos\u00edtsunk.<\/p>\n\n\n\n<h4 class=\"wp-block-heading\">Mi k\u00fcl\u00f6nb\u00f6ztet meg minket<\/h4>\n\n\n\n<ul class=\"wp-block-list\">\n<li><strong>A min\u0151s\u00e9g ir\u00e1nti elk\u00f6telezetts\u00e9g:<\/strong> Tartalmainkat gondosan kutatj\u00e1k \u00e9s szak\u00e9rt\u0151k \u00edrj\u00e1k, \u00edgy biztos\u00edtva, hogy kiv\u00e1l\u00f3 min\u0151s\u00e9g\u0171, megb\u00edzhat\u00f3 inform\u00e1ci\u00f3kat kapjon.<\/li>\n\n\n\n<li><strong>Felhaszn\u00e1l\u00f3i f\u00f3kusz:<\/strong> Meg\u00e9rtj\u00fck felhaszn\u00e1l\u00f3ink ig\u00e9nyeit, \u00e9s arra t\u00f6reksz\u00fcnk, hogy intuit\u00edv \u00e9s gazdagabb b\u00f6ng\u00e9sz\u00e9si \u00e9lm\u00e9nyt teremts\u00fcnk.<\/li>\n\n\n\n<li><strong>\u00c1tfog\u00f3 l\u00e1t\u00e1sm\u00f3d:<\/strong> T\u00e9m\u00e1k sz\u00e9les sk\u00e1l\u00e1j\u00e1t fedj\u00fck le, a p\u00e9nz\u00fcgyi oktat\u00e1si c\u00e9gekn\u00e9l k\u00edn\u00e1lt \u00e1ll\u00e1slehet\u0151s\u00e9gekt\u0151l a biztos\u00edt\u00e1si term\u00e9kekkel kapcsolatos legfrissebb h\u00edrekig. Mindig tiszt\u00e1ban vagyunk a piaci trendekkel, hogy a legfrissebb tartalmat ny\u00fajthassuk \u00d6nnek.<\/li>\n\n\n\n<li><strong>K\u00f6z\u00f6ss\u00e9g \u00e9s t\u00e1mogat\u00e1s:<\/strong> A t\u00e1j\u00e9koztat\u00e1son t\u00falmen\u0151en egy k\u00f6z\u00f6ss\u00e9get szeretn\u00e9nk \u00e9p\u00edteni az anyagi helyzet\u00fck jav\u00edt\u00e1s\u00e1ban \u00e9rdekelt emberekb\u0151l. T\u00e1mogatjuk \u00e9s \u00f6szt\u00f6n\u00f6zz\u00fck a felhaszn\u00e1l\u00f3k k\u00f6z\u00f6tti interakci\u00f3t, egy\u00fcttm\u0171k\u00f6d\u00e9sen alapul\u00f3 tanul\u00e1si k\u00f6rnyezetet teremtve.<\/li>\n<\/ul>\n\n\n\n<h4 class=\"wp-block-heading\">Csatlakozz hozz\u00e1nk<\/h4>\n\n\n\n<p>Ha megb\u00edzhat\u00f3 \u00fatmutat\u00e1st \u00e9s gyakorlati tippeket keres a p\u00e9nz\u00fcgyekkel kapcsolatban, a SegurosCred a kiindul\u00f3pont. Csatlakozzon k\u00f6z\u00f6ss\u00e9g\u00fcnkh\u00f6z, \u00e9s tegye meg az els\u0151 l\u00e9p\u00e9st egy biztons\u00e1gosabb \u00e9s vir\u00e1gz\u00f3bb p\u00e9nz\u00fcgyi \u00e9let fel\u00e9.<\/p>\n\n\n\n<p>Megh\u00edvjuk \u00d6nt, hogy fedezze fel weboldalunkat, olvassa el cikkeinket, \u00e9s fedezze fel, hogyan seg\u00edthet\u00fcnk p\u00e9nz\u00fcgyi c\u00e9ljai el\u00e9r\u00e9s\u00e9ben. \u00dcdv\u00f6z\u00f6lj\u00fck a SegurosCred oldal\u00e1n, ahol p\u00e9nz\u00fcgyi utaz\u00e1sa bizalommal \u00e9s tud\u00e1ssal kezd\u0151dik.<\/p>","protected":false},"excerpt":{"rendered":"<p>\u00dcdv\u00f6z\u00f6lj\u00fck a SegurosCred oldal\u00e1n, az \u00d6n referenciaport\u00e1lj\u00e1n, ahol magabiztosan \u00e9s biztons\u00e1gosan eligazodhat a p\u00e9nz\u00fcgyek vil\u00e1g\u00e1ban. Mi egy [\u2026]<\/p>","protected":false},"author":1,"featured_media":0,"parent":0,"menu_order":0,"comment_status":"closed","ping_status":"closed","template":"","meta":{"site-sidebar-layout":"default","site-content-layout":"","ast-site-content-layout":"","site-content-style":"default","site-sidebar-style":"default","ast-global-header-display":"","ast-banner-title-visibility":"","ast-main-header-display":"","ast-hfb-above-header-display":"","ast-hfb-below-header-display":"","ast-hfb-mobile-header-display":"","site-post-title":"","ast-breadcrumbs-content":"","ast-featured-img":"","footer-sml-layout":"","theme-transparent-header-meta":"","adv-header-id-meta":"","stick-header-meta":"","header-above-stick-meta":"","header-main-stick-meta":"","header-below-stick-meta":"","astra-migrate-meta-layouts":"default","ast-page-background-enabled":"default","ast-page-background-meta":{"desktop":{"background-color":"var(--ast-global-color-5)","background-image":"","background-repeat":"repeat","background-position":"center center","background-size":"auto","background-attachment":"scroll","background-type":"","background-media":"","overlay-type":"","overlay-color":"","overlay-opacity":"","overlay-gradient":""},"tablet":{"background-color":"","background-image":"","background-repeat":"repeat","background-position":"center center","background-size":"auto","background-attachment":"scroll","background-type":"","background-media":"","overlay-type":"","overlay-color":"","overlay-opacity":"","overlay-gradient":""},"mobile":{"background-color":"","background-image":"","background-repeat":"repeat","background-position":"center center","background-size":"auto","background-attachment":"scroll","background-type":"","background-media":"","overlay-type":"","overlay-color":"","overlay-opacity":"","overlay-gradient":""}},"ast-content-background-meta":{"desktop":{"background-color":"var(--ast-global-color-4)","background-image":"","background-repeat":"repeat","background-position":"center center","background-size":"auto","background-attachment":"scroll","background-type":"","background-media":"","overlay-type":"","overlay-color":"","overlay-opacity":"","overlay-gradient":""},"tablet":{"background-color":"var(--ast-global-color-4)","background-image":"","background-repeat":"repeat","background-position":"center center","background-size":"auto","background-attachment":"scroll","background-type":"","background-media":"","overlay-type":"","overlay-color":"","overlay-opacity":"","overlay-gradient":""},"mobile":{"background-color":"var(--ast-global-color-4)","background-image":"","background-repeat":"repeat","background-position":"center center","background-size":"auto","background-attachment":"scroll","background-type":"","background-media":"","overlay-type":"","overlay-color":"","overlay-opacity":"","overlay-gradient":""}},"footnotes":""},"class_list":["post-251","page","type-page","status-publish","hentry"],"yoast_head":"<!-- This site is optimized with the Yoast SEO plugin v24.6 - https:\/\/yoast.com\/wordpress\/plugins\/seo\/ -->\n<title>Sobre N\u00f3s -<\/title>\n<meta name=\"robots\" content=\"index, follow, max-snippet:-1, max-image-preview:large, max-video-preview:-1\" \/>\n<link rel=\"canonical\" href=\"https:\/\/www.seguroscred.com\/hu\/sobre-nos\/\" \/>\n<meta property=\"og:locale\" content=\"hu_HU\" \/>\n<meta property=\"og:type\" content=\"article\" \/>\n<meta property=\"og:title\" content=\"Sobre N\u00f3s -\" \/>\n<meta property=\"og:description\" content=\"Bem-vindo \u00e0 SegurosCred, o seu portal de refer\u00eancia para navegar pelo universo das finan\u00e7as com confian\u00e7a e seguran\u00e7a. Somos uma [&hellip;]\" \/>\n<meta property=\"og:url\" content=\"https:\/\/www.seguroscred.com\/hu\/sobre-nos\/\" \/>\n<meta property=\"article:modified_time\" content=\"2024-02-05T18:12:00+00:00\" \/>\n<meta name=\"twitter:card\" content=\"summary_large_image\" \/>\n<meta name=\"twitter:label1\" content=\"Becs\u00fclt olvas\u00e1si id\u0151\" \/>\n\t<meta name=\"twitter:data1\" content=\"2 perc\" \/>\n<script type=\"application\/ld+json\" class=\"yoast-schema-graph\">{\"@context\":\"https:\/\/schema.org\",\"@graph\":[{\"@type\":\"WebPage\",\"@id\":\"https:\/\/www.seguroscred.com\/sobre-nos\/\",\"url\":\"https:\/\/www.seguroscred.com\/sobre-nos\/\",\"name\":\"Sobre N\u00f3s -\",\"isPartOf\":{\"@id\":\"https:\/\/www.seguroscred.com\/#website\"},\"datePublished\":\"2024-02-05T18:02:14+00:00\",\"dateModified\":\"2024-02-05T18:12:00+00:00\",\"breadcrumb\":{\"@id\":\"https:\/\/www.seguroscred.com\/sobre-nos\/#breadcrumb\"},\"inLanguage\":\"hu\",\"potentialAction\":[{\"@type\":\"ReadAction\",\"target\":[\"https:\/\/www.seguroscred.com\/sobre-nos\/\"]}]},{\"@type\":\"BreadcrumbList\",\"@id\":\"https:\/\/www.seguroscred.com\/sobre-nos\/#breadcrumb\",\"itemListElement\":[{\"@type\":\"ListItem\",\"position\":1,\"name\":\"Home\",\"item\":\"https:\/\/www.seguroscred.com\/\"},{\"@type\":\"ListItem\",\"position\":2,\"name\":\"Sobre N\u00f3s\"}]},{\"@type\":\"WebSite\",\"@id\":\"https:\/\/www.seguroscred.com\/#website\",\"url\":\"https:\/\/www.seguroscred.com\/\",\"name\":\"\",\"description\":\"\",\"potentialAction\":[{\"@type\":\"SearchAction\",\"target\":{\"@type\":\"EntryPoint\",\"urlTemplate\":\"https:\/\/www.seguroscred.com\/?s={search_term_string}\"},\"query-input\":{\"@type\":\"PropertyValueSpecification\",\"valueRequired\":true,\"valueName\":\"search_term_string\"}}],\"inLanguage\":\"hu\"}]}<\/script>\n<!-- \/ Yoast SEO plugin. -->","yoast_head_json":{"title":"Sobre N\u00f3s -","robots":{"index":"index","follow":"follow","max-snippet":"max-snippet:-1","max-image-preview":"max-image-preview:large","max-video-preview":"max-video-preview:-1"},"canonical":"https:\/\/www.seguroscred.com\/hu\/sobre-nos\/","og_locale":"hu_HU","og_type":"article","og_title":"Sobre N\u00f3s -","og_description":"Bem-vindo \u00e0 SegurosCred, o seu portal de refer\u00eancia para navegar pelo universo das finan\u00e7as com confian\u00e7a e seguran\u00e7a. Somos uma [&hellip;]","og_url":"https:\/\/www.seguroscred.com\/hu\/sobre-nos\/","article_modified_time":"2024-02-05T18:12:00+00:00","twitter_card":"summary_large_image","twitter_misc":{"Becs\u00fclt olvas\u00e1si id\u0151":"2 perc"},"schema":{"@context":"https:\/\/schema.org","@graph":[{"@type":"WebPage","@id":"https:\/\/www.seguroscred.com\/sobre-nos\/","url":"https:\/\/www.seguroscred.com\/sobre-nos\/","name":"Sobre N\u00f3s -","isPartOf":{"@id":"https:\/\/www.seguroscred.com\/#website"},"datePublished":"2024-02-05T18:02:14+00:00","dateModified":"2024-02-05T18:12:00+00:00","breadcrumb":{"@id":"https:\/\/www.seguroscred.com\/sobre-nos\/#breadcrumb"},"inLanguage":"hu","potentialAction":[{"@type":"ReadAction","target":["https:\/\/www.seguroscred.com\/sobre-nos\/"]}]},{"@type":"BreadcrumbList","@id":"https:\/\/www.seguroscred.com\/sobre-nos\/#breadcrumb","itemListElement":[{"@type":"ListItem","position":1,"name":"Home","item":"https:\/\/www.seguroscred.com\/"},{"@type":"ListItem","position":2,"name":"Sobre N\u00f3s"}]},{"@type":"WebSite","@id":"https:\/\/www.seguroscred.com\/#website","url":"https:\/\/www.seguroscred.com\/","name":"","description":"","potentialAction":[{"@type":"SearchAction","target":{"@type":"EntryPoint","urlTemplate":"https:\/\/www.seguroscred.com\/?s={search_term_string}"},"query-input":{"@type":"PropertyValueSpecification","valueRequired":true,"valueName":"search_term_string"}}],"inLanguage":"hu"}]}},"_links":{"self":[{"href":"https:\/\/www.seguroscred.com\/hu\/wp-json\/wp\/v2\/pages\/251","targetHints":{"allow":["GET"]}}],"collection":[{"href":"https:\/\/www.seguroscred.com\/hu\/wp-json\/wp\/v2\/pages"}],"about":[{"href":"https:\/\/www.seguroscred.com\/hu\/wp-json\/wp\/v2\/types\/page"}],"author":[{"embeddable":true,"href":"https:\/\/www.seguroscred.com\/hu\/wp-json\/wp\/v2\/users\/1"}],"replies":[{"embeddable":true,"href":"https:\/\/www.seguroscred.com\/hu\/wp-json\/wp\/v2\/comments?post=251"}],"version-history":[{"count":3,"href":"https:\/\/www.seguroscred.com\/hu\/wp-json\/wp\/v2\/pages\/251\/revisions"}],"predecessor-version":[{"id":258,"href":"https:\/\/www.seguroscred.com\/hu\/wp-json\/wp\/v2\/pages\/251\/revisions\/258"}],"wp:attachment":[{"href":"https:\/\/www.seguroscred.com\/hu\/wp-json\/wp\/v2\/media?parent=251"}],"curies":[{"name":"wp","href":"https:\/\/api.w.org\/{rel}","templated":true}]}}