{"id":254,"date":"2024-02-05T18:04:47","date_gmt":"2024-02-05T18:04:47","guid":{"rendered":"https:\/\/www.seguroscred.com\/?page_id=254"},"modified":"2024-02-05T18:04:47","modified_gmt":"2024-02-05T18:04:47","slug":"politica-de-cookies","status":"publish","type":"page","link":"https:\/\/www.seguroscred.com\/hu\/politica-de-cookies\/","title":{"rendered":"Cookie-kra vonatkoz\u00f3 szab\u00e1lyzat"},"content":{"rendered":"<h2 class=\"wp-block-heading\">Kik vagyunk mi?<\/h2>\n\n\n\n<p>Weboldalunk c\u00edme:\u00a0<a href=\"https:\/\/www.seguroscred.com\/hu\/\">https:\/\/www.seguroscred.com<\/a><\/p>\n\n\n\n<h2 class=\"wp-block-heading\">Cookie-k<\/h2>\n\n\n\n<p>Cookie-kat haszn\u00e1lunk.<\/p>\n\n\n\n<p>A cookie-k kicsi, egyszer\u0171 sz\u00f6veges f\u00e1jlok, amelyeket a webhelyek t\u00e1rolnak az \u00d6n b\u00f6ng\u00e9sz\u0151j\u00e9ben, hogy elments\u00e9k az \u00d6n preferenci\u00e1it \u00e9s be\u00e1ll\u00edt\u00e1sait. P\u00e9ld\u00e1ul, amikor el\u0151sz\u00f6r l\u00e9p fel egy webhelyre, amely cookie-kat haszn\u00e1l, ez a webhely sz\u00f6veges f\u00e1jlt k\u00fcld a b\u00f6ng\u00e9sz\u0151j\u00e9nek az \u00d6n be\u00e1ll\u00edt\u00e1saival, p\u00e9ld\u00e1ul: R\u00e9gi\u00f3, ahonnan el\u00e9ri, e-mail c\u00edme, v\u00e1lasztott nyelv, sz\u00ednek, term\u00e9kek, amelyek a keres\u00e9sek alapj\u00e1n tetszhetnek, stb. Amikor \u00fajra bel\u00e9p az oldalra, a b\u00f6ng\u00e9sz\u0151je elk\u00fcldi ezt a f\u00e1jlt az oldalnak, \u00edgy a be\u00e1ll\u00edt\u00e1sok \u00e9s be\u00e1ll\u00edt\u00e1sok automatikusan alkalmaz\u00e1sra ker\u00fclnek an\u00e9lk\u00fcl, hogy mindent \u00fajra be kellene \u00e1ll\u00edtania (hacsak nem szeretn\u00e9).<\/p>\n\n\n\n<p>Amikor megjegyz\u00e9st \u00edr az oldalon, enged\u00e9lyezheti, hogy neve, e-mail c\u00edme \u00e9s webhelye cookie-kba ker\u00fclj\u00f6n. Ez az \u00d6n k\u00e9nyelm\u00e9t szolg\u00e1lja, hogy ne kelljen \u00fajra megadnia adatait, amikor \u00fajabb megjegyz\u00e9st \u00edr. Ezek a s\u00fctik egy \u00e9vig eltartanak.<\/p>\n\n\n\n<p>Ha rendelkezik fi\u00f3kkal, \u00e9s bejelentkezik erre az oldalra, ideiglenes cookie-t \u00e1ll\u00edtunk be annak meg\u00e1llap\u00edt\u00e1s\u00e1ra, hogy b\u00f6ng\u00e9sz\u0151je elfogadja-e a cookie-kat. Nem tartalmaz szem\u00e9lyes adatokat, \u00e9s a b\u00f6ng\u00e9sz\u0151 bez\u00e1r\u00e1sakor el lesz t\u00e1vol\u00edtva.<\/p>\n\n\n\n<p><strong>Az \u00e1ltalunk haszn\u00e1lt s\u00fctik t\u00edpusai<\/strong><\/p>\n\n\n\n<p><strong>Alapvet\u0151:<\/strong>&nbsp;Egyes cookie-k elengedhetetlenek ahhoz, hogy \u00d6n megtapasztalhassa oldalunk teljes funkcionalit\u00e1s\u00e1t. Lehet\u0151v\u00e9 teszik sz\u00e1munkra a felhaszn\u00e1l\u00f3i munkamenetek fenntart\u00e1s\u00e1t \u00e9s a biztons\u00e1gi fenyeget\u00e9sek megel\u0151z\u00e9s\u00e9t. Nem gy\u0171jtenek \u00e9s nem t\u00e1rolnak szem\u00e9lyes adatokat.<\/p>\n\n\n\n<p><strong>Statisztika:<\/strong>&nbsp;Ezek a cookie-k olyan inform\u00e1ci\u00f3kat t\u00e1rolnak, mint a webhely l\u00e1togat\u00f3inak sz\u00e1ma, az egyedi l\u00e1togat\u00f3k sz\u00e1ma, a webhely mely oldalait l\u00e1togatt\u00e1k meg, a l\u00e1togat\u00e1s forr\u00e1sa stb. Ezek az adatok seg\u00edtenek meg\u00e9rteni \u00e9s elemezni, hogyan teljes\u00edt a webhely, \u00e9s hol van sz\u00fcks\u00e9g fejleszt\u00e9sre. Ezeket a jelent\u00e9seket a Google Analytics szolg\u00e1ltat\u00e1sban a Google Cookie-t haszn\u00e1ljuk.<\/p>\n\n\n\n<p><strong>Marketing:<\/strong>&nbsp;Weboldalunk hirdet\u00e9seket jelen\u00edt meg. Ezeket a s\u00fctiket arra haszn\u00e1ljuk, hogy szem\u00e9lyre szabjuk az \u00d6n sz\u00e1m\u00e1ra megjelen\u00edtett hirdet\u00e9seket, hogy azok \u00e9rtelmesek legyenek az \u00d6n sz\u00e1m\u00e1ra. Ezek a cookie-k seg\u00edtenek nyomon k\u00f6vetni ezen rekl\u00e1mkamp\u00e1nyok hat\u00e9konys\u00e1g\u00e1t.<\/p>\n\n\n\n<p>Az ezekben a cookie-kban t\u00e1rolt inform\u00e1ci\u00f3kat harmadik f\u00e9l hirdet\u00e9sszolg\u00e1ltat\u00f3k is felhaszn\u00e1lhatj\u00e1k arra, hogy hirdet\u00e9seket jelen\u00edtsenek meg a b\u00f6ng\u00e9sz\u0151ben m\u00e1s webhelyeken is.<\/p>\n\n\n\n<p><strong>Funkcion\u00e1lis:<\/strong>&nbsp;azok a cookie-k, amelyek a weboldalunk bizonyos nem alapvet\u0151 funkci\u00f3it seg\u00edtik. Ezek a funkci\u00f3k magukban foglalj\u00e1k a tartalom, p\u00e9ld\u00e1ul vide\u00f3k be\u00e1gyaz\u00e1s\u00e1t vagy a tartalom megoszt\u00e1s\u00e1t a webhelyen a k\u00f6z\u00f6ss\u00e9gi m\u00e9dia platformokon.<\/p>","protected":false},"excerpt":{"rendered":"<p>Kik vagyunk? Weboldalunk c\u00edme: https:\/\/www.seguroscred.com S\u00fctik S\u00fctiket haszn\u00e1lunk. A s\u00fctik kis, egyszer\u0171 sz\u00f6veges f\u00e1jlok, amelyek [\u2026]<\/p>","protected":false},"author":1,"featured_media":0,"parent":0,"menu_order":0,"comment_status":"closed","ping_status":"closed","template":"","meta":{"site-sidebar-layout":"default","site-content-layout":"","ast-site-content-layout":"","site-content-style":"default","site-sidebar-style":"default","ast-global-header-display":"","ast-banner-title-visibility":"","ast-main-header-display":"","ast-hfb-above-header-display":"","ast-hfb-below-header-display":"","ast-hfb-mobile-header-display":"","site-post-title":"","ast-breadcrumbs-content":"","ast-featured-img":"","footer-sml-layout":"","theme-transparent-header-meta":"","adv-header-id-meta":"","stick-header-meta":"","header-above-stick-meta":"","header-main-stick-meta":"","header-below-stick-meta":"","astra-migrate-meta-layouts":"default","ast-page-background-enabled":"default","ast-page-background-meta":{"desktop":{"background-color":"var(--ast-global-color-5)","background-image":"","background-repeat":"repeat","background-position":"center center","background-size":"auto","background-attachment":"scroll","background-type":"","background-media":"","overlay-type":"","overlay-color":"","overlay-opacity":"","overlay-gradient":""},"tablet":{"background-color":"","background-image":"","background-repeat":"repeat","background-position":"center center","background-size":"auto","background-attachment":"scroll","background-type":"","background-media":"","overlay-type":"","overlay-color":"","overlay-opacity":"","overlay-gradient":""},"mobile":{"background-color":"","background-image":"","background-repeat":"repeat","background-position":"center center","background-size":"auto","background-attachment":"scroll","background-type":"","background-media":"","overlay-type":"","overlay-color":"","overlay-opacity":"","overlay-gradient":""}},"ast-content-background-meta":{"desktop":{"background-color":"var(--ast-global-color-4)","background-image":"","background-repeat":"repeat","background-position":"center center","background-size":"auto","background-attachment":"scroll","background-type":"","background-media":"","overlay-type":"","overlay-color":"","overlay-opacity":"","overlay-gradient":""},"tablet":{"background-color":"var(--ast-global-color-4)","background-image":"","background-repeat":"repeat","background-position":"center center","background-size":"auto","background-attachment":"scroll","background-type":"","background-media":"","overlay-type":"","overlay-color":"","overlay-opacity":"","overlay-gradient":""},"mobile":{"background-color":"var(--ast-global-color-4)","background-image":"","background-repeat":"repeat","background-position":"center center","background-size":"auto","background-attachment":"scroll","background-type":"","background-media":"","overlay-type":"","overlay-color":"","overlay-opacity":"","overlay-gradient":""}},"footnotes":""},"class_list":["post-254","page","type-page","status-publish","hentry"],"yoast_head":"<!-- This site is optimized with the Yoast SEO plugin v24.6 - https:\/\/yoast.com\/wordpress\/plugins\/seo\/ -->\n<title>Pol\u00edtica de Cookies -<\/title>\n<meta name=\"robots\" content=\"index, follow, max-snippet:-1, max-image-preview:large, max-video-preview:-1\" \/>\n<link rel=\"canonical\" href=\"https:\/\/www.seguroscred.com\/hu\/politica-de-cookies\/\" \/>\n<meta property=\"og:locale\" content=\"hu_HU\" \/>\n<meta property=\"og:type\" content=\"article\" \/>\n<meta property=\"og:title\" content=\"Pol\u00edtica de Cookies -\" \/>\n<meta property=\"og:description\" content=\"Quem Somos? O endere\u00e7o do nosso site \u00e9:\u00a0https:\/\/www.seguroscred.com Cookies N\u00f3s utilizamos cookies. Cookies s\u00e3o pequenos arquivos de textos simples que [&hellip;]\" \/>\n<meta property=\"og:url\" content=\"https:\/\/www.seguroscred.com\/hu\/politica-de-cookies\/\" \/>\n<meta name=\"twitter:card\" content=\"summary_large_image\" \/>\n<meta name=\"twitter:label1\" content=\"Becs\u00fclt olvas\u00e1si id\u0151\" \/>\n\t<meta name=\"twitter:data1\" content=\"3 perc\" \/>\n<script type=\"application\/ld+json\" class=\"yoast-schema-graph\">{\"@context\":\"https:\/\/schema.org\",\"@graph\":[{\"@type\":\"WebPage\",\"@id\":\"https:\/\/www.seguroscred.com\/politica-de-cookies\/\",\"url\":\"https:\/\/www.seguroscred.com\/politica-de-cookies\/\",\"name\":\"Pol\u00edtica de Cookies -\",\"isPartOf\":{\"@id\":\"https:\/\/www.seguroscred.com\/#website\"},\"datePublished\":\"2024-02-05T18:04:47+00:00\",\"breadcrumb\":{\"@id\":\"https:\/\/www.seguroscred.com\/politica-de-cookies\/#breadcrumb\"},\"inLanguage\":\"hu\",\"potentialAction\":[{\"@type\":\"ReadAction\",\"target\":[\"https:\/\/www.seguroscred.com\/politica-de-cookies\/\"]}]},{\"@type\":\"BreadcrumbList\",\"@id\":\"https:\/\/www.seguroscred.com\/politica-de-cookies\/#breadcrumb\",\"itemListElement\":[{\"@type\":\"ListItem\",\"position\":1,\"name\":\"Home\",\"item\":\"https:\/\/www.seguroscred.com\/\"},{\"@type\":\"ListItem\",\"position\":2,\"name\":\"Pol\u00edtica de Cookies\"}]},{\"@type\":\"WebSite\",\"@id\":\"https:\/\/www.seguroscred.com\/#website\",\"url\":\"https:\/\/www.seguroscred.com\/\",\"name\":\"\",\"description\":\"\",\"potentialAction\":[{\"@type\":\"SearchAction\",\"target\":{\"@type\":\"EntryPoint\",\"urlTemplate\":\"https:\/\/www.seguroscred.com\/?s={search_term_string}\"},\"query-input\":{\"@type\":\"PropertyValueSpecification\",\"valueRequired\":true,\"valueName\":\"search_term_string\"}}],\"inLanguage\":\"hu\"}]}<\/script>\n<!-- \/ Yoast SEO plugin. -->","yoast_head_json":{"title":"Pol\u00edtica de Cookies -","robots":{"index":"index","follow":"follow","max-snippet":"max-snippet:-1","max-image-preview":"max-image-preview:large","max-video-preview":"max-video-preview:-1"},"canonical":"https:\/\/www.seguroscred.com\/hu\/politica-de-cookies\/","og_locale":"hu_HU","og_type":"article","og_title":"Pol\u00edtica de Cookies -","og_description":"Quem Somos? O endere\u00e7o do nosso site \u00e9:\u00a0https:\/\/www.seguroscred.com Cookies N\u00f3s utilizamos cookies. Cookies s\u00e3o pequenos arquivos de textos simples que [&hellip;]","og_url":"https:\/\/www.seguroscred.com\/hu\/politica-de-cookies\/","twitter_card":"summary_large_image","twitter_misc":{"Becs\u00fclt olvas\u00e1si id\u0151":"3 perc"},"schema":{"@context":"https:\/\/schema.org","@graph":[{"@type":"WebPage","@id":"https:\/\/www.seguroscred.com\/politica-de-cookies\/","url":"https:\/\/www.seguroscred.com\/politica-de-cookies\/","name":"Pol\u00edtica de Cookies -","isPartOf":{"@id":"https:\/\/www.seguroscred.com\/#website"},"datePublished":"2024-02-05T18:04:47+00:00","breadcrumb":{"@id":"https:\/\/www.seguroscred.com\/politica-de-cookies\/#breadcrumb"},"inLanguage":"hu","potentialAction":[{"@type":"ReadAction","target":["https:\/\/www.seguroscred.com\/politica-de-cookies\/"]}]},{"@type":"BreadcrumbList","@id":"https:\/\/www.seguroscred.com\/politica-de-cookies\/#breadcrumb","itemListElement":[{"@type":"ListItem","position":1,"name":"Home","item":"https:\/\/www.seguroscred.com\/"},{"@type":"ListItem","position":2,"name":"Pol\u00edtica de Cookies"}]},{"@type":"WebSite","@id":"https:\/\/www.seguroscred.com\/#website","url":"https:\/\/www.seguroscred.com\/","name":"","description":"","potentialAction":[{"@type":"SearchAction","target":{"@type":"EntryPoint","urlTemplate":"https:\/\/www.seguroscred.com\/?s={search_term_string}"},"query-input":{"@type":"PropertyValueSpecification","valueRequired":true,"valueName":"search_term_string"}}],"inLanguage":"hu"}]}},"_links":{"self":[{"href":"https:\/\/www.seguroscred.com\/hu\/wp-json\/wp\/v2\/pages\/254","targetHints":{"allow":["GET"]}}],"collection":[{"href":"https:\/\/www.seguroscred.com\/hu\/wp-json\/wp\/v2\/pages"}],"about":[{"href":"https:\/\/www.seguroscred.com\/hu\/wp-json\/wp\/v2\/types\/page"}],"author":[{"embeddable":true,"href":"https:\/\/www.seguroscred.com\/hu\/wp-json\/wp\/v2\/users\/1"}],"replies":[{"embeddable":true,"href":"https:\/\/www.seguroscred.com\/hu\/wp-json\/wp\/v2\/comments?post=254"}],"version-history":[{"count":2,"href":"https:\/\/www.seguroscred.com\/hu\/wp-json\/wp\/v2\/pages\/254\/revisions"}],"predecessor-version":[{"id":256,"href":"https:\/\/www.seguroscred.com\/hu\/wp-json\/wp\/v2\/pages\/254\/revisions\/256"}],"wp:attachment":[{"href":"https:\/\/www.seguroscred.com\/hu\/wp-json\/wp\/v2\/media?parent=254"}],"curies":[{"name":"wp","href":"https:\/\/api.w.org\/{rel}","templated":true}]}}