{"id":254,"date":"2024-02-05T18:04:47","date_gmt":"2024-02-05T18:04:47","guid":{"rendered":"https:\/\/www.seguroscred.com\/?page_id=254"},"modified":"2024-02-05T18:04:47","modified_gmt":"2024-02-05T18:04:47","slug":"politica-de-cookies","status":"publish","type":"page","link":"https:\/\/www.seguroscred.com\/it\/politica-de-cookies\/","title":{"rendered":"Politica sui cookie"},"content":{"rendered":"<h2 class=\"wp-block-heading\">Chi siamo?<\/h2>\n\n\n\n<p>L&#039;indirizzo del nostro sito web \u00e8:\u00a0<a href=\"https:\/\/www.seguroscred.com\/it\/\">https:\/\/www.seguroscred.com<\/a><\/p>\n\n\n\n<h2 class=\"wp-block-heading\">Biscotti<\/h2>\n\n\n\n<p>Utilizziamo i cookie.<\/p>\n\n\n\n<p>I cookie sono piccoli e semplici file di testo che i siti web memorizzano nel tuo browser per salvare le tue preferenze e impostazioni. Ad esempio, quando accedi per la prima volta a un sito web che utilizza i cookie, questo sito web invia al tuo browser un file di testo con le tue preferenze, come: la regione da cui stai effettuando l&#039;accesso, il tuo indirizzo email, la lingua scelta, i colori, i prodotti che potrebbero piacerti in base alle tue ricerche, ecc. Quando accedi nuovamente al sito, il tuo browser invier\u00e0 questo file al sito, in questo modo le tue impostazioni e preferenze verranno applicate automaticamente senza che tu debba configurare nuovamente tutto (a meno che tu non lo voglia).<\/p>\n\n\n\n<p>Quando lasci un commento sul sito, puoi scegliere di salvare il tuo nome, indirizzo email e sito web nei cookie. Questo \u00e8 per la tua comodit\u00e0 in modo che tu non debba inserire nuovamente i tuoi dati quando lasci un altro commento. Questi cookie durano un anno.<\/p>\n\n\n\n<p>Se hai un account e accedi a questo sito, verr\u00e0 impostato un cookie temporaneo per determinare se il tuo browser accetta i cookie. Non contiene dati personali e verr\u00e0 eliminato quando chiudi il browser.<\/p>\n\n\n\n<p><strong>Tipi di cookie che utilizziamo<\/strong><\/p>\n\n\n\n<p><strong>Essenziale:<\/strong>&nbsp;Alcuni cookie sono essenziali per consentirti di sfruttare appieno le funzionalit\u00e0 del nostro sito. Ci permettono di mantenere le sessioni utente e prevenire qualsiasi minaccia alla sicurezza. Non raccolgono n\u00e9 conservano alcuna informazione personale.<\/p>\n\n\n\n<p><strong>Statistiche:<\/strong>&nbsp;Questi cookie memorizzano informazioni come il numero di visitatori del sito web, il numero di visitatori unici, quali pagine del sito web sono state visitate, la fonte della visita, ecc. Questi dati ci aiutano a comprendere e analizzare le prestazioni del sito web e a individuare gli aspetti che necessitano di miglioramenti. Utilizziamo il cookie di Google per generare questi report in Google Analytics.<\/p>\n\n\n\n<p><strong>Marketing:<\/strong>&nbsp;Il nostro sito web mostra annunci pubblicitari. Questi cookie vengono utilizzati per personalizzare gli annunci pubblicitari che ti mostriamo, in modo che siano significativi per te. Questi cookie ci aiutano anche a monitorare l&#039;efficacia di queste campagne pubblicitarie.<\/p>\n\n\n\n<p>Le informazioni memorizzate in questi cookie possono essere utilizzate anche da fornitori di pubblicit\u00e0 terzi per mostrarti annunci pubblicitari anche su altri siti web tramite il browser.<\/p>\n\n\n\n<p><strong>Funzionale:<\/strong>&nbsp;sono i cookie che aiutano alcune funzionalit\u00e0 non essenziali del nostro sito web. Queste funzionalit\u00e0 includono l&#039;incorporamento di contenuti come video o la condivisione di contenuti sul sito web su piattaforme di social media.<\/p>","protected":false},"excerpt":{"rendered":"<p>Chi siamo? L&#039;indirizzo del nostro sito web \u00e8: https:\/\/www.seguroscred.com Cookie Utilizziamo i cookie. I cookie sono piccoli file di testo che [\u2026]<\/p>","protected":false},"author":1,"featured_media":0,"parent":0,"menu_order":0,"comment_status":"closed","ping_status":"closed","template":"","meta":{"site-sidebar-layout":"default","site-content-layout":"","ast-site-content-layout":"","site-content-style":"default","site-sidebar-style":"default","ast-global-header-display":"","ast-banner-title-visibility":"","ast-main-header-display":"","ast-hfb-above-header-display":"","ast-hfb-below-header-display":"","ast-hfb-mobile-header-display":"","site-post-title":"","ast-breadcrumbs-content":"","ast-featured-img":"","footer-sml-layout":"","theme-transparent-header-meta":"","adv-header-id-meta":"","stick-header-meta":"","header-above-stick-meta":"","header-main-stick-meta":"","header-below-stick-meta":"","astra-migrate-meta-layouts":"default","ast-page-background-enabled":"default","ast-page-background-meta":{"desktop":{"background-color":"var(--ast-global-color-5)","background-image":"","background-repeat":"repeat","background-position":"center center","background-size":"auto","background-attachment":"scroll","background-type":"","background-media":"","overlay-type":"","overlay-color":"","overlay-opacity":"","overlay-gradient":""},"tablet":{"background-color":"","background-image":"","background-repeat":"repeat","background-position":"center center","background-size":"auto","background-attachment":"scroll","background-type":"","background-media":"","overlay-type":"","overlay-color":"","overlay-opacity":"","overlay-gradient":""},"mobile":{"background-color":"","background-image":"","background-repeat":"repeat","background-position":"center center","background-size":"auto","background-attachment":"scroll","background-type":"","background-media":"","overlay-type":"","overlay-color":"","overlay-opacity":"","overlay-gradient":""}},"ast-content-background-meta":{"desktop":{"background-color":"var(--ast-global-color-4)","background-image":"","background-repeat":"repeat","background-position":"center center","background-size":"auto","background-attachment":"scroll","background-type":"","background-media":"","overlay-type":"","overlay-color":"","overlay-opacity":"","overlay-gradient":""},"tablet":{"background-color":"var(--ast-global-color-4)","background-image":"","background-repeat":"repeat","background-position":"center center","background-size":"auto","background-attachment":"scroll","background-type":"","background-media":"","overlay-type":"","overlay-color":"","overlay-opacity":"","overlay-gradient":""},"mobile":{"background-color":"var(--ast-global-color-4)","background-image":"","background-repeat":"repeat","background-position":"center center","background-size":"auto","background-attachment":"scroll","background-type":"","background-media":"","overlay-type":"","overlay-color":"","overlay-opacity":"","overlay-gradient":""}},"footnotes":""},"class_list":["post-254","page","type-page","status-publish","hentry"],"yoast_head":"<!-- This site is optimized with the Yoast SEO plugin v24.6 - https:\/\/yoast.com\/wordpress\/plugins\/seo\/ -->\n<title>Pol\u00edtica de Cookies -<\/title>\n<meta name=\"robots\" content=\"index, follow, max-snippet:-1, max-image-preview:large, max-video-preview:-1\" \/>\n<link rel=\"canonical\" href=\"https:\/\/www.seguroscred.com\/it\/politica-de-cookies\/\" \/>\n<meta property=\"og:locale\" content=\"it_IT\" \/>\n<meta property=\"og:type\" content=\"article\" \/>\n<meta property=\"og:title\" content=\"Pol\u00edtica de Cookies -\" \/>\n<meta property=\"og:description\" content=\"Quem Somos? O endere\u00e7o do nosso site \u00e9:\u00a0https:\/\/www.seguroscred.com Cookies N\u00f3s utilizamos cookies. Cookies s\u00e3o pequenos arquivos de textos simples que [&hellip;]\" \/>\n<meta property=\"og:url\" content=\"https:\/\/www.seguroscred.com\/it\/politica-de-cookies\/\" \/>\n<meta name=\"twitter:card\" content=\"summary_large_image\" \/>\n<meta name=\"twitter:label1\" content=\"Tempo di lettura stimato\" \/>\n\t<meta name=\"twitter:data1\" content=\"3 minuti\" \/>\n<script type=\"application\/ld+json\" class=\"yoast-schema-graph\">{\"@context\":\"https:\/\/schema.org\",\"@graph\":[{\"@type\":\"WebPage\",\"@id\":\"https:\/\/www.seguroscred.com\/politica-de-cookies\/\",\"url\":\"https:\/\/www.seguroscred.com\/politica-de-cookies\/\",\"name\":\"Pol\u00edtica de Cookies -\",\"isPartOf\":{\"@id\":\"https:\/\/www.seguroscred.com\/#website\"},\"datePublished\":\"2024-02-05T18:04:47+00:00\",\"breadcrumb\":{\"@id\":\"https:\/\/www.seguroscred.com\/politica-de-cookies\/#breadcrumb\"},\"inLanguage\":\"it-IT\",\"potentialAction\":[{\"@type\":\"ReadAction\",\"target\":[\"https:\/\/www.seguroscred.com\/politica-de-cookies\/\"]}]},{\"@type\":\"BreadcrumbList\",\"@id\":\"https:\/\/www.seguroscred.com\/politica-de-cookies\/#breadcrumb\",\"itemListElement\":[{\"@type\":\"ListItem\",\"position\":1,\"name\":\"Home\",\"item\":\"https:\/\/www.seguroscred.com\/\"},{\"@type\":\"ListItem\",\"position\":2,\"name\":\"Pol\u00edtica de Cookies\"}]},{\"@type\":\"WebSite\",\"@id\":\"https:\/\/www.seguroscred.com\/#website\",\"url\":\"https:\/\/www.seguroscred.com\/\",\"name\":\"\",\"description\":\"\",\"potentialAction\":[{\"@type\":\"SearchAction\",\"target\":{\"@type\":\"EntryPoint\",\"urlTemplate\":\"https:\/\/www.seguroscred.com\/?s={search_term_string}\"},\"query-input\":{\"@type\":\"PropertyValueSpecification\",\"valueRequired\":true,\"valueName\":\"search_term_string\"}}],\"inLanguage\":\"it-IT\"}]}<\/script>\n<!-- \/ Yoast SEO plugin. -->","yoast_head_json":{"title":"Pol\u00edtica de Cookies -","robots":{"index":"index","follow":"follow","max-snippet":"max-snippet:-1","max-image-preview":"max-image-preview:large","max-video-preview":"max-video-preview:-1"},"canonical":"https:\/\/www.seguroscred.com\/it\/politica-de-cookies\/","og_locale":"it_IT","og_type":"article","og_title":"Pol\u00edtica de Cookies -","og_description":"Quem Somos? O endere\u00e7o do nosso site \u00e9:\u00a0https:\/\/www.seguroscred.com Cookies N\u00f3s utilizamos cookies. Cookies s\u00e3o pequenos arquivos de textos simples que [&hellip;]","og_url":"https:\/\/www.seguroscred.com\/it\/politica-de-cookies\/","twitter_card":"summary_large_image","twitter_misc":{"Tempo di lettura stimato":"3 minuti"},"schema":{"@context":"https:\/\/schema.org","@graph":[{"@type":"WebPage","@id":"https:\/\/www.seguroscred.com\/politica-de-cookies\/","url":"https:\/\/www.seguroscred.com\/politica-de-cookies\/","name":"Pol\u00edtica de Cookies -","isPartOf":{"@id":"https:\/\/www.seguroscred.com\/#website"},"datePublished":"2024-02-05T18:04:47+00:00","breadcrumb":{"@id":"https:\/\/www.seguroscred.com\/politica-de-cookies\/#breadcrumb"},"inLanguage":"it-IT","potentialAction":[{"@type":"ReadAction","target":["https:\/\/www.seguroscred.com\/politica-de-cookies\/"]}]},{"@type":"BreadcrumbList","@id":"https:\/\/www.seguroscred.com\/politica-de-cookies\/#breadcrumb","itemListElement":[{"@type":"ListItem","position":1,"name":"Home","item":"https:\/\/www.seguroscred.com\/"},{"@type":"ListItem","position":2,"name":"Pol\u00edtica de Cookies"}]},{"@type":"WebSite","@id":"https:\/\/www.seguroscred.com\/#website","url":"https:\/\/www.seguroscred.com\/","name":"","description":"","potentialAction":[{"@type":"SearchAction","target":{"@type":"EntryPoint","urlTemplate":"https:\/\/www.seguroscred.com\/?s={search_term_string}"},"query-input":{"@type":"PropertyValueSpecification","valueRequired":true,"valueName":"search_term_string"}}],"inLanguage":"it-IT"}]}},"_links":{"self":[{"href":"https:\/\/www.seguroscred.com\/it\/wp-json\/wp\/v2\/pages\/254","targetHints":{"allow":["GET"]}}],"collection":[{"href":"https:\/\/www.seguroscred.com\/it\/wp-json\/wp\/v2\/pages"}],"about":[{"href":"https:\/\/www.seguroscred.com\/it\/wp-json\/wp\/v2\/types\/page"}],"author":[{"embeddable":true,"href":"https:\/\/www.seguroscred.com\/it\/wp-json\/wp\/v2\/users\/1"}],"replies":[{"embeddable":true,"href":"https:\/\/www.seguroscred.com\/it\/wp-json\/wp\/v2\/comments?post=254"}],"version-history":[{"count":2,"href":"https:\/\/www.seguroscred.com\/it\/wp-json\/wp\/v2\/pages\/254\/revisions"}],"predecessor-version":[{"id":256,"href":"https:\/\/www.seguroscred.com\/it\/wp-json\/wp\/v2\/pages\/254\/revisions\/256"}],"wp:attachment":[{"href":"https:\/\/www.seguroscred.com\/it\/wp-json\/wp\/v2\/media?parent=254"}],"curies":[{"name":"wp","href":"https:\/\/api.w.org\/{rel}","templated":true}]}}