{"id":134,"date":"2024-01-25T14:54:11","date_gmt":"2024-01-25T14:54:11","guid":{"rendered":"https:\/\/www.seguroscred.com\/?page_id=134"},"modified":"2024-01-25T14:54:29","modified_gmt":"2024-01-25T14:54:29","slug":"disclaimer","status":"publish","type":"page","link":"https:\/\/www.seguroscred.com\/nb\/disclaimer\/","title":{"rendered":"Ansvarsfraskrivelse"},"content":{"rendered":"<p><strong>Merk:<\/strong> Vi ber ikke om noen sum penger for \u00e5 frigi noen form for finansielt produkt, det v\u00e6re seg et kredittkort, finansiering eller l\u00e5n. Hvis dette skjer, vennligst gi oss beskjed umiddelbart via skjemaet.<\/p>\n\n\n\n<p><strong>Merknader:<\/strong> Vi jobber for \u00e5 holde all informasjon s\u00e5 oppdatert som mulig. Det er viktig \u00e5 merke seg at denne informasjonen kan avvike fra den som finnes p\u00e5 nettsidene til finansinstitusjoner eller tjenesteleverand\u00f8rer p\u00e5 et bestemt nettsted. N\u00e5r det gjelder institusjoner som vi ikke har partnerskap med, er alle produkter oppf\u00f8rt p\u00e5 denne nettsiden <a href=\"https:\/\/www.seguroscred.com\/nb\/\">https:\/\/www.seguroscred.com<\/a> er ikke garantert at informasjonen er oppdatert. Husk alltid \u00e5 lese brukervilk\u00e5rene og kj\u00f8psbetingelsene til finansinstitusjonene du velger.<\/p>\n\n\n\n<p><strong>Betraktninger:<\/strong> Vi streber etter \u00e5 holde all informasjon oppdatert og n\u00f8yaktig. Denne informasjonen kan avvike fra det du finner p\u00e5 nettsidene til finansinstitusjoner, tjenesteleverand\u00f8rer eller spesifikke produktnettsteder. For ikke-partnerinstitusjoner presenteres alle finansielle produkter uten noen garanti for at informasjonen er oppdatert. Les alltid finansinstitusjonenes betingelser og kj\u00f8psvilk\u00e5r f\u00f8r du velger.<\/p>","protected":false},"excerpt":{"rendered":"<p>Merknad: Vi ber ikke om noen form for pengebel\u00f8p for \u00e5 utgi noen form for finansielt produkt, verken det er kredittkort, finansiering eller [\u2026]<\/p>","protected":false},"author":1,"featured_media":0,"parent":0,"menu_order":0,"comment_status":"closed","ping_status":"closed","template":"","meta":{"site-sidebar-layout":"default","site-content-layout":"","ast-site-content-layout":"","site-content-style":"default","site-sidebar-style":"default","ast-global-header-display":"","ast-banner-title-visibility":"","ast-main-header-display":"","ast-hfb-above-header-display":"","ast-hfb-below-header-display":"","ast-hfb-mobile-header-display":"","site-post-title":"","ast-breadcrumbs-content":"","ast-featured-img":"","footer-sml-layout":"","theme-transparent-header-meta":"","adv-header-id-meta":"","stick-header-meta":"","header-above-stick-meta":"","header-main-stick-meta":"","header-below-stick-meta":"","astra-migrate-meta-layouts":"default","ast-page-background-enabled":"default","ast-page-background-meta":{"desktop":{"background-color":"var(--ast-global-color-5)","background-image":"","background-repeat":"repeat","background-position":"center center","background-size":"auto","background-attachment":"scroll","background-type":"","background-media":"","overlay-type":"","overlay-color":"","overlay-opacity":"","overlay-gradient":""},"tablet":{"background-color":"","background-image":"","background-repeat":"repeat","background-position":"center center","background-size":"auto","background-attachment":"scroll","background-type":"","background-media":"","overlay-type":"","overlay-color":"","overlay-opacity":"","overlay-gradient":""},"mobile":{"background-color":"","background-image":"","background-repeat":"repeat","background-position":"center center","background-size":"auto","background-attachment":"scroll","background-type":"","background-media":"","overlay-type":"","overlay-color":"","overlay-opacity":"","overlay-gradient":""}},"ast-content-background-meta":{"desktop":{"background-color":"var(--ast-global-color-4)","background-image":"","background-repeat":"repeat","background-position":"center center","background-size":"auto","background-attachment":"scroll","background-type":"","background-media":"","overlay-type":"","overlay-color":"","overlay-opacity":"","overlay-gradient":""},"tablet":{"background-color":"var(--ast-global-color-4)","background-image":"","background-repeat":"repeat","background-position":"center center","background-size":"auto","background-attachment":"scroll","background-type":"","background-media":"","overlay-type":"","overlay-color":"","overlay-opacity":"","overlay-gradient":""},"mobile":{"background-color":"var(--ast-global-color-4)","background-image":"","background-repeat":"repeat","background-position":"center center","background-size":"auto","background-attachment":"scroll","background-type":"","background-media":"","overlay-type":"","overlay-color":"","overlay-opacity":"","overlay-gradient":""}},"footnotes":""},"class_list":["post-134","page","type-page","status-publish","hentry"],"yoast_head":"<!-- This site is optimized with the Yoast SEO plugin v24.6 - https:\/\/yoast.com\/wordpress\/plugins\/seo\/ -->\n<title>Disclaimer -<\/title>\n<meta name=\"robots\" content=\"index, follow, max-snippet:-1, max-image-preview:large, max-video-preview:-1\" \/>\n<link rel=\"canonical\" href=\"https:\/\/www.seguroscred.com\/nb\/disclaimer\/\" \/>\n<meta property=\"og:locale\" content=\"nb_NO\" \/>\n<meta property=\"og:type\" content=\"article\" \/>\n<meta property=\"og:title\" content=\"Disclaimer -\" \/>\n<meta property=\"og:description\" content=\"Aviso: N\u00e3o solicitamos qualquer quantia em dinheiro para liberar qualquer tipo de produto financeiro, seja cart\u00e3o de cr\u00e9dito, financiamento ou [&hellip;]\" \/>\n<meta property=\"og:url\" content=\"https:\/\/www.seguroscred.com\/nb\/disclaimer\/\" \/>\n<meta property=\"article:modified_time\" content=\"2024-01-25T14:54:29+00:00\" \/>\n<meta name=\"twitter:card\" content=\"summary_large_image\" \/>\n<meta name=\"twitter:label1\" content=\"Ansl. lesetid\" \/>\n\t<meta name=\"twitter:data1\" content=\"1 minutt\" \/>\n<script type=\"application\/ld+json\" class=\"yoast-schema-graph\">{\"@context\":\"https:\/\/schema.org\",\"@graph\":[{\"@type\":\"WebPage\",\"@id\":\"https:\/\/www.seguroscred.com\/disclaimer\/\",\"url\":\"https:\/\/www.seguroscred.com\/disclaimer\/\",\"name\":\"Disclaimer -\",\"isPartOf\":{\"@id\":\"https:\/\/www.seguroscred.com\/#website\"},\"datePublished\":\"2024-01-25T14:54:11+00:00\",\"dateModified\":\"2024-01-25T14:54:29+00:00\",\"breadcrumb\":{\"@id\":\"https:\/\/www.seguroscred.com\/disclaimer\/#breadcrumb\"},\"inLanguage\":\"nb-NO\",\"potentialAction\":[{\"@type\":\"ReadAction\",\"target\":[\"https:\/\/www.seguroscred.com\/disclaimer\/\"]}]},{\"@type\":\"BreadcrumbList\",\"@id\":\"https:\/\/www.seguroscred.com\/disclaimer\/#breadcrumb\",\"itemListElement\":[{\"@type\":\"ListItem\",\"position\":1,\"name\":\"Home\",\"item\":\"https:\/\/www.seguroscred.com\/\"},{\"@type\":\"ListItem\",\"position\":2,\"name\":\"Disclaimer\"}]},{\"@type\":\"WebSite\",\"@id\":\"https:\/\/www.seguroscred.com\/#website\",\"url\":\"https:\/\/www.seguroscred.com\/\",\"name\":\"\",\"description\":\"\",\"potentialAction\":[{\"@type\":\"SearchAction\",\"target\":{\"@type\":\"EntryPoint\",\"urlTemplate\":\"https:\/\/www.seguroscred.com\/?s={search_term_string}\"},\"query-input\":{\"@type\":\"PropertyValueSpecification\",\"valueRequired\":true,\"valueName\":\"search_term_string\"}}],\"inLanguage\":\"nb-NO\"}]}<\/script>\n<!-- \/ Yoast SEO plugin. -->","yoast_head_json":{"title":"Disclaimer -","robots":{"index":"index","follow":"follow","max-snippet":"max-snippet:-1","max-image-preview":"max-image-preview:large","max-video-preview":"max-video-preview:-1"},"canonical":"https:\/\/www.seguroscred.com\/nb\/disclaimer\/","og_locale":"nb_NO","og_type":"article","og_title":"Disclaimer -","og_description":"Aviso: N\u00e3o solicitamos qualquer quantia em dinheiro para liberar qualquer tipo de produto financeiro, seja cart\u00e3o de cr\u00e9dito, financiamento ou [&hellip;]","og_url":"https:\/\/www.seguroscred.com\/nb\/disclaimer\/","article_modified_time":"2024-01-25T14:54:29+00:00","twitter_card":"summary_large_image","twitter_misc":{"Ansl. lesetid":"1 minutt"},"schema":{"@context":"https:\/\/schema.org","@graph":[{"@type":"WebPage","@id":"https:\/\/www.seguroscred.com\/disclaimer\/","url":"https:\/\/www.seguroscred.com\/disclaimer\/","name":"Disclaimer -","isPartOf":{"@id":"https:\/\/www.seguroscred.com\/#website"},"datePublished":"2024-01-25T14:54:11+00:00","dateModified":"2024-01-25T14:54:29+00:00","breadcrumb":{"@id":"https:\/\/www.seguroscred.com\/disclaimer\/#breadcrumb"},"inLanguage":"nb-NO","potentialAction":[{"@type":"ReadAction","target":["https:\/\/www.seguroscred.com\/disclaimer\/"]}]},{"@type":"BreadcrumbList","@id":"https:\/\/www.seguroscred.com\/disclaimer\/#breadcrumb","itemListElement":[{"@type":"ListItem","position":1,"name":"Home","item":"https:\/\/www.seguroscred.com\/"},{"@type":"ListItem","position":2,"name":"Disclaimer"}]},{"@type":"WebSite","@id":"https:\/\/www.seguroscred.com\/#website","url":"https:\/\/www.seguroscred.com\/","name":"","description":"","potentialAction":[{"@type":"SearchAction","target":{"@type":"EntryPoint","urlTemplate":"https:\/\/www.seguroscred.com\/?s={search_term_string}"},"query-input":{"@type":"PropertyValueSpecification","valueRequired":true,"valueName":"search_term_string"}}],"inLanguage":"nb-NO"}]}},"_links":{"self":[{"href":"https:\/\/www.seguroscred.com\/nb\/wp-json\/wp\/v2\/pages\/134","targetHints":{"allow":["GET"]}}],"collection":[{"href":"https:\/\/www.seguroscred.com\/nb\/wp-json\/wp\/v2\/pages"}],"about":[{"href":"https:\/\/www.seguroscred.com\/nb\/wp-json\/wp\/v2\/types\/page"}],"author":[{"embeddable":true,"href":"https:\/\/www.seguroscred.com\/nb\/wp-json\/wp\/v2\/users\/1"}],"replies":[{"embeddable":true,"href":"https:\/\/www.seguroscred.com\/nb\/wp-json\/wp\/v2\/comments?post=134"}],"version-history":[{"count":3,"href":"https:\/\/www.seguroscred.com\/nb\/wp-json\/wp\/v2\/pages\/134\/revisions"}],"predecessor-version":[{"id":137,"href":"https:\/\/www.seguroscred.com\/nb\/wp-json\/wp\/v2\/pages\/134\/revisions\/137"}],"wp:attachment":[{"href":"https:\/\/www.seguroscred.com\/nb\/wp-json\/wp\/v2\/media?parent=134"}],"curies":[{"name":"wp","href":"https:\/\/api.w.org\/{rel}","templated":true}]}}