{"id":238,"date":"2024-02-05T17:47:09","date_gmt":"2024-02-05T17:47:09","guid":{"rendered":"https:\/\/www.seguroscred.com\/?page_id=238"},"modified":"2024-02-05T17:54:34","modified_gmt":"2024-02-05T17:54:34","slug":"politica-de-privacidade","status":"publish","type":"page","link":"https:\/\/www.seguroscred.com\/nb\/politica-de-privacidade\/","title":{"rendered":"Personvernerkl\u00e6ring"},"content":{"rendered":"<h2><span style=\"color: rgb(68, 68, 68);\">Personvernerkl\u00e6ring<\/span><\/h2><p><span style=\"color: rgb(68, 68, 68);\">Personvernet ditt er viktig for oss. Det er SegurosCreds policy \u00e5 respektere personvernet ditt ang\u00e5ende all informasjon vi kan samle inn fra deg p\u00e5 nettstedet. <a href=\"\/nb\/SegurosCred.com\/\">SegurosCred<\/a>, og andre nettsteder vi eier og driver.<\/span><\/p><p><span style=\"color: rgb(68, 68, 68);\">Vi ber kun om personlig informasjon n\u00e5r vi virkelig trenger det for \u00e5 yte en tjeneste til deg. Vi gj\u00f8r det p\u00e5 rettferdige og lovlige m\u00e5ter, med din kunnskap og ditt samtykke. Vi forteller deg ogs\u00e5 hvorfor vi samler den inn og hvordan den skal brukes.<\/span><\/p><p><span style=\"color: rgb(68, 68, 68);\">Vi beholder kun innsamlet informasjon s\u00e5 lenge det er n\u00f8dvendig for \u00e5 gi deg den forespurte tjenesten. Hvilke data vi lagrer, vil vi beskytte innenfor kommersielt akseptable midler for \u00e5 forhindre tap og tyveri, samt uautorisert tilgang, avsl\u00f8ring, kopiering, bruk eller modifikasjon.<\/span><\/p><p><span style=\"color: rgb(68, 68, 68);\">Vi deler ingen personlig identifiserende informasjon offentlig eller med tredjeparter, bortsett fra n\u00e5r loven krever det.<\/span><\/p><p><span style=\"color: rgb(68, 68, 68);\">V\u00e5r nettside kan inneholde lenker til eksterne nettsider som ikke drives av oss. V\u00e6r oppmerksom p\u00e5 at vi ikke har kontroll over innholdet og praksisen p\u00e5 disse sidene og kan ikke akseptere ansvar for deres respektive&nbsp;<\/span><a href=\"https:\/\/politicaprivacidade.com\/\" rel=\"noopener noreferrer\" target=\"_blank\" style=\"background-color: transparent; color: rgb(68, 68, 68);\">personvernregler<\/a><span style=\"color: rgb(68, 68, 68);\">.<\/span><\/p><p><span style=\"color: rgb(68, 68, 68);\">Du st\u00e5r fritt til \u00e5 avsl\u00e5 v\u00e5r foresp\u00f8rsel om din personlige informasjon, med den forst\u00e5else at vi kanskje ikke kan gi deg noen av dine \u00f8nskede tjenester.<\/span><\/p><p><span style=\"color: rgb(68, 68, 68);\">Din fortsatte bruk av nettstedet v\u00e5rt vil bli sett p\u00e5 som aksept av v\u00e5r praksis rundt personvern og personlig informasjon. Hvis du har sp\u00f8rsm\u00e5l om hvordan vi h\u00e5ndterer brukerdata og personopplysninger, vennligst kontakt oss.<\/span><\/p><p><span style=\"color: rgb(68, 68, 68);\"><ul><li><span style=\"color: rgb(68, 68, 68);\">Google AdSense-tjenesten vi bruker til \u00e5 vise annonsering bruker en DoubleClick-informasjonskapsel for \u00e5 vise mer relevante annonser p\u00e5 nettet og begrense antall ganger en gitt annonse vises til deg.<\/span><\/li><li><span style=\"color: rgb(68, 68, 68);\">For mer informasjon om Google AdSense, se de offisielle sp\u00f8rsm\u00e5lene om personvern for Google AdSense.<\/span><\/li><li><span style=\"color: rgb(68, 68, 68);\">Vi bruker annonser for \u00e5 kompensere for kostnadene ved \u00e5 drive denne nettsiden og gi midler til fremtidig utvikling. De adferdsbaserte annonseringsinformasjonskapslene som brukes av dette nettstedet er utformet for \u00e5 sikre at vi gir deg de mest relevante annonsene der det er mulig, ved anonymt \u00e5 spore interessene dine og presentere lignende ting som kan v\u00e6re av interesse.<\/span><\/li><li><span style=\"color: rgb(68, 68, 68);\">Flere partnere annonserer p\u00e5 v\u00e5re vegne, og tilknyttede sporingsinformasjonskapsler lar oss ganske enkelt se om kundene v\u00e5re har kommet til nettstedet gjennom en av partnernettstedene v\u00e5re, slik at vi kan kreditere dem p\u00e5 riktig m\u00e5te og, der det er aktuelt, tillate v\u00e5re tilknyttede partnere \u00e5 gi enhver bonus de kan gi deg for \u00e5 foreta et kj\u00f8p.<\/span><\/li><\/ul><p><br><\/p><\/span><\/p><h3><span style=\"color: rgb(68, 68, 68);\">Brukerforpliktelse<\/span><\/h3><p><span style=\"color: rgb(68, 68, 68);\">Brukeren forplikter seg til \u00e5 gj\u00f8re hensiktsmessig bruk av innholdet og informasjonen som SegurosCred tilbyr p\u00e5 nettstedet, og som eksempel, men ikke begrenset til:<\/span><\/p><ul><li><span style=\"color: rgb(68, 68, 68);\">A) Ikke \u00e5 delta i aktiviteter som er ulovlige eller i strid med god tro og offentlig orden;<\/span><\/li><li><span style=\"color: rgb(68, 68, 68);\">B) Ikke spre propaganda eller innhold av rasistisk, fremmedfiendtlig karakter, <\/span><span style=\"color: rgb(33, 37, 41);\"><a href='https:\/\/betnacionalbrasil.br.com' style='color:inherit !important; text-decoration: none !important; font-size: inherit !important;'>Nasjonalt veddem\u00e5l<\/a><\/span><span style=\"color: rgb(68, 68, 68);\"> eller uflaks, enhver form for ulovlig pornografi, til st\u00f8tte for terrorisme eller mot menneskerettigheter;<\/span><\/li><li><span style=\"color: rgb(68, 68, 68);\">C) Ikke \u00e5 for\u00e5rsake skade p\u00e5 de fysiske (maskinvare) og logiske (programvare) systemene til SegurosCred, dets leverand\u00f8rer eller tredjeparter, for \u00e5 introdusere eller spre datavirus eller andre maskinvare- eller programvaresystemer som er i stand til \u00e5 for\u00e5rsake den nevnte skaden.<\/span><\/li><\/ul><h3><span style=\"color: rgb(68, 68, 68);\">Mer informasjon<\/span><\/h3><p><span style=\"color: rgb(68, 68, 68);\">Forh\u00e5pentligvis har det oppklart ting for deg, og som tidligere nevnt, hvis det er noe du ikke er sikker p\u00e5 om du trenger eller ikke, er det vanligvis tryggere \u00e5 la informasjonskapsler v\u00e6re aktivert i tilfelle det samhandler med en av funksjonene du bruker p\u00e5 nettstedet v\u00e5rt.<\/span><\/p><p><span style=\"color: rgb(68, 68, 68);\">Denne policyen trer i kraft 5. februar 2024 kl. 17.52<\/span><\/p>","protected":false},"excerpt":{"rendered":"<p>Personvernregler Ditt personvern er viktig for oss. Det er SegurosCreds policy \u00e5 respektere ditt personvern i forbindelse med [\u2026]<\/p>","protected":false},"author":1,"featured_media":0,"parent":0,"menu_order":0,"comment_status":"closed","ping_status":"closed","template":"","meta":{"site-sidebar-layout":"default","site-content-layout":"","ast-site-content-layout":"","site-content-style":"default","site-sidebar-style":"default","ast-global-header-display":"","ast-banner-title-visibility":"","ast-main-header-display":"","ast-hfb-above-header-display":"","ast-hfb-below-header-display":"","ast-hfb-mobile-header-display":"","site-post-title":"","ast-breadcrumbs-content":"","ast-featured-img":"","footer-sml-layout":"","theme-transparent-header-meta":"","adv-header-id-meta":"","stick-header-meta":"","header-above-stick-meta":"","header-main-stick-meta":"","header-below-stick-meta":"","astra-migrate-meta-layouts":"default","ast-page-background-enabled":"default","ast-page-background-meta":{"desktop":{"background-color":"var(--ast-global-color-5)","background-image":"","background-repeat":"repeat","background-position":"center center","background-size":"auto","background-attachment":"scroll","background-type":"","background-media":"","overlay-type":"","overlay-color":"","overlay-opacity":"","overlay-gradient":""},"tablet":{"background-color":"","background-image":"","background-repeat":"repeat","background-position":"center center","background-size":"auto","background-attachment":"scroll","background-type":"","background-media":"","overlay-type":"","overlay-color":"","overlay-opacity":"","overlay-gradient":""},"mobile":{"background-color":"","background-image":"","background-repeat":"repeat","background-position":"center center","background-size":"auto","background-attachment":"scroll","background-type":"","background-media":"","overlay-type":"","overlay-color":"","overlay-opacity":"","overlay-gradient":""}},"ast-content-background-meta":{"desktop":{"background-color":"var(--ast-global-color-4)","background-image":"","background-repeat":"repeat","background-position":"center center","background-size":"auto","background-attachment":"scroll","background-type":"","background-media":"","overlay-type":"","overlay-color":"","overlay-opacity":"","overlay-gradient":""},"tablet":{"background-color":"var(--ast-global-color-4)","background-image":"","background-repeat":"repeat","background-position":"center center","background-size":"auto","background-attachment":"scroll","background-type":"","background-media":"","overlay-type":"","overlay-color":"","overlay-opacity":"","overlay-gradient":""},"mobile":{"background-color":"var(--ast-global-color-4)","background-image":"","background-repeat":"repeat","background-position":"center center","background-size":"auto","background-attachment":"scroll","background-type":"","background-media":"","overlay-type":"","overlay-color":"","overlay-opacity":"","overlay-gradient":""}},"footnotes":""},"class_list":["post-238","page","type-page","status-publish","hentry"],"yoast_head":"<!-- This site is optimized with the Yoast SEO plugin v24.6 - https:\/\/yoast.com\/wordpress\/plugins\/seo\/ -->\n<title>Pol\u00edtica de privacidade -<\/title>\n<meta name=\"robots\" content=\"index, follow, max-snippet:-1, max-image-preview:large, max-video-preview:-1\" \/>\n<link rel=\"canonical\" href=\"https:\/\/www.seguroscred.com\/nb\/politica-de-privacidade\/\" \/>\n<meta property=\"og:locale\" content=\"nb_NO\" \/>\n<meta property=\"og:type\" content=\"article\" \/>\n<meta property=\"og:title\" content=\"Pol\u00edtica de privacidade -\" \/>\n<meta property=\"og:description\" content=\"Pol\u00edtica Privacidade A sua privacidade \u00e9 importante para n\u00f3s. \u00c9 pol\u00edtica do SegurosCred respeitar a sua privacidade em rela\u00e7\u00e3o a [&hellip;]\" \/>\n<meta property=\"og:url\" content=\"https:\/\/www.seguroscred.com\/nb\/politica-de-privacidade\/\" \/>\n<meta property=\"article:modified_time\" content=\"2024-02-05T17:54:34+00:00\" \/>\n<meta name=\"twitter:card\" content=\"summary_large_image\" \/>\n<meta name=\"twitter:label1\" content=\"Ansl. lesetid\" \/>\n\t<meta name=\"twitter:data1\" content=\"4 minutter\" \/>\n<script type=\"application\/ld+json\" class=\"yoast-schema-graph\">{\"@context\":\"https:\/\/schema.org\",\"@graph\":[{\"@type\":\"WebPage\",\"@id\":\"https:\/\/www.seguroscred.com\/politica-de-privacidade\/\",\"url\":\"https:\/\/www.seguroscred.com\/politica-de-privacidade\/\",\"name\":\"Pol\u00edtica de privacidade -\",\"isPartOf\":{\"@id\":\"https:\/\/www.seguroscred.com\/#website\"},\"datePublished\":\"2024-02-05T17:47:09+00:00\",\"dateModified\":\"2024-02-05T17:54:34+00:00\",\"breadcrumb\":{\"@id\":\"https:\/\/www.seguroscred.com\/politica-de-privacidade\/#breadcrumb\"},\"inLanguage\":\"nb-NO\",\"potentialAction\":[{\"@type\":\"ReadAction\",\"target\":[\"https:\/\/www.seguroscred.com\/politica-de-privacidade\/\"]}]},{\"@type\":\"BreadcrumbList\",\"@id\":\"https:\/\/www.seguroscred.com\/politica-de-privacidade\/#breadcrumb\",\"itemListElement\":[{\"@type\":\"ListItem\",\"position\":1,\"name\":\"Home\",\"item\":\"https:\/\/www.seguroscred.com\/\"},{\"@type\":\"ListItem\",\"position\":2,\"name\":\"Pol\u00edtica de privacidade\"}]},{\"@type\":\"WebSite\",\"@id\":\"https:\/\/www.seguroscred.com\/#website\",\"url\":\"https:\/\/www.seguroscred.com\/\",\"name\":\"\",\"description\":\"\",\"potentialAction\":[{\"@type\":\"SearchAction\",\"target\":{\"@type\":\"EntryPoint\",\"urlTemplate\":\"https:\/\/www.seguroscred.com\/?s={search_term_string}\"},\"query-input\":{\"@type\":\"PropertyValueSpecification\",\"valueRequired\":true,\"valueName\":\"search_term_string\"}}],\"inLanguage\":\"nb-NO\"}]}<\/script>\n<!-- \/ Yoast SEO plugin. -->","yoast_head_json":{"title":"Pol\u00edtica de privacidade -","robots":{"index":"index","follow":"follow","max-snippet":"max-snippet:-1","max-image-preview":"max-image-preview:large","max-video-preview":"max-video-preview:-1"},"canonical":"https:\/\/www.seguroscred.com\/nb\/politica-de-privacidade\/","og_locale":"nb_NO","og_type":"article","og_title":"Pol\u00edtica de privacidade -","og_description":"Pol\u00edtica Privacidade A sua privacidade \u00e9 importante para n\u00f3s. \u00c9 pol\u00edtica do SegurosCred respeitar a sua privacidade em rela\u00e7\u00e3o a [&hellip;]","og_url":"https:\/\/www.seguroscred.com\/nb\/politica-de-privacidade\/","article_modified_time":"2024-02-05T17:54:34+00:00","twitter_card":"summary_large_image","twitter_misc":{"Ansl. lesetid":"4 minutter"},"schema":{"@context":"https:\/\/schema.org","@graph":[{"@type":"WebPage","@id":"https:\/\/www.seguroscred.com\/politica-de-privacidade\/","url":"https:\/\/www.seguroscred.com\/politica-de-privacidade\/","name":"Pol\u00edtica de privacidade -","isPartOf":{"@id":"https:\/\/www.seguroscred.com\/#website"},"datePublished":"2024-02-05T17:47:09+00:00","dateModified":"2024-02-05T17:54:34+00:00","breadcrumb":{"@id":"https:\/\/www.seguroscred.com\/politica-de-privacidade\/#breadcrumb"},"inLanguage":"nb-NO","potentialAction":[{"@type":"ReadAction","target":["https:\/\/www.seguroscred.com\/politica-de-privacidade\/"]}]},{"@type":"BreadcrumbList","@id":"https:\/\/www.seguroscred.com\/politica-de-privacidade\/#breadcrumb","itemListElement":[{"@type":"ListItem","position":1,"name":"Home","item":"https:\/\/www.seguroscred.com\/"},{"@type":"ListItem","position":2,"name":"Pol\u00edtica de privacidade"}]},{"@type":"WebSite","@id":"https:\/\/www.seguroscred.com\/#website","url":"https:\/\/www.seguroscred.com\/","name":"","description":"","potentialAction":[{"@type":"SearchAction","target":{"@type":"EntryPoint","urlTemplate":"https:\/\/www.seguroscred.com\/?s={search_term_string}"},"query-input":{"@type":"PropertyValueSpecification","valueRequired":true,"valueName":"search_term_string"}}],"inLanguage":"nb-NO"}]}},"_links":{"self":[{"href":"https:\/\/www.seguroscred.com\/nb\/wp-json\/wp\/v2\/pages\/238","targetHints":{"allow":["GET"]}}],"collection":[{"href":"https:\/\/www.seguroscred.com\/nb\/wp-json\/wp\/v2\/pages"}],"about":[{"href":"https:\/\/www.seguroscred.com\/nb\/wp-json\/wp\/v2\/types\/page"}],"author":[{"embeddable":true,"href":"https:\/\/www.seguroscred.com\/nb\/wp-json\/wp\/v2\/users\/1"}],"replies":[{"embeddable":true,"href":"https:\/\/www.seguroscred.com\/nb\/wp-json\/wp\/v2\/comments?post=238"}],"version-history":[{"count":4,"href":"https:\/\/www.seguroscred.com\/nb\/wp-json\/wp\/v2\/pages\/238\/revisions"}],"predecessor-version":[{"id":244,"href":"https:\/\/www.seguroscred.com\/nb\/wp-json\/wp\/v2\/pages\/238\/revisions\/244"}],"wp:attachment":[{"href":"https:\/\/www.seguroscred.com\/nb\/wp-json\/wp\/v2\/media?parent=238"}],"curies":[{"name":"wp","href":"https:\/\/api.w.org\/{rel}","templated":true}]}}