{"id":245,"date":"2024-02-05T17:55:23","date_gmt":"2024-02-05T17:55:23","guid":{"rendered":"https:\/\/www.seguroscred.com\/?page_id=245"},"modified":"2024-02-05T17:56:34","modified_gmt":"2024-02-05T17:56:34","slug":"termos-e-condicoes","status":"publish","type":"page","link":"https:\/\/www.seguroscred.com\/nb\/termos-e-condicoes\/","title":{"rendered":"Vilk\u00e5r og betingelser"},"content":{"rendered":"<h2><span style=\"color: rgb(68, 68, 68);\">1. Vilk\u00e5r<\/span><\/h2><p><span style=\"color: rgb(68, 68, 68);\">N\u00e5r du g\u00e5r inn p\u00e5 nettsiden <a href=\"\/nb\/SegurosCred.com\/\">SegurosCred<\/a>, godtar du \u00e5 overholde disse tjenestevilk\u00e5rene, alle gjeldende lover og forskrifter, og godtar at du er ansvarlig for \u00e5 overholde alle gjeldende lokale lover. Hvis du ikke godtar noen av disse vilk\u00e5rene, har du forbud mot \u00e5 bruke eller f\u00e5 tilgang til dette nettstedet. Materialet p\u00e5 denne nettsiden er beskyttet av gjeldende opphavsrett og varemerkelov.<\/span><\/p><h2><span style=\"color: rgb(68, 68, 68);\">2. Bruk lisens<\/span><\/h2><p><span style=\"color: rgb(68, 68, 68);\">Tillatelse er gitt til midlertidig \u00e5 laste ned \u00e9n kopi av materialet (informasjon eller programvare) p\u00e5 SegurosCreds nettsted kun for personlig, ikke-kommersiell forbig\u00e5ende visning. Dette er tildeling av en lisens, ikke en overf\u00f8ring av eiendom, og under denne lisensen kan du ikke:&nbsp;<\/span><\/p><ol><li><span style=\"color: rgb(68, 68, 68);\">endre eller kopiere materialet;&nbsp;<\/span><\/li><li><span style=\"color: rgb(68, 68, 68);\">bruke materialet til kommersielle form\u00e5l, eller til offentlig visning (kommersiell eller ikke-kommersiell);&nbsp;<\/span><\/li><li><span style=\"color: rgb(68, 68, 68);\">fors\u00f8ke \u00e5 dekompilere eller omvendt utvikle programvare som finnes p\u00e5 SegurosCred-nettstedet;&nbsp;<\/span><\/li><li><span style=\"color: rgb(68, 68, 68);\">fjerne opphavsrett eller andre eiendomsbetegnelser fra materialet; eller&nbsp;<\/span><\/li><li><span style=\"color: rgb(68, 68, 68);\">overf\u00f8re materialet til en annen person eller &#039;speile&#039; materialet p\u00e5 en annen server.<\/span><\/li><\/ol><p><span style=\"color: rgb(68, 68, 68);\">Denne lisensen opph\u00f8rer automatisk hvis du bryter noen av disse begrensningene og kan sies opp av SegurosCred n\u00e5r som helst. N\u00e5r du avslutter visningen av dette materialet eller ved oppsigelse av denne lisensen, m\u00e5 du \u00f8delegge alt nedlastet materiale i din besittelse, enten det er i elektronisk eller trykt format.<\/span><\/p><h2><span style=\"color: rgb(68, 68, 68);\">3. Ansvarsfraskrivelse<\/span><\/h2><ol><li><span style=\"color: rgb(68, 68, 68);\">Materialet p\u00e5 SegurosCreds nettsted er gitt &quot;som det er&quot;. SegurosCred gir ingen garantier, uttrykte eller underforst\u00e5tte, og fraskriver seg og nekter herved alle andre garantier, inkludert, uten begrensning, underforst\u00e5tte garantier eller betingelser for salgbarhet, egnethet for et bestemt form\u00e5l, eller ikke-krenkelse av intellektuell eiendom eller andre brudd p\u00e5 rettigheter.<\/span><\/li><li><span style=\"color: rgb(68, 68, 68);\">Videre garanterer ikke SegurosCred eller gir noen representasjoner ang\u00e5ende n\u00f8yaktigheten, sannsynlige resultater eller p\u00e5liteligheten av bruken av materialet p\u00e5 nettstedet eller p\u00e5 annen m\u00e5te relatert til slikt materiale eller p\u00e5 noen nettsteder som er koblet til dette nettstedet.<\/span><\/li><\/ol><h2><span style=\"color: rgb(68, 68, 68);\">4. Begrensninger<\/span><\/h2><p><span style=\"color: rgb(68, 68, 68);\">SegurosCred eller dets leverand\u00f8rer skal ikke under noen omstendigheter holdes ansvarlig for skader (inkludert, uten begrensning, skader for tap av data eller fortjeneste, eller p\u00e5 grunn av forretningsavbrudd) som oppst\u00e5r som f\u00f8lge av bruk eller manglende evne til \u00e5 bruke materialet p\u00e5 SegurosCreds nettside, selv om SegurosCred eller en autorisert SegurosCred-representant har blitt varslet skriftlig om muligheten for slik skade muntlig eller skriftlig. Fordi noen jurisdiksjoner ikke tillater begrensninger p\u00e5 underforst\u00e5tte garantier, eller begrensninger av ansvar for f\u00f8lgeskader eller tilfeldige skader, kan det hende at disse begrensningene ikke gjelder deg.<\/span><\/p><h2><span style=\"color: rgb(68, 68, 68);\">5. N\u00f8yaktighet av materialer<\/span><\/h2><p><span style=\"color: rgb(68, 68, 68);\">Materialet som vises p\u00e5 SegurosCred-nettstedet kan inneholde tekniske, typografiske eller fotografiske feil. SegurosCred garanterer ikke at noe materiale p\u00e5 nettstedet er n\u00f8yaktig, fullstendig eller oppdatert. SegurosCred kan n\u00e5r som helst gj\u00f8re endringer i materialet p\u00e5 nettsiden uten forvarsel. SegurosCred forplikter seg imidlertid ikke til \u00e5 oppdatere materialet.<\/span><\/p><h2><span style=\"color: rgb(68, 68, 68);\">6. Lenker<\/span><\/h2><p><span style=\"color: rgb(68, 68, 68);\">SegurosCred har ikke gjennomg\u00e5tt alle nettstedene som er koblet til nettstedet og er ikke ansvarlig for innholdet p\u00e5 noen koblede nettsteder. Inkluderingen av noen lenker inneb\u00e6rer ikke at SegurosCred godkjenner nettstedet. Bruk av et lenket nettsted er p\u00e5 brukerens egen risiko.<\/span><\/p><p><br><\/p><h3><span style=\"color: rgb(68, 68, 68);\">Modifikasjoner<\/span><\/h3><p><span style=\"color: rgb(68, 68, 68);\">SegurosCred kan revidere disse tjenestevilk\u00e5rene for nettstedet n\u00e5r som helst uten forvarsel. Ved \u00e5 bruke denne nettsiden godtar du \u00e5 v\u00e6re bundet av gjeldende versjon av disse tjenestevilk\u00e5rene.<\/span><\/p><h3><span style=\"color: rgb(68, 68, 68);\">Gjeldende lov<\/span><\/h3><p><span style=\"color: rgb(68, 68, 68);\">Disse vilk\u00e5rene og betingelsene styres av og tolkes i samsvar med lovene til SegurosCred, og du underkaster deg ugjenkallelig den eksklusive jurisdiksjonen til domstolene i den staten eller stedet.<\/span><\/p>","protected":false},"excerpt":{"rendered":"<p>1. Vilk\u00e5r Ved \u00e5 g\u00e5 inn p\u00e5 SegurosCred-nettstedet godtar du \u00e5 overholde disse tjenestevilk\u00e5rene, alle gjeldende lover og forskrifter [\u2026]<\/p>","protected":false},"author":1,"featured_media":0,"parent":0,"menu_order":0,"comment_status":"closed","ping_status":"closed","template":"","meta":{"site-sidebar-layout":"default","site-content-layout":"","ast-site-content-layout":"","site-content-style":"default","site-sidebar-style":"default","ast-global-header-display":"","ast-banner-title-visibility":"","ast-main-header-display":"","ast-hfb-above-header-display":"","ast-hfb-below-header-display":"","ast-hfb-mobile-header-display":"","site-post-title":"","ast-breadcrumbs-content":"","ast-featured-img":"","footer-sml-layout":"","theme-transparent-header-meta":"","adv-header-id-meta":"","stick-header-meta":"","header-above-stick-meta":"","header-main-stick-meta":"","header-below-stick-meta":"","astra-migrate-meta-layouts":"default","ast-page-background-enabled":"default","ast-page-background-meta":{"desktop":{"background-color":"var(--ast-global-color-5)","background-image":"","background-repeat":"repeat","background-position":"center center","background-size":"auto","background-attachment":"scroll","background-type":"","background-media":"","overlay-type":"","overlay-color":"","overlay-opacity":"","overlay-gradient":""},"tablet":{"background-color":"","background-image":"","background-repeat":"repeat","background-position":"center center","background-size":"auto","background-attachment":"scroll","background-type":"","background-media":"","overlay-type":"","overlay-color":"","overlay-opacity":"","overlay-gradient":""},"mobile":{"background-color":"","background-image":"","background-repeat":"repeat","background-position":"center center","background-size":"auto","background-attachment":"scroll","background-type":"","background-media":"","overlay-type":"","overlay-color":"","overlay-opacity":"","overlay-gradient":""}},"ast-content-background-meta":{"desktop":{"background-color":"var(--ast-global-color-4)","background-image":"","background-repeat":"repeat","background-position":"center center","background-size":"auto","background-attachment":"scroll","background-type":"","background-media":"","overlay-type":"","overlay-color":"","overlay-opacity":"","overlay-gradient":""},"tablet":{"background-color":"var(--ast-global-color-4)","background-image":"","background-repeat":"repeat","background-position":"center center","background-size":"auto","background-attachment":"scroll","background-type":"","background-media":"","overlay-type":"","overlay-color":"","overlay-opacity":"","overlay-gradient":""},"mobile":{"background-color":"var(--ast-global-color-4)","background-image":"","background-repeat":"repeat","background-position":"center center","background-size":"auto","background-attachment":"scroll","background-type":"","background-media":"","overlay-type":"","overlay-color":"","overlay-opacity":"","overlay-gradient":""}},"footnotes":""},"class_list":["post-245","page","type-page","status-publish","hentry"],"yoast_head":"<!-- This site is optimized with the Yoast SEO plugin v24.6 - https:\/\/yoast.com\/wordpress\/plugins\/seo\/ -->\n<title>Termos e Condi\u00e7\u00f5es -<\/title>\n<meta name=\"robots\" content=\"index, follow, max-snippet:-1, max-image-preview:large, max-video-preview:-1\" \/>\n<link rel=\"canonical\" href=\"https:\/\/www.seguroscred.com\/nb\/termos-e-condicoes\/\" \/>\n<meta property=\"og:locale\" content=\"nb_NO\" \/>\n<meta property=\"og:type\" content=\"article\" \/>\n<meta property=\"og:title\" content=\"Termos e Condi\u00e7\u00f5es -\" \/>\n<meta property=\"og:description\" content=\"1. Termos Ao acessar ao site SegurosCred, concorda em cumprir estes termos de servi\u00e7o, todas as leis e regulamentos aplic\u00e1veis [&hellip;]\" \/>\n<meta property=\"og:url\" content=\"https:\/\/www.seguroscred.com\/nb\/termos-e-condicoes\/\" \/>\n<meta property=\"article:modified_time\" content=\"2024-02-05T17:56:34+00:00\" \/>\n<meta name=\"twitter:card\" content=\"summary_large_image\" \/>\n<meta name=\"twitter:label1\" content=\"Ansl. lesetid\" \/>\n\t<meta name=\"twitter:data1\" content=\"4 minutter\" \/>\n<script type=\"application\/ld+json\" class=\"yoast-schema-graph\">{\"@context\":\"https:\/\/schema.org\",\"@graph\":[{\"@type\":\"WebPage\",\"@id\":\"https:\/\/www.seguroscred.com\/termos-e-condicoes\/\",\"url\":\"https:\/\/www.seguroscred.com\/termos-e-condicoes\/\",\"name\":\"Termos e Condi\u00e7\u00f5es -\",\"isPartOf\":{\"@id\":\"https:\/\/www.seguroscred.com\/#website\"},\"datePublished\":\"2024-02-05T17:55:23+00:00\",\"dateModified\":\"2024-02-05T17:56:34+00:00\",\"breadcrumb\":{\"@id\":\"https:\/\/www.seguroscred.com\/termos-e-condicoes\/#breadcrumb\"},\"inLanguage\":\"nb-NO\",\"potentialAction\":[{\"@type\":\"ReadAction\",\"target\":[\"https:\/\/www.seguroscred.com\/termos-e-condicoes\/\"]}]},{\"@type\":\"BreadcrumbList\",\"@id\":\"https:\/\/www.seguroscred.com\/termos-e-condicoes\/#breadcrumb\",\"itemListElement\":[{\"@type\":\"ListItem\",\"position\":1,\"name\":\"Home\",\"item\":\"https:\/\/www.seguroscred.com\/\"},{\"@type\":\"ListItem\",\"position\":2,\"name\":\"Termos e Condi\u00e7\u00f5es\"}]},{\"@type\":\"WebSite\",\"@id\":\"https:\/\/www.seguroscred.com\/#website\",\"url\":\"https:\/\/www.seguroscred.com\/\",\"name\":\"\",\"description\":\"\",\"potentialAction\":[{\"@type\":\"SearchAction\",\"target\":{\"@type\":\"EntryPoint\",\"urlTemplate\":\"https:\/\/www.seguroscred.com\/?s={search_term_string}\"},\"query-input\":{\"@type\":\"PropertyValueSpecification\",\"valueRequired\":true,\"valueName\":\"search_term_string\"}}],\"inLanguage\":\"nb-NO\"}]}<\/script>\n<!-- \/ Yoast SEO plugin. -->","yoast_head_json":{"title":"Termos e Condi\u00e7\u00f5es -","robots":{"index":"index","follow":"follow","max-snippet":"max-snippet:-1","max-image-preview":"max-image-preview:large","max-video-preview":"max-video-preview:-1"},"canonical":"https:\/\/www.seguroscred.com\/nb\/termos-e-condicoes\/","og_locale":"nb_NO","og_type":"article","og_title":"Termos e Condi\u00e7\u00f5es -","og_description":"1. Termos Ao acessar ao site SegurosCred, concorda em cumprir estes termos de servi\u00e7o, todas as leis e regulamentos aplic\u00e1veis [&hellip;]","og_url":"https:\/\/www.seguroscred.com\/nb\/termos-e-condicoes\/","article_modified_time":"2024-02-05T17:56:34+00:00","twitter_card":"summary_large_image","twitter_misc":{"Ansl. lesetid":"4 minutter"},"schema":{"@context":"https:\/\/schema.org","@graph":[{"@type":"WebPage","@id":"https:\/\/www.seguroscred.com\/termos-e-condicoes\/","url":"https:\/\/www.seguroscred.com\/termos-e-condicoes\/","name":"Termos e Condi\u00e7\u00f5es -","isPartOf":{"@id":"https:\/\/www.seguroscred.com\/#website"},"datePublished":"2024-02-05T17:55:23+00:00","dateModified":"2024-02-05T17:56:34+00:00","breadcrumb":{"@id":"https:\/\/www.seguroscred.com\/termos-e-condicoes\/#breadcrumb"},"inLanguage":"nb-NO","potentialAction":[{"@type":"ReadAction","target":["https:\/\/www.seguroscred.com\/termos-e-condicoes\/"]}]},{"@type":"BreadcrumbList","@id":"https:\/\/www.seguroscred.com\/termos-e-condicoes\/#breadcrumb","itemListElement":[{"@type":"ListItem","position":1,"name":"Home","item":"https:\/\/www.seguroscred.com\/"},{"@type":"ListItem","position":2,"name":"Termos e Condi\u00e7\u00f5es"}]},{"@type":"WebSite","@id":"https:\/\/www.seguroscred.com\/#website","url":"https:\/\/www.seguroscred.com\/","name":"","description":"","potentialAction":[{"@type":"SearchAction","target":{"@type":"EntryPoint","urlTemplate":"https:\/\/www.seguroscred.com\/?s={search_term_string}"},"query-input":{"@type":"PropertyValueSpecification","valueRequired":true,"valueName":"search_term_string"}}],"inLanguage":"nb-NO"}]}},"_links":{"self":[{"href":"https:\/\/www.seguroscred.com\/nb\/wp-json\/wp\/v2\/pages\/245","targetHints":{"allow":["GET"]}}],"collection":[{"href":"https:\/\/www.seguroscred.com\/nb\/wp-json\/wp\/v2\/pages"}],"about":[{"href":"https:\/\/www.seguroscred.com\/nb\/wp-json\/wp\/v2\/types\/page"}],"author":[{"embeddable":true,"href":"https:\/\/www.seguroscred.com\/nb\/wp-json\/wp\/v2\/users\/1"}],"replies":[{"embeddable":true,"href":"https:\/\/www.seguroscred.com\/nb\/wp-json\/wp\/v2\/comments?post=245"}],"version-history":[{"count":5,"href":"https:\/\/www.seguroscred.com\/nb\/wp-json\/wp\/v2\/pages\/245\/revisions"}],"predecessor-version":[{"id":250,"href":"https:\/\/www.seguroscred.com\/nb\/wp-json\/wp\/v2\/pages\/245\/revisions\/250"}],"wp:attachment":[{"href":"https:\/\/www.seguroscred.com\/nb\/wp-json\/wp\/v2\/media?parent=245"}],"curies":[{"name":"wp","href":"https:\/\/api.w.org\/{rel}","templated":true}]}}