{"id":251,"date":"2024-02-05T18:02:14","date_gmt":"2024-02-05T18:02:14","guid":{"rendered":"https:\/\/www.seguroscred.com\/?page_id=251"},"modified":"2024-02-05T18:12:00","modified_gmt":"2024-02-05T18:12:00","slug":"sobre-nos","status":"publish","type":"page","link":"https:\/\/www.seguroscred.com\/nb\/sobre-nos\/","title":{"rendered":"Om oss"},"content":{"rendered":"<p>Velkommen til SegurosCred, din referanseportal for \u00e5 navigere i finansverdenen med tillit og sikkerhet. Vi er et team dedikert til \u00e5 avmystifisere finansverdenen ved \u00e5 gi klar og n\u00f8yaktig informasjon om ledende selskaper innen finansiell utdanning, forsikring, jobber og mer.<\/p>\n\n\n\n<h4 class=\"wp-block-heading\">V\u00e5rt oppdrag<\/h4>\n\n\n\n<p>V\u00e5rt oppdrag er \u00e5 styrke enkeltpersoner og bedrifter gjennom finansiell kunnskap. Vi tror at solid finansiell utdanning er n\u00f8kkelen til \u00e5 ta informerte beslutninger, h\u00e5ndtere risiko effektivt og oppn\u00e5 finansiell stabilitet. Det er derfor vi er opptatt av \u00e5 tilby oppdatert, relevant og tilgjengelig innhold for alle.<\/p>\n\n\n\n<h4 class=\"wp-block-heading\">Hva skiller oss<\/h4>\n\n\n\n<ul class=\"wp-block-list\">\n<li><strong>Forpliktelse til kvalitet:<\/strong> Innholdet v\u00e5rt er n\u00f8ye unders\u00f8kt og skrevet av eksperter, noe som sikrer at du f\u00e5r p\u00e5litelig informasjon av h\u00f8y kvalitet.<\/li>\n\n\n\n<li><strong>Brukerfokus:<\/strong> Vi forst\u00e5r behovene til brukerne v\u00e5re og streber etter \u00e5 skape en intuitiv og berikende nettleseropplevelse.<\/li>\n\n\n\n<li><strong>Omfattende visjon:<\/strong> Vi dekker et bredt spekter av emner, fra jobbmuligheter hos finansielle utdanningsselskaper til siste nytt om forsikringsprodukter. Vi er alltid klar over markedstrender for \u00e5 gi deg det mest oppdaterte innholdet.<\/li>\n\n\n\n<li><strong>Fellesskap og st\u00f8tte:<\/strong> I tillegg til \u00e5 informere, \u00f8nsker vi \u00e5 bygge et fellesskap av mennesker som er interessert i \u00e5 forbedre sin \u00f8konomiske helse. Vi st\u00f8tter og oppmuntrer til samhandling mellom brukerne v\u00e5re, og skaper et samarbeidende l\u00e6ringsmilj\u00f8.<\/li>\n<\/ul>\n\n\n\n<h4 class=\"wp-block-heading\">Bli med oss<\/h4>\n\n\n\n<p>Hvis du er ute etter p\u00e5litelig veiledning og praktiske tips om \u00f8konomi, er SegurosCred ditt utgangspunkt. Bli med i samfunnet v\u00e5rt og ta det f\u00f8rste skrittet mot et sikrere og mer velst\u00e5ende \u00f8konomisk liv.<\/p>\n\n\n\n<p>Vi inviterer deg til \u00e5 utforske nettstedet v\u00e5rt, lese artiklene v\u00e5re og oppdage hvordan vi kan hjelpe deg med \u00e5 n\u00e5 dine \u00f8konomiske m\u00e5l. Velkommen til SegurosCred, hvor din \u00f8konomiske reise begynner med selvtillit og kunnskap.<\/p>","protected":false},"excerpt":{"rendered":"<p>Velkommen til SegurosCred, din referanseportal for \u00e5 navigere i finansverdenen med trygghet og sikkerhet. Vi er en [\u2026]<\/p>","protected":false},"author":1,"featured_media":0,"parent":0,"menu_order":0,"comment_status":"closed","ping_status":"closed","template":"","meta":{"site-sidebar-layout":"default","site-content-layout":"","ast-site-content-layout":"","site-content-style":"default","site-sidebar-style":"default","ast-global-header-display":"","ast-banner-title-visibility":"","ast-main-header-display":"","ast-hfb-above-header-display":"","ast-hfb-below-header-display":"","ast-hfb-mobile-header-display":"","site-post-title":"","ast-breadcrumbs-content":"","ast-featured-img":"","footer-sml-layout":"","theme-transparent-header-meta":"","adv-header-id-meta":"","stick-header-meta":"","header-above-stick-meta":"","header-main-stick-meta":"","header-below-stick-meta":"","astra-migrate-meta-layouts":"default","ast-page-background-enabled":"default","ast-page-background-meta":{"desktop":{"background-color":"var(--ast-global-color-5)","background-image":"","background-repeat":"repeat","background-position":"center center","background-size":"auto","background-attachment":"scroll","background-type":"","background-media":"","overlay-type":"","overlay-color":"","overlay-opacity":"","overlay-gradient":""},"tablet":{"background-color":"","background-image":"","background-repeat":"repeat","background-position":"center center","background-size":"auto","background-attachment":"scroll","background-type":"","background-media":"","overlay-type":"","overlay-color":"","overlay-opacity":"","overlay-gradient":""},"mobile":{"background-color":"","background-image":"","background-repeat":"repeat","background-position":"center center","background-size":"auto","background-attachment":"scroll","background-type":"","background-media":"","overlay-type":"","overlay-color":"","overlay-opacity":"","overlay-gradient":""}},"ast-content-background-meta":{"desktop":{"background-color":"var(--ast-global-color-4)","background-image":"","background-repeat":"repeat","background-position":"center center","background-size":"auto","background-attachment":"scroll","background-type":"","background-media":"","overlay-type":"","overlay-color":"","overlay-opacity":"","overlay-gradient":""},"tablet":{"background-color":"var(--ast-global-color-4)","background-image":"","background-repeat":"repeat","background-position":"center center","background-size":"auto","background-attachment":"scroll","background-type":"","background-media":"","overlay-type":"","overlay-color":"","overlay-opacity":"","overlay-gradient":""},"mobile":{"background-color":"var(--ast-global-color-4)","background-image":"","background-repeat":"repeat","background-position":"center center","background-size":"auto","background-attachment":"scroll","background-type":"","background-media":"","overlay-type":"","overlay-color":"","overlay-opacity":"","overlay-gradient":""}},"footnotes":""},"class_list":["post-251","page","type-page","status-publish","hentry"],"yoast_head":"<!-- This site is optimized with the Yoast SEO plugin v24.6 - https:\/\/yoast.com\/wordpress\/plugins\/seo\/ -->\n<title>Sobre N\u00f3s -<\/title>\n<meta name=\"robots\" content=\"index, follow, max-snippet:-1, max-image-preview:large, max-video-preview:-1\" \/>\n<link rel=\"canonical\" href=\"https:\/\/www.seguroscred.com\/nb\/sobre-nos\/\" \/>\n<meta property=\"og:locale\" content=\"nb_NO\" \/>\n<meta property=\"og:type\" content=\"article\" \/>\n<meta property=\"og:title\" content=\"Sobre N\u00f3s -\" \/>\n<meta property=\"og:description\" content=\"Bem-vindo \u00e0 SegurosCred, o seu portal de refer\u00eancia para navegar pelo universo das finan\u00e7as com confian\u00e7a e seguran\u00e7a. Somos uma [&hellip;]\" \/>\n<meta property=\"og:url\" content=\"https:\/\/www.seguroscred.com\/nb\/sobre-nos\/\" \/>\n<meta property=\"article:modified_time\" content=\"2024-02-05T18:12:00+00:00\" \/>\n<meta name=\"twitter:card\" content=\"summary_large_image\" \/>\n<meta name=\"twitter:label1\" content=\"Ansl. lesetid\" \/>\n\t<meta name=\"twitter:data1\" content=\"2 minutter\" \/>\n<script type=\"application\/ld+json\" class=\"yoast-schema-graph\">{\"@context\":\"https:\/\/schema.org\",\"@graph\":[{\"@type\":\"WebPage\",\"@id\":\"https:\/\/www.seguroscred.com\/sobre-nos\/\",\"url\":\"https:\/\/www.seguroscred.com\/sobre-nos\/\",\"name\":\"Sobre N\u00f3s -\",\"isPartOf\":{\"@id\":\"https:\/\/www.seguroscred.com\/#website\"},\"datePublished\":\"2024-02-05T18:02:14+00:00\",\"dateModified\":\"2024-02-05T18:12:00+00:00\",\"breadcrumb\":{\"@id\":\"https:\/\/www.seguroscred.com\/sobre-nos\/#breadcrumb\"},\"inLanguage\":\"nb-NO\",\"potentialAction\":[{\"@type\":\"ReadAction\",\"target\":[\"https:\/\/www.seguroscred.com\/sobre-nos\/\"]}]},{\"@type\":\"BreadcrumbList\",\"@id\":\"https:\/\/www.seguroscred.com\/sobre-nos\/#breadcrumb\",\"itemListElement\":[{\"@type\":\"ListItem\",\"position\":1,\"name\":\"Home\",\"item\":\"https:\/\/www.seguroscred.com\/\"},{\"@type\":\"ListItem\",\"position\":2,\"name\":\"Sobre N\u00f3s\"}]},{\"@type\":\"WebSite\",\"@id\":\"https:\/\/www.seguroscred.com\/#website\",\"url\":\"https:\/\/www.seguroscred.com\/\",\"name\":\"\",\"description\":\"\",\"potentialAction\":[{\"@type\":\"SearchAction\",\"target\":{\"@type\":\"EntryPoint\",\"urlTemplate\":\"https:\/\/www.seguroscred.com\/?s={search_term_string}\"},\"query-input\":{\"@type\":\"PropertyValueSpecification\",\"valueRequired\":true,\"valueName\":\"search_term_string\"}}],\"inLanguage\":\"nb-NO\"}]}<\/script>\n<!-- \/ Yoast SEO plugin. -->","yoast_head_json":{"title":"Sobre N\u00f3s -","robots":{"index":"index","follow":"follow","max-snippet":"max-snippet:-1","max-image-preview":"max-image-preview:large","max-video-preview":"max-video-preview:-1"},"canonical":"https:\/\/www.seguroscred.com\/nb\/sobre-nos\/","og_locale":"nb_NO","og_type":"article","og_title":"Sobre N\u00f3s -","og_description":"Bem-vindo \u00e0 SegurosCred, o seu portal de refer\u00eancia para navegar pelo universo das finan\u00e7as com confian\u00e7a e seguran\u00e7a. Somos uma [&hellip;]","og_url":"https:\/\/www.seguroscred.com\/nb\/sobre-nos\/","article_modified_time":"2024-02-05T18:12:00+00:00","twitter_card":"summary_large_image","twitter_misc":{"Ansl. lesetid":"2 minutter"},"schema":{"@context":"https:\/\/schema.org","@graph":[{"@type":"WebPage","@id":"https:\/\/www.seguroscred.com\/sobre-nos\/","url":"https:\/\/www.seguroscred.com\/sobre-nos\/","name":"Sobre N\u00f3s -","isPartOf":{"@id":"https:\/\/www.seguroscred.com\/#website"},"datePublished":"2024-02-05T18:02:14+00:00","dateModified":"2024-02-05T18:12:00+00:00","breadcrumb":{"@id":"https:\/\/www.seguroscred.com\/sobre-nos\/#breadcrumb"},"inLanguage":"nb-NO","potentialAction":[{"@type":"ReadAction","target":["https:\/\/www.seguroscred.com\/sobre-nos\/"]}]},{"@type":"BreadcrumbList","@id":"https:\/\/www.seguroscred.com\/sobre-nos\/#breadcrumb","itemListElement":[{"@type":"ListItem","position":1,"name":"Home","item":"https:\/\/www.seguroscred.com\/"},{"@type":"ListItem","position":2,"name":"Sobre N\u00f3s"}]},{"@type":"WebSite","@id":"https:\/\/www.seguroscred.com\/#website","url":"https:\/\/www.seguroscred.com\/","name":"","description":"","potentialAction":[{"@type":"SearchAction","target":{"@type":"EntryPoint","urlTemplate":"https:\/\/www.seguroscred.com\/?s={search_term_string}"},"query-input":{"@type":"PropertyValueSpecification","valueRequired":true,"valueName":"search_term_string"}}],"inLanguage":"nb-NO"}]}},"_links":{"self":[{"href":"https:\/\/www.seguroscred.com\/nb\/wp-json\/wp\/v2\/pages\/251","targetHints":{"allow":["GET"]}}],"collection":[{"href":"https:\/\/www.seguroscred.com\/nb\/wp-json\/wp\/v2\/pages"}],"about":[{"href":"https:\/\/www.seguroscred.com\/nb\/wp-json\/wp\/v2\/types\/page"}],"author":[{"embeddable":true,"href":"https:\/\/www.seguroscred.com\/nb\/wp-json\/wp\/v2\/users\/1"}],"replies":[{"embeddable":true,"href":"https:\/\/www.seguroscred.com\/nb\/wp-json\/wp\/v2\/comments?post=251"}],"version-history":[{"count":3,"href":"https:\/\/www.seguroscred.com\/nb\/wp-json\/wp\/v2\/pages\/251\/revisions"}],"predecessor-version":[{"id":258,"href":"https:\/\/www.seguroscred.com\/nb\/wp-json\/wp\/v2\/pages\/251\/revisions\/258"}],"wp:attachment":[{"href":"https:\/\/www.seguroscred.com\/nb\/wp-json\/wp\/v2\/media?parent=251"}],"curies":[{"name":"wp","href":"https:\/\/api.w.org\/{rel}","templated":true}]}}