{"id":254,"date":"2024-02-05T18:04:47","date_gmt":"2024-02-05T18:04:47","guid":{"rendered":"https:\/\/www.seguroscred.com\/?page_id=254"},"modified":"2024-02-05T18:04:47","modified_gmt":"2024-02-05T18:04:47","slug":"politica-de-cookies","status":"publish","type":"page","link":"https:\/\/www.seguroscred.com\/nb\/politica-de-cookies\/","title":{"rendered":"Retningslinjer for informasjonskapsler"},"content":{"rendered":"<h2 class=\"wp-block-heading\">Hvem er vi?<\/h2>\n\n\n\n<p>V\u00e5r nettsideadresse er:\u00a0<a href=\"https:\/\/www.seguroscred.com\/nb\/\">https:\/\/www.seguroscred.com<\/a><\/p>\n\n\n\n<h2 class=\"wp-block-heading\">Informasjonskapsler<\/h2>\n\n\n\n<p>Vi bruker informasjonskapsler.<\/p>\n\n\n\n<p>Informasjonskapsler er sm\u00e5, enkle tekstfiler som nettsteder lagrer i nettleseren din for \u00e5 lagre dine preferanser og innstillinger. For eksempel, n\u00e5r du g\u00e5r inn p\u00e5 et nettsted for f\u00f8rste gang, som bruker informasjonskapsler, sender dette nettstedet en tekstfil med dine preferanser til nettleseren din, slik som: Region du bes\u00f8ker fra, din e-postadresse, valgt spr\u00e5k, farger, produkter som du kanskje liker basert p\u00e5 dine s\u00f8k, etc. N\u00e5r du g\u00e5r inn p\u00e5 siden igjen, vil nettleseren din sende denne filen til nettstedet, p\u00e5 denne m\u00e5ten vil innstillingene og preferansene dine bli brukt automatisk uten at du trenger \u00e5 konfigurere alt p\u00e5 nytt (med mindre du vil).<\/p>\n\n\n\n<p>N\u00e5r du legger igjen en kommentar p\u00e5 nettstedet, kan du velge \u00e5 lagre navn, e-postadresse og nettside i informasjonskapsler. Dette er for enkelhets skyld, slik at du ikke trenger \u00e5 fylle ut opplysningene dine igjen n\u00e5r du legger igjen en kommentar. Disse informasjonskapslene varer i ett \u00e5r.<\/p>\n\n\n\n<p>Hvis du har en konto og du logger inn p\u00e5 denne siden, vil vi sette en midlertidig informasjonskapsel for \u00e5 avgj\u00f8re om nettleseren din godtar informasjonskapsler. Den inneholder ingen personlige data og vil bli forkastet n\u00e5r du lukker nettleseren.<\/p>\n\n\n\n<p><strong>Typer informasjonskapsler vi bruker<\/strong><\/p>\n\n\n\n<p><strong>Viktig:<\/strong>&nbsp;Noen informasjonskapsler er avgj\u00f8rende for at du skal kunne oppleve den fulle funksjonaliteten til nettstedet v\u00e5rt. De lar oss opprettholde bruker\u00f8kter og forhindre sikkerhetstrusler. De samler ikke inn eller lagrer noen personlig informasjon.<\/p>\n\n\n\n<p><strong>Statistikk:<\/strong>&nbsp;Disse informasjonskapslene lagrer informasjon som antall bes\u00f8kende p\u00e5 nettstedet, antall unike bes\u00f8kende, hvilke sider p\u00e5 nettstedet som har blitt bes\u00f8kt, kilden til bes\u00f8ket osv. Disse dataene hjelper oss \u00e5 forst\u00e5 og analysere hvordan nettstedet fungerer og hvor det trenger forbedring. Vi bruker Google Cookie for \u00e5 generere disse rapportene i Google Analytics.<\/p>\n\n\n\n<p><strong>Markedsf\u00f8ring:<\/strong>&nbsp;V\u00e5r nettside viser annonser. Disse informasjonskapslene brukes til \u00e5 tilpasse annonsene vi viser til deg slik at de er meningsfulle for deg. Disse informasjonskapslene hjelper oss ogs\u00e5 med \u00e5 spore effektiviteten til disse annonsekampanjene.<\/p>\n\n\n\n<p>Informasjonen som er lagret i disse informasjonskapslene kan ogs\u00e5 brukes av tredjeparts annonseleverand\u00f8rer for \u00e5 vise deg annonser p\u00e5 andre nettsteder i nettleseren.<\/p>\n\n\n\n<p><strong>Funksjonell:<\/strong>&nbsp;er informasjonskapslene som hjelper visse ikke-essensielle funksjoner p\u00e5 nettstedet v\u00e5rt. Disse funksjonene inkluderer innebygging av innhold som videoer eller deling av innhold p\u00e5 nettstedet p\u00e5 sosiale medieplattformer.<\/p>","protected":false},"excerpt":{"rendered":"<p>Hvem er vi? Nettadressen v\u00e5r er: https:\/\/www.seguroscred.com Informasjonskapsler Vi bruker informasjonskapsler. Informasjonskapsler er sm\u00e5, enkle tekstfiler som [\u2026]<\/p>","protected":false},"author":1,"featured_media":0,"parent":0,"menu_order":0,"comment_status":"closed","ping_status":"closed","template":"","meta":{"site-sidebar-layout":"default","site-content-layout":"","ast-site-content-layout":"","site-content-style":"default","site-sidebar-style":"default","ast-global-header-display":"","ast-banner-title-visibility":"","ast-main-header-display":"","ast-hfb-above-header-display":"","ast-hfb-below-header-display":"","ast-hfb-mobile-header-display":"","site-post-title":"","ast-breadcrumbs-content":"","ast-featured-img":"","footer-sml-layout":"","theme-transparent-header-meta":"","adv-header-id-meta":"","stick-header-meta":"","header-above-stick-meta":"","header-main-stick-meta":"","header-below-stick-meta":"","astra-migrate-meta-layouts":"default","ast-page-background-enabled":"default","ast-page-background-meta":{"desktop":{"background-color":"var(--ast-global-color-5)","background-image":"","background-repeat":"repeat","background-position":"center center","background-size":"auto","background-attachment":"scroll","background-type":"","background-media":"","overlay-type":"","overlay-color":"","overlay-opacity":"","overlay-gradient":""},"tablet":{"background-color":"","background-image":"","background-repeat":"repeat","background-position":"center center","background-size":"auto","background-attachment":"scroll","background-type":"","background-media":"","overlay-type":"","overlay-color":"","overlay-opacity":"","overlay-gradient":""},"mobile":{"background-color":"","background-image":"","background-repeat":"repeat","background-position":"center center","background-size":"auto","background-attachment":"scroll","background-type":"","background-media":"","overlay-type":"","overlay-color":"","overlay-opacity":"","overlay-gradient":""}},"ast-content-background-meta":{"desktop":{"background-color":"var(--ast-global-color-4)","background-image":"","background-repeat":"repeat","background-position":"center center","background-size":"auto","background-attachment":"scroll","background-type":"","background-media":"","overlay-type":"","overlay-color":"","overlay-opacity":"","overlay-gradient":""},"tablet":{"background-color":"var(--ast-global-color-4)","background-image":"","background-repeat":"repeat","background-position":"center center","background-size":"auto","background-attachment":"scroll","background-type":"","background-media":"","overlay-type":"","overlay-color":"","overlay-opacity":"","overlay-gradient":""},"mobile":{"background-color":"var(--ast-global-color-4)","background-image":"","background-repeat":"repeat","background-position":"center center","background-size":"auto","background-attachment":"scroll","background-type":"","background-media":"","overlay-type":"","overlay-color":"","overlay-opacity":"","overlay-gradient":""}},"footnotes":""},"class_list":["post-254","page","type-page","status-publish","hentry"],"yoast_head":"<!-- This site is optimized with the Yoast SEO plugin v24.6 - https:\/\/yoast.com\/wordpress\/plugins\/seo\/ -->\n<title>Pol\u00edtica de Cookies -<\/title>\n<meta name=\"robots\" content=\"index, follow, max-snippet:-1, max-image-preview:large, max-video-preview:-1\" \/>\n<link rel=\"canonical\" href=\"https:\/\/www.seguroscred.com\/nb\/politica-de-cookies\/\" \/>\n<meta property=\"og:locale\" content=\"nb_NO\" \/>\n<meta property=\"og:type\" content=\"article\" \/>\n<meta property=\"og:title\" content=\"Pol\u00edtica de Cookies -\" \/>\n<meta property=\"og:description\" content=\"Quem Somos? O endere\u00e7o do nosso site \u00e9:\u00a0https:\/\/www.seguroscred.com Cookies N\u00f3s utilizamos cookies. Cookies s\u00e3o pequenos arquivos de textos simples que [&hellip;]\" \/>\n<meta property=\"og:url\" content=\"https:\/\/www.seguroscred.com\/nb\/politica-de-cookies\/\" \/>\n<meta name=\"twitter:card\" content=\"summary_large_image\" \/>\n<meta name=\"twitter:label1\" content=\"Ansl. lesetid\" \/>\n\t<meta name=\"twitter:data1\" content=\"3 minutter\" \/>\n<script type=\"application\/ld+json\" class=\"yoast-schema-graph\">{\"@context\":\"https:\/\/schema.org\",\"@graph\":[{\"@type\":\"WebPage\",\"@id\":\"https:\/\/www.seguroscred.com\/politica-de-cookies\/\",\"url\":\"https:\/\/www.seguroscred.com\/politica-de-cookies\/\",\"name\":\"Pol\u00edtica de Cookies -\",\"isPartOf\":{\"@id\":\"https:\/\/www.seguroscred.com\/#website\"},\"datePublished\":\"2024-02-05T18:04:47+00:00\",\"breadcrumb\":{\"@id\":\"https:\/\/www.seguroscred.com\/politica-de-cookies\/#breadcrumb\"},\"inLanguage\":\"nb-NO\",\"potentialAction\":[{\"@type\":\"ReadAction\",\"target\":[\"https:\/\/www.seguroscred.com\/politica-de-cookies\/\"]}]},{\"@type\":\"BreadcrumbList\",\"@id\":\"https:\/\/www.seguroscred.com\/politica-de-cookies\/#breadcrumb\",\"itemListElement\":[{\"@type\":\"ListItem\",\"position\":1,\"name\":\"Home\",\"item\":\"https:\/\/www.seguroscred.com\/\"},{\"@type\":\"ListItem\",\"position\":2,\"name\":\"Pol\u00edtica de Cookies\"}]},{\"@type\":\"WebSite\",\"@id\":\"https:\/\/www.seguroscred.com\/#website\",\"url\":\"https:\/\/www.seguroscred.com\/\",\"name\":\"\",\"description\":\"\",\"potentialAction\":[{\"@type\":\"SearchAction\",\"target\":{\"@type\":\"EntryPoint\",\"urlTemplate\":\"https:\/\/www.seguroscred.com\/?s={search_term_string}\"},\"query-input\":{\"@type\":\"PropertyValueSpecification\",\"valueRequired\":true,\"valueName\":\"search_term_string\"}}],\"inLanguage\":\"nb-NO\"}]}<\/script>\n<!-- \/ Yoast SEO plugin. -->","yoast_head_json":{"title":"Pol\u00edtica de Cookies -","robots":{"index":"index","follow":"follow","max-snippet":"max-snippet:-1","max-image-preview":"max-image-preview:large","max-video-preview":"max-video-preview:-1"},"canonical":"https:\/\/www.seguroscred.com\/nb\/politica-de-cookies\/","og_locale":"nb_NO","og_type":"article","og_title":"Pol\u00edtica de Cookies -","og_description":"Quem Somos? O endere\u00e7o do nosso site \u00e9:\u00a0https:\/\/www.seguroscred.com Cookies N\u00f3s utilizamos cookies. Cookies s\u00e3o pequenos arquivos de textos simples que [&hellip;]","og_url":"https:\/\/www.seguroscred.com\/nb\/politica-de-cookies\/","twitter_card":"summary_large_image","twitter_misc":{"Ansl. lesetid":"3 minutter"},"schema":{"@context":"https:\/\/schema.org","@graph":[{"@type":"WebPage","@id":"https:\/\/www.seguroscred.com\/politica-de-cookies\/","url":"https:\/\/www.seguroscred.com\/politica-de-cookies\/","name":"Pol\u00edtica de Cookies -","isPartOf":{"@id":"https:\/\/www.seguroscred.com\/#website"},"datePublished":"2024-02-05T18:04:47+00:00","breadcrumb":{"@id":"https:\/\/www.seguroscred.com\/politica-de-cookies\/#breadcrumb"},"inLanguage":"nb-NO","potentialAction":[{"@type":"ReadAction","target":["https:\/\/www.seguroscred.com\/politica-de-cookies\/"]}]},{"@type":"BreadcrumbList","@id":"https:\/\/www.seguroscred.com\/politica-de-cookies\/#breadcrumb","itemListElement":[{"@type":"ListItem","position":1,"name":"Home","item":"https:\/\/www.seguroscred.com\/"},{"@type":"ListItem","position":2,"name":"Pol\u00edtica de Cookies"}]},{"@type":"WebSite","@id":"https:\/\/www.seguroscred.com\/#website","url":"https:\/\/www.seguroscred.com\/","name":"","description":"","potentialAction":[{"@type":"SearchAction","target":{"@type":"EntryPoint","urlTemplate":"https:\/\/www.seguroscred.com\/?s={search_term_string}"},"query-input":{"@type":"PropertyValueSpecification","valueRequired":true,"valueName":"search_term_string"}}],"inLanguage":"nb-NO"}]}},"_links":{"self":[{"href":"https:\/\/www.seguroscred.com\/nb\/wp-json\/wp\/v2\/pages\/254","targetHints":{"allow":["GET"]}}],"collection":[{"href":"https:\/\/www.seguroscred.com\/nb\/wp-json\/wp\/v2\/pages"}],"about":[{"href":"https:\/\/www.seguroscred.com\/nb\/wp-json\/wp\/v2\/types\/page"}],"author":[{"embeddable":true,"href":"https:\/\/www.seguroscred.com\/nb\/wp-json\/wp\/v2\/users\/1"}],"replies":[{"embeddable":true,"href":"https:\/\/www.seguroscred.com\/nb\/wp-json\/wp\/v2\/comments?post=254"}],"version-history":[{"count":2,"href":"https:\/\/www.seguroscred.com\/nb\/wp-json\/wp\/v2\/pages\/254\/revisions"}],"predecessor-version":[{"id":256,"href":"https:\/\/www.seguroscred.com\/nb\/wp-json\/wp\/v2\/pages\/254\/revisions\/256"}],"wp:attachment":[{"href":"https:\/\/www.seguroscred.com\/nb\/wp-json\/wp\/v2\/media?parent=254"}],"curies":[{"name":"wp","href":"https:\/\/api.w.org\/{rel}","templated":true}]}}