{"id":134,"date":"2024-01-25T14:54:11","date_gmt":"2024-01-25T14:54:11","guid":{"rendered":"https:\/\/www.seguroscred.com\/?page_id=134"},"modified":"2024-01-25T14:54:29","modified_gmt":"2024-01-25T14:54:29","slug":"disclaimer","status":"publish","type":"page","link":"https:\/\/www.seguroscred.com\/nl\/disclaimer\/","title":{"rendered":"Vrijwaring"},"content":{"rendered":"<p><strong>Kennisgeving:<\/strong> Wij vragen geen geldbedragen om een financieel product vrij te geven, of het nu gaat om een creditcard, financiering of lening. Mocht dit gebeuren, laat het ons dan direct weten via het formulier.<\/p>\n\n\n\n<p><strong>Opmerkingen:<\/strong> Wij doen er alles aan om alle informatie zo actueel mogelijk te houden. Houd er rekening mee dat deze informatie kan afwijken van de informatie die u op de websites van financi\u00eble instellingen of dienstverleners op een specifieke website aantreft. Voor instellingen waarmee wij geen partnerschappen hebben, gelden alle producten die op deze website vermeld staan. <a href=\"https:\/\/www.seguroscred.com\/nl\/\">https:\/\/www.seguroscred.com<\/a> kunnen niet garanderen dat de informatie actueel is. Lees altijd de gebruiksvoorwaarden en aankoopvoorwaarden van de financi\u00eble instellingen die u kiest.<\/p>\n\n\n\n<p><strong>Overwegingen:<\/strong> Wij streven ernaar om alle informatie actueel en nauwkeurig te houden. Deze informatie kan afwijken van wat u op de websites van financi\u00eble instellingen, dienstverleners of specifieke productwebsites vindt. Bij instellingen die geen partner zijn, worden alle financi\u00eble producten gepresenteerd zonder enige garantie dat de informatie actueel is. Lees altijd de voorwaarden en aankoopvoorwaarden van de financi\u00eble instellingen voordat u een keuze maakt.<\/p>","protected":false},"excerpt":{"rendered":"<p>Let op: Wij vragen geen geldbedragen om financi\u00eble producten te verstrekken, of het nu gaat om een creditcard, financiering of [\u2026]<\/p>","protected":false},"author":1,"featured_media":0,"parent":0,"menu_order":0,"comment_status":"closed","ping_status":"closed","template":"","meta":{"site-sidebar-layout":"default","site-content-layout":"","ast-site-content-layout":"","site-content-style":"default","site-sidebar-style":"default","ast-global-header-display":"","ast-banner-title-visibility":"","ast-main-header-display":"","ast-hfb-above-header-display":"","ast-hfb-below-header-display":"","ast-hfb-mobile-header-display":"","site-post-title":"","ast-breadcrumbs-content":"","ast-featured-img":"","footer-sml-layout":"","theme-transparent-header-meta":"","adv-header-id-meta":"","stick-header-meta":"","header-above-stick-meta":"","header-main-stick-meta":"","header-below-stick-meta":"","astra-migrate-meta-layouts":"default","ast-page-background-enabled":"default","ast-page-background-meta":{"desktop":{"background-color":"var(--ast-global-color-5)","background-image":"","background-repeat":"repeat","background-position":"center center","background-size":"auto","background-attachment":"scroll","background-type":"","background-media":"","overlay-type":"","overlay-color":"","overlay-opacity":"","overlay-gradient":""},"tablet":{"background-color":"","background-image":"","background-repeat":"repeat","background-position":"center center","background-size":"auto","background-attachment":"scroll","background-type":"","background-media":"","overlay-type":"","overlay-color":"","overlay-opacity":"","overlay-gradient":""},"mobile":{"background-color":"","background-image":"","background-repeat":"repeat","background-position":"center center","background-size":"auto","background-attachment":"scroll","background-type":"","background-media":"","overlay-type":"","overlay-color":"","overlay-opacity":"","overlay-gradient":""}},"ast-content-background-meta":{"desktop":{"background-color":"var(--ast-global-color-4)","background-image":"","background-repeat":"repeat","background-position":"center center","background-size":"auto","background-attachment":"scroll","background-type":"","background-media":"","overlay-type":"","overlay-color":"","overlay-opacity":"","overlay-gradient":""},"tablet":{"background-color":"var(--ast-global-color-4)","background-image":"","background-repeat":"repeat","background-position":"center center","background-size":"auto","background-attachment":"scroll","background-type":"","background-media":"","overlay-type":"","overlay-color":"","overlay-opacity":"","overlay-gradient":""},"mobile":{"background-color":"var(--ast-global-color-4)","background-image":"","background-repeat":"repeat","background-position":"center center","background-size":"auto","background-attachment":"scroll","background-type":"","background-media":"","overlay-type":"","overlay-color":"","overlay-opacity":"","overlay-gradient":""}},"footnotes":""},"class_list":["post-134","page","type-page","status-publish","hentry"],"yoast_head":"<!-- This site is optimized with the Yoast SEO plugin v24.6 - https:\/\/yoast.com\/wordpress\/plugins\/seo\/ -->\n<title>Disclaimer -<\/title>\n<meta name=\"robots\" content=\"index, follow, max-snippet:-1, max-image-preview:large, max-video-preview:-1\" \/>\n<link rel=\"canonical\" href=\"https:\/\/www.seguroscred.com\/nl\/disclaimer\/\" \/>\n<meta property=\"og:locale\" content=\"nl_BE\" \/>\n<meta property=\"og:type\" content=\"article\" \/>\n<meta property=\"og:title\" content=\"Disclaimer -\" \/>\n<meta property=\"og:description\" content=\"Aviso: N\u00e3o solicitamos qualquer quantia em dinheiro para liberar qualquer tipo de produto financeiro, seja cart\u00e3o de cr\u00e9dito, financiamento ou [&hellip;]\" \/>\n<meta property=\"og:url\" content=\"https:\/\/www.seguroscred.com\/nl\/disclaimer\/\" \/>\n<meta property=\"article:modified_time\" content=\"2024-01-25T14:54:29+00:00\" \/>\n<meta name=\"twitter:card\" content=\"summary_large_image\" \/>\n<meta name=\"twitter:label1\" content=\"Geschatte leestijd\" \/>\n\t<meta name=\"twitter:data1\" content=\"1 minuut\" \/>\n<script type=\"application\/ld+json\" class=\"yoast-schema-graph\">{\"@context\":\"https:\/\/schema.org\",\"@graph\":[{\"@type\":\"WebPage\",\"@id\":\"https:\/\/www.seguroscred.com\/disclaimer\/\",\"url\":\"https:\/\/www.seguroscred.com\/disclaimer\/\",\"name\":\"Disclaimer -\",\"isPartOf\":{\"@id\":\"https:\/\/www.seguroscred.com\/#website\"},\"datePublished\":\"2024-01-25T14:54:11+00:00\",\"dateModified\":\"2024-01-25T14:54:29+00:00\",\"breadcrumb\":{\"@id\":\"https:\/\/www.seguroscred.com\/disclaimer\/#breadcrumb\"},\"inLanguage\":\"nl-BE\",\"potentialAction\":[{\"@type\":\"ReadAction\",\"target\":[\"https:\/\/www.seguroscred.com\/disclaimer\/\"]}]},{\"@type\":\"BreadcrumbList\",\"@id\":\"https:\/\/www.seguroscred.com\/disclaimer\/#breadcrumb\",\"itemListElement\":[{\"@type\":\"ListItem\",\"position\":1,\"name\":\"Home\",\"item\":\"https:\/\/www.seguroscred.com\/\"},{\"@type\":\"ListItem\",\"position\":2,\"name\":\"Disclaimer\"}]},{\"@type\":\"WebSite\",\"@id\":\"https:\/\/www.seguroscred.com\/#website\",\"url\":\"https:\/\/www.seguroscred.com\/\",\"name\":\"\",\"description\":\"\",\"potentialAction\":[{\"@type\":\"SearchAction\",\"target\":{\"@type\":\"EntryPoint\",\"urlTemplate\":\"https:\/\/www.seguroscred.com\/?s={search_term_string}\"},\"query-input\":{\"@type\":\"PropertyValueSpecification\",\"valueRequired\":true,\"valueName\":\"search_term_string\"}}],\"inLanguage\":\"nl-BE\"}]}<\/script>\n<!-- \/ Yoast SEO plugin. -->","yoast_head_json":{"title":"Disclaimer -","robots":{"index":"index","follow":"follow","max-snippet":"max-snippet:-1","max-image-preview":"max-image-preview:large","max-video-preview":"max-video-preview:-1"},"canonical":"https:\/\/www.seguroscred.com\/nl\/disclaimer\/","og_locale":"nl_BE","og_type":"article","og_title":"Disclaimer -","og_description":"Aviso: N\u00e3o solicitamos qualquer quantia em dinheiro para liberar qualquer tipo de produto financeiro, seja cart\u00e3o de cr\u00e9dito, financiamento ou [&hellip;]","og_url":"https:\/\/www.seguroscred.com\/nl\/disclaimer\/","article_modified_time":"2024-01-25T14:54:29+00:00","twitter_card":"summary_large_image","twitter_misc":{"Geschatte leestijd":"1 minuut"},"schema":{"@context":"https:\/\/schema.org","@graph":[{"@type":"WebPage","@id":"https:\/\/www.seguroscred.com\/disclaimer\/","url":"https:\/\/www.seguroscred.com\/disclaimer\/","name":"Disclaimer -","isPartOf":{"@id":"https:\/\/www.seguroscred.com\/#website"},"datePublished":"2024-01-25T14:54:11+00:00","dateModified":"2024-01-25T14:54:29+00:00","breadcrumb":{"@id":"https:\/\/www.seguroscred.com\/disclaimer\/#breadcrumb"},"inLanguage":"nl-BE","potentialAction":[{"@type":"ReadAction","target":["https:\/\/www.seguroscred.com\/disclaimer\/"]}]},{"@type":"BreadcrumbList","@id":"https:\/\/www.seguroscred.com\/disclaimer\/#breadcrumb","itemListElement":[{"@type":"ListItem","position":1,"name":"Home","item":"https:\/\/www.seguroscred.com\/"},{"@type":"ListItem","position":2,"name":"Disclaimer"}]},{"@type":"WebSite","@id":"https:\/\/www.seguroscred.com\/#website","url":"https:\/\/www.seguroscred.com\/","name":"","description":"","potentialAction":[{"@type":"SearchAction","target":{"@type":"EntryPoint","urlTemplate":"https:\/\/www.seguroscred.com\/?s={search_term_string}"},"query-input":{"@type":"PropertyValueSpecification","valueRequired":true,"valueName":"search_term_string"}}],"inLanguage":"nl-BE"}]}},"_links":{"self":[{"href":"https:\/\/www.seguroscred.com\/nl\/wp-json\/wp\/v2\/pages\/134","targetHints":{"allow":["GET"]}}],"collection":[{"href":"https:\/\/www.seguroscred.com\/nl\/wp-json\/wp\/v2\/pages"}],"about":[{"href":"https:\/\/www.seguroscred.com\/nl\/wp-json\/wp\/v2\/types\/page"}],"author":[{"embeddable":true,"href":"https:\/\/www.seguroscred.com\/nl\/wp-json\/wp\/v2\/users\/1"}],"replies":[{"embeddable":true,"href":"https:\/\/www.seguroscred.com\/nl\/wp-json\/wp\/v2\/comments?post=134"}],"version-history":[{"count":3,"href":"https:\/\/www.seguroscred.com\/nl\/wp-json\/wp\/v2\/pages\/134\/revisions"}],"predecessor-version":[{"id":137,"href":"https:\/\/www.seguroscred.com\/nl\/wp-json\/wp\/v2\/pages\/134\/revisions\/137"}],"wp:attachment":[{"href":"https:\/\/www.seguroscred.com\/nl\/wp-json\/wp\/v2\/media?parent=134"}],"curies":[{"name":"wp","href":"https:\/\/api.w.org\/{rel}","templated":true}]}}