{"id":238,"date":"2024-02-05T17:47:09","date_gmt":"2024-02-05T17:47:09","guid":{"rendered":"https:\/\/www.seguroscred.com\/?page_id=238"},"modified":"2024-02-05T17:54:34","modified_gmt":"2024-02-05T17:54:34","slug":"politica-de-privacidade","status":"publish","type":"page","link":"https:\/\/www.seguroscred.com\/nl\/politica-de-privacidade\/","title":{"rendered":"Privacybeleid"},"content":{"rendered":"<h2><span style=\"color: rgb(68, 68, 68);\">Privacybeleid<\/span><\/h2><p><span style=\"color: rgb(68, 68, 68);\">Uw privacy is belangrijk voor ons. Het beleid van SegurosCred is erop gericht uw privacy te respecteren met betrekking tot alle informatie die wij op de website van u verzamelen. <a href=\"\/nl\/SegurosCred.com\/\">ZekerheidCred<\/a>en andere websites die wij bezitten en beheren.<\/span><\/p><p><span style=\"color: rgb(68, 68, 68);\">Wij vragen alleen om persoonlijke gegevens als we deze echt nodig hebben om u een dienst te verlenen. Wij doen dit op een eerlijke en rechtmatige manier, met uw medeweten en toestemming. Wij laten u ook weten waarom wij uw gegevens verzamelen en hoe deze gebruikt zullen worden.<\/span><\/p><p><span style=\"color: rgb(68, 68, 68);\">Wij bewaren de verzamelde gegevens alleen zolang als nodig is om u de door u gevraagde dienst te verlenen. De gegevens die wij opslaan, beschermen wij binnen de commercieel aanvaardbare grenzen om verlies en diefstal te voorkomen, evenals ongeautoriseerde toegang, openbaarmaking, kopi\u00ebren, gebruik of wijziging.<\/span><\/p><p><span style=\"color: rgb(68, 68, 68);\">Wij delen geen persoonlijk identificeerbare informatie openbaar of met derden, behalve wanneer dit wettelijk vereist is.<\/span><\/p><p><span style=\"color: rgb(68, 68, 68);\">Onze website kan links bevatten naar externe websites die niet door ons worden beheerd. Houd er rekening mee dat wij geen controle hebben over de inhoud en de praktijken van deze sites en geen verantwoordelijkheid kunnen aanvaarden voor hun respectieve&nbsp;<\/span><a href=\"https:\/\/politicaprivacidade.com\/\" rel=\"noopener noreferrer\" target=\"_blank\" style=\"background-color: transparent; color: rgb(68, 68, 68);\">privacybeleid<\/a><span style=\"color: rgb(68, 68, 68);\">.<\/span><\/p><p><span style=\"color: rgb(68, 68, 68);\">U kunt ons verzoek om uw persoonsgegevens te verstrekken weigeren, maar u moet er rekening mee houden dat wij u dan mogelijk niet de door u gewenste diensten kunnen leveren.<\/span><\/p><p><span style=\"color: rgb(68, 68, 68);\">Als u onze website blijft gebruiken, beschouwen wij dat als aanvaarding van onze werkwijzen op het gebied van privacy en persoonlijke informatie. Als u vragen hebt over de manier waarop wij omgaan met gebruikersgegevens en persoonlijke informatie, neem dan contact met ons op.<\/span><\/p><p><span style=\"color: rgb(68, 68, 68);\"><ul><li><span style=\"color: rgb(68, 68, 68);\">De Google AdSense-service die wij gebruiken om advertenties weer te geven, maakt gebruik van een DoubleClick-cookie om relevantere advertenties op internet weer te geven en het aantal keren te beperken dat een bepaalde advertentie aan u wordt getoond.<\/span><\/li><li><span style=\"color: rgb(68, 68, 68);\">Voor meer informatie over Google AdSense kunt u de offici\u00eble FAQ&#039;s over het privacybeleid van Google AdSense raadplegen.<\/span><\/li><li><span style=\"color: rgb(68, 68, 68);\">Wij gebruiken advertenties om de kosten voor het runnen van deze website te dekken en om financiering te verstrekken voor toekomstige ontwikkelingen. De gedragsgerichte advertentiecookies die deze site gebruikt, zijn bedoeld om ervoor te zorgen dat we u waar mogelijk de meest relevante advertenties tonen door uw interesses anoniem te volgen en vergelijkbare dingen te presenteren die voor u interessant kunnen zijn.<\/span><\/li><li><span style=\"color: rgb(68, 68, 68);\">Verschillende partners adverteren namens ons en affiliate tracking cookies stellen ons in staat om te zien of onze klanten via een van onze partnersites op onze site terecht zijn gekomen. Zo kunnen we hen op de juiste manier belonen en, indien van toepassing, onze affiliate partners de mogelijkheid bieden om een bonus te verstrekken die zij u aanbieden voor het doen van een aankoop.<\/span><\/li><\/ul><p><br><\/p><\/span><\/p><h3><span style=\"color: rgb(68, 68, 68);\">Gebruikersbetrokkenheid<\/span><\/h3><p><span style=\"color: rgb(68, 68, 68);\">De gebruiker verbindt zich ertoe op passende wijze gebruik te maken van de inhoud en informatie die SegurosCred op de website aanbiedt en, bijvoorbeeld maar niet beperkt tot:<\/span><\/p><ul><li><span style=\"color: rgb(68, 68, 68);\">A) Geen activiteiten te ondernemen die illegaal zijn of in strijd met de goede trouw en de openbare orde;<\/span><\/li><li><span style=\"color: rgb(68, 68, 68);\">B) Verspreid geen propaganda of inhoud van racistische, xenofobe aard, <\/span><span style=\"color: rgb(33, 37, 41);\"><a href='https:\/\/betnacionalbrasil.br.com' style='color:inherit !important; text-decoration: none !important; font-size: inherit !important;'>Nationale weddenschap<\/a><\/span><span style=\"color: rgb(68, 68, 68);\"> of pech, elke vorm van illegale pornografie, ter ondersteuning van terrorisme of in strijd met de mensenrechten;<\/span><\/li><li><span style=\"color: rgb(68, 68, 68);\">C) Geen schade toe te brengen aan de fysieke (hardware) en logische (software) systemen van SegurosCred, haar toeleveranciers of derden, en geen computervirussen of andere hardware- of softwaresystemen te introduceren of te verspreiden die de hiervoor genoemde schade kunnen veroorzaken.<\/span><\/li><\/ul><h3><span style=\"color: rgb(68, 68, 68);\">Meer informatie<\/span><\/h3><p><span style=\"color: rgb(68, 68, 68);\">Hopelijk is het hiermee duidelijk voor u. Zoals eerder vermeld, is het veiliger om cookies ingeschakeld te laten als u niet zeker weet of u ze nodig hebt of niet. Dit geldt voor het geval dat cookies toch in wisselwerking staan met een van de functies die u op onze site gebruikt.<\/span><\/p><p><span style=\"color: rgb(68, 68, 68);\">Dit beleid is van kracht vanaf 5 februari 2024 17:52<\/span><\/p>","protected":false},"excerpt":{"rendered":"<p>Privacybeleid Uw privacy is belangrijk voor ons. Het beleid van SegurosCred is erop gericht uw privacy te respecteren met betrekking tot [\u2026]<\/p>","protected":false},"author":1,"featured_media":0,"parent":0,"menu_order":0,"comment_status":"closed","ping_status":"closed","template":"","meta":{"site-sidebar-layout":"default","site-content-layout":"","ast-site-content-layout":"","site-content-style":"default","site-sidebar-style":"default","ast-global-header-display":"","ast-banner-title-visibility":"","ast-main-header-display":"","ast-hfb-above-header-display":"","ast-hfb-below-header-display":"","ast-hfb-mobile-header-display":"","site-post-title":"","ast-breadcrumbs-content":"","ast-featured-img":"","footer-sml-layout":"","theme-transparent-header-meta":"","adv-header-id-meta":"","stick-header-meta":"","header-above-stick-meta":"","header-main-stick-meta":"","header-below-stick-meta":"","astra-migrate-meta-layouts":"default","ast-page-background-enabled":"default","ast-page-background-meta":{"desktop":{"background-color":"var(--ast-global-color-5)","background-image":"","background-repeat":"repeat","background-position":"center center","background-size":"auto","background-attachment":"scroll","background-type":"","background-media":"","overlay-type":"","overlay-color":"","overlay-opacity":"","overlay-gradient":""},"tablet":{"background-color":"","background-image":"","background-repeat":"repeat","background-position":"center center","background-size":"auto","background-attachment":"scroll","background-type":"","background-media":"","overlay-type":"","overlay-color":"","overlay-opacity":"","overlay-gradient":""},"mobile":{"background-color":"","background-image":"","background-repeat":"repeat","background-position":"center center","background-size":"auto","background-attachment":"scroll","background-type":"","background-media":"","overlay-type":"","overlay-color":"","overlay-opacity":"","overlay-gradient":""}},"ast-content-background-meta":{"desktop":{"background-color":"var(--ast-global-color-4)","background-image":"","background-repeat":"repeat","background-position":"center center","background-size":"auto","background-attachment":"scroll","background-type":"","background-media":"","overlay-type":"","overlay-color":"","overlay-opacity":"","overlay-gradient":""},"tablet":{"background-color":"var(--ast-global-color-4)","background-image":"","background-repeat":"repeat","background-position":"center center","background-size":"auto","background-attachment":"scroll","background-type":"","background-media":"","overlay-type":"","overlay-color":"","overlay-opacity":"","overlay-gradient":""},"mobile":{"background-color":"var(--ast-global-color-4)","background-image":"","background-repeat":"repeat","background-position":"center center","background-size":"auto","background-attachment":"scroll","background-type":"","background-media":"","overlay-type":"","overlay-color":"","overlay-opacity":"","overlay-gradient":""}},"footnotes":""},"class_list":["post-238","page","type-page","status-publish","hentry"],"yoast_head":"<!-- This site is optimized with the Yoast SEO plugin v24.6 - https:\/\/yoast.com\/wordpress\/plugins\/seo\/ -->\n<title>Pol\u00edtica de privacidade -<\/title>\n<meta name=\"robots\" content=\"index, follow, max-snippet:-1, max-image-preview:large, max-video-preview:-1\" \/>\n<link rel=\"canonical\" href=\"https:\/\/www.seguroscred.com\/nl\/politica-de-privacidade\/\" \/>\n<meta property=\"og:locale\" content=\"nl_BE\" \/>\n<meta property=\"og:type\" content=\"article\" \/>\n<meta property=\"og:title\" content=\"Pol\u00edtica de privacidade -\" \/>\n<meta property=\"og:description\" content=\"Pol\u00edtica Privacidade A sua privacidade \u00e9 importante para n\u00f3s. \u00c9 pol\u00edtica do SegurosCred respeitar a sua privacidade em rela\u00e7\u00e3o a [&hellip;]\" \/>\n<meta property=\"og:url\" content=\"https:\/\/www.seguroscred.com\/nl\/politica-de-privacidade\/\" \/>\n<meta property=\"article:modified_time\" content=\"2024-02-05T17:54:34+00:00\" \/>\n<meta name=\"twitter:card\" content=\"summary_large_image\" \/>\n<meta name=\"twitter:label1\" content=\"Geschatte leestijd\" \/>\n\t<meta name=\"twitter:data1\" content=\"4 minuten\" \/>\n<script type=\"application\/ld+json\" class=\"yoast-schema-graph\">{\"@context\":\"https:\/\/schema.org\",\"@graph\":[{\"@type\":\"WebPage\",\"@id\":\"https:\/\/www.seguroscred.com\/politica-de-privacidade\/\",\"url\":\"https:\/\/www.seguroscred.com\/politica-de-privacidade\/\",\"name\":\"Pol\u00edtica de privacidade -\",\"isPartOf\":{\"@id\":\"https:\/\/www.seguroscred.com\/#website\"},\"datePublished\":\"2024-02-05T17:47:09+00:00\",\"dateModified\":\"2024-02-05T17:54:34+00:00\",\"breadcrumb\":{\"@id\":\"https:\/\/www.seguroscred.com\/politica-de-privacidade\/#breadcrumb\"},\"inLanguage\":\"nl-BE\",\"potentialAction\":[{\"@type\":\"ReadAction\",\"target\":[\"https:\/\/www.seguroscred.com\/politica-de-privacidade\/\"]}]},{\"@type\":\"BreadcrumbList\",\"@id\":\"https:\/\/www.seguroscred.com\/politica-de-privacidade\/#breadcrumb\",\"itemListElement\":[{\"@type\":\"ListItem\",\"position\":1,\"name\":\"Home\",\"item\":\"https:\/\/www.seguroscred.com\/\"},{\"@type\":\"ListItem\",\"position\":2,\"name\":\"Pol\u00edtica de privacidade\"}]},{\"@type\":\"WebSite\",\"@id\":\"https:\/\/www.seguroscred.com\/#website\",\"url\":\"https:\/\/www.seguroscred.com\/\",\"name\":\"\",\"description\":\"\",\"potentialAction\":[{\"@type\":\"SearchAction\",\"target\":{\"@type\":\"EntryPoint\",\"urlTemplate\":\"https:\/\/www.seguroscred.com\/?s={search_term_string}\"},\"query-input\":{\"@type\":\"PropertyValueSpecification\",\"valueRequired\":true,\"valueName\":\"search_term_string\"}}],\"inLanguage\":\"nl-BE\"}]}<\/script>\n<!-- \/ Yoast SEO plugin. -->","yoast_head_json":{"title":"Pol\u00edtica de privacidade -","robots":{"index":"index","follow":"follow","max-snippet":"max-snippet:-1","max-image-preview":"max-image-preview:large","max-video-preview":"max-video-preview:-1"},"canonical":"https:\/\/www.seguroscred.com\/nl\/politica-de-privacidade\/","og_locale":"nl_BE","og_type":"article","og_title":"Pol\u00edtica de privacidade -","og_description":"Pol\u00edtica Privacidade A sua privacidade \u00e9 importante para n\u00f3s. \u00c9 pol\u00edtica do SegurosCred respeitar a sua privacidade em rela\u00e7\u00e3o a [&hellip;]","og_url":"https:\/\/www.seguroscred.com\/nl\/politica-de-privacidade\/","article_modified_time":"2024-02-05T17:54:34+00:00","twitter_card":"summary_large_image","twitter_misc":{"Geschatte leestijd":"4 minuten"},"schema":{"@context":"https:\/\/schema.org","@graph":[{"@type":"WebPage","@id":"https:\/\/www.seguroscred.com\/politica-de-privacidade\/","url":"https:\/\/www.seguroscred.com\/politica-de-privacidade\/","name":"Pol\u00edtica de privacidade -","isPartOf":{"@id":"https:\/\/www.seguroscred.com\/#website"},"datePublished":"2024-02-05T17:47:09+00:00","dateModified":"2024-02-05T17:54:34+00:00","breadcrumb":{"@id":"https:\/\/www.seguroscred.com\/politica-de-privacidade\/#breadcrumb"},"inLanguage":"nl-BE","potentialAction":[{"@type":"ReadAction","target":["https:\/\/www.seguroscred.com\/politica-de-privacidade\/"]}]},{"@type":"BreadcrumbList","@id":"https:\/\/www.seguroscred.com\/politica-de-privacidade\/#breadcrumb","itemListElement":[{"@type":"ListItem","position":1,"name":"Home","item":"https:\/\/www.seguroscred.com\/"},{"@type":"ListItem","position":2,"name":"Pol\u00edtica de privacidade"}]},{"@type":"WebSite","@id":"https:\/\/www.seguroscred.com\/#website","url":"https:\/\/www.seguroscred.com\/","name":"","description":"","potentialAction":[{"@type":"SearchAction","target":{"@type":"EntryPoint","urlTemplate":"https:\/\/www.seguroscred.com\/?s={search_term_string}"},"query-input":{"@type":"PropertyValueSpecification","valueRequired":true,"valueName":"search_term_string"}}],"inLanguage":"nl-BE"}]}},"_links":{"self":[{"href":"https:\/\/www.seguroscred.com\/nl\/wp-json\/wp\/v2\/pages\/238","targetHints":{"allow":["GET"]}}],"collection":[{"href":"https:\/\/www.seguroscred.com\/nl\/wp-json\/wp\/v2\/pages"}],"about":[{"href":"https:\/\/www.seguroscred.com\/nl\/wp-json\/wp\/v2\/types\/page"}],"author":[{"embeddable":true,"href":"https:\/\/www.seguroscred.com\/nl\/wp-json\/wp\/v2\/users\/1"}],"replies":[{"embeddable":true,"href":"https:\/\/www.seguroscred.com\/nl\/wp-json\/wp\/v2\/comments?post=238"}],"version-history":[{"count":4,"href":"https:\/\/www.seguroscred.com\/nl\/wp-json\/wp\/v2\/pages\/238\/revisions"}],"predecessor-version":[{"id":244,"href":"https:\/\/www.seguroscred.com\/nl\/wp-json\/wp\/v2\/pages\/238\/revisions\/244"}],"wp:attachment":[{"href":"https:\/\/www.seguroscred.com\/nl\/wp-json\/wp\/v2\/media?parent=238"}],"curies":[{"name":"wp","href":"https:\/\/api.w.org\/{rel}","templated":true}]}}