{"id":245,"date":"2024-02-05T17:55:23","date_gmt":"2024-02-05T17:55:23","guid":{"rendered":"https:\/\/www.seguroscred.com\/?page_id=245"},"modified":"2024-02-05T17:56:34","modified_gmt":"2024-02-05T17:56:34","slug":"termos-e-condicoes","status":"publish","type":"page","link":"https:\/\/www.seguroscred.com\/nl\/termos-e-condicoes\/","title":{"rendered":"Algemene voorwaarden"},"content":{"rendered":"<h2><span style=\"color: rgb(68, 68, 68);\">1. Voorwaarden<\/span><\/h2><p><span style=\"color: rgb(68, 68, 68);\">Bij het bezoeken van de website <a href=\"\/nl\/SegurosCred.com\/\">ZekerheidCred<\/a>, gaat u ermee akkoord dat u zich zult houden aan deze servicevoorwaarden en alle toepasselijke wetten en voorschriften. Ook gaat u ermee akkoord dat u verantwoordelijk bent voor de naleving van alle toepasselijke lokale wetten. Als u niet akkoord gaat met een van deze voorwaarden, is het u verboden deze site te gebruiken of te bezoeken. De materialen op deze website zijn beschermd door de toepasselijke auteursrecht- en merkenwetgeving.<\/span><\/p><h2><span style=\"color: rgb(68, 68, 68);\">2. Gebruikslicentie<\/span><\/h2><p><span style=\"color: rgb(68, 68, 68);\">Het is toegestaan om tijdelijk \u00e9\u00e9n exemplaar van de materialen (informatie of software) op de website van SegurosCred te downloaden, uitsluitend voor persoonlijk, niet-commercieel, tijdelijk gebruik. Dit is de verlening van een licentie, geen overdracht van eigendomsrecht, en op grond van deze licentie mag u niet:&nbsp;<\/span><\/p><ol><li><span style=\"color: rgb(68, 68, 68);\">de materialen wijzigen of kopi\u00ebren;&nbsp;<\/span><\/li><li><span style=\"color: rgb(68, 68, 68);\">de materialen gebruiken voor commerci\u00eble doeleinden of voor openbare vertoning (commercieel of niet-commercieel);&nbsp;<\/span><\/li><li><span style=\"color: rgb(68, 68, 68);\">proberen software op de SegurosCred-website te decompileren of reverse engineeren;&nbsp;<\/span><\/li><li><span style=\"color: rgb(68, 68, 68);\">alle auteursrechtelijke of andere eigendomsvermeldingen van de materialen verwijderen; of&nbsp;<\/span><\/li><li><span style=\"color: rgb(68, 68, 68);\">de materialen overdragen aan een andere persoon of de materialen &#039;spiegelen&#039; op een andere server.<\/span><\/li><\/ol><p><span style=\"color: rgb(68, 68, 68);\">Deze licentie wordt automatisch be\u00ebindigd als u een van deze beperkingen overtreedt en kan op elk moment door SegurosCred worden be\u00ebindigd. Zodra u stopt met het bekijken van deze materialen of wanneer deze licentie wordt be\u00ebindigd, moet u alle gedownloade materialen die in uw bezit zijn, vernietigen, ongeacht of deze in elektronische of gedrukte vorm zijn.<\/span><\/p><h2><span style=\"color: rgb(68, 68, 68);\">3. Vrijwaring<\/span><\/h2><ol><li><span style=\"color: rgb(68, 68, 68);\">De materialen op de website van SegurosCred worden &#039;zoals ze zijn&#039; verstrekt. SegurosCred geeft geen garanties, expliciet of impliciet, en wijst hierbij alle andere garanties af, waaronder, maar niet beperkt tot, impliciete garanties of voorwaarden van verhandelbaarheid, geschiktheid voor een bepaald doel of niet-inbreuk op intellectuele eigendomsrechten of andere schending van rechten.<\/span><\/li><li><span style=\"color: rgb(68, 68, 68);\">Bovendien geeft SegurosCred geen garanties en doet geen uitspraken over de nauwkeurigheid, de verwachte resultaten of de betrouwbaarheid van het gebruik van de materialen op haar website of anderszins met betrekking tot dergelijke materialen of op sites die aan deze site zijn gelinkt.<\/span><\/li><\/ol><h2><span style=\"color: rgb(68, 68, 68);\">4. Beperkingen<\/span><\/h2><p><span style=\"color: rgb(68, 68, 68);\">SegurosCred en haar leveranciers zijn in geen geval aansprakelijk voor schade (waaronder, maar niet beperkt tot, schade door verlies van gegevens of winst, of als gevolg van bedrijfsonderbreking) die voortvloeit uit het gebruik of het onvermogen om de materialen op de website van SegurosCred te gebruiken, zelfs als SegurosCred of een geautoriseerde vertegenwoordiger van SegurosCred mondeling of schriftelijk op de hoogte is gesteld van de mogelijkheid van dergelijke schade. Omdat in sommige rechtsgebieden beperkingen op impliciete garanties of beperkingen van de aansprakelijkheid voor gevolgschade of incidentele schade niet zijn toegestaan, zijn deze beperkingen mogelijk niet op u van toepassing.<\/span><\/p><h2><span style=\"color: rgb(68, 68, 68);\">5. Nauwkeurigheid van materialen<\/span><\/h2><p><span style=\"color: rgb(68, 68, 68);\">De op de website van SegurosCred weergegeven materialen kunnen technische, typografische of fotografische fouten bevatten. SegurosCred garandeert niet dat het materiaal op haar website juist, volledig of actueel is. SegurosCred kan op elk moment en zonder voorafgaande kennisgeving wijzigingen aanbrengen in het materiaal op haar website. SegurosCred is echter niet verplicht de materialen te actualiseren.<\/span><\/p><h2><span style=\"color: rgb(68, 68, 68);\">6. Koppelingen<\/span><\/h2><p><span style=\"color: rgb(68, 68, 68);\">SegurosCred heeft niet alle sites die aan haar website zijn gelinkt, beoordeeld en is niet verantwoordelijk voor de inhoud van de gelinkte sites. Het opnemen van een link impliceert niet dat SegurosCred de site goedkeurt. Het gebruik van gelinkte websites is geheel op eigen risico van de gebruiker.<\/span><\/p><p><br><\/p><h3><span style=\"color: rgb(68, 68, 68);\">Wijzigingen<\/span><\/h3><p><span style=\"color: rgb(68, 68, 68);\">SegurosCred kan deze websitevoorwaarden op elk gewenst moment en zonder voorafgaande kennisgeving wijzigen. Door deze website te gebruiken, gaat u akkoord met de op dat moment geldende versie van deze servicevoorwaarden.<\/span><\/p><h3><span style=\"color: rgb(68, 68, 68);\">Toepasselijk recht<\/span><\/h3><p><span style=\"color: rgb(68, 68, 68);\">Deze algemene voorwaarden worden beheerst door en ge\u00efnterpreteerd in overeenstemming met de wetten van SegurosCred en u onderwerpt zich onherroepelijk aan de exclusieve jurisdictie van de rechtbanken in die staat of locatie.<\/span><\/p>","protected":false},"excerpt":{"rendered":"<p>1. Voorwaarden Door de website van SegurosCred te bezoeken, gaat u ermee akkoord deze servicevoorwaarden, alle toepasselijke wetten en voorschriften na te leven [\u2026]<\/p>","protected":false},"author":1,"featured_media":0,"parent":0,"menu_order":0,"comment_status":"closed","ping_status":"closed","template":"","meta":{"site-sidebar-layout":"default","site-content-layout":"","ast-site-content-layout":"","site-content-style":"default","site-sidebar-style":"default","ast-global-header-display":"","ast-banner-title-visibility":"","ast-main-header-display":"","ast-hfb-above-header-display":"","ast-hfb-below-header-display":"","ast-hfb-mobile-header-display":"","site-post-title":"","ast-breadcrumbs-content":"","ast-featured-img":"","footer-sml-layout":"","theme-transparent-header-meta":"","adv-header-id-meta":"","stick-header-meta":"","header-above-stick-meta":"","header-main-stick-meta":"","header-below-stick-meta":"","astra-migrate-meta-layouts":"default","ast-page-background-enabled":"default","ast-page-background-meta":{"desktop":{"background-color":"var(--ast-global-color-5)","background-image":"","background-repeat":"repeat","background-position":"center center","background-size":"auto","background-attachment":"scroll","background-type":"","background-media":"","overlay-type":"","overlay-color":"","overlay-opacity":"","overlay-gradient":""},"tablet":{"background-color":"","background-image":"","background-repeat":"repeat","background-position":"center center","background-size":"auto","background-attachment":"scroll","background-type":"","background-media":"","overlay-type":"","overlay-color":"","overlay-opacity":"","overlay-gradient":""},"mobile":{"background-color":"","background-image":"","background-repeat":"repeat","background-position":"center center","background-size":"auto","background-attachment":"scroll","background-type":"","background-media":"","overlay-type":"","overlay-color":"","overlay-opacity":"","overlay-gradient":""}},"ast-content-background-meta":{"desktop":{"background-color":"var(--ast-global-color-4)","background-image":"","background-repeat":"repeat","background-position":"center center","background-size":"auto","background-attachment":"scroll","background-type":"","background-media":"","overlay-type":"","overlay-color":"","overlay-opacity":"","overlay-gradient":""},"tablet":{"background-color":"var(--ast-global-color-4)","background-image":"","background-repeat":"repeat","background-position":"center center","background-size":"auto","background-attachment":"scroll","background-type":"","background-media":"","overlay-type":"","overlay-color":"","overlay-opacity":"","overlay-gradient":""},"mobile":{"background-color":"var(--ast-global-color-4)","background-image":"","background-repeat":"repeat","background-position":"center center","background-size":"auto","background-attachment":"scroll","background-type":"","background-media":"","overlay-type":"","overlay-color":"","overlay-opacity":"","overlay-gradient":""}},"footnotes":""},"class_list":["post-245","page","type-page","status-publish","hentry"],"yoast_head":"<!-- This site is optimized with the Yoast SEO plugin v24.6 - https:\/\/yoast.com\/wordpress\/plugins\/seo\/ -->\n<title>Termos e Condi\u00e7\u00f5es -<\/title>\n<meta name=\"robots\" content=\"index, follow, max-snippet:-1, max-image-preview:large, max-video-preview:-1\" \/>\n<link rel=\"canonical\" href=\"https:\/\/www.seguroscred.com\/nl\/termos-e-condicoes\/\" \/>\n<meta property=\"og:locale\" content=\"nl_BE\" \/>\n<meta property=\"og:type\" content=\"article\" \/>\n<meta property=\"og:title\" content=\"Termos e Condi\u00e7\u00f5es -\" \/>\n<meta property=\"og:description\" content=\"1. Termos Ao acessar ao site SegurosCred, concorda em cumprir estes termos de servi\u00e7o, todas as leis e regulamentos aplic\u00e1veis [&hellip;]\" \/>\n<meta property=\"og:url\" content=\"https:\/\/www.seguroscred.com\/nl\/termos-e-condicoes\/\" \/>\n<meta property=\"article:modified_time\" content=\"2024-02-05T17:56:34+00:00\" \/>\n<meta name=\"twitter:card\" content=\"summary_large_image\" \/>\n<meta name=\"twitter:label1\" content=\"Geschatte leestijd\" \/>\n\t<meta name=\"twitter:data1\" content=\"4 minuten\" \/>\n<script type=\"application\/ld+json\" class=\"yoast-schema-graph\">{\"@context\":\"https:\/\/schema.org\",\"@graph\":[{\"@type\":\"WebPage\",\"@id\":\"https:\/\/www.seguroscred.com\/termos-e-condicoes\/\",\"url\":\"https:\/\/www.seguroscred.com\/termos-e-condicoes\/\",\"name\":\"Termos e Condi\u00e7\u00f5es -\",\"isPartOf\":{\"@id\":\"https:\/\/www.seguroscred.com\/#website\"},\"datePublished\":\"2024-02-05T17:55:23+00:00\",\"dateModified\":\"2024-02-05T17:56:34+00:00\",\"breadcrumb\":{\"@id\":\"https:\/\/www.seguroscred.com\/termos-e-condicoes\/#breadcrumb\"},\"inLanguage\":\"nl-BE\",\"potentialAction\":[{\"@type\":\"ReadAction\",\"target\":[\"https:\/\/www.seguroscred.com\/termos-e-condicoes\/\"]}]},{\"@type\":\"BreadcrumbList\",\"@id\":\"https:\/\/www.seguroscred.com\/termos-e-condicoes\/#breadcrumb\",\"itemListElement\":[{\"@type\":\"ListItem\",\"position\":1,\"name\":\"Home\",\"item\":\"https:\/\/www.seguroscred.com\/\"},{\"@type\":\"ListItem\",\"position\":2,\"name\":\"Termos e Condi\u00e7\u00f5es\"}]},{\"@type\":\"WebSite\",\"@id\":\"https:\/\/www.seguroscred.com\/#website\",\"url\":\"https:\/\/www.seguroscred.com\/\",\"name\":\"\",\"description\":\"\",\"potentialAction\":[{\"@type\":\"SearchAction\",\"target\":{\"@type\":\"EntryPoint\",\"urlTemplate\":\"https:\/\/www.seguroscred.com\/?s={search_term_string}\"},\"query-input\":{\"@type\":\"PropertyValueSpecification\",\"valueRequired\":true,\"valueName\":\"search_term_string\"}}],\"inLanguage\":\"nl-BE\"}]}<\/script>\n<!-- \/ Yoast SEO plugin. -->","yoast_head_json":{"title":"Termos e Condi\u00e7\u00f5es -","robots":{"index":"index","follow":"follow","max-snippet":"max-snippet:-1","max-image-preview":"max-image-preview:large","max-video-preview":"max-video-preview:-1"},"canonical":"https:\/\/www.seguroscred.com\/nl\/termos-e-condicoes\/","og_locale":"nl_BE","og_type":"article","og_title":"Termos e Condi\u00e7\u00f5es -","og_description":"1. Termos Ao acessar ao site SegurosCred, concorda em cumprir estes termos de servi\u00e7o, todas as leis e regulamentos aplic\u00e1veis [&hellip;]","og_url":"https:\/\/www.seguroscred.com\/nl\/termos-e-condicoes\/","article_modified_time":"2024-02-05T17:56:34+00:00","twitter_card":"summary_large_image","twitter_misc":{"Geschatte leestijd":"4 minuten"},"schema":{"@context":"https:\/\/schema.org","@graph":[{"@type":"WebPage","@id":"https:\/\/www.seguroscred.com\/termos-e-condicoes\/","url":"https:\/\/www.seguroscred.com\/termos-e-condicoes\/","name":"Termos e Condi\u00e7\u00f5es -","isPartOf":{"@id":"https:\/\/www.seguroscred.com\/#website"},"datePublished":"2024-02-05T17:55:23+00:00","dateModified":"2024-02-05T17:56:34+00:00","breadcrumb":{"@id":"https:\/\/www.seguroscred.com\/termos-e-condicoes\/#breadcrumb"},"inLanguage":"nl-BE","potentialAction":[{"@type":"ReadAction","target":["https:\/\/www.seguroscred.com\/termos-e-condicoes\/"]}]},{"@type":"BreadcrumbList","@id":"https:\/\/www.seguroscred.com\/termos-e-condicoes\/#breadcrumb","itemListElement":[{"@type":"ListItem","position":1,"name":"Home","item":"https:\/\/www.seguroscred.com\/"},{"@type":"ListItem","position":2,"name":"Termos e Condi\u00e7\u00f5es"}]},{"@type":"WebSite","@id":"https:\/\/www.seguroscred.com\/#website","url":"https:\/\/www.seguroscred.com\/","name":"","description":"","potentialAction":[{"@type":"SearchAction","target":{"@type":"EntryPoint","urlTemplate":"https:\/\/www.seguroscred.com\/?s={search_term_string}"},"query-input":{"@type":"PropertyValueSpecification","valueRequired":true,"valueName":"search_term_string"}}],"inLanguage":"nl-BE"}]}},"_links":{"self":[{"href":"https:\/\/www.seguroscred.com\/nl\/wp-json\/wp\/v2\/pages\/245","targetHints":{"allow":["GET"]}}],"collection":[{"href":"https:\/\/www.seguroscred.com\/nl\/wp-json\/wp\/v2\/pages"}],"about":[{"href":"https:\/\/www.seguroscred.com\/nl\/wp-json\/wp\/v2\/types\/page"}],"author":[{"embeddable":true,"href":"https:\/\/www.seguroscred.com\/nl\/wp-json\/wp\/v2\/users\/1"}],"replies":[{"embeddable":true,"href":"https:\/\/www.seguroscred.com\/nl\/wp-json\/wp\/v2\/comments?post=245"}],"version-history":[{"count":5,"href":"https:\/\/www.seguroscred.com\/nl\/wp-json\/wp\/v2\/pages\/245\/revisions"}],"predecessor-version":[{"id":250,"href":"https:\/\/www.seguroscred.com\/nl\/wp-json\/wp\/v2\/pages\/245\/revisions\/250"}],"wp:attachment":[{"href":"https:\/\/www.seguroscred.com\/nl\/wp-json\/wp\/v2\/media?parent=245"}],"curies":[{"name":"wp","href":"https:\/\/api.w.org\/{rel}","templated":true}]}}