{"id":134,"date":"2024-01-25T14:54:11","date_gmt":"2024-01-25T14:54:11","guid":{"rendered":"https:\/\/www.seguroscred.com\/?page_id=134"},"modified":"2024-01-25T14:54:29","modified_gmt":"2024-01-25T14:54:29","slug":"disclaimer","status":"publish","type":"page","link":"https:\/\/www.seguroscred.com\/sv\/disclaimer\/","title":{"rendered":"Ansvarsfriskrivning"},"content":{"rendered":"<p><strong>Varsel:<\/strong> Vi beg\u00e4r inte n\u00e5gon summa pengar f\u00f6r att sl\u00e4ppa n\u00e5gon typ av finansiell produkt, vare sig det \u00e4r ett kreditkort, finansiering eller l\u00e5n. Om detta h\u00e4nder, v\u00e4nligen meddela oss omedelbart via formul\u00e4ret.<\/p>\n\n\n\n<p><strong>Anm\u00e4rkningar:<\/strong> Vi arbetar f\u00f6r att h\u00e5lla all information s\u00e5 uppdaterad som m\u00f6jligt. Det \u00e4r viktigt att notera att denna information kan skilja sig fr\u00e5n den som finns p\u00e5 webbplatser f\u00f6r finansiella institutioner eller tj\u00e4nsteleverant\u00f6rer p\u00e5 en specifik webbplats. N\u00e4r det g\u00e4ller institutioner som vi inte har partnerskap med, alla produkter listade p\u00e5 denna webbplats <a href=\"https:\/\/www.seguroscred.com\/sv\/\">https:\/\/www.seguroscred.com<\/a> \u00e4r inte garanterade att informationen \u00e4r uppdaterad. Kom alltid ih\u00e5g att l\u00e4sa anv\u00e4ndarvillkoren och k\u00f6pvillkoren f\u00f6r de finansinstitut du v\u00e4ljer.<\/p>\n\n\n\n<p><strong>\u00d6verv\u00e4ganden:<\/strong> Vi str\u00e4var efter att h\u00e5lla all information uppdaterad och korrekt. Denna information kan skilja sig fr\u00e5n vad du hittar p\u00e5 webbplatser f\u00f6r finansiella institutioner, tj\u00e4nsteleverant\u00f6rer eller specifika produktwebbplatser. N\u00e4r det g\u00e4ller icke-partnerinstitutioner presenteras alla finansiella produkter utan n\u00e5gon garanti f\u00f6r att informationen \u00e4r aktuell. L\u00e4s alltid finansinstitutens villkor och k\u00f6pvillkor innan du g\u00f6r ditt val.<\/p>","protected":false},"excerpt":{"rendered":"<p>Observera: Vi ber inte om n\u00e5gon summa pengar f\u00f6r att sl\u00e4ppa n\u00e5gon typ av finansiell produkt, vare sig det \u00e4r kreditkort, finansiering eller [\u2026]<\/p>","protected":false},"author":1,"featured_media":0,"parent":0,"menu_order":0,"comment_status":"closed","ping_status":"closed","template":"","meta":{"site-sidebar-layout":"default","site-content-layout":"","ast-site-content-layout":"","site-content-style":"default","site-sidebar-style":"default","ast-global-header-display":"","ast-banner-title-visibility":"","ast-main-header-display":"","ast-hfb-above-header-display":"","ast-hfb-below-header-display":"","ast-hfb-mobile-header-display":"","site-post-title":"","ast-breadcrumbs-content":"","ast-featured-img":"","footer-sml-layout":"","theme-transparent-header-meta":"","adv-header-id-meta":"","stick-header-meta":"","header-above-stick-meta":"","header-main-stick-meta":"","header-below-stick-meta":"","astra-migrate-meta-layouts":"default","ast-page-background-enabled":"default","ast-page-background-meta":{"desktop":{"background-color":"var(--ast-global-color-5)","background-image":"","background-repeat":"repeat","background-position":"center center","background-size":"auto","background-attachment":"scroll","background-type":"","background-media":"","overlay-type":"","overlay-color":"","overlay-opacity":"","overlay-gradient":""},"tablet":{"background-color":"","background-image":"","background-repeat":"repeat","background-position":"center center","background-size":"auto","background-attachment":"scroll","background-type":"","background-media":"","overlay-type":"","overlay-color":"","overlay-opacity":"","overlay-gradient":""},"mobile":{"background-color":"","background-image":"","background-repeat":"repeat","background-position":"center center","background-size":"auto","background-attachment":"scroll","background-type":"","background-media":"","overlay-type":"","overlay-color":"","overlay-opacity":"","overlay-gradient":""}},"ast-content-background-meta":{"desktop":{"background-color":"var(--ast-global-color-4)","background-image":"","background-repeat":"repeat","background-position":"center center","background-size":"auto","background-attachment":"scroll","background-type":"","background-media":"","overlay-type":"","overlay-color":"","overlay-opacity":"","overlay-gradient":""},"tablet":{"background-color":"var(--ast-global-color-4)","background-image":"","background-repeat":"repeat","background-position":"center center","background-size":"auto","background-attachment":"scroll","background-type":"","background-media":"","overlay-type":"","overlay-color":"","overlay-opacity":"","overlay-gradient":""},"mobile":{"background-color":"var(--ast-global-color-4)","background-image":"","background-repeat":"repeat","background-position":"center center","background-size":"auto","background-attachment":"scroll","background-type":"","background-media":"","overlay-type":"","overlay-color":"","overlay-opacity":"","overlay-gradient":""}},"footnotes":""},"class_list":["post-134","page","type-page","status-publish","hentry"],"yoast_head":"<!-- This site is optimized with the Yoast SEO plugin v24.6 - https:\/\/yoast.com\/wordpress\/plugins\/seo\/ -->\n<title>Disclaimer -<\/title>\n<meta name=\"robots\" content=\"index, follow, max-snippet:-1, max-image-preview:large, max-video-preview:-1\" \/>\n<link rel=\"canonical\" href=\"https:\/\/www.seguroscred.com\/sv\/disclaimer\/\" \/>\n<meta property=\"og:locale\" content=\"sv_SE\" \/>\n<meta property=\"og:type\" content=\"article\" \/>\n<meta property=\"og:title\" content=\"Disclaimer -\" \/>\n<meta property=\"og:description\" content=\"Aviso: N\u00e3o solicitamos qualquer quantia em dinheiro para liberar qualquer tipo de produto financeiro, seja cart\u00e3o de cr\u00e9dito, financiamento ou [&hellip;]\" \/>\n<meta property=\"og:url\" content=\"https:\/\/www.seguroscred.com\/sv\/disclaimer\/\" \/>\n<meta property=\"article:modified_time\" content=\"2024-01-25T14:54:29+00:00\" \/>\n<meta name=\"twitter:card\" content=\"summary_large_image\" \/>\n<meta name=\"twitter:label1\" content=\"Ber\u00e4knad l\u00e4stid\" \/>\n\t<meta name=\"twitter:data1\" content=\"1 minut\" \/>\n<script type=\"application\/ld+json\" class=\"yoast-schema-graph\">{\"@context\":\"https:\/\/schema.org\",\"@graph\":[{\"@type\":\"WebPage\",\"@id\":\"https:\/\/www.seguroscred.com\/disclaimer\/\",\"url\":\"https:\/\/www.seguroscred.com\/disclaimer\/\",\"name\":\"Disclaimer -\",\"isPartOf\":{\"@id\":\"https:\/\/www.seguroscred.com\/#website\"},\"datePublished\":\"2024-01-25T14:54:11+00:00\",\"dateModified\":\"2024-01-25T14:54:29+00:00\",\"breadcrumb\":{\"@id\":\"https:\/\/www.seguroscred.com\/disclaimer\/#breadcrumb\"},\"inLanguage\":\"sv-SE\",\"potentialAction\":[{\"@type\":\"ReadAction\",\"target\":[\"https:\/\/www.seguroscred.com\/disclaimer\/\"]}]},{\"@type\":\"BreadcrumbList\",\"@id\":\"https:\/\/www.seguroscred.com\/disclaimer\/#breadcrumb\",\"itemListElement\":[{\"@type\":\"ListItem\",\"position\":1,\"name\":\"Home\",\"item\":\"https:\/\/www.seguroscred.com\/\"},{\"@type\":\"ListItem\",\"position\":2,\"name\":\"Disclaimer\"}]},{\"@type\":\"WebSite\",\"@id\":\"https:\/\/www.seguroscred.com\/#website\",\"url\":\"https:\/\/www.seguroscred.com\/\",\"name\":\"\",\"description\":\"\",\"potentialAction\":[{\"@type\":\"SearchAction\",\"target\":{\"@type\":\"EntryPoint\",\"urlTemplate\":\"https:\/\/www.seguroscred.com\/?s={search_term_string}\"},\"query-input\":{\"@type\":\"PropertyValueSpecification\",\"valueRequired\":true,\"valueName\":\"search_term_string\"}}],\"inLanguage\":\"sv-SE\"}]}<\/script>\n<!-- \/ Yoast SEO plugin. -->","yoast_head_json":{"title":"Disclaimer -","robots":{"index":"index","follow":"follow","max-snippet":"max-snippet:-1","max-image-preview":"max-image-preview:large","max-video-preview":"max-video-preview:-1"},"canonical":"https:\/\/www.seguroscred.com\/sv\/disclaimer\/","og_locale":"sv_SE","og_type":"article","og_title":"Disclaimer -","og_description":"Aviso: N\u00e3o solicitamos qualquer quantia em dinheiro para liberar qualquer tipo de produto financeiro, seja cart\u00e3o de cr\u00e9dito, financiamento ou [&hellip;]","og_url":"https:\/\/www.seguroscred.com\/sv\/disclaimer\/","article_modified_time":"2024-01-25T14:54:29+00:00","twitter_card":"summary_large_image","twitter_misc":{"Ber\u00e4knad l\u00e4stid":"1 minut"},"schema":{"@context":"https:\/\/schema.org","@graph":[{"@type":"WebPage","@id":"https:\/\/www.seguroscred.com\/disclaimer\/","url":"https:\/\/www.seguroscred.com\/disclaimer\/","name":"Disclaimer -","isPartOf":{"@id":"https:\/\/www.seguroscred.com\/#website"},"datePublished":"2024-01-25T14:54:11+00:00","dateModified":"2024-01-25T14:54:29+00:00","breadcrumb":{"@id":"https:\/\/www.seguroscred.com\/disclaimer\/#breadcrumb"},"inLanguage":"sv-SE","potentialAction":[{"@type":"ReadAction","target":["https:\/\/www.seguroscred.com\/disclaimer\/"]}]},{"@type":"BreadcrumbList","@id":"https:\/\/www.seguroscred.com\/disclaimer\/#breadcrumb","itemListElement":[{"@type":"ListItem","position":1,"name":"Home","item":"https:\/\/www.seguroscred.com\/"},{"@type":"ListItem","position":2,"name":"Disclaimer"}]},{"@type":"WebSite","@id":"https:\/\/www.seguroscred.com\/#website","url":"https:\/\/www.seguroscred.com\/","name":"","description":"","potentialAction":[{"@type":"SearchAction","target":{"@type":"EntryPoint","urlTemplate":"https:\/\/www.seguroscred.com\/?s={search_term_string}"},"query-input":{"@type":"PropertyValueSpecification","valueRequired":true,"valueName":"search_term_string"}}],"inLanguage":"sv-SE"}]}},"_links":{"self":[{"href":"https:\/\/www.seguroscred.com\/sv\/wp-json\/wp\/v2\/pages\/134","targetHints":{"allow":["GET"]}}],"collection":[{"href":"https:\/\/www.seguroscred.com\/sv\/wp-json\/wp\/v2\/pages"}],"about":[{"href":"https:\/\/www.seguroscred.com\/sv\/wp-json\/wp\/v2\/types\/page"}],"author":[{"embeddable":true,"href":"https:\/\/www.seguroscred.com\/sv\/wp-json\/wp\/v2\/users\/1"}],"replies":[{"embeddable":true,"href":"https:\/\/www.seguroscred.com\/sv\/wp-json\/wp\/v2\/comments?post=134"}],"version-history":[{"count":3,"href":"https:\/\/www.seguroscred.com\/sv\/wp-json\/wp\/v2\/pages\/134\/revisions"}],"predecessor-version":[{"id":137,"href":"https:\/\/www.seguroscred.com\/sv\/wp-json\/wp\/v2\/pages\/134\/revisions\/137"}],"wp:attachment":[{"href":"https:\/\/www.seguroscred.com\/sv\/wp-json\/wp\/v2\/media?parent=134"}],"curies":[{"name":"wp","href":"https:\/\/api.w.org\/{rel}","templated":true}]}}