{"id":245,"date":"2024-02-05T17:55:23","date_gmt":"2024-02-05T17:55:23","guid":{"rendered":"https:\/\/www.seguroscred.com\/?page_id=245"},"modified":"2024-02-05T17:56:34","modified_gmt":"2024-02-05T17:56:34","slug":"termos-e-condicoes","status":"publish","type":"page","link":"https:\/\/www.seguroscred.com\/sv\/termos-e-condicoes\/","title":{"rendered":"Regler och villkor"},"content":{"rendered":"<h2><span style=\"color: rgb(68, 68, 68);\">1. Villkor<\/span><\/h2><p><span style=\"color: rgb(68, 68, 68);\">N\u00e4r du g\u00e5r in p\u00e5 webbplatsen <a href=\"\/sv\/SegurosCred.com\/\">SegurosCred<\/a>, samtycker du till att f\u00f6lja dessa anv\u00e4ndarvillkor, alla till\u00e4mpliga lagar och f\u00f6rordningar och samtycker till att du \u00e4r ansvarig f\u00f6r att alla till\u00e4mpliga lokala lagar f\u00f6ljs. Om du inte godk\u00e4nner n\u00e5gon av dessa villkor \u00e4r du f\u00f6rbjuden att anv\u00e4nda eller komma \u00e5t denna webbplats. Materialet p\u00e5 denna webbplats \u00e4r skyddat av till\u00e4mplig upphovsr\u00e4tt och varum\u00e4rkeslagar.<\/span><\/p><h2><span style=\"color: rgb(68, 68, 68);\">2. Anv\u00e4nd licens<\/span><\/h2><p><span style=\"color: rgb(68, 68, 68);\">Till\u00e5telse ges att tillf\u00e4lligt ladda ner en kopia av materialet (information eller mjukvara) p\u00e5 SegurosCreds webbplats endast f\u00f6r personlig, icke-kommersiell tillf\u00e4llig visning. Detta \u00e4r beviljande av en licens, inte en \u00f6verf\u00f6ring av titel, och under denna licens f\u00e5r du inte:&nbsp;<\/span><\/p><ol><li><span style=\"color: rgb(68, 68, 68);\">\u00e4ndra eller kopiera materialet;&nbsp;<\/span><\/li><li><span style=\"color: rgb(68, 68, 68);\">anv\u00e4nda materialet f\u00f6r n\u00e5got kommersiellt syfte eller f\u00f6r n\u00e5gon offentlig visning (kommersiell eller icke-kommersiell);&nbsp;<\/span><\/li><li><span style=\"color: rgb(68, 68, 68);\">f\u00f6rs\u00f6k att dekompilera eller bak\u00e5tkonstruera n\u00e5gon programvara som finns p\u00e5 SegurosCred-webbplatsen;&nbsp;<\/span><\/li><li><span style=\"color: rgb(68, 68, 68);\">ta bort all upphovsr\u00e4tt eller andra \u00e4gander\u00e4ttsbeteckningar fr\u00e5n materialet; eller&nbsp;<\/span><\/li><li><span style=\"color: rgb(68, 68, 68);\">\u00f6verf\u00f6ra materialet till en annan person eller &quot;spegla&quot; materialet p\u00e5 n\u00e5gon annan server.<\/span><\/li><\/ol><p><span style=\"color: rgb(68, 68, 68);\">Denna licens upph\u00f6r automatiskt om du bryter mot n\u00e5gon av dessa begr\u00e4nsningar och kan s\u00e4gas upp av SegurosCred n\u00e4r som helst. N\u00e4r du avslutar din visning av detta material eller vid upps\u00e4gning av denna licens m\u00e5ste du f\u00f6rst\u00f6ra allt nedladdat material i din \u00e4go, oavsett om det \u00e4r i elektroniskt eller tryckt format.<\/span><\/p><h2><span style=\"color: rgb(68, 68, 68);\">3. Ansvarsfriskrivning<\/span><\/h2><ol><li><span style=\"color: rgb(68, 68, 68);\">Materialet p\u00e5 SegurosCreds webbplats tillhandah\u00e5lls &quot;i befintligt skick&quot;. SegurosCred l\u00e4mnar inga garantier, vare sig uttryckliga eller underf\u00f6rst\u00e5dda, och fr\u00e5ns\u00e4ger sig och f\u00f6rnekar h\u00e4rmed alla andra garantier, inklusive utan begr\u00e4nsning, underf\u00f6rst\u00e5dda garantier eller villkor f\u00f6r s\u00e4ljbarhet, l\u00e4mplighet f\u00f6r ett visst \u00e4ndam\u00e5l eller icke-intr\u00e5ng i immateriell egendom eller annan kr\u00e4nkning av r\u00e4ttigheter.<\/span><\/li><li><span style=\"color: rgb(68, 68, 68);\">SegurosCred garanterar eller g\u00f6r inga utf\u00e4stelser om riktigheten, sannolika resultat eller tillf\u00f6rlitligheten av anv\u00e4ndningen av materialet p\u00e5 sin webbplats eller p\u00e5 annat s\u00e4tt relaterat till s\u00e5dant material eller p\u00e5 n\u00e5gra webbplatser som \u00e4r l\u00e4nkade till denna webbplats.<\/span><\/li><\/ol><h2><span style=\"color: rgb(68, 68, 68);\">4. Begr\u00e4nsningar<\/span><\/h2><p><span style=\"color: rgb(68, 68, 68);\">SegurosCred eller dess leverant\u00f6rer ska inte under n\u00e5gra omst\u00e4ndigheter h\u00e5llas ansvariga f\u00f6r n\u00e5gra skador (inklusive, utan begr\u00e4nsning, skador f\u00f6r f\u00f6rlust av data eller vinst, eller p\u00e5 grund av aff\u00e4rsavbrott) som uppst\u00e5r till f\u00f6ljd av anv\u00e4ndningen eller of\u00f6rm\u00e5gan att anv\u00e4nda materialet p\u00e5 SegurosCreds webbplats, \u00e4ven om SegurosCred eller en av SegurosCred auktoriserad representant har underr\u00e4ttats skriftligen om m\u00f6jligheten till en s\u00e5dan skada muntligen eller skriftligen. Eftersom vissa jurisdiktioner inte till\u00e5ter begr\u00e4nsningar av underf\u00f6rst\u00e5dda garantier, eller begr\u00e4nsningar av ansvar f\u00f6r f\u00f6ljdskador eller of\u00f6rutsedda skador, kanske dessa begr\u00e4nsningar inte g\u00e4ller dig.<\/span><\/p><h2><span style=\"color: rgb(68, 68, 68);\">5. Materialens noggrannhet<\/span><\/h2><p><span style=\"color: rgb(68, 68, 68);\">Materialet som visas p\u00e5 SegurosCred-webbplatsen kan inneh\u00e5lla tekniska, typografiska eller fotografiska fel. SegurosCred garanterar inte att n\u00e5got material p\u00e5 dess webbplats \u00e4r korrekt, komplett eller aktuellt. SegurosCred kan g\u00f6ra \u00e4ndringar i materialet som finns p\u00e5 sin webbplats n\u00e4r som helst utan f\u00f6reg\u00e5ende meddelande. SegurosCred \u00e5tar sig dock inte att uppdatera materialet.<\/span><\/p><h2><span style=\"color: rgb(68, 68, 68);\">6. L\u00e4nkar<\/span><\/h2><p><span style=\"color: rgb(68, 68, 68);\">SegurosCred har inte granskat alla webbplatser som \u00e4r l\u00e4nkade till sin webbplats och \u00e4r inte ansvarig f\u00f6r inneh\u00e5llet p\u00e5 n\u00e5gon l\u00e4nkad webbplats. Inkluderandet av n\u00e5gon l\u00e4nk inneb\u00e4r inte att SegurosCred godk\u00e4nner webbplatsen. Anv\u00e4ndning av n\u00e5gon l\u00e4nkad webbplats sker p\u00e5 anv\u00e4ndarens egen risk.<\/span><\/p><p><br><\/p><h3><span style=\"color: rgb(68, 68, 68);\">\u00c4ndringar<\/span><\/h3><p><span style=\"color: rgb(68, 68, 68);\">SegurosCred kan \u00e4ndra dessa anv\u00e4ndarvillkor f\u00f6r webbplatsen n\u00e4r som helst utan f\u00f6reg\u00e5ende meddelande. Genom att anv\u00e4nda denna webbplats samtycker du till att vara bunden av den d\u00e5 aktuella versionen av dessa anv\u00e4ndarvillkor.<\/span><\/p><h3><span style=\"color: rgb(68, 68, 68);\">Till\u00e4mplig lag<\/span><\/h3><p><span style=\"color: rgb(68, 68, 68);\">Dessa villkor styrs av och tolkas i enlighet med lagarna i SegurosCred och du underkastar dig o\u00e5terkalleligen den exklusiva jurisdiktionen f\u00f6r domstolarna i den staten eller platsen.<\/span><\/p>","protected":false},"excerpt":{"rendered":"<p>1. Villkor Genom att bes\u00f6ka SegurosCreds webbplats godk\u00e4nner du att f\u00f6lja dessa anv\u00e4ndarvillkor, alla till\u00e4mpliga lagar och f\u00f6rordningar [\u2026]<\/p>","protected":false},"author":1,"featured_media":0,"parent":0,"menu_order":0,"comment_status":"closed","ping_status":"closed","template":"","meta":{"site-sidebar-layout":"default","site-content-layout":"","ast-site-content-layout":"","site-content-style":"default","site-sidebar-style":"default","ast-global-header-display":"","ast-banner-title-visibility":"","ast-main-header-display":"","ast-hfb-above-header-display":"","ast-hfb-below-header-display":"","ast-hfb-mobile-header-display":"","site-post-title":"","ast-breadcrumbs-content":"","ast-featured-img":"","footer-sml-layout":"","theme-transparent-header-meta":"","adv-header-id-meta":"","stick-header-meta":"","header-above-stick-meta":"","header-main-stick-meta":"","header-below-stick-meta":"","astra-migrate-meta-layouts":"default","ast-page-background-enabled":"default","ast-page-background-meta":{"desktop":{"background-color":"var(--ast-global-color-5)","background-image":"","background-repeat":"repeat","background-position":"center center","background-size":"auto","background-attachment":"scroll","background-type":"","background-media":"","overlay-type":"","overlay-color":"","overlay-opacity":"","overlay-gradient":""},"tablet":{"background-color":"","background-image":"","background-repeat":"repeat","background-position":"center center","background-size":"auto","background-attachment":"scroll","background-type":"","background-media":"","overlay-type":"","overlay-color":"","overlay-opacity":"","overlay-gradient":""},"mobile":{"background-color":"","background-image":"","background-repeat":"repeat","background-position":"center center","background-size":"auto","background-attachment":"scroll","background-type":"","background-media":"","overlay-type":"","overlay-color":"","overlay-opacity":"","overlay-gradient":""}},"ast-content-background-meta":{"desktop":{"background-color":"var(--ast-global-color-4)","background-image":"","background-repeat":"repeat","background-position":"center center","background-size":"auto","background-attachment":"scroll","background-type":"","background-media":"","overlay-type":"","overlay-color":"","overlay-opacity":"","overlay-gradient":""},"tablet":{"background-color":"var(--ast-global-color-4)","background-image":"","background-repeat":"repeat","background-position":"center center","background-size":"auto","background-attachment":"scroll","background-type":"","background-media":"","overlay-type":"","overlay-color":"","overlay-opacity":"","overlay-gradient":""},"mobile":{"background-color":"var(--ast-global-color-4)","background-image":"","background-repeat":"repeat","background-position":"center center","background-size":"auto","background-attachment":"scroll","background-type":"","background-media":"","overlay-type":"","overlay-color":"","overlay-opacity":"","overlay-gradient":""}},"footnotes":""},"class_list":["post-245","page","type-page","status-publish","hentry"],"yoast_head":"<!-- This site is optimized with the Yoast SEO plugin v24.6 - https:\/\/yoast.com\/wordpress\/plugins\/seo\/ -->\n<title>Termos e Condi\u00e7\u00f5es -<\/title>\n<meta name=\"robots\" content=\"index, follow, max-snippet:-1, max-image-preview:large, max-video-preview:-1\" \/>\n<link rel=\"canonical\" href=\"https:\/\/www.seguroscred.com\/sv\/termos-e-condicoes\/\" \/>\n<meta property=\"og:locale\" content=\"sv_SE\" \/>\n<meta property=\"og:type\" content=\"article\" \/>\n<meta property=\"og:title\" content=\"Termos e Condi\u00e7\u00f5es -\" \/>\n<meta property=\"og:description\" content=\"1. Termos Ao acessar ao site SegurosCred, concorda em cumprir estes termos de servi\u00e7o, todas as leis e regulamentos aplic\u00e1veis [&hellip;]\" \/>\n<meta property=\"og:url\" content=\"https:\/\/www.seguroscred.com\/sv\/termos-e-condicoes\/\" \/>\n<meta property=\"article:modified_time\" content=\"2024-02-05T17:56:34+00:00\" \/>\n<meta name=\"twitter:card\" content=\"summary_large_image\" \/>\n<meta name=\"twitter:label1\" content=\"Ber\u00e4knad l\u00e4stid\" \/>\n\t<meta name=\"twitter:data1\" content=\"4 minuter\" \/>\n<script type=\"application\/ld+json\" class=\"yoast-schema-graph\">{\"@context\":\"https:\/\/schema.org\",\"@graph\":[{\"@type\":\"WebPage\",\"@id\":\"https:\/\/www.seguroscred.com\/termos-e-condicoes\/\",\"url\":\"https:\/\/www.seguroscred.com\/termos-e-condicoes\/\",\"name\":\"Termos e Condi\u00e7\u00f5es -\",\"isPartOf\":{\"@id\":\"https:\/\/www.seguroscred.com\/#website\"},\"datePublished\":\"2024-02-05T17:55:23+00:00\",\"dateModified\":\"2024-02-05T17:56:34+00:00\",\"breadcrumb\":{\"@id\":\"https:\/\/www.seguroscred.com\/termos-e-condicoes\/#breadcrumb\"},\"inLanguage\":\"sv-SE\",\"potentialAction\":[{\"@type\":\"ReadAction\",\"target\":[\"https:\/\/www.seguroscred.com\/termos-e-condicoes\/\"]}]},{\"@type\":\"BreadcrumbList\",\"@id\":\"https:\/\/www.seguroscred.com\/termos-e-condicoes\/#breadcrumb\",\"itemListElement\":[{\"@type\":\"ListItem\",\"position\":1,\"name\":\"Home\",\"item\":\"https:\/\/www.seguroscred.com\/\"},{\"@type\":\"ListItem\",\"position\":2,\"name\":\"Termos e Condi\u00e7\u00f5es\"}]},{\"@type\":\"WebSite\",\"@id\":\"https:\/\/www.seguroscred.com\/#website\",\"url\":\"https:\/\/www.seguroscred.com\/\",\"name\":\"\",\"description\":\"\",\"potentialAction\":[{\"@type\":\"SearchAction\",\"target\":{\"@type\":\"EntryPoint\",\"urlTemplate\":\"https:\/\/www.seguroscred.com\/?s={search_term_string}\"},\"query-input\":{\"@type\":\"PropertyValueSpecification\",\"valueRequired\":true,\"valueName\":\"search_term_string\"}}],\"inLanguage\":\"sv-SE\"}]}<\/script>\n<!-- \/ Yoast SEO plugin. -->","yoast_head_json":{"title":"Termos e Condi\u00e7\u00f5es -","robots":{"index":"index","follow":"follow","max-snippet":"max-snippet:-1","max-image-preview":"max-image-preview:large","max-video-preview":"max-video-preview:-1"},"canonical":"https:\/\/www.seguroscred.com\/sv\/termos-e-condicoes\/","og_locale":"sv_SE","og_type":"article","og_title":"Termos e Condi\u00e7\u00f5es -","og_description":"1. Termos Ao acessar ao site SegurosCred, concorda em cumprir estes termos de servi\u00e7o, todas as leis e regulamentos aplic\u00e1veis [&hellip;]","og_url":"https:\/\/www.seguroscred.com\/sv\/termos-e-condicoes\/","article_modified_time":"2024-02-05T17:56:34+00:00","twitter_card":"summary_large_image","twitter_misc":{"Ber\u00e4knad l\u00e4stid":"4 minuter"},"schema":{"@context":"https:\/\/schema.org","@graph":[{"@type":"WebPage","@id":"https:\/\/www.seguroscred.com\/termos-e-condicoes\/","url":"https:\/\/www.seguroscred.com\/termos-e-condicoes\/","name":"Termos e Condi\u00e7\u00f5es -","isPartOf":{"@id":"https:\/\/www.seguroscred.com\/#website"},"datePublished":"2024-02-05T17:55:23+00:00","dateModified":"2024-02-05T17:56:34+00:00","breadcrumb":{"@id":"https:\/\/www.seguroscred.com\/termos-e-condicoes\/#breadcrumb"},"inLanguage":"sv-SE","potentialAction":[{"@type":"ReadAction","target":["https:\/\/www.seguroscred.com\/termos-e-condicoes\/"]}]},{"@type":"BreadcrumbList","@id":"https:\/\/www.seguroscred.com\/termos-e-condicoes\/#breadcrumb","itemListElement":[{"@type":"ListItem","position":1,"name":"Home","item":"https:\/\/www.seguroscred.com\/"},{"@type":"ListItem","position":2,"name":"Termos e Condi\u00e7\u00f5es"}]},{"@type":"WebSite","@id":"https:\/\/www.seguroscred.com\/#website","url":"https:\/\/www.seguroscred.com\/","name":"","description":"","potentialAction":[{"@type":"SearchAction","target":{"@type":"EntryPoint","urlTemplate":"https:\/\/www.seguroscred.com\/?s={search_term_string}"},"query-input":{"@type":"PropertyValueSpecification","valueRequired":true,"valueName":"search_term_string"}}],"inLanguage":"sv-SE"}]}},"_links":{"self":[{"href":"https:\/\/www.seguroscred.com\/sv\/wp-json\/wp\/v2\/pages\/245","targetHints":{"allow":["GET"]}}],"collection":[{"href":"https:\/\/www.seguroscred.com\/sv\/wp-json\/wp\/v2\/pages"}],"about":[{"href":"https:\/\/www.seguroscred.com\/sv\/wp-json\/wp\/v2\/types\/page"}],"author":[{"embeddable":true,"href":"https:\/\/www.seguroscred.com\/sv\/wp-json\/wp\/v2\/users\/1"}],"replies":[{"embeddable":true,"href":"https:\/\/www.seguroscred.com\/sv\/wp-json\/wp\/v2\/comments?post=245"}],"version-history":[{"count":5,"href":"https:\/\/www.seguroscred.com\/sv\/wp-json\/wp\/v2\/pages\/245\/revisions"}],"predecessor-version":[{"id":250,"href":"https:\/\/www.seguroscred.com\/sv\/wp-json\/wp\/v2\/pages\/245\/revisions\/250"}],"wp:attachment":[{"href":"https:\/\/www.seguroscred.com\/sv\/wp-json\/wp\/v2\/media?parent=245"}],"curies":[{"name":"wp","href":"https:\/\/api.w.org\/{rel}","templated":true}]}}