{"id":251,"date":"2024-02-05T18:02:14","date_gmt":"2024-02-05T18:02:14","guid":{"rendered":"https:\/\/www.seguroscred.com\/?page_id=251"},"modified":"2024-02-05T18:12:00","modified_gmt":"2024-02-05T18:12:00","slug":"sobre-nos","status":"publish","type":"page","link":"https:\/\/www.seguroscred.com\/sv\/sobre-nos\/","title":{"rendered":"Om oss"},"content":{"rendered":"<p>V\u00e4lkommen till SegurosCred, din referensportal f\u00f6r att navigera i finansv\u00e4rlden med f\u00f6rtroende och s\u00e4kerhet. Vi \u00e4r ett team dedikerat till att avmystifiera finansv\u00e4rlden genom att tillhandah\u00e5lla tydlig och korrekt information om ledande f\u00f6retag inom finansiell utbildning, f\u00f6rs\u00e4kringar, jobb och mer.<\/p>\n\n\n\n<h4 class=\"wp-block-heading\">V\u00e5rt uppdrag<\/h4>\n\n\n\n<p>V\u00e5rt uppdrag \u00e4r att st\u00e4rka individer och f\u00f6retag genom finansiell kunskap. Vi tror att solid finansiell utbildning \u00e4r nyckeln till att fatta v\u00e4lgrundade beslut, hantera risker effektivt och uppn\u00e5 finansiell stabilitet. Det \u00e4r d\u00e4rf\u00f6r vi \u00e4r dedikerade till att tillhandah\u00e5lla aktuellt, relevant och tillg\u00e4ngligt inneh\u00e5ll f\u00f6r alla.<\/p>\n\n\n\n<h4 class=\"wp-block-heading\">Vad skiljer oss \u00e5t<\/h4>\n\n\n\n<ul class=\"wp-block-list\">\n<li><strong>Engagemang f\u00f6r kvalitet:<\/strong> V\u00e5rt inneh\u00e5ll \u00e4r noggrant unders\u00f6kt och skrivet av experter, vilket s\u00e4kerst\u00e4ller att du f\u00e5r tillf\u00f6rlitlig information av h\u00f6g kvalitet.<\/li>\n\n\n\n<li><strong>Anv\u00e4ndarfokus:<\/strong> Vi f\u00f6rst\u00e5r v\u00e5ra anv\u00e4ndares behov och str\u00e4var efter att skapa en intuitiv och berikande surfupplevelse.<\/li>\n\n\n\n<li><strong>Helt\u00e4ckande vision:<\/strong> Vi t\u00e4cker ett brett spektrum av \u00e4mnen, fr\u00e5n jobbm\u00f6jligheter p\u00e5 finansiella utbildningsf\u00f6retag till de senaste nyheterna om f\u00f6rs\u00e4kringsprodukter. Vi \u00e4r alltid medvetna om marknadstrender f\u00f6r att ge dig det mest uppdaterade inneh\u00e5llet.<\/li>\n\n\n\n<li><strong>Community och support:<\/strong> F\u00f6rutom att informera vill vi bygga en gemenskap av m\u00e4nniskor som \u00e4r intresserade av att f\u00f6rb\u00e4ttra sin ekonomiska h\u00e4lsa. Vi st\u00f6djer och uppmuntrar interaktion mellan v\u00e5ra anv\u00e4ndare och skapar en samarbetsmilj\u00f6 f\u00f6r l\u00e4rande.<\/li>\n<\/ul>\n\n\n\n<h4 class=\"wp-block-heading\">G\u00e5 med oss<\/h4>\n\n\n\n<p>Om du letar efter p\u00e5litlig v\u00e4gledning och praktiska tips om ekonomi \u00e4r SegurosCred din utg\u00e5ngspunkt. G\u00e5 med i v\u00e5rt samh\u00e4lle och ta det f\u00f6rsta steget mot ett tryggare och mer v\u00e4lm\u00e5ende ekonomiskt liv.<\/p>\n\n\n\n<p>Vi inbjuder dig att utforska v\u00e5r webbplats, l\u00e4sa v\u00e5ra artiklar och uppt\u00e4cka hur vi kan hj\u00e4lpa dig att uppn\u00e5 dina ekonomiska m\u00e5l. V\u00e4lkommen till SegurosCred, d\u00e4r din ekonomiska resa b\u00f6rjar med sj\u00e4lvf\u00f6rtroende och kunskap.<\/p>","protected":false},"excerpt":{"rendered":"<p>V\u00e4lkommen till SegurosCred, din referensportal f\u00f6r att navigera i finansv\u00e4rlden med tillf\u00f6rsikt och s\u00e4kerhet. Vi \u00e4r en [\u2026]<\/p>","protected":false},"author":1,"featured_media":0,"parent":0,"menu_order":0,"comment_status":"closed","ping_status":"closed","template":"","meta":{"site-sidebar-layout":"default","site-content-layout":"","ast-site-content-layout":"","site-content-style":"default","site-sidebar-style":"default","ast-global-header-display":"","ast-banner-title-visibility":"","ast-main-header-display":"","ast-hfb-above-header-display":"","ast-hfb-below-header-display":"","ast-hfb-mobile-header-display":"","site-post-title":"","ast-breadcrumbs-content":"","ast-featured-img":"","footer-sml-layout":"","theme-transparent-header-meta":"","adv-header-id-meta":"","stick-header-meta":"","header-above-stick-meta":"","header-main-stick-meta":"","header-below-stick-meta":"","astra-migrate-meta-layouts":"default","ast-page-background-enabled":"default","ast-page-background-meta":{"desktop":{"background-color":"var(--ast-global-color-5)","background-image":"","background-repeat":"repeat","background-position":"center center","background-size":"auto","background-attachment":"scroll","background-type":"","background-media":"","overlay-type":"","overlay-color":"","overlay-opacity":"","overlay-gradient":""},"tablet":{"background-color":"","background-image":"","background-repeat":"repeat","background-position":"center center","background-size":"auto","background-attachment":"scroll","background-type":"","background-media":"","overlay-type":"","overlay-color":"","overlay-opacity":"","overlay-gradient":""},"mobile":{"background-color":"","background-image":"","background-repeat":"repeat","background-position":"center center","background-size":"auto","background-attachment":"scroll","background-type":"","background-media":"","overlay-type":"","overlay-color":"","overlay-opacity":"","overlay-gradient":""}},"ast-content-background-meta":{"desktop":{"background-color":"var(--ast-global-color-4)","background-image":"","background-repeat":"repeat","background-position":"center center","background-size":"auto","background-attachment":"scroll","background-type":"","background-media":"","overlay-type":"","overlay-color":"","overlay-opacity":"","overlay-gradient":""},"tablet":{"background-color":"var(--ast-global-color-4)","background-image":"","background-repeat":"repeat","background-position":"center center","background-size":"auto","background-attachment":"scroll","background-type":"","background-media":"","overlay-type":"","overlay-color":"","overlay-opacity":"","overlay-gradient":""},"mobile":{"background-color":"var(--ast-global-color-4)","background-image":"","background-repeat":"repeat","background-position":"center center","background-size":"auto","background-attachment":"scroll","background-type":"","background-media":"","overlay-type":"","overlay-color":"","overlay-opacity":"","overlay-gradient":""}},"footnotes":""},"class_list":["post-251","page","type-page","status-publish","hentry"],"yoast_head":"<!-- This site is optimized with the Yoast SEO plugin v24.6 - https:\/\/yoast.com\/wordpress\/plugins\/seo\/ -->\n<title>Sobre N\u00f3s -<\/title>\n<meta name=\"robots\" content=\"index, follow, max-snippet:-1, max-image-preview:large, max-video-preview:-1\" \/>\n<link rel=\"canonical\" href=\"https:\/\/www.seguroscred.com\/sv\/sobre-nos\/\" \/>\n<meta property=\"og:locale\" content=\"sv_SE\" \/>\n<meta property=\"og:type\" content=\"article\" \/>\n<meta property=\"og:title\" content=\"Sobre N\u00f3s -\" \/>\n<meta property=\"og:description\" content=\"Bem-vindo \u00e0 SegurosCred, o seu portal de refer\u00eancia para navegar pelo universo das finan\u00e7as com confian\u00e7a e seguran\u00e7a. Somos uma [&hellip;]\" \/>\n<meta property=\"og:url\" content=\"https:\/\/www.seguroscred.com\/sv\/sobre-nos\/\" \/>\n<meta property=\"article:modified_time\" content=\"2024-02-05T18:12:00+00:00\" \/>\n<meta name=\"twitter:card\" content=\"summary_large_image\" \/>\n<meta name=\"twitter:label1\" content=\"Ber\u00e4knad l\u00e4stid\" \/>\n\t<meta name=\"twitter:data1\" content=\"2 minuter\" \/>\n<script type=\"application\/ld+json\" class=\"yoast-schema-graph\">{\"@context\":\"https:\/\/schema.org\",\"@graph\":[{\"@type\":\"WebPage\",\"@id\":\"https:\/\/www.seguroscred.com\/sobre-nos\/\",\"url\":\"https:\/\/www.seguroscred.com\/sobre-nos\/\",\"name\":\"Sobre N\u00f3s -\",\"isPartOf\":{\"@id\":\"https:\/\/www.seguroscred.com\/#website\"},\"datePublished\":\"2024-02-05T18:02:14+00:00\",\"dateModified\":\"2024-02-05T18:12:00+00:00\",\"breadcrumb\":{\"@id\":\"https:\/\/www.seguroscred.com\/sobre-nos\/#breadcrumb\"},\"inLanguage\":\"sv-SE\",\"potentialAction\":[{\"@type\":\"ReadAction\",\"target\":[\"https:\/\/www.seguroscred.com\/sobre-nos\/\"]}]},{\"@type\":\"BreadcrumbList\",\"@id\":\"https:\/\/www.seguroscred.com\/sobre-nos\/#breadcrumb\",\"itemListElement\":[{\"@type\":\"ListItem\",\"position\":1,\"name\":\"Home\",\"item\":\"https:\/\/www.seguroscred.com\/\"},{\"@type\":\"ListItem\",\"position\":2,\"name\":\"Sobre N\u00f3s\"}]},{\"@type\":\"WebSite\",\"@id\":\"https:\/\/www.seguroscred.com\/#website\",\"url\":\"https:\/\/www.seguroscred.com\/\",\"name\":\"\",\"description\":\"\",\"potentialAction\":[{\"@type\":\"SearchAction\",\"target\":{\"@type\":\"EntryPoint\",\"urlTemplate\":\"https:\/\/www.seguroscred.com\/?s={search_term_string}\"},\"query-input\":{\"@type\":\"PropertyValueSpecification\",\"valueRequired\":true,\"valueName\":\"search_term_string\"}}],\"inLanguage\":\"sv-SE\"}]}<\/script>\n<!-- \/ Yoast SEO plugin. -->","yoast_head_json":{"title":"Sobre N\u00f3s -","robots":{"index":"index","follow":"follow","max-snippet":"max-snippet:-1","max-image-preview":"max-image-preview:large","max-video-preview":"max-video-preview:-1"},"canonical":"https:\/\/www.seguroscred.com\/sv\/sobre-nos\/","og_locale":"sv_SE","og_type":"article","og_title":"Sobre N\u00f3s -","og_description":"Bem-vindo \u00e0 SegurosCred, o seu portal de refer\u00eancia para navegar pelo universo das finan\u00e7as com confian\u00e7a e seguran\u00e7a. Somos uma [&hellip;]","og_url":"https:\/\/www.seguroscred.com\/sv\/sobre-nos\/","article_modified_time":"2024-02-05T18:12:00+00:00","twitter_card":"summary_large_image","twitter_misc":{"Ber\u00e4knad l\u00e4stid":"2 minuter"},"schema":{"@context":"https:\/\/schema.org","@graph":[{"@type":"WebPage","@id":"https:\/\/www.seguroscred.com\/sobre-nos\/","url":"https:\/\/www.seguroscred.com\/sobre-nos\/","name":"Sobre N\u00f3s -","isPartOf":{"@id":"https:\/\/www.seguroscred.com\/#website"},"datePublished":"2024-02-05T18:02:14+00:00","dateModified":"2024-02-05T18:12:00+00:00","breadcrumb":{"@id":"https:\/\/www.seguroscred.com\/sobre-nos\/#breadcrumb"},"inLanguage":"sv-SE","potentialAction":[{"@type":"ReadAction","target":["https:\/\/www.seguroscred.com\/sobre-nos\/"]}]},{"@type":"BreadcrumbList","@id":"https:\/\/www.seguroscred.com\/sobre-nos\/#breadcrumb","itemListElement":[{"@type":"ListItem","position":1,"name":"Home","item":"https:\/\/www.seguroscred.com\/"},{"@type":"ListItem","position":2,"name":"Sobre N\u00f3s"}]},{"@type":"WebSite","@id":"https:\/\/www.seguroscred.com\/#website","url":"https:\/\/www.seguroscred.com\/","name":"","description":"","potentialAction":[{"@type":"SearchAction","target":{"@type":"EntryPoint","urlTemplate":"https:\/\/www.seguroscred.com\/?s={search_term_string}"},"query-input":{"@type":"PropertyValueSpecification","valueRequired":true,"valueName":"search_term_string"}}],"inLanguage":"sv-SE"}]}},"_links":{"self":[{"href":"https:\/\/www.seguroscred.com\/sv\/wp-json\/wp\/v2\/pages\/251","targetHints":{"allow":["GET"]}}],"collection":[{"href":"https:\/\/www.seguroscred.com\/sv\/wp-json\/wp\/v2\/pages"}],"about":[{"href":"https:\/\/www.seguroscred.com\/sv\/wp-json\/wp\/v2\/types\/page"}],"author":[{"embeddable":true,"href":"https:\/\/www.seguroscred.com\/sv\/wp-json\/wp\/v2\/users\/1"}],"replies":[{"embeddable":true,"href":"https:\/\/www.seguroscred.com\/sv\/wp-json\/wp\/v2\/comments?post=251"}],"version-history":[{"count":3,"href":"https:\/\/www.seguroscred.com\/sv\/wp-json\/wp\/v2\/pages\/251\/revisions"}],"predecessor-version":[{"id":258,"href":"https:\/\/www.seguroscred.com\/sv\/wp-json\/wp\/v2\/pages\/251\/revisions\/258"}],"wp:attachment":[{"href":"https:\/\/www.seguroscred.com\/sv\/wp-json\/wp\/v2\/media?parent=251"}],"curies":[{"name":"wp","href":"https:\/\/api.w.org\/{rel}","templated":true}]}}