{"id":254,"date":"2024-02-05T18:04:47","date_gmt":"2024-02-05T18:04:47","guid":{"rendered":"https:\/\/www.seguroscred.com\/?page_id=254"},"modified":"2024-02-05T18:04:47","modified_gmt":"2024-02-05T18:04:47","slug":"politica-de-cookies","status":"publish","type":"page","link":"https:\/\/www.seguroscred.com\/sv\/politica-de-cookies\/","title":{"rendered":"Cookiespolicy"},"content":{"rendered":"<h2 class=\"wp-block-heading\">Vilka \u00e4r vi?<\/h2>\n\n\n\n<p>V\u00e5r webbadress \u00e4r:\u00a0<a href=\"https:\/\/www.seguroscred.com\/sv\/\">https:\/\/www.seguroscred.com<\/a><\/p>\n\n\n\n<h2 class=\"wp-block-heading\">Sm\u00e5kakor<\/h2>\n\n\n\n<p>Vi anv\u00e4nder cookies.<\/p>\n\n\n\n<p>Cookies \u00e4r sm\u00e5, enkla textfiler som webbplatser lagrar i din webbl\u00e4sare f\u00f6r att spara dina preferenser och inst\u00e4llningar. Till exempel, n\u00e4r du bes\u00f6ker en webbplats f\u00f6r f\u00f6rsta g\u00e5ngen, som anv\u00e4nder cookies, skickar den h\u00e4r webbplatsen en textfil med dina inst\u00e4llningar till din webbl\u00e4sare, s\u00e5som: Region som du bes\u00f6ker, din e-postadress, valt spr\u00e5k, f\u00e4rger, produkter som du kanske gillar baserat p\u00e5 dina s\u00f6kningar, etc. N\u00e4r du g\u00e5r in p\u00e5 sidan igen kommer din webbl\u00e4sare att skicka denna fil till sidan, p\u00e5 s\u00e5 s\u00e4tt kommer dina inst\u00e4llningar och preferenser att till\u00e4mpas automatiskt utan att du beh\u00f6ver konfigurera allt igen (om du inte vill).<\/p>\n\n\n\n<p>N\u00e4r du l\u00e4mnar en kommentar p\u00e5 webbplatsen kan du v\u00e4lja att spara ditt namn, e-postadress och webbplats i cookies. Detta \u00e4r f\u00f6r din bekv\u00e4mlighet s\u00e5 att du inte beh\u00f6ver fylla i dina uppgifter igen n\u00e4r du l\u00e4mnar en annan kommentar. Dessa kakor h\u00e5ller i ett \u00e5r.<\/p>\n\n\n\n<p>Om du har ett konto och loggar in p\u00e5 den h\u00e4r webbplatsen kommer vi att st\u00e4lla in en tillf\u00e4llig cookie f\u00f6r att avg\u00f6ra om din webbl\u00e4sare accepterar cookies. Den inneh\u00e5ller inga personuppgifter och kommer att kasseras n\u00e4r du st\u00e4nger din webbl\u00e4sare.<\/p>\n\n\n\n<p><strong>Typer av cookies vi anv\u00e4nder<\/strong><\/p>\n\n\n\n<p><strong>Grundl\u00e4ggande:<\/strong>&nbsp;Vissa cookies \u00e4r n\u00f6dv\u00e4ndiga f\u00f6r att du ska kunna uppleva v\u00e5r sajts fulla funktionalitet. De till\u00e5ter oss att underh\u00e5lla anv\u00e4ndarsessioner och f\u00f6rhindra s\u00e4kerhetshot. De samlar inte in eller lagrar n\u00e5gon personlig information.<\/p>\n\n\n\n<p><strong>Statistik:<\/strong>&nbsp;Dessa cookies lagrar information som antalet bes\u00f6kare p\u00e5 webbplatsen, antalet unika bes\u00f6kare, vilka sidor p\u00e5 webbplatsen som har bes\u00f6kts, k\u00e4llan till bes\u00f6ket, etc. Denna information hj\u00e4lper oss att f\u00f6rst\u00e5 och analysera hur webbplatsen fungerar och var den beh\u00f6ver f\u00f6rb\u00e4ttras. Vi anv\u00e4nder Google Cookie f\u00f6r att generera dessa rapporter i Google Analytics.<\/p>\n\n\n\n<p><strong>Marknadsf\u00f6ring:<\/strong>&nbsp;V\u00e5r webbplats visar annonser. Dessa cookies anv\u00e4nds f\u00f6r att anpassa annonserna vi visar f\u00f6r dig s\u00e5 att de \u00e4r meningsfulla f\u00f6r dig. Dessa cookies hj\u00e4lper oss ocks\u00e5 att sp\u00e5ra effektiviteten av dessa reklamkampanjer.<\/p>\n\n\n\n<p>Informationen som lagras i dessa cookies kan ocks\u00e5 anv\u00e4ndas av tredje parts annonsleverant\u00f6rer f\u00f6r att visa dig annonser \u00e4ven p\u00e5 andra webbplatser i webbl\u00e4saren.<\/p>\n\n\n\n<p><strong>Funktionell:<\/strong>&nbsp;\u00e4r cookies som hj\u00e4lper vissa icke-n\u00f6dv\u00e4ndiga funktioner p\u00e5 v\u00e5r webbplats. Dessa funktioner inkluderar inb\u00e4ddning av inneh\u00e5ll som videor eller delning av inneh\u00e5ll p\u00e5 webbplatsen p\u00e5 sociala medieplattformar.<\/p>","protected":false},"excerpt":{"rendered":"<p>Vilka \u00e4r vi? V\u00e5r webbplatsadress \u00e4r: https:\/\/www.seguroscred.com Kakor Vi anv\u00e4nder kakor. Kakor \u00e4r sm\u00e5, enkla textfiler som [\u2026]<\/p>","protected":false},"author":1,"featured_media":0,"parent":0,"menu_order":0,"comment_status":"closed","ping_status":"closed","template":"","meta":{"site-sidebar-layout":"default","site-content-layout":"","ast-site-content-layout":"","site-content-style":"default","site-sidebar-style":"default","ast-global-header-display":"","ast-banner-title-visibility":"","ast-main-header-display":"","ast-hfb-above-header-display":"","ast-hfb-below-header-display":"","ast-hfb-mobile-header-display":"","site-post-title":"","ast-breadcrumbs-content":"","ast-featured-img":"","footer-sml-layout":"","theme-transparent-header-meta":"","adv-header-id-meta":"","stick-header-meta":"","header-above-stick-meta":"","header-main-stick-meta":"","header-below-stick-meta":"","astra-migrate-meta-layouts":"default","ast-page-background-enabled":"default","ast-page-background-meta":{"desktop":{"background-color":"var(--ast-global-color-5)","background-image":"","background-repeat":"repeat","background-position":"center center","background-size":"auto","background-attachment":"scroll","background-type":"","background-media":"","overlay-type":"","overlay-color":"","overlay-opacity":"","overlay-gradient":""},"tablet":{"background-color":"","background-image":"","background-repeat":"repeat","background-position":"center center","background-size":"auto","background-attachment":"scroll","background-type":"","background-media":"","overlay-type":"","overlay-color":"","overlay-opacity":"","overlay-gradient":""},"mobile":{"background-color":"","background-image":"","background-repeat":"repeat","background-position":"center center","background-size":"auto","background-attachment":"scroll","background-type":"","background-media":"","overlay-type":"","overlay-color":"","overlay-opacity":"","overlay-gradient":""}},"ast-content-background-meta":{"desktop":{"background-color":"var(--ast-global-color-4)","background-image":"","background-repeat":"repeat","background-position":"center center","background-size":"auto","background-attachment":"scroll","background-type":"","background-media":"","overlay-type":"","overlay-color":"","overlay-opacity":"","overlay-gradient":""},"tablet":{"background-color":"var(--ast-global-color-4)","background-image":"","background-repeat":"repeat","background-position":"center center","background-size":"auto","background-attachment":"scroll","background-type":"","background-media":"","overlay-type":"","overlay-color":"","overlay-opacity":"","overlay-gradient":""},"mobile":{"background-color":"var(--ast-global-color-4)","background-image":"","background-repeat":"repeat","background-position":"center center","background-size":"auto","background-attachment":"scroll","background-type":"","background-media":"","overlay-type":"","overlay-color":"","overlay-opacity":"","overlay-gradient":""}},"footnotes":""},"class_list":["post-254","page","type-page","status-publish","hentry"],"yoast_head":"<!-- This site is optimized with the Yoast SEO plugin v24.6 - https:\/\/yoast.com\/wordpress\/plugins\/seo\/ -->\n<title>Pol\u00edtica de Cookies -<\/title>\n<meta name=\"robots\" content=\"index, follow, max-snippet:-1, max-image-preview:large, max-video-preview:-1\" \/>\n<link rel=\"canonical\" href=\"https:\/\/www.seguroscred.com\/sv\/politica-de-cookies\/\" \/>\n<meta property=\"og:locale\" content=\"sv_SE\" \/>\n<meta property=\"og:type\" content=\"article\" \/>\n<meta property=\"og:title\" content=\"Pol\u00edtica de Cookies -\" \/>\n<meta property=\"og:description\" content=\"Quem Somos? O endere\u00e7o do nosso site \u00e9:\u00a0https:\/\/www.seguroscred.com Cookies N\u00f3s utilizamos cookies. Cookies s\u00e3o pequenos arquivos de textos simples que [&hellip;]\" \/>\n<meta property=\"og:url\" content=\"https:\/\/www.seguroscred.com\/sv\/politica-de-cookies\/\" \/>\n<meta name=\"twitter:card\" content=\"summary_large_image\" \/>\n<meta name=\"twitter:label1\" content=\"Ber\u00e4knad l\u00e4stid\" \/>\n\t<meta name=\"twitter:data1\" content=\"3 minuter\" \/>\n<script type=\"application\/ld+json\" class=\"yoast-schema-graph\">{\"@context\":\"https:\/\/schema.org\",\"@graph\":[{\"@type\":\"WebPage\",\"@id\":\"https:\/\/www.seguroscred.com\/politica-de-cookies\/\",\"url\":\"https:\/\/www.seguroscred.com\/politica-de-cookies\/\",\"name\":\"Pol\u00edtica de Cookies -\",\"isPartOf\":{\"@id\":\"https:\/\/www.seguroscred.com\/#website\"},\"datePublished\":\"2024-02-05T18:04:47+00:00\",\"breadcrumb\":{\"@id\":\"https:\/\/www.seguroscred.com\/politica-de-cookies\/#breadcrumb\"},\"inLanguage\":\"sv-SE\",\"potentialAction\":[{\"@type\":\"ReadAction\",\"target\":[\"https:\/\/www.seguroscred.com\/politica-de-cookies\/\"]}]},{\"@type\":\"BreadcrumbList\",\"@id\":\"https:\/\/www.seguroscred.com\/politica-de-cookies\/#breadcrumb\",\"itemListElement\":[{\"@type\":\"ListItem\",\"position\":1,\"name\":\"Home\",\"item\":\"https:\/\/www.seguroscred.com\/\"},{\"@type\":\"ListItem\",\"position\":2,\"name\":\"Pol\u00edtica de Cookies\"}]},{\"@type\":\"WebSite\",\"@id\":\"https:\/\/www.seguroscred.com\/#website\",\"url\":\"https:\/\/www.seguroscred.com\/\",\"name\":\"\",\"description\":\"\",\"potentialAction\":[{\"@type\":\"SearchAction\",\"target\":{\"@type\":\"EntryPoint\",\"urlTemplate\":\"https:\/\/www.seguroscred.com\/?s={search_term_string}\"},\"query-input\":{\"@type\":\"PropertyValueSpecification\",\"valueRequired\":true,\"valueName\":\"search_term_string\"}}],\"inLanguage\":\"sv-SE\"}]}<\/script>\n<!-- \/ Yoast SEO plugin. -->","yoast_head_json":{"title":"Pol\u00edtica de Cookies -","robots":{"index":"index","follow":"follow","max-snippet":"max-snippet:-1","max-image-preview":"max-image-preview:large","max-video-preview":"max-video-preview:-1"},"canonical":"https:\/\/www.seguroscred.com\/sv\/politica-de-cookies\/","og_locale":"sv_SE","og_type":"article","og_title":"Pol\u00edtica de Cookies -","og_description":"Quem Somos? O endere\u00e7o do nosso site \u00e9:\u00a0https:\/\/www.seguroscred.com Cookies N\u00f3s utilizamos cookies. Cookies s\u00e3o pequenos arquivos de textos simples que [&hellip;]","og_url":"https:\/\/www.seguroscred.com\/sv\/politica-de-cookies\/","twitter_card":"summary_large_image","twitter_misc":{"Ber\u00e4knad l\u00e4stid":"3 minuter"},"schema":{"@context":"https:\/\/schema.org","@graph":[{"@type":"WebPage","@id":"https:\/\/www.seguroscred.com\/politica-de-cookies\/","url":"https:\/\/www.seguroscred.com\/politica-de-cookies\/","name":"Pol\u00edtica de Cookies -","isPartOf":{"@id":"https:\/\/www.seguroscred.com\/#website"},"datePublished":"2024-02-05T18:04:47+00:00","breadcrumb":{"@id":"https:\/\/www.seguroscred.com\/politica-de-cookies\/#breadcrumb"},"inLanguage":"sv-SE","potentialAction":[{"@type":"ReadAction","target":["https:\/\/www.seguroscred.com\/politica-de-cookies\/"]}]},{"@type":"BreadcrumbList","@id":"https:\/\/www.seguroscred.com\/politica-de-cookies\/#breadcrumb","itemListElement":[{"@type":"ListItem","position":1,"name":"Home","item":"https:\/\/www.seguroscred.com\/"},{"@type":"ListItem","position":2,"name":"Pol\u00edtica de Cookies"}]},{"@type":"WebSite","@id":"https:\/\/www.seguroscred.com\/#website","url":"https:\/\/www.seguroscred.com\/","name":"","description":"","potentialAction":[{"@type":"SearchAction","target":{"@type":"EntryPoint","urlTemplate":"https:\/\/www.seguroscred.com\/?s={search_term_string}"},"query-input":{"@type":"PropertyValueSpecification","valueRequired":true,"valueName":"search_term_string"}}],"inLanguage":"sv-SE"}]}},"_links":{"self":[{"href":"https:\/\/www.seguroscred.com\/sv\/wp-json\/wp\/v2\/pages\/254","targetHints":{"allow":["GET"]}}],"collection":[{"href":"https:\/\/www.seguroscred.com\/sv\/wp-json\/wp\/v2\/pages"}],"about":[{"href":"https:\/\/www.seguroscred.com\/sv\/wp-json\/wp\/v2\/types\/page"}],"author":[{"embeddable":true,"href":"https:\/\/www.seguroscred.com\/sv\/wp-json\/wp\/v2\/users\/1"}],"replies":[{"embeddable":true,"href":"https:\/\/www.seguroscred.com\/sv\/wp-json\/wp\/v2\/comments?post=254"}],"version-history":[{"count":2,"href":"https:\/\/www.seguroscred.com\/sv\/wp-json\/wp\/v2\/pages\/254\/revisions"}],"predecessor-version":[{"id":256,"href":"https:\/\/www.seguroscred.com\/sv\/wp-json\/wp\/v2\/pages\/254\/revisions\/256"}],"wp:attachment":[{"href":"https:\/\/www.seguroscred.com\/sv\/wp-json\/wp\/v2\/media?parent=254"}],"curies":[{"name":"wp","href":"https:\/\/api.w.org\/{rel}","templated":true}]}}